{"id":2490,"date":"2014-11-18T11:02:12","date_gmt":"2014-11-18T09:02:12","guid":{"rendered":"http:\/\/ala-talkkari.fi\/?page_id=2490"},"modified":"2020-09-11T12:05:25","modified_gmt":"2020-09-11T09:05:25","slug":"biomass-accessories","status":"publish","type":"page","link":"https:\/\/ala-talkkari.fi\/en\/biomass-accessories\/","title":{"rendered":"Accessories for biomass heating"},"content":{"rendered":"<h2>Biomass accessories for VETO devices<\/h2>\n<p>There are many accessories available for VETO biomass devices, which makes their use easier and safer.<\/p>\n<h3>Veto rotary feeder<\/h3>\n<p><img loading=\"lazy\" decoding=\"async\" class=\"alignnone wp-image-1412 size-full\" title=\"Rotary feeder (VETO-biomass heating devices)\" src=\"https:\/\/ala-talkkari.fi\/wp-content\/uploads\/2014\/11\/kontin-sis\u00e4kuvia-017.jpg\" alt=\"Rotary Feeder (VETO-biomass heating devices)\" width=\"768\" height=\"1024\" srcset=\"https:\/\/ala-talkkari.fi\/wp-content\/uploads\/2014\/11\/kontin-sis\u00e4kuvia-017.jpg 768w, https:\/\/ala-talkkari.fi\/wp-content\/uploads\/2014\/11\/kontin-sis\u00e4kuvia-017-225x300.jpg 225w, https:\/\/ala-talkkari.fi\/wp-content\/uploads\/2014\/11\/kontin-sis\u00e4kuvia-017-600x800.jpg 600w\" sizes=\"auto, (max-width: 768px) 100vw, 768px\" \/><\/p>\n<p>The rotary feeder enables to use an open fuel silo, as well as giving plenty of installation possibilities for the fuel silo. The rotary feeder is available in two sizes. The smaller rotary feeder is for the \u00d8 125 mm feed screws, and the larger one is for the \u00d8 160 mm and \u00d8 200 mm feed screws. The structure of the rotary feeder together with the automatics ensure that the fuel feed is safe and uninterrupted.<\/p>\n<h3>Veto pneumatic cleaner<\/h3>\n<p><img loading=\"lazy\" decoding=\"async\" class=\"alignnone wp-image-1413\" title=\"Pneumatic cleaner (VETO-heating devices)\" src=\"https:\/\/ala-talkkari.fi\/wp-content\/uploads\/2014\/11\/Veto_100.jpg\" alt=\"Pneumatic cleaner (VETO-heating devices)\" width=\"768\" height=\"576\" srcset=\"https:\/\/ala-talkkari.fi\/wp-content\/uploads\/2014\/11\/Veto_100.jpg 1024w, https:\/\/ala-talkkari.fi\/wp-content\/uploads\/2014\/11\/Veto_100-300x225.jpg 300w, https:\/\/ala-talkkari.fi\/wp-content\/uploads\/2014\/11\/Veto_100-600x450.jpg 600w\" sizes=\"auto, (max-width: 768px) 100vw, 768px\" \/><\/p>\n<p>The Veto pneumatic cleaner is available as an accessory for Veto heating boilers. The pneumatic cleaner discharges compressed air when instructed to by the control panel. With short bursts of compressed air, the fire surfaces of the heating boiler remain clean. The three important characteristics of the pneumatic cleaner are: 1) increased efficiency, 2) less maintenance work required on the heating boiler, 3) the service life of the heating boiler will increase. The Veto pneumatic cleaner is available for all Veto heating boilers, from 30 kW all the way to 990 kW.<\/p>\n<h3>Automatic ash removal<\/h3>\n<p><img loading=\"lazy\" decoding=\"async\" class=\"alignnone wp-image-906 size-full\" title=\"Automatic ash removal (VETO-biomass heating)\" src=\"https:\/\/ala-talkkari.fi\/wp-content\/uploads\/2014\/11\/Automatic-ash-removal.jpg\" alt=\"Automatic ash removal (VETO-biomass heating)\" width=\"768\" height=\"1024\"><\/p>\n<p>There are various options for ash removal in heating boilers. Ash screws are available as either push screws, pull screws or two-part screws. Ash screws considerably reduce the need for maintenance work on the heating boiler. Furthermore, ash screws improve operational reliability, the service life of the heating boiler, as well as its safety. For 300 \u2013 900 kW heating boilers, ash screws also available for the convection part (the back part of the boiler).<\/p>\n<p>&nbsp;<\/p>\n<h3>Veto burnerheads (40 \u2013 990 kW)<\/h3>\n<p><a href=\"https:\/\/ala-talkkari.fi\/wp-content\/uploads\/2020\/06\/veljekset-ala-talkkari-oy.jpg\"><img loading=\"lazy\" decoding=\"async\" class=\"alignnone wp-image-7837\" src=\"https:\/\/ala-talkkari.fi\/wp-content\/uploads\/2020\/06\/veljekset-ala-talkkari-oy.jpg\" alt=\"120kW poltin (liikkuva arina)\" width=\"767\" height=\"512\" srcset=\"https:\/\/ala-talkkari.fi\/wp-content\/uploads\/2020\/06\/veljekset-ala-talkkari-oy.jpg 1024w, https:\/\/ala-talkkari.fi\/wp-content\/uploads\/2020\/06\/veljekset-ala-talkkari-oy-300x200.jpg 300w, https:\/\/ala-talkkari.fi\/wp-content\/uploads\/2020\/06\/veljekset-ala-talkkari-oy-768x512.jpg 768w, https:\/\/ala-talkkari.fi\/wp-content\/uploads\/2020\/06\/veljekset-ala-talkkari-oy-600x400.jpg 600w\" sizes=\"auto, (max-width: 767px) 100vw, 767px\" \/><\/a><\/p>\n<p><span style=\"font-family: arial, helvetica, sans-serif; font-size: 10pt;\">120 kW movable grates burnerhead.<\/span><\/p>\n<p><img loading=\"lazy\" decoding=\"async\" class=\"alignnone wp-image-7213\" src=\"https:\/\/ala-talkkari.fi\/wp-content\/uploads\/2019\/06\/biomass-heating.jpg\" alt=\"Veto 640 kW (6-2019)\" width=\"768\" height=\"576\" srcset=\"https:\/\/ala-talkkari.fi\/wp-content\/uploads\/2019\/06\/biomass-heating.jpg 1024w, https:\/\/ala-talkkari.fi\/wp-content\/uploads\/2019\/06\/biomass-heating-300x225.jpg 300w, https:\/\/ala-talkkari.fi\/wp-content\/uploads\/2019\/06\/biomass-heating-768x576.jpg 768w, https:\/\/ala-talkkari.fi\/wp-content\/uploads\/2019\/06\/biomass-heating-600x450.jpg 600w\" sizes=\"auto, (max-width: 768px) 100vw, 768px\" \/><\/p>\n<p><span style=\"font-family: arial, helvetica, sans-serif; font-size: 10pt;\">640 kW movable grates burnerhead.<\/span><\/p>\n<p>Ala-Talkkari&#8217;s burning equipment for solid fuel has been fitted with a separate burnerhead, to be installed into the boiler. With Veto burners, it is possible to burn various types of solid bio-fuel, such as wood, peat, and plants that are suitable for burning, and that have been processed to the right size for burning. The control and burning technique of Veto burnerheads also enables to recover heat with an excellent efficiency (\u203a90%), even when the type and quality of the fuel varies. Burnerheads are either air-cooled or water-cooled, with fixed grates or movable grates. Burnerheads with movable grates keep the output even, and significantly reduce the formation and accumulation of waste on the grate. The possibility of replacing the grate and the moving parts make Veto burnerheads reliable and durable.<\/p>\n<p>&nbsp;<\/p>\n<h3>The oxygen-controlled Lambda, M, L and XL control panels<\/h3>\n<p><img loading=\"lazy\" decoding=\"async\" class=\"alignnone wp-image-1416 size-full\" title=\"Control panel (biomass heating)\" src=\"https:\/\/ala-talkkari.fi\/wp-content\/uploads\/2014\/11\/IMG_4353.jpg\" alt=\"Control panel (biomass heating)\" width=\"768\" height=\"800\" srcset=\"https:\/\/ala-talkkari.fi\/wp-content\/uploads\/2014\/11\/IMG_4353.jpg 768w, https:\/\/ala-talkkari.fi\/wp-content\/uploads\/2014\/11\/IMG_4353-288x300.jpg 288w, https:\/\/ala-talkkari.fi\/wp-content\/uploads\/2014\/11\/IMG_4353-600x625.jpg 600w\" sizes=\"auto, (max-width: 768px) 100vw, 768px\" \/><\/p>\n<p>The Veto control panels are based on programmable logics. We use high-quality components from Siemens in our control panels. The capacity of the burning device is adjusted by the temperature of the boiler water. The quantity of the fuel and the air is controlled based on the measurement of the residual oxygen in the flue gas. The Veto control panels keep the burner within the best efficiency range, even when the capacity and the quality of the fuel vary. The most important auxiliary functions of the heating equipment, such as the ash screws, the flue gas fan, soot-blowing and flame control can be automated with the help of a logic control system.<\/p>\n<h3>Veto remote control<\/h3>\n<p><img loading=\"lazy\" decoding=\"async\" class=\"alignnone wp-image-916\" title=\"Remote control (heating)\" src=\"https:\/\/ala-talkkari.fi\/wp-content\/uploads\/2014\/11\/remote-access-heating.jpg\" alt=\"Remote control (heating)\" width=\"768\" height=\"576\"><\/p>\n<p>The Veto remote control enables to monitor the operations of the boiler facility online, on your computer, phone, or other mobile device. Fault alarms are sent to your mobile phone as a text message, or they are visible online on a computer, which enables to have a quick response time in emergency situations. The remote control is an accessory, which is available for the Lambda control panels (Veto Control M, L and XL).<\/p>\n<p>&nbsp;<\/p>\n<h3>GSM alarm centre<\/h3>\n<p><img loading=\"lazy\" decoding=\"async\" class=\"alignnone wp-image-1713 size-large\" title=\"GSM alarm centre\" src=\"https:\/\/ala-talkkari.fi\/wp-content\/uploads\/2014\/11\/biomass-heating-accessories-1024x683.jpg\" alt=\"GSM alarm centre\" width=\"780\" height=\"520\"><\/p>\n<p>The text message based GSM alarm centre can be added to all Veto control panels. The GSM alarm centre will send the most important alarms of your heating equipment directly to your mobile phone.<\/p>\n<p>&nbsp;<\/p>\n<h3>Electric ignition<\/h3>\n<p><img loading=\"lazy\" decoding=\"async\" class=\"alignnone wp-image-918 size-full\" title=\"Electric ignition (biomass heating)\" src=\"https:\/\/ala-talkkari.fi\/wp-content\/uploads\/2014\/11\/electric-ignition-biomass.jpg\" alt=\"Electric ignition (biomass heating)\" width=\"1024\" height=\"768\"><\/p>\n<p>The flame control automatics of the electric ignition systems ignites the fuel in the burner, after which the burner&#8217;s control panel will continue in automatic mode according to the set values. The advantage of electric ignition becomes particularly apparent during seasons with small heating news (spring, summer, autumn). In this case, the heating equipment only produces heat when necessary, and will not run the heating equipment intermittently. Consequently, the heating boiler will remain cleaner, and its efficiency will improve, in addition to saving fuel. This accessory package includes an ignition fan, a switching centre, and the software. Electric ignition can be installed on all Veto control panels as an accessory.<\/p>\n<h3>Ash box<\/h3>\n<p>&nbsp;<\/p>\n<p><img loading=\"lazy\" decoding=\"async\" class=\"alignnone wp-image-920 size-full\" title=\"Ash box (wood chip heating)\" src=\"https:\/\/ala-talkkari.fi\/wp-content\/uploads\/2014\/11\/ash-box-biomass-heating.jpg\" alt=\"Ash box (wood chip heating)\" width=\"1024\" height=\"768\"><\/p>\n<p>The ash box is intended as an accessory for boiler ash screws with a capacity of approximately 800 or 1500 litres. There is a designed space for pallet trucks at the bottom of the ash box, to make transportation easier. The large fill volume of the ash box enables to have long intervals for emptying it.<\/p>\n<p>&nbsp;<\/p>\n<h3>Flue gas cleaner<\/h3>\n<p><img loading=\"lazy\" decoding=\"async\" class=\"alignnone wp-image-922 size-full\" title=\"Flue gas cleaner (wood chip heating)\" src=\"https:\/\/ala-talkkari.fi\/wp-content\/uploads\/2014\/11\/Flue-gas-cleaner-biomass.jpg\" alt=\"Flue gas cleaner (wood chip heating)\" width=\"768\" height=\"1024\"><\/p>\n<p>The Veto flue gas cleaner separates particles from flue gases into a separate container within the cleaner. The fan of the cleaner is controlled by control automatics, which maintains the required negative pressure in the combustion chamber of the boiler. The chimney connected to the flue gas cleaner can be considerably shorter than a natural-draft chimney. The Veto flue gas cleaner is recommended for 220 kW and larger Veto stoker boilers.<\/p>\n<p>&nbsp;<\/p>\n<p><strong>Read\/download the complete brochure for Veto heating equipment here:<\/strong><\/p>\n<p><a href=\"https:\/\/drive.google.com\/file\/d\/1aRqNTKzkYxLmv5YogvVHyJw0HNrdpWNI\/view?usp=sharing\" target=\"_blank\" rel=\"noopener noreferrer\"><img loading=\"lazy\" decoding=\"async\" class=\"alignnone wp-image-7509\" src=\"https:\/\/ala-talkkari.fi\/wp-content\/uploads\/2020\/02\/l\u00e4mmityslaite-esite_ENG_2019_etusivu-213x300.png\" alt=\"\" width=\"142\" height=\"200\" srcset=\"https:\/\/ala-talkkari.fi\/wp-content\/uploads\/2020\/02\/l\u00e4mmityslaite-esite_ENG_2019_etusivu-213x300.png 213w, https:\/\/ala-talkkari.fi\/wp-content\/uploads\/2020\/02\/l\u00e4mmityslaite-esite_ENG_2019_etusivu-600x844.png 600w, https:\/\/ala-talkkari.fi\/wp-content\/uploads\/2020\/02\/l\u00e4mmityslaite-esite_ENG_2019_etusivu.png 658w\" sizes=\"auto, (max-width: 142px) 100vw, 142px\" \/><\/a><\/p>\n","protected":false},"excerpt":{"rendered":"<p>Biomass accessories for VETO devices There are many accessories available for VETO biomass devices, which makes their use easier and safer. Veto rotary feeder The rotary feeder enables to use an open fuel silo, as well as giving plenty of installation possibilities for the fuel silo. The rotary feeder is available in two sizes. The [&hellip;]<\/p>\n","protected":false},"author":1,"featured_media":0,"parent":0,"menu_order":0,"comment_status":"closed","ping_status":"closed","template":"","meta":{"ngg_post_thumbnail":0,"footnotes":""},"class_list":["post-2490","page","type-page","status-publish","hentry"],"yoast_head":"<!-- This site is optimized with the Yoast SEO plugin v27.4 - https:\/\/yoast.com\/product\/yoast-seo-wordpress\/ -->\n<title>Accessories for biomass heating<\/title>\n<meta name=\"description\" content=\"Biomass accessories for VETO-heating devices. We have a good selection of accesories, which increases safety and user-friendly. Read more...\" \/>\n<meta name=\"robots\" content=\"index, follow, max-snippet:-1, max-image-preview:large, max-video-preview:-1\" \/>\n<link rel=\"canonical\" href=\"https:\/\/ala-talkkari.fi\/en\/biomass-accessories\/\" \/>\n<meta property=\"og:locale\" content=\"en_US\" \/>\n<meta property=\"og:type\" content=\"article\" \/>\n<meta property=\"og:title\" content=\"Accessories for biomass heating\" \/>\n<meta property=\"og:description\" content=\"Biomass accessories for VETO-heating devices. We have a good selection of accesories, which increases safety and user-friendly. Read more...\" \/>\n<meta property=\"og:url\" content=\"https:\/\/ala-talkkari.fi\/en\/biomass-accessories\/\" \/>\n<meta property=\"og:site_name\" content=\"Veljekset Ala-Talkkari Oy\" \/>\n<meta property=\"article:publisher\" content=\"https:\/\/www.facebook.com\/alatalkkari\" \/>\n<meta property=\"article:modified_time\" content=\"2020-09-11T09:05:25+00:00\" \/>\n<meta property=\"og:image\" content=\"https:\/\/ala-talkkari.fi\/wp-content\/uploads\/2014\/11\/kontin-sis\u00e4kuvia-017.jpg\" \/>\n<meta name=\"twitter:label1\" content=\"Est. reading time\" \/>\n\t<meta name=\"twitter:data1\" content=\"4 minutes\" \/>\n<script type=\"application\/ld+json\" class=\"yoast-schema-graph\">{\"@context\":\"https:\\\/\\\/schema.org\",\"@graph\":[{\"@type\":\"WebPage\",\"@id\":\"https:\\\/\\\/ala-talkkari.fi\\\/en\\\/biomass-accessories\\\/\",\"url\":\"https:\\\/\\\/ala-talkkari.fi\\\/en\\\/biomass-accessories\\\/\",\"name\":\"Accessories for biomass heating\",\"isPartOf\":{\"@id\":\"https:\\\/\\\/ala-talkkari.fi\\\/en\\\/#website\"},\"primaryImageOfPage\":{\"@id\":\"https:\\\/\\\/ala-talkkari.fi\\\/en\\\/biomass-accessories\\\/#primaryimage\"},\"image\":{\"@id\":\"https:\\\/\\\/ala-talkkari.fi\\\/en\\\/biomass-accessories\\\/#primaryimage\"},\"thumbnailUrl\":\"https:\\\/\\\/ala-talkkari.fi\\\/wp-content\\\/uploads\\\/2014\\\/11\\\/Veto_100.jpg\",\"datePublished\":\"2014-11-18T09:02:12+00:00\",\"dateModified\":\"2020-09-11T09:05:25+00:00\",\"description\":\"Biomass accessories for VETO-heating devices. We have a good selection of accesories, which increases safety and user-friendly. Read more...\",\"breadcrumb\":{\"@id\":\"https:\\\/\\\/ala-talkkari.fi\\\/en\\\/biomass-accessories\\\/#breadcrumb\"},\"inLanguage\":\"en-US\",\"potentialAction\":[{\"@type\":\"ReadAction\",\"target\":[\"https:\\\/\\\/ala-talkkari.fi\\\/en\\\/biomass-accessories\\\/\"]}]},{\"@type\":\"ImageObject\",\"inLanguage\":\"en-US\",\"@id\":\"https:\\\/\\\/ala-talkkari.fi\\\/en\\\/biomass-accessories\\\/#primaryimage\",\"url\":\"https:\\\/\\\/ala-talkkari.fi\\\/wp-content\\\/uploads\\\/2014\\\/11\\\/Veto_100.jpg\",\"contentUrl\":\"https:\\\/\\\/ala-talkkari.fi\\\/wp-content\\\/uploads\\\/2014\\\/11\\\/Veto_100.jpg\"},{\"@type\":\"BreadcrumbList\",\"@id\":\"https:\\\/\\\/ala-talkkari.fi\\\/en\\\/biomass-accessories\\\/#breadcrumb\",\"itemListElement\":[{\"@type\":\"ListItem\",\"position\":1,\"name\":\"Home\",\"item\":\"https:\\\/\\\/ala-talkkari.fi\\\/en\\\/\"},{\"@type\":\"ListItem\",\"position\":2,\"name\":\"Accessories for biomass heating\"}]},{\"@type\":\"WebSite\",\"@id\":\"https:\\\/\\\/ala-talkkari.fi\\\/en\\\/#website\",\"url\":\"https:\\\/\\\/ala-talkkari.fi\\\/en\\\/\",\"name\":\"Veljekset Ala-Talkkari Oy\",\"description\":\"Biomass heating devices and environmental machines\",\"publisher\":{\"@id\":\"https:\\\/\\\/ala-talkkari.fi\\\/en\\\/#organization\"},\"potentialAction\":[{\"@type\":\"SearchAction\",\"target\":{\"@type\":\"EntryPoint\",\"urlTemplate\":\"https:\\\/\\\/ala-talkkari.fi\\\/en\\\/?s={search_term_string}\"},\"query-input\":{\"@type\":\"PropertyValueSpecification\",\"valueRequired\":true,\"valueName\":\"search_term_string\"}}],\"inLanguage\":\"en-US\"},{\"@type\":\"Organization\",\"@id\":\"https:\\\/\\\/ala-talkkari.fi\\\/en\\\/#organization\",\"name\":\"Veljekset Ala-Talkkari Oy\",\"url\":\"https:\\\/\\\/ala-talkkari.fi\\\/en\\\/\",\"logo\":{\"@type\":\"ImageObject\",\"inLanguage\":\"en-US\",\"@id\":\"https:\\\/\\\/ala-talkkari.fi\\\/en\\\/#\\\/schema\\\/logo\\\/image\\\/\",\"url\":\"https:\\\/\\\/ala-talkkari.fi\\\/wp-content\\\/uploads\\\/2020\\\/09\\\/lammitys-veto-ala-talkkari.png\",\"contentUrl\":\"https:\\\/\\\/ala-talkkari.fi\\\/wp-content\\\/uploads\\\/2020\\\/09\\\/lammitys-veto-ala-talkkari.png\",\"width\":751,\"height\":67,\"caption\":\"Veljekset Ala-Talkkari Oy\"},\"image\":{\"@id\":\"https:\\\/\\\/ala-talkkari.fi\\\/en\\\/#\\\/schema\\\/logo\\\/image\\\/\"},\"sameAs\":[\"https:\\\/\\\/www.facebook.com\\\/alatalkkari\",\"https:\\\/\\\/www.instagram.com\\\/veljeksetalatalkkarioy\\\/\",\"https:\\\/\\\/www.youtube.com\\\/c\\\/VeljeksetAlaTalkkariOy\"]}]}<\/script>\n<!-- \/ Yoast SEO plugin. -->","yoast_head_json":{"title":"Accessories for biomass heating","description":"Biomass accessories for VETO-heating devices. We have a good selection of accesories, which increases safety and user-friendly. Read more...","robots":{"index":"index","follow":"follow","max-snippet":"max-snippet:-1","max-image-preview":"max-image-preview:large","max-video-preview":"max-video-preview:-1"},"canonical":"https:\/\/ala-talkkari.fi\/en\/biomass-accessories\/","og_locale":"en_US","og_type":"article","og_title":"Accessories for biomass heating","og_description":"Biomass accessories for VETO-heating devices. We have a good selection of accesories, which increases safety and user-friendly. Read more...","og_url":"https:\/\/ala-talkkari.fi\/en\/biomass-accessories\/","og_site_name":"Veljekset Ala-Talkkari Oy","article_publisher":"https:\/\/www.facebook.com\/alatalkkari","article_modified_time":"2020-09-11T09:05:25+00:00","og_image":[{"url":"https:\/\/ala-talkkari.fi\/wp-content\/uploads\/2014\/11\/kontin-sis\u00e4kuvia-017.jpg","type":"","width":"","height":""}],"twitter_misc":{"Est. reading time":"4 minutes"},"schema":{"@context":"https:\/\/schema.org","@graph":[{"@type":"WebPage","@id":"https:\/\/ala-talkkari.fi\/en\/biomass-accessories\/","url":"https:\/\/ala-talkkari.fi\/en\/biomass-accessories\/","name":"Accessories for biomass heating","isPartOf":{"@id":"https:\/\/ala-talkkari.fi\/en\/#website"},"primaryImageOfPage":{"@id":"https:\/\/ala-talkkari.fi\/en\/biomass-accessories\/#primaryimage"},"image":{"@id":"https:\/\/ala-talkkari.fi\/en\/biomass-accessories\/#primaryimage"},"thumbnailUrl":"https:\/\/ala-talkkari.fi\/wp-content\/uploads\/2014\/11\/Veto_100.jpg","datePublished":"2014-11-18T09:02:12+00:00","dateModified":"2020-09-11T09:05:25+00:00","description":"Biomass accessories for VETO-heating devices. We have a good selection of accesories, which increases safety and user-friendly. Read more...","breadcrumb":{"@id":"https:\/\/ala-talkkari.fi\/en\/biomass-accessories\/#breadcrumb"},"inLanguage":"en-US","potentialAction":[{"@type":"ReadAction","target":["https:\/\/ala-talkkari.fi\/en\/biomass-accessories\/"]}]},{"@type":"ImageObject","inLanguage":"en-US","@id":"https:\/\/ala-talkkari.fi\/en\/biomass-accessories\/#primaryimage","url":"https:\/\/ala-talkkari.fi\/wp-content\/uploads\/2014\/11\/Veto_100.jpg","contentUrl":"https:\/\/ala-talkkari.fi\/wp-content\/uploads\/2014\/11\/Veto_100.jpg"},{"@type":"BreadcrumbList","@id":"https:\/\/ala-talkkari.fi\/en\/biomass-accessories\/#breadcrumb","itemListElement":[{"@type":"ListItem","position":1,"name":"Home","item":"https:\/\/ala-talkkari.fi\/en\/"},{"@type":"ListItem","position":2,"name":"Accessories for biomass heating"}]},{"@type":"WebSite","@id":"https:\/\/ala-talkkari.fi\/en\/#website","url":"https:\/\/ala-talkkari.fi\/en\/","name":"Veljekset Ala-Talkkari Oy","description":"Biomass heating devices and environmental machines","publisher":{"@id":"https:\/\/ala-talkkari.fi\/en\/#organization"},"potentialAction":[{"@type":"SearchAction","target":{"@type":"EntryPoint","urlTemplate":"https:\/\/ala-talkkari.fi\/en\/?s={search_term_string}"},"query-input":{"@type":"PropertyValueSpecification","valueRequired":true,"valueName":"search_term_string"}}],"inLanguage":"en-US"},{"@type":"Organization","@id":"https:\/\/ala-talkkari.fi\/en\/#organization","name":"Veljekset Ala-Talkkari Oy","url":"https:\/\/ala-talkkari.fi\/en\/","logo":{"@type":"ImageObject","inLanguage":"en-US","@id":"https:\/\/ala-talkkari.fi\/en\/#\/schema\/logo\/image\/","url":"https:\/\/ala-talkkari.fi\/wp-content\/uploads\/2020\/09\/lammitys-veto-ala-talkkari.png","contentUrl":"https:\/\/ala-talkkari.fi\/wp-content\/uploads\/2020\/09\/lammitys-veto-ala-talkkari.png","width":751,"height":67,"caption":"Veljekset Ala-Talkkari Oy"},"image":{"@id":"https:\/\/ala-talkkari.fi\/en\/#\/schema\/logo\/image\/"},"sameAs":["https:\/\/www.facebook.com\/alatalkkari","https:\/\/www.instagram.com\/veljeksetalatalkkarioy\/","https:\/\/www.youtube.com\/c\/VeljeksetAlaTalkkariOy"]}]}},"_links":{"self":[{"href":"https:\/\/ala-talkkari.fi\/en\/wp-json\/wp\/v2\/pages\/2490","targetHints":{"allow":["GET"]}}],"collection":[{"href":"https:\/\/ala-talkkari.fi\/en\/wp-json\/wp\/v2\/pages"}],"about":[{"href":"https:\/\/ala-talkkari.fi\/en\/wp-json\/wp\/v2\/types\/page"}],"author":[{"embeddable":true,"href":"https:\/\/ala-talkkari.fi\/en\/wp-json\/wp\/v2\/users\/1"}],"replies":[{"embeddable":true,"href":"https:\/\/ala-talkkari.fi\/en\/wp-json\/wp\/v2\/comments?post=2490"}],"version-history":[{"count":32,"href":"https:\/\/ala-talkkari.fi\/en\/wp-json\/wp\/v2\/pages\/2490\/revisions"}],"predecessor-version":[{"id":8087,"href":"https:\/\/ala-talkkari.fi\/en\/wp-json\/wp\/v2\/pages\/2490\/revisions\/8087"}],"wp:attachment":[{"href":"https:\/\/ala-talkkari.fi\/en\/wp-json\/wp\/v2\/media?parent=2490"}],"curies":[{"name":"wp","href":"https:\/\/api.w.org\/{rel}","templated":true}]}}