{"id":1536,"date":"2014-11-04T14:18:10","date_gmt":"2014-11-04T12:18:10","guid":{"rendered":"http:\/\/c5jnc9gd.c5.suncomet.fi\/?page_id=1536"},"modified":"2026-01-13T08:04:52","modified_gmt":"2026-01-13T06:04:52","slug":"contact-information","status":"publish","type":"page","link":"https:\/\/ala-talkkari.fi\/en\/contact-information\/","title":{"rendered":"Contact information"},"content":{"rendered":"<p><strong>Contact information: <a href=\"https:\/\/ala-talkkari.fi\/wp-content\/uploads\/2014\/11\/contact-information-ala-talkkari.jpg\"><img loading=\"lazy\" decoding=\"async\" class=\"wp-image-4637 alignright\" src=\"https:\/\/ala-talkkari.fi\/wp-content\/uploads\/2014\/11\/contact-information-ala-talkkari.jpg\" alt=\"Main factory\/head factory\" width=\"450\" height=\"300\" srcset=\"https:\/\/ala-talkkari.fi\/wp-content\/uploads\/2014\/11\/contact-information-ala-talkkari.jpg 2352w, https:\/\/ala-talkkari.fi\/wp-content\/uploads\/2014\/11\/contact-information-ala-talkkari-300x200.jpg 300w, https:\/\/ala-talkkari.fi\/wp-content\/uploads\/2014\/11\/contact-information-ala-talkkari-1024x683.jpg 1024w, https:\/\/ala-talkkari.fi\/wp-content\/uploads\/2014\/11\/contact-information-ala-talkkari-768x512.jpg 768w, https:\/\/ala-talkkari.fi\/wp-content\/uploads\/2014\/11\/contact-information-ala-talkkari-1536x1024.jpg 1536w, https:\/\/ala-talkkari.fi\/wp-content\/uploads\/2014\/11\/contact-information-ala-talkkari-2048x1365.jpg 2048w, https:\/\/ala-talkkari.fi\/wp-content\/uploads\/2014\/11\/contact-information-ala-talkkari-600x400.jpg 600w\" sizes=\"auto, (max-width: 450px) 100vw, 450px\" \/><\/a><\/strong><\/p>\n<p><strong>Head Office: <\/strong><\/p>\n<p>Veljekset Ala-Talkkari Oy<br \/>\nHellanmaantie 619<br \/>\nFI-62130 LAPUA<br \/>\nFINLAND<br \/>\nTel: <span style=\"color: red;\">+358 (0)6 433 6333<\/span><br \/>\nEmail: <span style=\"color: red;\">asiakaspalvelu(at)ala-talkkari.fi<\/span><\/p>\n<p><strong>Subcontracting:<\/strong><\/p>\n<p>Hellanmaantie 619<br \/>\n62130 LAPUA<br \/>\nTel: +358 50 347 6646 (<strong>NOTE!<\/strong> Only subcontracting)<br \/>\nEmail: <a href=\"mailto:myynti.koneistamo@ala-talkkari.fi\">myynti.koneistamo@ala-talkkari.fi<\/a><\/p>\n<p>Spare parts on call service works at Christmas- and new year time from phone number +358 440 336&nbsp;300 (clock 10-12).<\/p>\n<p>Repair and maintenance works If you need maintenance or repairs for your equipment, you can book a service technician on the number (0)6 433 6337 (Hannu Ala-Talkkari). In case you will be bringing your equipment or a part of it to the factory, please book a time on the number (0)6 433 6314 (Tommi Paloniemi) PLEASE NOTE! We do not take on jobs without prior booking.<\/p>\n<p>&#8212;&#8212;&#8212;&#8212;&#8212;&#8212;&#8212;&#8212;&#8212;&#8212;&#8212;&#8212;&#8212;&#8212;&#8212;&#8212;&#8212;&#8212;&#8212;&#8212;&#8212;&#8212;&#8212;&#8212;&#8212;&#8212;&#8212;&#8212;&#8212;&#8212;&#8212;&#8212;&#8212;&#8212;<\/p>\n<p><strong>Spare parts support is also available in South Finland<\/strong><\/p>\n<p>STM Finland Oy is available Saturdays and Sundays 10 am\u201312 pm and on bank holidays 10 am\u201312 pm. NOTE! A surcharge for emergencies will be added to the bill. STM Finland Oy has the most common parts, such as contactors, timers, fans, axles, flue gas sensors, motors and gears.<\/p>\n<p>STM Finland Oy<br \/>\nLuoteisrinne 5<br \/>\nFI-02270 Espoo<br \/>\ntel: +358 (0)10 425 6800<\/p>\n<p>www.stmfinland.fi<\/p>\n<p>&#8212;&#8212;&#8212;&#8212;&#8212;&#8212;&#8212;&#8212;&#8212;&#8212;&#8212;&#8212;&#8212;&#8212;&#8212;&#8212;&#8212;&#8212;&#8212;&#8212;&#8212;&#8212;&#8212;&#8212;&#8212;&#8212;&#8212;&#8212;&#8212;&#8212;&#8212;&#8212;&#8212;&#8212;-<\/p>\n<p><strong>Spare parts&#8217; service for heating equipment is also available in Central Finland<\/strong><\/p>\n<p>We have the most common heating equipment spare parts in stock: contactors, timers, fans, fuse shafts, bevel gears and electric engines. I am available on weekdays from 08:00 \u2013 18:00. The emergency service fee will be added to the price on weekdays after 18:00, as well as on weekends and on public holidays. If I don&#8217;t answer the phone immediately, send a brief text message to me, outlining the issue, and I will contact you as soon as possible. Matti Simonen Lepp\u00e4korventie 656 35750 V\u00e4\u00e4rinmaja (Ruovesi) Ph: 050 \u2013 525 6216 E-mail: <a href=\"mailto:matti.simonen@phpoint.fi\">matti.simonen@phpoint.fi<\/a><\/p>\n<p>&#8212;&#8212;&#8212;&#8212;&#8212;&#8212;&#8212;&#8212;&#8212;&#8212;&#8212;&#8212;&#8212;&#8212;&#8212;&#8212;&#8212;&#8212;&#8212;&#8212;&#8212;&#8212;&#8212;&#8212;&#8212;&#8212;&#8212;&#8212;&#8212;&#8212;&#8212;&#8212;&#8212;&#8212;-<\/p>\n<p><strong>Spare parts&#8217; service for heating equipment is also available in Northern Ostrobothnia, Finland<br \/>\n<\/strong><\/p>\n<p>&nbsp;<\/p>\n<p>We have the most common heating equipment spare parts in stock: contactors, timers, fans, fuse shafts, bevel gears and electric engines. Please note! On Sat and Sun I&#8217;m on call from 10:00 \u2013 14:00, at other times I&#8217;m available by text message or by e-mail: <a href=\"mailto:Janne@lvisuihkonen.fi\">Janne@lvisuihkonen.fi<\/a>. The emergency service fee will be added to the invoice. Lvi Suihkonen Oy Janne Suihkonen Sopentie 89 85900 Reisj\u00e4rvi Ph: 044 \u2013 0809 372<\/p>\n<p>www.lvisuihkonen.fi<\/p>\n<p>&#8212;&#8212;&#8212;&#8212;&#8212;&#8212;&#8212;&#8212;&#8212;&#8212;&#8212;&#8212;&#8212;&#8212;&#8212;&#8212;&#8212;&#8212;&#8212;&#8212;&#8212;&#8212;&#8212;&#8212;&#8212;&#8212;&#8212;&#8212;&#8212;&#8212;&#8212;&#8212;&#8212;&#8212;<\/p>\n<p><strong>Spare parts support is also available in North Finland<\/strong><\/p>\n<p>There are the most common spare parts of heating devices in the stock: contactors, timers, fans, shafts, gearboxes and electic motors.<\/p>\n<p>On weekdays 07.00 a.m. to 05.00 p.m. phone number 044-555 9991.<br \/>\nOn weeknds (Saturday and Sunday) 10.00 a.m. to 01.00 p.m. available by email. Please write your name, phone number and the spare part that is needed in the email. The inquiry will be in touch as soon as possible.<\/p>\n<p>Alavieskan LVI Oy<br \/>\nPuurakenteentie 2<br \/>\n85200 Alavieska<br \/>\nTel: 08 430 316<br \/>\nGsm: 044-555 9991<br \/>\nwww.alavieskanlvi.com<\/p>\n<p>&nbsp;<\/p>\n","protected":false},"excerpt":{"rendered":"<p>Contact information: Head Office: Veljekset Ala-Talkkari Oy Hellanmaantie 619 FI-62130 LAPUA FINLAND Tel: +358 (0)6 433 6333 Email: asiakaspalvelu(at)ala-talkkari.fi Subcontracting: Hellanmaantie 619 62130 LAPUA Tel: +358 50 347 6646 (NOTE! Only subcontracting) Email: myynti.koneistamo@ala-talkkari.fi Spare parts on call service works at Christmas- and new year time from phone number +358 440 336&nbsp;300 (clock 10-12). Repair [&hellip;]<\/p>\n","protected":false},"author":1,"featured_media":0,"parent":0,"menu_order":0,"comment_status":"closed","ping_status":"closed","template":"","meta":{"ngg_post_thumbnail":0,"footnotes":""},"class_list":["post-1536","page","type-page","status-publish","hentry"],"yoast_head":"<!-- This site is optimized with the Yoast SEO plugin v27.4 - https:\/\/yoast.com\/product\/yoast-seo-wordpress\/ -->\n<title>Contact information | Ala-Talkkari<\/title>\n<meta name=\"description\" content=\"Contact information| Ala-Talkkari\" \/>\n<meta name=\"robots\" content=\"index, follow, max-snippet:-1, max-image-preview:large, max-video-preview:-1\" \/>\n<link rel=\"canonical\" href=\"https:\/\/ala-talkkari.fi\/en\/contact-information\/\" \/>\n<meta property=\"og:locale\" content=\"en_US\" \/>\n<meta property=\"og:type\" content=\"article\" \/>\n<meta property=\"og:title\" content=\"Contact information | Ala-Talkkari\" \/>\n<meta property=\"og:description\" content=\"Contact information| Ala-Talkkari\" \/>\n<meta property=\"og:url\" content=\"https:\/\/ala-talkkari.fi\/en\/contact-information\/\" \/>\n<meta property=\"og:site_name\" content=\"Veljekset Ala-Talkkari Oy\" \/>\n<meta property=\"article:publisher\" content=\"https:\/\/www.facebook.com\/alatalkkari\" \/>\n<meta property=\"article:modified_time\" content=\"2026-01-13T06:04:52+00:00\" \/>\n<meta property=\"og:image\" content=\"https:\/\/ala-talkkari.fi\/wp-content\/uploads\/2014\/11\/contact-information-ala-talkkari.jpg\" \/>\n\t<meta property=\"og:image:width\" content=\"2352\" \/>\n\t<meta property=\"og:image:height\" content=\"1568\" \/>\n\t<meta property=\"og:image:type\" content=\"image\/jpeg\" \/>\n<meta name=\"twitter:label1\" content=\"Est. reading time\" \/>\n\t<meta name=\"twitter:data1\" content=\"3 minutes\" \/>\n<script type=\"application\/ld+json\" class=\"yoast-schema-graph\">{\"@context\":\"https:\\\/\\\/schema.org\",\"@graph\":[{\"@type\":\"WebPage\",\"@id\":\"https:\\\/\\\/ala-talkkari.fi\\\/en\\\/contact-information\\\/\",\"url\":\"https:\\\/\\\/ala-talkkari.fi\\\/en\\\/contact-information\\\/\",\"name\":\"Contact information | Ala-Talkkari\",\"isPartOf\":{\"@id\":\"https:\\\/\\\/ala-talkkari.fi\\\/en\\\/#website\"},\"primaryImageOfPage\":{\"@id\":\"https:\\\/\\\/ala-talkkari.fi\\\/en\\\/contact-information\\\/#primaryimage\"},\"image\":{\"@id\":\"https:\\\/\\\/ala-talkkari.fi\\\/en\\\/contact-information\\\/#primaryimage\"},\"thumbnailUrl\":\"https:\\\/\\\/ala-talkkari.fi\\\/wp-content\\\/uploads\\\/2014\\\/11\\\/contact-information-ala-talkkari.jpg\",\"datePublished\":\"2014-11-04T12:18:10+00:00\",\"dateModified\":\"2026-01-13T06:04:52+00:00\",\"description\":\"Contact information| Ala-Talkkari\",\"breadcrumb\":{\"@id\":\"https:\\\/\\\/ala-talkkari.fi\\\/en\\\/contact-information\\\/#breadcrumb\"},\"inLanguage\":\"en-US\",\"potentialAction\":[{\"@type\":\"ReadAction\",\"target\":[\"https:\\\/\\\/ala-talkkari.fi\\\/en\\\/contact-information\\\/\"]}]},{\"@type\":\"ImageObject\",\"inLanguage\":\"en-US\",\"@id\":\"https:\\\/\\\/ala-talkkari.fi\\\/en\\\/contact-information\\\/#primaryimage\",\"url\":\"https:\\\/\\\/ala-talkkari.fi\\\/wp-content\\\/uploads\\\/2014\\\/11\\\/contact-information-ala-talkkari.jpg\",\"contentUrl\":\"https:\\\/\\\/ala-talkkari.fi\\\/wp-content\\\/uploads\\\/2014\\\/11\\\/contact-information-ala-talkkari.jpg\"},{\"@type\":\"BreadcrumbList\",\"@id\":\"https:\\\/\\\/ala-talkkari.fi\\\/en\\\/contact-information\\\/#breadcrumb\",\"itemListElement\":[{\"@type\":\"ListItem\",\"position\":1,\"name\":\"Home\",\"item\":\"https:\\\/\\\/ala-talkkari.fi\\\/en\\\/\"},{\"@type\":\"ListItem\",\"position\":2,\"name\":\"Contact information\"}]},{\"@type\":\"WebSite\",\"@id\":\"https:\\\/\\\/ala-talkkari.fi\\\/en\\\/#website\",\"url\":\"https:\\\/\\\/ala-talkkari.fi\\\/en\\\/\",\"name\":\"Veljekset Ala-Talkkari Oy\",\"description\":\"Biomass heating devices and environmental machines\",\"publisher\":{\"@id\":\"https:\\\/\\\/ala-talkkari.fi\\\/en\\\/#organization\"},\"potentialAction\":[{\"@type\":\"SearchAction\",\"target\":{\"@type\":\"EntryPoint\",\"urlTemplate\":\"https:\\\/\\\/ala-talkkari.fi\\\/en\\\/?s={search_term_string}\"},\"query-input\":{\"@type\":\"PropertyValueSpecification\",\"valueRequired\":true,\"valueName\":\"search_term_string\"}}],\"inLanguage\":\"en-US\"},{\"@type\":\"Organization\",\"@id\":\"https:\\\/\\\/ala-talkkari.fi\\\/en\\\/#organization\",\"name\":\"Veljekset Ala-Talkkari Oy\",\"url\":\"https:\\\/\\\/ala-talkkari.fi\\\/en\\\/\",\"logo\":{\"@type\":\"ImageObject\",\"inLanguage\":\"en-US\",\"@id\":\"https:\\\/\\\/ala-talkkari.fi\\\/en\\\/#\\\/schema\\\/logo\\\/image\\\/\",\"url\":\"https:\\\/\\\/ala-talkkari.fi\\\/wp-content\\\/uploads\\\/2020\\\/09\\\/lammitys-veto-ala-talkkari.png\",\"contentUrl\":\"https:\\\/\\\/ala-talkkari.fi\\\/wp-content\\\/uploads\\\/2020\\\/09\\\/lammitys-veto-ala-talkkari.png\",\"width\":751,\"height\":67,\"caption\":\"Veljekset Ala-Talkkari Oy\"},\"image\":{\"@id\":\"https:\\\/\\\/ala-talkkari.fi\\\/en\\\/#\\\/schema\\\/logo\\\/image\\\/\"},\"sameAs\":[\"https:\\\/\\\/www.facebook.com\\\/alatalkkari\",\"https:\\\/\\\/www.instagram.com\\\/veljeksetalatalkkarioy\\\/\",\"https:\\\/\\\/www.youtube.com\\\/c\\\/VeljeksetAlaTalkkariOy\"]}]}<\/script>\n<!-- \/ Yoast SEO plugin. -->","yoast_head_json":{"title":"Contact information | Ala-Talkkari","description":"Contact information| Ala-Talkkari","robots":{"index":"index","follow":"follow","max-snippet":"max-snippet:-1","max-image-preview":"max-image-preview:large","max-video-preview":"max-video-preview:-1"},"canonical":"https:\/\/ala-talkkari.fi\/en\/contact-information\/","og_locale":"en_US","og_type":"article","og_title":"Contact information | Ala-Talkkari","og_description":"Contact information| Ala-Talkkari","og_url":"https:\/\/ala-talkkari.fi\/en\/contact-information\/","og_site_name":"Veljekset Ala-Talkkari Oy","article_publisher":"https:\/\/www.facebook.com\/alatalkkari","article_modified_time":"2026-01-13T06:04:52+00:00","og_image":[{"width":2352,"height":1568,"url":"https:\/\/ala-talkkari.fi\/wp-content\/uploads\/2014\/11\/contact-information-ala-talkkari.jpg","type":"image\/jpeg"}],"twitter_misc":{"Est. reading time":"3 minutes"},"schema":{"@context":"https:\/\/schema.org","@graph":[{"@type":"WebPage","@id":"https:\/\/ala-talkkari.fi\/en\/contact-information\/","url":"https:\/\/ala-talkkari.fi\/en\/contact-information\/","name":"Contact information | Ala-Talkkari","isPartOf":{"@id":"https:\/\/ala-talkkari.fi\/en\/#website"},"primaryImageOfPage":{"@id":"https:\/\/ala-talkkari.fi\/en\/contact-information\/#primaryimage"},"image":{"@id":"https:\/\/ala-talkkari.fi\/en\/contact-information\/#primaryimage"},"thumbnailUrl":"https:\/\/ala-talkkari.fi\/wp-content\/uploads\/2014\/11\/contact-information-ala-talkkari.jpg","datePublished":"2014-11-04T12:18:10+00:00","dateModified":"2026-01-13T06:04:52+00:00","description":"Contact information| Ala-Talkkari","breadcrumb":{"@id":"https:\/\/ala-talkkari.fi\/en\/contact-information\/#breadcrumb"},"inLanguage":"en-US","potentialAction":[{"@type":"ReadAction","target":["https:\/\/ala-talkkari.fi\/en\/contact-information\/"]}]},{"@type":"ImageObject","inLanguage":"en-US","@id":"https:\/\/ala-talkkari.fi\/en\/contact-information\/#primaryimage","url":"https:\/\/ala-talkkari.fi\/wp-content\/uploads\/2014\/11\/contact-information-ala-talkkari.jpg","contentUrl":"https:\/\/ala-talkkari.fi\/wp-content\/uploads\/2014\/11\/contact-information-ala-talkkari.jpg"},{"@type":"BreadcrumbList","@id":"https:\/\/ala-talkkari.fi\/en\/contact-information\/#breadcrumb","itemListElement":[{"@type":"ListItem","position":1,"name":"Home","item":"https:\/\/ala-talkkari.fi\/en\/"},{"@type":"ListItem","position":2,"name":"Contact information"}]},{"@type":"WebSite","@id":"https:\/\/ala-talkkari.fi\/en\/#website","url":"https:\/\/ala-talkkari.fi\/en\/","name":"Veljekset Ala-Talkkari Oy","description":"Biomass heating devices and environmental machines","publisher":{"@id":"https:\/\/ala-talkkari.fi\/en\/#organization"},"potentialAction":[{"@type":"SearchAction","target":{"@type":"EntryPoint","urlTemplate":"https:\/\/ala-talkkari.fi\/en\/?s={search_term_string}"},"query-input":{"@type":"PropertyValueSpecification","valueRequired":true,"valueName":"search_term_string"}}],"inLanguage":"en-US"},{"@type":"Organization","@id":"https:\/\/ala-talkkari.fi\/en\/#organization","name":"Veljekset Ala-Talkkari Oy","url":"https:\/\/ala-talkkari.fi\/en\/","logo":{"@type":"ImageObject","inLanguage":"en-US","@id":"https:\/\/ala-talkkari.fi\/en\/#\/schema\/logo\/image\/","url":"https:\/\/ala-talkkari.fi\/wp-content\/uploads\/2020\/09\/lammitys-veto-ala-talkkari.png","contentUrl":"https:\/\/ala-talkkari.fi\/wp-content\/uploads\/2020\/09\/lammitys-veto-ala-talkkari.png","width":751,"height":67,"caption":"Veljekset Ala-Talkkari Oy"},"image":{"@id":"https:\/\/ala-talkkari.fi\/en\/#\/schema\/logo\/image\/"},"sameAs":["https:\/\/www.facebook.com\/alatalkkari","https:\/\/www.instagram.com\/veljeksetalatalkkarioy\/","https:\/\/www.youtube.com\/c\/VeljeksetAlaTalkkariOy"]}]}},"_links":{"self":[{"href":"https:\/\/ala-talkkari.fi\/en\/wp-json\/wp\/v2\/pages\/1536","targetHints":{"allow":["GET"]}}],"collection":[{"href":"https:\/\/ala-talkkari.fi\/en\/wp-json\/wp\/v2\/pages"}],"about":[{"href":"https:\/\/ala-talkkari.fi\/en\/wp-json\/wp\/v2\/types\/page"}],"author":[{"embeddable":true,"href":"https:\/\/ala-talkkari.fi\/en\/wp-json\/wp\/v2\/users\/1"}],"replies":[{"embeddable":true,"href":"https:\/\/ala-talkkari.fi\/en\/wp-json\/wp\/v2\/comments?post=1536"}],"version-history":[{"count":33,"href":"https:\/\/ala-talkkari.fi\/en\/wp-json\/wp\/v2\/pages\/1536\/revisions"}],"predecessor-version":[{"id":10136,"href":"https:\/\/ala-talkkari.fi\/en\/wp-json\/wp\/v2\/pages\/1536\/revisions\/10136"}],"wp:attachment":[{"href":"https:\/\/ala-talkkari.fi\/en\/wp-json\/wp\/v2\/media?parent=1536"}],"curies":[{"name":"wp","href":"https:\/\/api.w.org\/{rel}","templated":true}]}}