{"id":6696,"date":"2018-11-22T13:08:01","date_gmt":"2018-11-22T11:08:01","guid":{"rendered":"https:\/\/ala-talkkari.fi\/?page_id=6696"},"modified":"2021-06-08T08:08:57","modified_gmt":"2021-06-08T05:08:57","slug":"veto-cont-800-grain","status":"publish","type":"page","link":"https:\/\/ala-talkkari.fi\/de\/veto-cont-800-grain\/","title":{"rendered":"Veto Cont 800 Grain"},"content":{"rendered":"<h2>Veto Cont 800 Grain Getreidetrocknung<\/h2>\n<p><img loading=\"lazy\" decoding=\"async\" class=\"alignnone wp-image-5957 size-full\" src=\"https:\/\/ala-talkkari.fi\/wp-content\/uploads\/2018\/11\/grain-drying-container.jpg\" alt=\"kuivuril\u00e4mp\u00f6keskus\" width=\"1843\" height=\"1152\"><\/p>\n<p><strong>Technische Angaben<\/strong><\/p>\n<ul>\n<li>Kesselraum F 60, Silo F 30<br \/>\n\u2022 Veto Cont kann in unmittelbarer N\u00e4he des Getreidetrockners aufgebaut werden.<br \/>\n\u2022 Veto Cont erf\u00fcllt alle vorgeschriebenen Bestimmungen und die hohen Standards der Versicherungsunternehmen in Finnland<br \/>\n\u2022 Ala-Talkkari stellt die technischen Zeichnungen f\u00fcr den VetoCont zur Verf\u00fcgung<br \/>\n\u2022 die Brandschutzklasse ist in den Zeichnungen enthalten, um m\u00f6gliche Bauantr\u00e4ge zu erleichtern.<\/li>\n<li>Die Herstellung erfolgt nach dem Standard EN 1090 f\u00fcr tragende Stahlbauteile<\/li>\n<\/ul>\n<p><strong>Verwendung<\/strong><\/p>\n<ul>\n<li>Plug &amp; Play &#8211; Aufbau <br \/>\n\u2022 Veto Cont wird im Werk getestet und voreingestellt <br \/>\n\u2022 Veto Cont kann verwendet werden, sobald der Schornstein aufgebaut und der Strom angeschlossen sind.<br \/>\n\u2022 Bei Holz-Hackschnitzeln reicht eine Silo-F\u00fcllung aus, um circa 24 Stunden zu trocknen.<\/li>\n<li>\u2022 Das Dach l\u00e4sst sich nahezu senkrecht \u00f6ffnen, daher ist es m\u00f6glich, den Brennstoff von der Seite einzuf\u00fcllen.<br \/>\n\u2022 Veto Control M AIR f\u00e4hrt mit 100% Modulation (Der Energieverbrauch bestimmt die Zuf\u00fchrsteuerung des Brennstoffs), wodurch die Trocknungsluft eine stabile Temperatur beh\u00e4lt.<\/li>\n<\/ul>\n<p><strong>&nbsp;Zubeh\u00f6r f\u00fcr die Steuerung<\/strong><\/p>\n<ol>\n<li>Automatische Z\u00fcndung<\/li>\n<li>Tosibox (Fernsteuerung)<\/li>\n<li>GSM-Alarm<\/li>\n<\/ol>\n<p><strong>Weitere Bilder von der&nbsp; Veto Cont 800-Trocknungsanlage<\/strong><\/p>\n<p>&nbsp;<\/p>\nngg_shortcode_0_placeholder\n<p><strong><span style=\"font-size: 13.5pt; color: #363636;\" lang=\"DE\">Lesen sie mehr \u00fcber die Trocknung von Ala-Talkkari:<\/span><\/strong><\/p>\n<p><strong>&nbsp;<\/strong><\/p>\n<p><a href=\"https:\/\/ala-talkkari.fi\/de\/getreidetrocknung\/\">https:\/\/ala-talkkari.fi\/viljan-kuivaaminen\/<\/a><\/p>\n","protected":false},"excerpt":{"rendered":"<p>Veto Cont 800 Grain Getreidetrocknung Technische Angaben Kesselraum F 60, Silo F 30 \u2022 Veto Cont kann in unmittelbarer N\u00e4he des Getreidetrockners aufgebaut werden. \u2022 Veto Cont erf\u00fcllt alle vorgeschriebenen Bestimmungen und die hohen Standards der Versicherungsunternehmen in Finnland \u2022 Ala-Talkkari stellt die technischen Zeichnungen f\u00fcr den VetoCont zur Verf\u00fcgung \u2022 die Brandschutzklasse ist in [&hellip;]<\/p>\n","protected":false},"author":1,"featured_media":0,"parent":0,"menu_order":0,"comment_status":"closed","ping_status":"closed","template":"","meta":{"ngg_post_thumbnail":0,"footnotes":""},"class_list":["post-6696","page","type-page","status-publish","hentry"],"yoast_head":"<!-- This site is optimized with the Yoast SEO plugin v27.4 - https:\/\/yoast.com\/product\/yoast-seo-wordpress\/ -->\n<title>Veto Cont 800 Grain - Veljekset Ala-Talkkari Oy<\/title>\n<meta name=\"description\" content=\"Veto Cont 800 Grain Getreidetrocknung - Veljekset Ala-Talkkari Oy.\" \/>\n<meta name=\"robots\" content=\"index, follow, max-snippet:-1, max-image-preview:large, max-video-preview:-1\" \/>\n<link rel=\"canonical\" href=\"https:\/\/ala-talkkari.fi\/de\/veto-cont-800-grain\/\" \/>\n<meta property=\"og:locale\" content=\"de_DE\" \/>\n<meta property=\"og:type\" content=\"article\" \/>\n<meta property=\"og:title\" content=\"Veto Cont 800 Grain - Veljekset Ala-Talkkari Oy\" \/>\n<meta property=\"og:description\" content=\"Veto Cont 800 Grain Getreidetrocknung - Veljekset Ala-Talkkari Oy.\" \/>\n<meta property=\"og:url\" content=\"https:\/\/ala-talkkari.fi\/de\/veto-cont-800-grain\/\" \/>\n<meta property=\"og:site_name\" content=\"Veljekset Ala-Talkkari Oy\" \/>\n<meta property=\"article:publisher\" content=\"https:\/\/www.facebook.com\/alatalkkari\" \/>\n<meta property=\"article:modified_time\" content=\"2021-06-08T05:08:57+00:00\" \/>\n<meta property=\"og:image\" content=\"https:\/\/ala-talkkari.fi\/wp-content\/uploads\/2018\/11\/grain-drying-container.jpg\" \/>\n<meta name=\"twitter:label1\" content=\"Gesch\u00e4tzte Lesezeit\" \/>\n\t<meta name=\"twitter:data1\" content=\"2\u00a0Minuten\" \/>\n<script type=\"application\/ld+json\" class=\"yoast-schema-graph\">{\"@context\":\"https:\\\/\\\/schema.org\",\"@graph\":[{\"@type\":\"WebPage\",\"@id\":\"https:\\\/\\\/ala-talkkari.fi\\\/de\\\/veto-cont-800-grain\\\/\",\"url\":\"https:\\\/\\\/ala-talkkari.fi\\\/de\\\/veto-cont-800-grain\\\/\",\"name\":\"Veto Cont 800 Grain - Veljekset Ala-Talkkari Oy\",\"isPartOf\":{\"@id\":\"https:\\\/\\\/ala-talkkari.fi\\\/de\\\/#website\"},\"primaryImageOfPage\":{\"@id\":\"https:\\\/\\\/ala-talkkari.fi\\\/de\\\/veto-cont-800-grain\\\/#primaryimage\"},\"image\":{\"@id\":\"https:\\\/\\\/ala-talkkari.fi\\\/de\\\/veto-cont-800-grain\\\/#primaryimage\"},\"thumbnailUrl\":\"https:\\\/\\\/ala-talkkari.fi\\\/wp-content\\\/uploads\\\/2018\\\/11\\\/grain-drying-container.jpg\",\"datePublished\":\"2018-11-22T11:08:01+00:00\",\"dateModified\":\"2021-06-08T05:08:57+00:00\",\"description\":\"Veto Cont 800 Grain Getreidetrocknung - Veljekset Ala-Talkkari Oy.\",\"breadcrumb\":{\"@id\":\"https:\\\/\\\/ala-talkkari.fi\\\/de\\\/veto-cont-800-grain\\\/#breadcrumb\"},\"inLanguage\":\"de\",\"potentialAction\":[{\"@type\":\"ReadAction\",\"target\":[\"https:\\\/\\\/ala-talkkari.fi\\\/de\\\/veto-cont-800-grain\\\/\"]}]},{\"@type\":\"ImageObject\",\"inLanguage\":\"de\",\"@id\":\"https:\\\/\\\/ala-talkkari.fi\\\/de\\\/veto-cont-800-grain\\\/#primaryimage\",\"url\":\"https:\\\/\\\/ala-talkkari.fi\\\/wp-content\\\/uploads\\\/2018\\\/11\\\/grain-drying-container.jpg\",\"contentUrl\":\"https:\\\/\\\/ala-talkkari.fi\\\/wp-content\\\/uploads\\\/2018\\\/11\\\/grain-drying-container.jpg\"},{\"@type\":\"BreadcrumbList\",\"@id\":\"https:\\\/\\\/ala-talkkari.fi\\\/de\\\/veto-cont-800-grain\\\/#breadcrumb\",\"itemListElement\":[{\"@type\":\"ListItem\",\"position\":1,\"name\":\"Home\",\"item\":\"https:\\\/\\\/ala-talkkari.fi\\\/de\\\/\"},{\"@type\":\"ListItem\",\"position\":2,\"name\":\"Veto Cont 800 Grain\"}]},{\"@type\":\"WebSite\",\"@id\":\"https:\\\/\\\/ala-talkkari.fi\\\/de\\\/#website\",\"url\":\"https:\\\/\\\/ala-talkkari.fi\\\/de\\\/\",\"name\":\"Veljekset Ala-Talkkari Oy\",\"description\":\"Heizsysteme und Ger\u00e4te zur Landschaftspflege\",\"publisher\":{\"@id\":\"https:\\\/\\\/ala-talkkari.fi\\\/de\\\/#organization\"},\"potentialAction\":[{\"@type\":\"SearchAction\",\"target\":{\"@type\":\"EntryPoint\",\"urlTemplate\":\"https:\\\/\\\/ala-talkkari.fi\\\/de\\\/?s={search_term_string}\"},\"query-input\":{\"@type\":\"PropertyValueSpecification\",\"valueRequired\":true,\"valueName\":\"search_term_string\"}}],\"inLanguage\":\"de\"},{\"@type\":\"Organization\",\"@id\":\"https:\\\/\\\/ala-talkkari.fi\\\/de\\\/#organization\",\"name\":\"Veljekset Ala-Talkkari Oy\",\"url\":\"https:\\\/\\\/ala-talkkari.fi\\\/de\\\/\",\"logo\":{\"@type\":\"ImageObject\",\"inLanguage\":\"de\",\"@id\":\"https:\\\/\\\/ala-talkkari.fi\\\/de\\\/#\\\/schema\\\/logo\\\/image\\\/\",\"url\":\"https:\\\/\\\/ala-talkkari.fi\\\/wp-content\\\/uploads\\\/2020\\\/09\\\/lammitys-veto-ala-talkkari.png\",\"contentUrl\":\"https:\\\/\\\/ala-talkkari.fi\\\/wp-content\\\/uploads\\\/2020\\\/09\\\/lammitys-veto-ala-talkkari.png\",\"width\":751,\"height\":67,\"caption\":\"Veljekset Ala-Talkkari Oy\"},\"image\":{\"@id\":\"https:\\\/\\\/ala-talkkari.fi\\\/de\\\/#\\\/schema\\\/logo\\\/image\\\/\"},\"sameAs\":[\"https:\\\/\\\/www.facebook.com\\\/alatalkkari\",\"https:\\\/\\\/www.instagram.com\\\/veljeksetalatalkkarioy\\\/\",\"https:\\\/\\\/www.youtube.com\\\/c\\\/VeljeksetAlaTalkkariOy\"]}]}<\/script>\n<!-- \/ Yoast SEO plugin. -->","yoast_head_json":{"title":"Veto Cont 800 Grain - Veljekset Ala-Talkkari Oy","description":"Veto Cont 800 Grain Getreidetrocknung - Veljekset Ala-Talkkari Oy.","robots":{"index":"index","follow":"follow","max-snippet":"max-snippet:-1","max-image-preview":"max-image-preview:large","max-video-preview":"max-video-preview:-1"},"canonical":"https:\/\/ala-talkkari.fi\/de\/veto-cont-800-grain\/","og_locale":"de_DE","og_type":"article","og_title":"Veto Cont 800 Grain - Veljekset Ala-Talkkari Oy","og_description":"Veto Cont 800 Grain Getreidetrocknung - Veljekset Ala-Talkkari Oy.","og_url":"https:\/\/ala-talkkari.fi\/de\/veto-cont-800-grain\/","og_site_name":"Veljekset Ala-Talkkari Oy","article_publisher":"https:\/\/www.facebook.com\/alatalkkari","article_modified_time":"2021-06-08T05:08:57+00:00","og_image":[{"url":"https:\/\/ala-talkkari.fi\/wp-content\/uploads\/2018\/11\/grain-drying-container.jpg","type":"","width":"","height":""}],"twitter_misc":{"Gesch\u00e4tzte Lesezeit":"2\u00a0Minuten"},"schema":{"@context":"https:\/\/schema.org","@graph":[{"@type":"WebPage","@id":"https:\/\/ala-talkkari.fi\/de\/veto-cont-800-grain\/","url":"https:\/\/ala-talkkari.fi\/de\/veto-cont-800-grain\/","name":"Veto Cont 800 Grain - Veljekset Ala-Talkkari Oy","isPartOf":{"@id":"https:\/\/ala-talkkari.fi\/de\/#website"},"primaryImageOfPage":{"@id":"https:\/\/ala-talkkari.fi\/de\/veto-cont-800-grain\/#primaryimage"},"image":{"@id":"https:\/\/ala-talkkari.fi\/de\/veto-cont-800-grain\/#primaryimage"},"thumbnailUrl":"https:\/\/ala-talkkari.fi\/wp-content\/uploads\/2018\/11\/grain-drying-container.jpg","datePublished":"2018-11-22T11:08:01+00:00","dateModified":"2021-06-08T05:08:57+00:00","description":"Veto Cont 800 Grain Getreidetrocknung - Veljekset Ala-Talkkari Oy.","breadcrumb":{"@id":"https:\/\/ala-talkkari.fi\/de\/veto-cont-800-grain\/#breadcrumb"},"inLanguage":"de","potentialAction":[{"@type":"ReadAction","target":["https:\/\/ala-talkkari.fi\/de\/veto-cont-800-grain\/"]}]},{"@type":"ImageObject","inLanguage":"de","@id":"https:\/\/ala-talkkari.fi\/de\/veto-cont-800-grain\/#primaryimage","url":"https:\/\/ala-talkkari.fi\/wp-content\/uploads\/2018\/11\/grain-drying-container.jpg","contentUrl":"https:\/\/ala-talkkari.fi\/wp-content\/uploads\/2018\/11\/grain-drying-container.jpg"},{"@type":"BreadcrumbList","@id":"https:\/\/ala-talkkari.fi\/de\/veto-cont-800-grain\/#breadcrumb","itemListElement":[{"@type":"ListItem","position":1,"name":"Home","item":"https:\/\/ala-talkkari.fi\/de\/"},{"@type":"ListItem","position":2,"name":"Veto Cont 800 Grain"}]},{"@type":"WebSite","@id":"https:\/\/ala-talkkari.fi\/de\/#website","url":"https:\/\/ala-talkkari.fi\/de\/","name":"Veljekset Ala-Talkkari Oy","description":"Heizsysteme und Ger\u00e4te zur Landschaftspflege","publisher":{"@id":"https:\/\/ala-talkkari.fi\/de\/#organization"},"potentialAction":[{"@type":"SearchAction","target":{"@type":"EntryPoint","urlTemplate":"https:\/\/ala-talkkari.fi\/de\/?s={search_term_string}"},"query-input":{"@type":"PropertyValueSpecification","valueRequired":true,"valueName":"search_term_string"}}],"inLanguage":"de"},{"@type":"Organization","@id":"https:\/\/ala-talkkari.fi\/de\/#organization","name":"Veljekset Ala-Talkkari Oy","url":"https:\/\/ala-talkkari.fi\/de\/","logo":{"@type":"ImageObject","inLanguage":"de","@id":"https:\/\/ala-talkkari.fi\/de\/#\/schema\/logo\/image\/","url":"https:\/\/ala-talkkari.fi\/wp-content\/uploads\/2020\/09\/lammitys-veto-ala-talkkari.png","contentUrl":"https:\/\/ala-talkkari.fi\/wp-content\/uploads\/2020\/09\/lammitys-veto-ala-talkkari.png","width":751,"height":67,"caption":"Veljekset Ala-Talkkari Oy"},"image":{"@id":"https:\/\/ala-talkkari.fi\/de\/#\/schema\/logo\/image\/"},"sameAs":["https:\/\/www.facebook.com\/alatalkkari","https:\/\/www.instagram.com\/veljeksetalatalkkarioy\/","https:\/\/www.youtube.com\/c\/VeljeksetAlaTalkkariOy"]}]}},"_links":{"self":[{"href":"https:\/\/ala-talkkari.fi\/de\/wp-json\/wp\/v2\/pages\/6696","targetHints":{"allow":["GET"]}}],"collection":[{"href":"https:\/\/ala-talkkari.fi\/de\/wp-json\/wp\/v2\/pages"}],"about":[{"href":"https:\/\/ala-talkkari.fi\/de\/wp-json\/wp\/v2\/types\/page"}],"author":[{"embeddable":true,"href":"https:\/\/ala-talkkari.fi\/de\/wp-json\/wp\/v2\/users\/1"}],"replies":[{"embeddable":true,"href":"https:\/\/ala-talkkari.fi\/de\/wp-json\/wp\/v2\/comments?post=6696"}],"version-history":[{"count":8,"href":"https:\/\/ala-talkkari.fi\/de\/wp-json\/wp\/v2\/pages\/6696\/revisions"}],"predecessor-version":[{"id":8977,"href":"https:\/\/ala-talkkari.fi\/de\/wp-json\/wp\/v2\/pages\/6696\/revisions\/8977"}],"wp:attachment":[{"href":"https:\/\/ala-talkkari.fi\/de\/wp-json\/wp\/v2\/media?parent=6696"}],"curies":[{"name":"wp","href":"https:\/\/api.w.org\/{rel}","templated":true}]}}