{"id":4057,"date":"2014-11-04T14:06:40","date_gmt":"2014-11-04T12:06:40","guid":{"rendered":"http:\/\/ala-talkkari.fi\/de\/?page_id=4057"},"modified":"2020-09-16T12:58:45","modified_gmt":"2020-09-16T09:58:45","slug":"umweltmanagement-ausruestung","status":"publish","type":"page","link":"https:\/\/ala-talkkari.fi\/de\/umweltmanagement-ausruestung\/","title":{"rendered":"Umweltmanagement Ausr\u00fcstung"},"content":{"rendered":"<h2>Die Schneefr\u00e4sen von AlaTalkkari und Nordtec<\/h2>\n<p><img loading=\"lazy\" decoding=\"async\" class=\"size-full wp-image-7955 aligncenter\" src=\"https:\/\/ala-talkkari.fi\/wp-content\/uploads\/2020\/09\/schneefrase-streugerat.jpg\" alt=\"Schneefr\u00e4se und Streuger\u00e4t\" width=\"683\" height=\"1024\" srcset=\"https:\/\/ala-talkkari.fi\/wp-content\/uploads\/2020\/09\/schneefrase-streugerat.jpg 683w, https:\/\/ala-talkkari.fi\/wp-content\/uploads\/2020\/09\/schneefrase-streugerat-200x300.jpg 200w, https:\/\/ala-talkkari.fi\/wp-content\/uploads\/2020\/09\/schneefrase-streugerat-600x900.jpg 600w\" sizes=\"auto, (max-width: 683px) 100vw, 683px\" \/><\/p>\n<p>In der Schneefr\u00e4senkollektion von AlaTalkkari und Nordtec ist eine mit Traktor betriebene Fr\u00e4se sowohl zur Schneer\u00e4umung auf Pl\u00e4tzen in St\u00e4dten und H\u00f6fen von Grundst\u00fccken wie auch f\u00fcr lange Stra\u00dfenabschnitte, bei denen eine hohe Fahrgeschwindigkeit notwendig ist, zu finden. Die Fr\u00e4senkollektion der Veljekset AlaTalkkari Oy beinhaltet V-Fr\u00e4sen sowie Querschneckenfr\u00e4sen. Die V-Fr\u00e4se verf\u00fcgt \u00fcber zwei Alternativen f\u00fcr die Art der Schneef\u00f6rderung, Schaufel- und Schraubenvorschub. Jede F\u00f6rderart hat seine unbestrittenen Vorteile, mit denen die Fr\u00e4sen modellspezifisch optimiert worden sind, um auf die bestm\u00f6gliche Weise zu funktionieren. Die Querschneckenfr\u00e4sen sind immer mit einem Schraubenvorschub ausgestattet. Die Schneefr\u00e4sen von AlaTalkkari und Nordtec werden in Finnland f\u00fcr die wechselnden finnischen Verh\u00e4ltnisse erzeugt.<\/p>\n<p><strong>Die Streuger\u00e4te von AlaTalkkari und Nordtec<\/strong><\/p>\n<p>Das Streuger\u00e4t SL von AlaTalkkari und Nordtec kann f\u00fcr Traktoren adaptiert werden und eignet sich auch f\u00fcr Unternehmer. Bei der Planung des Streuger\u00e4tes ist die Betriebssicherheit auch bei Schotter von schlechter Qualit\u00e4t ber\u00fccksichtigt worden.<\/p>\n<p><strong>&nbsp;<\/strong><\/p>\n<p>&nbsp;<\/p>\n","protected":false},"excerpt":{"rendered":"<p>Die Schneefr\u00e4sen von AlaTalkkari und Nordtec In der Schneefr\u00e4senkollektion von AlaTalkkari und Nordtec ist eine mit Traktor betriebene Fr\u00e4se sowohl zur Schneer\u00e4umung auf Pl\u00e4tzen in St\u00e4dten und H\u00f6fen von Grundst\u00fccken wie auch f\u00fcr lange Stra\u00dfenabschnitte, bei denen eine hohe Fahrgeschwindigkeit notwendig ist, zu finden. Die Fr\u00e4senkollektion der Veljekset AlaTalkkari Oy beinhaltet V-Fr\u00e4sen sowie Querschneckenfr\u00e4sen. Die [&hellip;]<\/p>\n","protected":false},"author":1,"featured_media":0,"parent":0,"menu_order":0,"comment_status":"closed","ping_status":"closed","template":"","meta":{"ngg_post_thumbnail":0,"footnotes":""},"class_list":["post-4057","page","type-page","status-publish","hentry"],"yoast_head":"<!-- This site is optimized with the Yoast SEO plugin v27.4 - https:\/\/yoast.com\/product\/yoast-seo-wordpress\/ -->\n<title>Umweltmanagement Ausr\u00fcstung - Veljekset Ala-Talkkari Oy<\/title>\n<meta name=\"robots\" content=\"index, follow, max-snippet:-1, max-image-preview:large, max-video-preview:-1\" \/>\n<link rel=\"canonical\" href=\"https:\/\/ala-talkkari.fi\/de\/umweltmanagement-ausruestung\/\" \/>\n<meta property=\"og:locale\" content=\"de_DE\" \/>\n<meta property=\"og:type\" content=\"article\" \/>\n<meta property=\"og:title\" content=\"Umweltmanagement Ausr\u00fcstung - Veljekset Ala-Talkkari Oy\" \/>\n<meta property=\"og:description\" content=\"Die Schneefr\u00e4sen von AlaTalkkari und Nordtec In der Schneefr\u00e4senkollektion von AlaTalkkari und Nordtec ist eine mit Traktor betriebene Fr\u00e4se sowohl zur Schneer\u00e4umung auf Pl\u00e4tzen in St\u00e4dten und H\u00f6fen von Grundst\u00fccken wie auch f\u00fcr lange Stra\u00dfenabschnitte, bei denen eine hohe Fahrgeschwindigkeit notwendig ist, zu finden. Die Fr\u00e4senkollektion der Veljekset AlaTalkkari Oy beinhaltet V-Fr\u00e4sen sowie Querschneckenfr\u00e4sen. Die [&hellip;]\" \/>\n<meta property=\"og:url\" content=\"https:\/\/ala-talkkari.fi\/de\/umweltmanagement-ausruestung\/\" \/>\n<meta property=\"og:site_name\" content=\"Veljekset Ala-Talkkari Oy\" \/>\n<meta property=\"article:publisher\" content=\"https:\/\/www.facebook.com\/alatalkkari\" \/>\n<meta property=\"article:modified_time\" content=\"2020-09-16T09:58:45+00:00\" \/>\n<meta property=\"og:image\" content=\"https:\/\/ala-talkkari.fi\/wp-content\/uploads\/2020\/09\/schneefrase-streugerat.jpg\" \/>\n<meta name=\"twitter:label1\" content=\"Gesch\u00e4tzte Lesezeit\" \/>\n\t<meta name=\"twitter:data1\" content=\"1\u00a0Minute\" \/>\n<script type=\"application\/ld+json\" class=\"yoast-schema-graph\">{\"@context\":\"https:\\\/\\\/schema.org\",\"@graph\":[{\"@type\":\"WebPage\",\"@id\":\"https:\\\/\\\/ala-talkkari.fi\\\/de\\\/umweltmanagement-ausruestung\\\/\",\"url\":\"https:\\\/\\\/ala-talkkari.fi\\\/de\\\/umweltmanagement-ausruestung\\\/\",\"name\":\"Umweltmanagement Ausr\u00fcstung - Veljekset Ala-Talkkari Oy\",\"isPartOf\":{\"@id\":\"https:\\\/\\\/ala-talkkari.fi\\\/de\\\/#website\"},\"primaryImageOfPage\":{\"@id\":\"https:\\\/\\\/ala-talkkari.fi\\\/de\\\/umweltmanagement-ausruestung\\\/#primaryimage\"},\"image\":{\"@id\":\"https:\\\/\\\/ala-talkkari.fi\\\/de\\\/umweltmanagement-ausruestung\\\/#primaryimage\"},\"thumbnailUrl\":\"https:\\\/\\\/ala-talkkari.fi\\\/wp-content\\\/uploads\\\/2020\\\/09\\\/schneefrase-streugerat.jpg\",\"datePublished\":\"2014-11-04T12:06:40+00:00\",\"dateModified\":\"2020-09-16T09:58:45+00:00\",\"breadcrumb\":{\"@id\":\"https:\\\/\\\/ala-talkkari.fi\\\/de\\\/umweltmanagement-ausruestung\\\/#breadcrumb\"},\"inLanguage\":\"de\",\"potentialAction\":[{\"@type\":\"ReadAction\",\"target\":[\"https:\\\/\\\/ala-talkkari.fi\\\/de\\\/umweltmanagement-ausruestung\\\/\"]}]},{\"@type\":\"ImageObject\",\"inLanguage\":\"de\",\"@id\":\"https:\\\/\\\/ala-talkkari.fi\\\/de\\\/umweltmanagement-ausruestung\\\/#primaryimage\",\"url\":\"https:\\\/\\\/ala-talkkari.fi\\\/wp-content\\\/uploads\\\/2020\\\/09\\\/schneefrase-streugerat.jpg\",\"contentUrl\":\"https:\\\/\\\/ala-talkkari.fi\\\/wp-content\\\/uploads\\\/2020\\\/09\\\/schneefrase-streugerat.jpg\"},{\"@type\":\"BreadcrumbList\",\"@id\":\"https:\\\/\\\/ala-talkkari.fi\\\/de\\\/umweltmanagement-ausruestung\\\/#breadcrumb\",\"itemListElement\":[{\"@type\":\"ListItem\",\"position\":1,\"name\":\"Home\",\"item\":\"https:\\\/\\\/ala-talkkari.fi\\\/de\\\/\"},{\"@type\":\"ListItem\",\"position\":2,\"name\":\"Umweltmanagement Ausr\u00fcstung\"}]},{\"@type\":\"WebSite\",\"@id\":\"https:\\\/\\\/ala-talkkari.fi\\\/de\\\/#website\",\"url\":\"https:\\\/\\\/ala-talkkari.fi\\\/de\\\/\",\"name\":\"Veljekset Ala-Talkkari Oy\",\"description\":\"Heizsysteme und Ger\u00e4te zur Landschaftspflege\",\"publisher\":{\"@id\":\"https:\\\/\\\/ala-talkkari.fi\\\/de\\\/#organization\"},\"potentialAction\":[{\"@type\":\"SearchAction\",\"target\":{\"@type\":\"EntryPoint\",\"urlTemplate\":\"https:\\\/\\\/ala-talkkari.fi\\\/de\\\/?s={search_term_string}\"},\"query-input\":{\"@type\":\"PropertyValueSpecification\",\"valueRequired\":true,\"valueName\":\"search_term_string\"}}],\"inLanguage\":\"de\"},{\"@type\":\"Organization\",\"@id\":\"https:\\\/\\\/ala-talkkari.fi\\\/de\\\/#organization\",\"name\":\"Veljekset Ala-Talkkari Oy\",\"url\":\"https:\\\/\\\/ala-talkkari.fi\\\/de\\\/\",\"logo\":{\"@type\":\"ImageObject\",\"inLanguage\":\"de\",\"@id\":\"https:\\\/\\\/ala-talkkari.fi\\\/de\\\/#\\\/schema\\\/logo\\\/image\\\/\",\"url\":\"https:\\\/\\\/ala-talkkari.fi\\\/wp-content\\\/uploads\\\/2020\\\/09\\\/lammitys-veto-ala-talkkari.png\",\"contentUrl\":\"https:\\\/\\\/ala-talkkari.fi\\\/wp-content\\\/uploads\\\/2020\\\/09\\\/lammitys-veto-ala-talkkari.png\",\"width\":751,\"height\":67,\"caption\":\"Veljekset Ala-Talkkari Oy\"},\"image\":{\"@id\":\"https:\\\/\\\/ala-talkkari.fi\\\/de\\\/#\\\/schema\\\/logo\\\/image\\\/\"},\"sameAs\":[\"https:\\\/\\\/www.facebook.com\\\/alatalkkari\",\"https:\\\/\\\/www.instagram.com\\\/veljeksetalatalkkarioy\\\/\",\"https:\\\/\\\/www.youtube.com\\\/c\\\/VeljeksetAlaTalkkariOy\"]}]}<\/script>\n<!-- \/ Yoast SEO plugin. -->","yoast_head_json":{"title":"Umweltmanagement Ausr\u00fcstung - Veljekset Ala-Talkkari Oy","robots":{"index":"index","follow":"follow","max-snippet":"max-snippet:-1","max-image-preview":"max-image-preview:large","max-video-preview":"max-video-preview:-1"},"canonical":"https:\/\/ala-talkkari.fi\/de\/umweltmanagement-ausruestung\/","og_locale":"de_DE","og_type":"article","og_title":"Umweltmanagement Ausr\u00fcstung - Veljekset Ala-Talkkari Oy","og_description":"Die Schneefr\u00e4sen von AlaTalkkari und Nordtec In der Schneefr\u00e4senkollektion von AlaTalkkari und Nordtec ist eine mit Traktor betriebene Fr\u00e4se sowohl zur Schneer\u00e4umung auf Pl\u00e4tzen in St\u00e4dten und H\u00f6fen von Grundst\u00fccken wie auch f\u00fcr lange Stra\u00dfenabschnitte, bei denen eine hohe Fahrgeschwindigkeit notwendig ist, zu finden. Die Fr\u00e4senkollektion der Veljekset AlaTalkkari Oy beinhaltet V-Fr\u00e4sen sowie Querschneckenfr\u00e4sen. Die [&hellip;]","og_url":"https:\/\/ala-talkkari.fi\/de\/umweltmanagement-ausruestung\/","og_site_name":"Veljekset Ala-Talkkari Oy","article_publisher":"https:\/\/www.facebook.com\/alatalkkari","article_modified_time":"2020-09-16T09:58:45+00:00","og_image":[{"url":"https:\/\/ala-talkkari.fi\/wp-content\/uploads\/2020\/09\/schneefrase-streugerat.jpg","type":"","width":"","height":""}],"twitter_misc":{"Gesch\u00e4tzte Lesezeit":"1\u00a0Minute"},"schema":{"@context":"https:\/\/schema.org","@graph":[{"@type":"WebPage","@id":"https:\/\/ala-talkkari.fi\/de\/umweltmanagement-ausruestung\/","url":"https:\/\/ala-talkkari.fi\/de\/umweltmanagement-ausruestung\/","name":"Umweltmanagement Ausr\u00fcstung - Veljekset Ala-Talkkari Oy","isPartOf":{"@id":"https:\/\/ala-talkkari.fi\/de\/#website"},"primaryImageOfPage":{"@id":"https:\/\/ala-talkkari.fi\/de\/umweltmanagement-ausruestung\/#primaryimage"},"image":{"@id":"https:\/\/ala-talkkari.fi\/de\/umweltmanagement-ausruestung\/#primaryimage"},"thumbnailUrl":"https:\/\/ala-talkkari.fi\/wp-content\/uploads\/2020\/09\/schneefrase-streugerat.jpg","datePublished":"2014-11-04T12:06:40+00:00","dateModified":"2020-09-16T09:58:45+00:00","breadcrumb":{"@id":"https:\/\/ala-talkkari.fi\/de\/umweltmanagement-ausruestung\/#breadcrumb"},"inLanguage":"de","potentialAction":[{"@type":"ReadAction","target":["https:\/\/ala-talkkari.fi\/de\/umweltmanagement-ausruestung\/"]}]},{"@type":"ImageObject","inLanguage":"de","@id":"https:\/\/ala-talkkari.fi\/de\/umweltmanagement-ausruestung\/#primaryimage","url":"https:\/\/ala-talkkari.fi\/wp-content\/uploads\/2020\/09\/schneefrase-streugerat.jpg","contentUrl":"https:\/\/ala-talkkari.fi\/wp-content\/uploads\/2020\/09\/schneefrase-streugerat.jpg"},{"@type":"BreadcrumbList","@id":"https:\/\/ala-talkkari.fi\/de\/umweltmanagement-ausruestung\/#breadcrumb","itemListElement":[{"@type":"ListItem","position":1,"name":"Home","item":"https:\/\/ala-talkkari.fi\/de\/"},{"@type":"ListItem","position":2,"name":"Umweltmanagement Ausr\u00fcstung"}]},{"@type":"WebSite","@id":"https:\/\/ala-talkkari.fi\/de\/#website","url":"https:\/\/ala-talkkari.fi\/de\/","name":"Veljekset Ala-Talkkari Oy","description":"Heizsysteme und Ger\u00e4te zur Landschaftspflege","publisher":{"@id":"https:\/\/ala-talkkari.fi\/de\/#organization"},"potentialAction":[{"@type":"SearchAction","target":{"@type":"EntryPoint","urlTemplate":"https:\/\/ala-talkkari.fi\/de\/?s={search_term_string}"},"query-input":{"@type":"PropertyValueSpecification","valueRequired":true,"valueName":"search_term_string"}}],"inLanguage":"de"},{"@type":"Organization","@id":"https:\/\/ala-talkkari.fi\/de\/#organization","name":"Veljekset Ala-Talkkari Oy","url":"https:\/\/ala-talkkari.fi\/de\/","logo":{"@type":"ImageObject","inLanguage":"de","@id":"https:\/\/ala-talkkari.fi\/de\/#\/schema\/logo\/image\/","url":"https:\/\/ala-talkkari.fi\/wp-content\/uploads\/2020\/09\/lammitys-veto-ala-talkkari.png","contentUrl":"https:\/\/ala-talkkari.fi\/wp-content\/uploads\/2020\/09\/lammitys-veto-ala-talkkari.png","width":751,"height":67,"caption":"Veljekset Ala-Talkkari Oy"},"image":{"@id":"https:\/\/ala-talkkari.fi\/de\/#\/schema\/logo\/image\/"},"sameAs":["https:\/\/www.facebook.com\/alatalkkari","https:\/\/www.instagram.com\/veljeksetalatalkkarioy\/","https:\/\/www.youtube.com\/c\/VeljeksetAlaTalkkariOy"]}]}},"_links":{"self":[{"href":"https:\/\/ala-talkkari.fi\/de\/wp-json\/wp\/v2\/pages\/4057","targetHints":{"allow":["GET"]}}],"collection":[{"href":"https:\/\/ala-talkkari.fi\/de\/wp-json\/wp\/v2\/pages"}],"about":[{"href":"https:\/\/ala-talkkari.fi\/de\/wp-json\/wp\/v2\/types\/page"}],"author":[{"embeddable":true,"href":"https:\/\/ala-talkkari.fi\/de\/wp-json\/wp\/v2\/users\/1"}],"replies":[{"embeddable":true,"href":"https:\/\/ala-talkkari.fi\/de\/wp-json\/wp\/v2\/comments?post=4057"}],"version-history":[{"count":7,"href":"https:\/\/ala-talkkari.fi\/de\/wp-json\/wp\/v2\/pages\/4057\/revisions"}],"predecessor-version":[{"id":8350,"href":"https:\/\/ala-talkkari.fi\/de\/wp-json\/wp\/v2\/pages\/4057\/revisions\/8350"}],"wp:attachment":[{"href":"https:\/\/ala-talkkari.fi\/de\/wp-json\/wp\/v2\/media?parent=4057"}],"curies":[{"name":"wp","href":"https:\/\/api.w.org\/{rel}","templated":true}]}}