{"id":4055,"date":"2014-11-04T14:18:10","date_gmt":"2014-11-04T12:18:10","guid":{"rendered":"http:\/\/ala-talkkari.fi\/de\/?page_id=4055"},"modified":"2026-01-13T08:05:47","modified_gmt":"2026-01-13T06:05:47","slug":"kontaktinformationen","status":"publish","type":"page","link":"https:\/\/ala-talkkari.fi\/de\/kontaktinformationen\/","title":{"rendered":"Kontaktinformationen"},"content":{"rendered":"<h2>Kontaktinformationen<img loading=\"lazy\" decoding=\"async\" class=\"alignright wp-image-9006\" src=\"https:\/\/ala-talkkari.fi\/wp-content\/uploads\/2021\/06\/Kontaktinformation.jpg\" alt=\"Kontaktinformation\" width=\"450\" height=\"300\" srcset=\"https:\/\/ala-talkkari.fi\/wp-content\/uploads\/2021\/06\/Kontaktinformation.jpg 1024w, https:\/\/ala-talkkari.fi\/wp-content\/uploads\/2021\/06\/Kontaktinformation-300x200.jpg 300w, https:\/\/ala-talkkari.fi\/wp-content\/uploads\/2021\/06\/Kontaktinformation-768x512.jpg 768w, https:\/\/ala-talkkari.fi\/wp-content\/uploads\/2021\/06\/Kontaktinformation-600x400.jpg 600w\" sizes=\"auto, (max-width: 450px) 100vw, 450px\" \/><\/h2>\n<p><strong>Hauptsitz<\/strong><\/p>\n<p>Veljekset AlaTalkkari Oy<br>Hellanmaantie 619<br>FI-62130 LAPUA<br>Tel: <span style=\"color: red;\">+358 (0)6 433 6333<\/span><br>E-Mail: <span style=\"color: red;\">asiakaspalvelu(at)ala-talkkari.fi<\/span><\/p>\n<p><strong>Mechanisierung als Zulieferung<\/strong><\/p>\n<p>Hellanmaantie 619<br>62130 LAPUA<br>Tel: +358 50 347&nbsp; 6646 (<span id=\"result_box\" class=\"short_text\" lang=\"de\"><strong>ACHTUNG!<\/strong> Nur Zulieferung)<\/span><br>E-Mail: <a href=\"mailto:myynti.koneistamo@ala-talkkari.fi\">myynti.koneistamo@ala-talkkari.fi<\/a><\/p>\n<p>Unser Ersatzteilservice funktioniert w\u00e4hrend der Weihnachts- und Neujahrszeit&nbsp;in der Nummer +358440-336&nbsp;300 (glocke 10-12).<\/p>\n<p><!--<strong>L\u00e4mmityslaitteiden varaosap\u00e4ivystys<\/strong><\/p>\n\n\n\n\n<p>Varaosia laitteisiimme saa arkisin 8.00 \u2013 16.00 puh. (06)433 6333 Kylmin\u00e4 vuodenaikoina p\u00e4ivyst\u00e4mme my\u00f6s viikonloppuisin ja juhlapyhin\u00e4 puh: 044-033 6300<br \/>\nla 9.00 \u2013 12.00<br \/>\nsu 10.00 \u2013 13.00<br \/>\narkipyhin\u00e4 10.00 \u2013 12.00<br \/>\nH\u00e4lytyskorvaus lis\u00e4t\u00e4\u00e4n laskuun.--><\/p>\n\n\n<p><\/p>\n","protected":false},"excerpt":{"rendered":"<p>Kontaktinformationen Hauptsitz Veljekset AlaTalkkari OyHellanmaantie 619FI-62130 LAPUATel: +358 (0)6 433 6333E-Mail: asiakaspalvelu(at)ala-talkkari.fi Mechanisierung als Zulieferung Hellanmaantie 61962130 LAPUATel: +358 50 347&nbsp; 6646 (ACHTUNG! Nur Zulieferung)E-Mail: myynti.koneistamo@ala-talkkari.fi Unser Ersatzteilservice funktioniert w\u00e4hrend der Weihnachts- und Neujahrszeit&nbsp;in der Nummer +358440-336&nbsp;300 (glocke 10-12).<\/p>\n","protected":false},"author":1,"featured_media":0,"parent":0,"menu_order":0,"comment_status":"closed","ping_status":"closed","template":"","meta":{"ngg_post_thumbnail":0,"footnotes":""},"class_list":["post-4055","page","type-page","status-publish","hentry"],"yoast_head":"<!-- This site is optimized with the Yoast SEO plugin v27.4 - https:\/\/yoast.com\/product\/yoast-seo-wordpress\/ -->\n<title>Kontaktinformationen<\/title>\n<meta name=\"description\" content=\"Hier finden Sie die Kontaktinformationen von Veljekset Ala-Talkkari Oy.\" \/>\n<meta name=\"robots\" content=\"index, follow, max-snippet:-1, max-image-preview:large, max-video-preview:-1\" \/>\n<link rel=\"canonical\" href=\"https:\/\/ala-talkkari.fi\/de\/kontaktinformationen\/\" \/>\n<meta property=\"og:locale\" content=\"de_DE\" \/>\n<meta property=\"og:type\" content=\"article\" \/>\n<meta property=\"og:title\" content=\"Kontaktinformationen\" \/>\n<meta property=\"og:description\" content=\"Hier finden Sie die Kontaktinformationen von Veljekset Ala-Talkkari Oy.\" \/>\n<meta property=\"og:url\" content=\"https:\/\/ala-talkkari.fi\/de\/kontaktinformationen\/\" \/>\n<meta property=\"og:site_name\" content=\"Veljekset Ala-Talkkari Oy\" \/>\n<meta property=\"article:publisher\" content=\"https:\/\/www.facebook.com\/alatalkkari\" \/>\n<meta property=\"article:modified_time\" content=\"2026-01-13T06:05:47+00:00\" \/>\n<meta property=\"og:image\" content=\"https:\/\/ala-talkkari.fi\/wp-content\/uploads\/2021\/06\/Kontaktinformation.jpg\" \/>\n\t<meta property=\"og:image:width\" content=\"1024\" \/>\n\t<meta property=\"og:image:height\" content=\"683\" \/>\n\t<meta property=\"og:image:type\" content=\"image\/jpeg\" \/>\n<meta name=\"twitter:label1\" content=\"Gesch\u00e4tzte Lesezeit\" \/>\n\t<meta name=\"twitter:data1\" content=\"1\u00a0Minute\" \/>\n<script type=\"application\/ld+json\" class=\"yoast-schema-graph\">{\"@context\":\"https:\\\/\\\/schema.org\",\"@graph\":[{\"@type\":\"WebPage\",\"@id\":\"https:\\\/\\\/ala-talkkari.fi\\\/de\\\/kontaktinformationen\\\/\",\"url\":\"https:\\\/\\\/ala-talkkari.fi\\\/de\\\/kontaktinformationen\\\/\",\"name\":\"Kontaktinformationen\",\"isPartOf\":{\"@id\":\"https:\\\/\\\/ala-talkkari.fi\\\/de\\\/#website\"},\"primaryImageOfPage\":{\"@id\":\"https:\\\/\\\/ala-talkkari.fi\\\/de\\\/kontaktinformationen\\\/#primaryimage\"},\"image\":{\"@id\":\"https:\\\/\\\/ala-talkkari.fi\\\/de\\\/kontaktinformationen\\\/#primaryimage\"},\"thumbnailUrl\":\"https:\\\/\\\/ala-talkkari.fi\\\/wp-content\\\/uploads\\\/2021\\\/06\\\/Kontaktinformation.jpg\",\"datePublished\":\"2014-11-04T12:18:10+00:00\",\"dateModified\":\"2026-01-13T06:05:47+00:00\",\"description\":\"Hier finden Sie die Kontaktinformationen von Veljekset Ala-Talkkari Oy.\",\"breadcrumb\":{\"@id\":\"https:\\\/\\\/ala-talkkari.fi\\\/de\\\/kontaktinformationen\\\/#breadcrumb\"},\"inLanguage\":\"de\",\"potentialAction\":[{\"@type\":\"ReadAction\",\"target\":[\"https:\\\/\\\/ala-talkkari.fi\\\/de\\\/kontaktinformationen\\\/\"]}]},{\"@type\":\"ImageObject\",\"inLanguage\":\"de\",\"@id\":\"https:\\\/\\\/ala-talkkari.fi\\\/de\\\/kontaktinformationen\\\/#primaryimage\",\"url\":\"https:\\\/\\\/ala-talkkari.fi\\\/wp-content\\\/uploads\\\/2021\\\/06\\\/Kontaktinformation.jpg\",\"contentUrl\":\"https:\\\/\\\/ala-talkkari.fi\\\/wp-content\\\/uploads\\\/2021\\\/06\\\/Kontaktinformation.jpg\"},{\"@type\":\"BreadcrumbList\",\"@id\":\"https:\\\/\\\/ala-talkkari.fi\\\/de\\\/kontaktinformationen\\\/#breadcrumb\",\"itemListElement\":[{\"@type\":\"ListItem\",\"position\":1,\"name\":\"Home\",\"item\":\"https:\\\/\\\/ala-talkkari.fi\\\/de\\\/\"},{\"@type\":\"ListItem\",\"position\":2,\"name\":\"Kontaktinformationen\"}]},{\"@type\":\"WebSite\",\"@id\":\"https:\\\/\\\/ala-talkkari.fi\\\/de\\\/#website\",\"url\":\"https:\\\/\\\/ala-talkkari.fi\\\/de\\\/\",\"name\":\"Veljekset Ala-Talkkari Oy\",\"description\":\"Heizsysteme und Ger\u00e4te zur Landschaftspflege\",\"publisher\":{\"@id\":\"https:\\\/\\\/ala-talkkari.fi\\\/de\\\/#organization\"},\"potentialAction\":[{\"@type\":\"SearchAction\",\"target\":{\"@type\":\"EntryPoint\",\"urlTemplate\":\"https:\\\/\\\/ala-talkkari.fi\\\/de\\\/?s={search_term_string}\"},\"query-input\":{\"@type\":\"PropertyValueSpecification\",\"valueRequired\":true,\"valueName\":\"search_term_string\"}}],\"inLanguage\":\"de\"},{\"@type\":\"Organization\",\"@id\":\"https:\\\/\\\/ala-talkkari.fi\\\/de\\\/#organization\",\"name\":\"Veljekset Ala-Talkkari Oy\",\"url\":\"https:\\\/\\\/ala-talkkari.fi\\\/de\\\/\",\"logo\":{\"@type\":\"ImageObject\",\"inLanguage\":\"de\",\"@id\":\"https:\\\/\\\/ala-talkkari.fi\\\/de\\\/#\\\/schema\\\/logo\\\/image\\\/\",\"url\":\"https:\\\/\\\/ala-talkkari.fi\\\/wp-content\\\/uploads\\\/2020\\\/09\\\/lammitys-veto-ala-talkkari.png\",\"contentUrl\":\"https:\\\/\\\/ala-talkkari.fi\\\/wp-content\\\/uploads\\\/2020\\\/09\\\/lammitys-veto-ala-talkkari.png\",\"width\":751,\"height\":67,\"caption\":\"Veljekset Ala-Talkkari Oy\"},\"image\":{\"@id\":\"https:\\\/\\\/ala-talkkari.fi\\\/de\\\/#\\\/schema\\\/logo\\\/image\\\/\"},\"sameAs\":[\"https:\\\/\\\/www.facebook.com\\\/alatalkkari\",\"https:\\\/\\\/www.instagram.com\\\/veljeksetalatalkkarioy\\\/\",\"https:\\\/\\\/www.youtube.com\\\/c\\\/VeljeksetAlaTalkkariOy\"]}]}<\/script>\n<!-- \/ Yoast SEO plugin. -->","yoast_head_json":{"title":"Kontaktinformationen","description":"Hier finden Sie die Kontaktinformationen von Veljekset Ala-Talkkari Oy.","robots":{"index":"index","follow":"follow","max-snippet":"max-snippet:-1","max-image-preview":"max-image-preview:large","max-video-preview":"max-video-preview:-1"},"canonical":"https:\/\/ala-talkkari.fi\/de\/kontaktinformationen\/","og_locale":"de_DE","og_type":"article","og_title":"Kontaktinformationen","og_description":"Hier finden Sie die Kontaktinformationen von Veljekset Ala-Talkkari Oy.","og_url":"https:\/\/ala-talkkari.fi\/de\/kontaktinformationen\/","og_site_name":"Veljekset Ala-Talkkari Oy","article_publisher":"https:\/\/www.facebook.com\/alatalkkari","article_modified_time":"2026-01-13T06:05:47+00:00","og_image":[{"width":1024,"height":683,"url":"https:\/\/ala-talkkari.fi\/wp-content\/uploads\/2021\/06\/Kontaktinformation.jpg","type":"image\/jpeg"}],"twitter_misc":{"Gesch\u00e4tzte Lesezeit":"1\u00a0Minute"},"schema":{"@context":"https:\/\/schema.org","@graph":[{"@type":"WebPage","@id":"https:\/\/ala-talkkari.fi\/de\/kontaktinformationen\/","url":"https:\/\/ala-talkkari.fi\/de\/kontaktinformationen\/","name":"Kontaktinformationen","isPartOf":{"@id":"https:\/\/ala-talkkari.fi\/de\/#website"},"primaryImageOfPage":{"@id":"https:\/\/ala-talkkari.fi\/de\/kontaktinformationen\/#primaryimage"},"image":{"@id":"https:\/\/ala-talkkari.fi\/de\/kontaktinformationen\/#primaryimage"},"thumbnailUrl":"https:\/\/ala-talkkari.fi\/wp-content\/uploads\/2021\/06\/Kontaktinformation.jpg","datePublished":"2014-11-04T12:18:10+00:00","dateModified":"2026-01-13T06:05:47+00:00","description":"Hier finden Sie die Kontaktinformationen von Veljekset Ala-Talkkari Oy.","breadcrumb":{"@id":"https:\/\/ala-talkkari.fi\/de\/kontaktinformationen\/#breadcrumb"},"inLanguage":"de","potentialAction":[{"@type":"ReadAction","target":["https:\/\/ala-talkkari.fi\/de\/kontaktinformationen\/"]}]},{"@type":"ImageObject","inLanguage":"de","@id":"https:\/\/ala-talkkari.fi\/de\/kontaktinformationen\/#primaryimage","url":"https:\/\/ala-talkkari.fi\/wp-content\/uploads\/2021\/06\/Kontaktinformation.jpg","contentUrl":"https:\/\/ala-talkkari.fi\/wp-content\/uploads\/2021\/06\/Kontaktinformation.jpg"},{"@type":"BreadcrumbList","@id":"https:\/\/ala-talkkari.fi\/de\/kontaktinformationen\/#breadcrumb","itemListElement":[{"@type":"ListItem","position":1,"name":"Home","item":"https:\/\/ala-talkkari.fi\/de\/"},{"@type":"ListItem","position":2,"name":"Kontaktinformationen"}]},{"@type":"WebSite","@id":"https:\/\/ala-talkkari.fi\/de\/#website","url":"https:\/\/ala-talkkari.fi\/de\/","name":"Veljekset Ala-Talkkari Oy","description":"Heizsysteme und Ger\u00e4te zur Landschaftspflege","publisher":{"@id":"https:\/\/ala-talkkari.fi\/de\/#organization"},"potentialAction":[{"@type":"SearchAction","target":{"@type":"EntryPoint","urlTemplate":"https:\/\/ala-talkkari.fi\/de\/?s={search_term_string}"},"query-input":{"@type":"PropertyValueSpecification","valueRequired":true,"valueName":"search_term_string"}}],"inLanguage":"de"},{"@type":"Organization","@id":"https:\/\/ala-talkkari.fi\/de\/#organization","name":"Veljekset Ala-Talkkari Oy","url":"https:\/\/ala-talkkari.fi\/de\/","logo":{"@type":"ImageObject","inLanguage":"de","@id":"https:\/\/ala-talkkari.fi\/de\/#\/schema\/logo\/image\/","url":"https:\/\/ala-talkkari.fi\/wp-content\/uploads\/2020\/09\/lammitys-veto-ala-talkkari.png","contentUrl":"https:\/\/ala-talkkari.fi\/wp-content\/uploads\/2020\/09\/lammitys-veto-ala-talkkari.png","width":751,"height":67,"caption":"Veljekset Ala-Talkkari Oy"},"image":{"@id":"https:\/\/ala-talkkari.fi\/de\/#\/schema\/logo\/image\/"},"sameAs":["https:\/\/www.facebook.com\/alatalkkari","https:\/\/www.instagram.com\/veljeksetalatalkkarioy\/","https:\/\/www.youtube.com\/c\/VeljeksetAlaTalkkariOy"]}]}},"_links":{"self":[{"href":"https:\/\/ala-talkkari.fi\/de\/wp-json\/wp\/v2\/pages\/4055","targetHints":{"allow":["GET"]}}],"collection":[{"href":"https:\/\/ala-talkkari.fi\/de\/wp-json\/wp\/v2\/pages"}],"about":[{"href":"https:\/\/ala-talkkari.fi\/de\/wp-json\/wp\/v2\/types\/page"}],"author":[{"embeddable":true,"href":"https:\/\/ala-talkkari.fi\/de\/wp-json\/wp\/v2\/users\/1"}],"replies":[{"embeddable":true,"href":"https:\/\/ala-talkkari.fi\/de\/wp-json\/wp\/v2\/comments?post=4055"}],"version-history":[{"count":27,"href":"https:\/\/ala-talkkari.fi\/de\/wp-json\/wp\/v2\/pages\/4055\/revisions"}],"predecessor-version":[{"id":10137,"href":"https:\/\/ala-talkkari.fi\/de\/wp-json\/wp\/v2\/pages\/4055\/revisions\/10137"}],"wp:attachment":[{"href":"https:\/\/ala-talkkari.fi\/de\/wp-json\/wp\/v2\/media?parent=4055"}],"curies":[{"name":"wp","href":"https:\/\/api.w.org\/{rel}","templated":true}]}}