{"id":4047,"date":"2014-11-05T07:46:23","date_gmt":"2014-11-05T05:46:23","guid":{"rendered":"http:\/\/ala-talkkari.fi\/de\/?page_id=4047"},"modified":"2020-09-10T15:20:25","modified_gmt":"2020-09-10T12:20:25","slug":"vetomat","status":"publish","type":"page","link":"https:\/\/ala-talkkari.fi\/de\/vetomat\/","title":{"rendered":"Vetomat"},"content":{"rendered":"<h2><strong>Vetomat \u2013 Stoker zum Heizen von Einfamilienh\u00e4usern<\/strong><\/h2>\n<p><a href=\"https:\/\/ala-talkkari.fi\/wp-content\/uploads\/2020\/03\/edullinen-hakelammitys.jpg\"><img loading=\"lazy\" decoding=\"async\" class=\"alignnone wp-image-7663 size-full\" src=\"https:\/\/ala-talkkari.fi\/wp-content\/uploads\/2020\/03\/edullinen-hakelammitys.jpg\" alt=\"\" width=\"818\" height=\"1024\"><\/a><\/p>\n<p>Der Vetomat ist ein Stoker, der mit einem Brennstoffbeh\u00e4lter von 500 l und einem Brenner mit 40 kW ausgestattet ist und in erster Linie f\u00fcr das Heizen von Einfamilienh\u00e4usern und anderen kleinen Grundst\u00fccken vorgesehen ist. Der Veto Mat ist eine massive und modifizierbare Gesamtheit, mit der automatisch und umweltfreundlich Biow\u00e4rme erzeugt werden kann. Die niedrige F\u00fcllh\u00f6he und die frei w\u00e4hlbare F\u00fcllrichtung sind ein Teil der Modifizierbarkeit und vor allem des Bedienungskomforts.<\/p>\n<p>Der gusseiserne, r\u00f6hrenartige Brennerkopf, der innen im Kessel montiert wird, hat ein hohes Brennnutzverh\u00e4ltnis und die gesamte Strahlungsw\u00e4rme, die davon ausgeht, wird im Kessel genutzt. Die Ger\u00e4telieferung beinhaltet eine L\u00f6schapparatur, die die Brandsicherheit steigert.<\/p>\n<p>Die Mischplatte, die den ganzen Boden bedeckt, befindet sich in Bezug auf die F\u00f6rderschnecke in einem steilen Winkel. Dies gew\u00e4hrleistet, dass das auch Brennstoffe von schlechterer Qualit\u00e4t gegen die F\u00f6rderschnecke gedr\u00fcckt werden. Dabei ist die Brennstoffzufuhr gleichm\u00e4\u00dfig und der Beh\u00e4lter wird vollst\u00e4ndig entleert. Die Schaltzentrale steuert den Brenner automatisch den Befehlen des Kesselthermostats entsprechend. \u00dcber das Bedienfeld k\u00f6nnen die Leistung und die Brenneinstellungen des Brenners reguliert werden. Es ist auch m\u00f6glich, das Gebl\u00e4se separat zu verwenden, und die Schnecke kann vorw\u00e4rts und r\u00fcckw\u00e4rts rotiert werden. Die automatische Flammen\u00fcberwachung ist in der Ger\u00e4telieferung beinhaltet.<\/p>\n<p>&nbsp;<\/p>\n<p><strong>Technische Angaben:<\/strong><\/p>\n<p>L\u00e4nge, Au\u00dfenma\u00df:&nbsp; 1610 mm<\/p>\n<p>Breite, Au\u00dfenma\u00df:&nbsp; 770 mm<\/p>\n<p>H\u00f6he, Au\u00dfenma\u00df:&nbsp; 1620 mm<\/p>\n<p>Volumen des Brennstoffbeh\u00e4lters: 500 l<\/p>\n<p>Leistung: 40 kW<\/p>\n<p>Gewicht: 200 kg<\/p>\n<p><strong>Sonderzubeh\u00f6r:<\/strong><\/p>\n<p>Z\u00fcndautomatik,<\/p>\n<p>GSM-Alarm<\/p>\n<p>&nbsp;<\/p>\n<p><strong>Bilder vom Veto-Mat-Biobrennapparat:<\/strong><\/p>\n<p><!-- default-view.php -->\n<div\n\tclass=\"ngg-galleryoverview default-view\n\t ngg-ajax-pagination-none\t\"\n\tid=\"ngg-gallery-fe9f80317429a0c293ae3a0030f29cd0-1\"\n\tdata-gallery-id=\"13\">\n\n\t\t<!-- Thumbnails -->\n\t\t\t\t<div id=\"ngg-image-0\" class=\"ngg-gallery-thumbnail-box\n\t\t\t\t\t\t\t\t\t\t\t\"\n\t\t\t>\n\t\t\t\t\t\t<div class=\"ngg-gallery-thumbnail\">\n\t\t\t<a href=\"https:\/\/ala-talkkari.fi\/wp-content\/gallery\/veto-mat\/IMG_2604.JPG\"\n\t\t\t\ttitle=\"\"\n\t\t\t\tdata-src=\"https:\/\/ala-talkkari.fi\/wp-content\/gallery\/veto-mat\/IMG_2604.JPG\"\n\t\t\t\tdata-thumbnail=\"https:\/\/ala-talkkari.fi\/wp-content\/gallery\/veto-mat\/thumbs\/thumbs_IMG_2604.JPG\"\n\t\t\t\tdata-image-id=\"400\"\n\t\t\t\tdata-title=\"Bio-Heizung\"\n\t\t\t\tdata-description=\"\"\n\t\t\t\tdata-image-slug=\"img_2604\"\n\t\t\t\t\t\t\t\t\t\t\t\t\t\t\t\t\t\t\t\tclass='nextgen_pro_lightbox' data-nplmodal-gallery-id='fe9f80317429a0c293ae3a0030f29cd0'>\n\t\t\t\t\t\t\t\t<img\n\t\t\t\t\ttitle=\"Bio-Heizung\"\n\t\t\t\t\talt=\"Bio-Heizung\"\n\t\t\t\t\tsrc=\"https:\/\/ala-talkkari.fi\/wp-content\/gallery\/veto-mat\/thumbs\/thumbs_IMG_2604.JPG\"\n\t\t\t\t\twidth=\"120\"\n\t\t\t\t\theight=\"90\"\n\t\t\t\t\tstyle=\"max-width:100%;\"\n\t\t\t\t\/>\n\t\t\t<\/a>\n\t\t<\/div>\n\t\t\t\t\t\t\t<\/div>\n\t\t\t\n\t\t\t\t<div id=\"ngg-image-1\" class=\"ngg-gallery-thumbnail-box\n\t\t\t\t\t\t\t\t\t\t\t\"\n\t\t\t>\n\t\t\t\t\t\t<div class=\"ngg-gallery-thumbnail\">\n\t\t\t<a href=\"https:\/\/ala-talkkari.fi\/wp-content\/gallery\/veto-mat\/IMG_2609.JPG\"\n\t\t\t\ttitle=\"\"\n\t\t\t\tdata-src=\"https:\/\/ala-talkkari.fi\/wp-content\/gallery\/veto-mat\/IMG_2609.JPG\"\n\t\t\t\tdata-thumbnail=\"https:\/\/ala-talkkari.fi\/wp-content\/gallery\/veto-mat\/thumbs\/thumbs_IMG_2609.JPG\"\n\t\t\t\tdata-image-id=\"403\"\n\t\t\t\tdata-title=\"Veto Mat\"\n\t\t\t\tdata-description=\"\"\n\t\t\t\tdata-image-slug=\"img_2609\"\n\t\t\t\t\t\t\t\t\t\t\t\t\t\t\t\t\t\t\t\tclass='nextgen_pro_lightbox' data-nplmodal-gallery-id='fe9f80317429a0c293ae3a0030f29cd0'>\n\t\t\t\t\t\t\t\t<img\n\t\t\t\t\ttitle=\"Veto Mat\"\n\t\t\t\t\talt=\"Veto Mat\"\n\t\t\t\t\tsrc=\"https:\/\/ala-talkkari.fi\/wp-content\/gallery\/veto-mat\/thumbs\/thumbs_IMG_2609.JPG\"\n\t\t\t\t\twidth=\"120\"\n\t\t\t\t\theight=\"90\"\n\t\t\t\t\tstyle=\"max-width:100%;\"\n\t\t\t\t\/>\n\t\t\t<\/a>\n\t\t<\/div>\n\t\t\t\t\t\t\t<\/div>\n\t\t\t\n\t\t\t\t<div id=\"ngg-image-2\" class=\"ngg-gallery-thumbnail-box\n\t\t\t\t\t\t\t\t\t\t\t\"\n\t\t\t>\n\t\t\t\t\t\t<div class=\"ngg-gallery-thumbnail\">\n\t\t\t<a href=\"https:\/\/ala-talkkari.fi\/wp-content\/gallery\/veto-mat\/IMG_2611.JPG\"\n\t\t\t\ttitle=\"\"\n\t\t\t\tdata-src=\"https:\/\/ala-talkkari.fi\/wp-content\/gallery\/veto-mat\/IMG_2611.JPG\"\n\t\t\t\tdata-thumbnail=\"https:\/\/ala-talkkari.fi\/wp-content\/gallery\/veto-mat\/thumbs\/thumbs_IMG_2611.JPG\"\n\t\t\t\tdata-image-id=\"404\"\n\t\t\t\tdata-title=\"Bioheat\"\n\t\t\t\tdata-description=\"\"\n\t\t\t\tdata-image-slug=\"img_2611\"\n\t\t\t\t\t\t\t\t\t\t\t\t\t\t\t\t\t\t\t\tclass='nextgen_pro_lightbox' data-nplmodal-gallery-id='fe9f80317429a0c293ae3a0030f29cd0'>\n\t\t\t\t\t\t\t\t<img\n\t\t\t\t\ttitle=\"Bioheat\"\n\t\t\t\t\talt=\"Bioheat\"\n\t\t\t\t\tsrc=\"https:\/\/ala-talkkari.fi\/wp-content\/gallery\/veto-mat\/thumbs\/thumbs_IMG_2611.JPG\"\n\t\t\t\t\twidth=\"120\"\n\t\t\t\t\theight=\"90\"\n\t\t\t\t\tstyle=\"max-width:100%;\"\n\t\t\t\t\/>\n\t\t\t<\/a>\n\t\t<\/div>\n\t\t\t\t\t\t\t<\/div>\n\t\t\t\n\t\t\t\t<div id=\"ngg-image-3\" class=\"ngg-gallery-thumbnail-box\n\t\t\t\t\t\t\t\t\t\t\t\"\n\t\t\t>\n\t\t\t\t\t\t<div class=\"ngg-gallery-thumbnail\">\n\t\t\t<a href=\"https:\/\/ala-talkkari.fi\/wp-content\/gallery\/veto-mat\/IMG_2612.JPG\"\n\t\t\t\ttitle=\"\"\n\t\t\t\tdata-src=\"https:\/\/ala-talkkari.fi\/wp-content\/gallery\/veto-mat\/IMG_2612.JPG\"\n\t\t\t\tdata-thumbnail=\"https:\/\/ala-talkkari.fi\/wp-content\/gallery\/veto-mat\/thumbs\/thumbs_IMG_2612.JPG\"\n\t\t\t\tdata-image-id=\"405\"\n\t\t\t\tdata-title=\"puul\u00e4mmitys\"\n\t\t\t\tdata-description=\"\"\n\t\t\t\tdata-image-slug=\"img_2612\"\n\t\t\t\t\t\t\t\t\t\t\t\t\t\t\t\t\t\t\t\tclass='nextgen_pro_lightbox' data-nplmodal-gallery-id='fe9f80317429a0c293ae3a0030f29cd0'>\n\t\t\t\t\t\t\t\t<img\n\t\t\t\t\ttitle=\"puul\u00e4mmitys\"\n\t\t\t\t\talt=\"puul\u00e4mmitys\"\n\t\t\t\t\tsrc=\"https:\/\/ala-talkkari.fi\/wp-content\/gallery\/veto-mat\/thumbs\/thumbs_IMG_2612.JPG\"\n\t\t\t\t\twidth=\"120\"\n\t\t\t\t\theight=\"90\"\n\t\t\t\t\tstyle=\"max-width:100%;\"\n\t\t\t\t\/>\n\t\t\t<\/a>\n\t\t<\/div>\n\t\t\t\t\t\t\t<\/div>\n\t\t\t\n\t\t\t\t<div id=\"ngg-image-4\" class=\"ngg-gallery-thumbnail-box\n\t\t\t\t\t\t\t\t\t\t\t\"\n\t\t\t>\n\t\t\t\t\t\t<div class=\"ngg-gallery-thumbnail\">\n\t\t\t<a href=\"https:\/\/ala-talkkari.fi\/wp-content\/gallery\/veto-mat\/IMG_2614.JPG\"\n\t\t\t\ttitle=\"\"\n\t\t\t\tdata-src=\"https:\/\/ala-talkkari.fi\/wp-content\/gallery\/veto-mat\/IMG_2614.JPG\"\n\t\t\t\tdata-thumbnail=\"https:\/\/ala-talkkari.fi\/wp-content\/gallery\/veto-mat\/thumbs\/thumbs_IMG_2614.JPG\"\n\t\t\t\tdata-image-id=\"406\"\n\t\t\t\tdata-title=\"hakepoltin\"\n\t\t\t\tdata-description=\"\"\n\t\t\t\tdata-image-slug=\"img_2614\"\n\t\t\t\t\t\t\t\t\t\t\t\t\t\t\t\t\t\t\t\tclass='nextgen_pro_lightbox' data-nplmodal-gallery-id='fe9f80317429a0c293ae3a0030f29cd0'>\n\t\t\t\t\t\t\t\t<img\n\t\t\t\t\ttitle=\"hakepoltin\"\n\t\t\t\t\talt=\"hakepoltin\"\n\t\t\t\t\tsrc=\"https:\/\/ala-talkkari.fi\/wp-content\/gallery\/veto-mat\/thumbs\/thumbs_IMG_2614.JPG\"\n\t\t\t\t\twidth=\"120\"\n\t\t\t\t\theight=\"90\"\n\t\t\t\t\tstyle=\"max-width:100%;\"\n\t\t\t\t\/>\n\t\t\t<\/a>\n\t\t<\/div>\n\t\t\t\t\t\t\t<\/div>\n\t\t\t\n\t\t\t\t<div id=\"ngg-image-5\" class=\"ngg-gallery-thumbnail-box\n\t\t\t\t\t\t\t\t\t\t\t\"\n\t\t\t>\n\t\t\t\t\t\t<div class=\"ngg-gallery-thumbnail\">\n\t\t\t<a href=\"https:\/\/ala-talkkari.fi\/wp-content\/gallery\/veto-mat\/IMG_2616.JPG\"\n\t\t\t\ttitle=\"\"\n\t\t\t\tdata-src=\"https:\/\/ala-talkkari.fi\/wp-content\/gallery\/veto-mat\/IMG_2616.JPG\"\n\t\t\t\tdata-thumbnail=\"https:\/\/ala-talkkari.fi\/wp-content\/gallery\/veto-mat\/thumbs\/thumbs_IMG_2616.JPG\"\n\t\t\t\tdata-image-id=\"407\"\n\t\t\t\tdata-title=\"Bioenergie\"\n\t\t\t\tdata-description=\"\"\n\t\t\t\tdata-image-slug=\"img_2616\"\n\t\t\t\t\t\t\t\t\t\t\t\t\t\t\t\t\t\t\t\tclass='nextgen_pro_lightbox' data-nplmodal-gallery-id='fe9f80317429a0c293ae3a0030f29cd0'>\n\t\t\t\t\t\t\t\t<img\n\t\t\t\t\ttitle=\"Bioenergie\"\n\t\t\t\t\talt=\"Bioenergie\"\n\t\t\t\t\tsrc=\"https:\/\/ala-talkkari.fi\/wp-content\/gallery\/veto-mat\/thumbs\/thumbs_IMG_2616.JPG\"\n\t\t\t\t\twidth=\"120\"\n\t\t\t\t\theight=\"90\"\n\t\t\t\t\tstyle=\"max-width:100%;\"\n\t\t\t\t\/>\n\t\t\t<\/a>\n\t\t<\/div>\n\t\t\t\t\t\t\t<\/div>\n\t\t\t\n\t\n\t<br style=\"clear: both\" \/>\n\n\t\n\t\t<!-- Pagination -->\n\t\t<div class='ngg-clear'><\/div>\t<\/div>\n<\/p>\n<p><strong>Lesen \/ laden Sie hier die Brosch\u00fcre f\u00fcr die Veto-Heizger\u00e4te herunter:<\/strong><\/p>\n<p><strong>&nbsp;<\/strong><\/p>\n<p>&nbsp;<\/p>\n","protected":false},"excerpt":{"rendered":"<p>Vetomat \u2013 Stoker zum Heizen von Einfamilienh\u00e4usern Der Vetomat ist ein Stoker, der mit einem Brennstoffbeh\u00e4lter von 500 l und einem Brenner mit 40 kW ausgestattet ist und in erster Linie f\u00fcr das Heizen von Einfamilienh\u00e4usern und anderen kleinen Grundst\u00fccken vorgesehen ist. Der Veto Mat ist eine massive und modifizierbare Gesamtheit, mit der automatisch und [&hellip;]<\/p>\n","protected":false},"author":1,"featured_media":0,"parent":0,"menu_order":0,"comment_status":"closed","ping_status":"closed","template":"","meta":{"ngg_post_thumbnail":0,"footnotes":""},"class_list":["post-4047","page","type-page","status-publish","hentry"],"yoast_head":"<!-- This site is optimized with the Yoast SEO plugin v27.4 - https:\/\/yoast.com\/product\/yoast-seo-wordpress\/ -->\n<title>Vetomat - Veljekset Ala-Talkkari Oy<\/title>\n<meta name=\"robots\" content=\"index, follow, max-snippet:-1, max-image-preview:large, max-video-preview:-1\" \/>\n<link rel=\"canonical\" href=\"https:\/\/ala-talkkari.fi\/de\/vetomat\/\" \/>\n<meta property=\"og:locale\" content=\"de_DE\" \/>\n<meta property=\"og:type\" content=\"article\" \/>\n<meta property=\"og:title\" content=\"Vetomat - Veljekset Ala-Talkkari Oy\" \/>\n<meta property=\"og:description\" content=\"Vetomat \u2013 Stoker zum Heizen von Einfamilienh\u00e4usern Der Vetomat ist ein Stoker, der mit einem Brennstoffbeh\u00e4lter von 500 l und einem Brenner mit 40 kW ausgestattet ist und in erster Linie f\u00fcr das Heizen von Einfamilienh\u00e4usern und anderen kleinen Grundst\u00fccken vorgesehen ist. Der Veto Mat ist eine massive und modifizierbare Gesamtheit, mit der automatisch und [&hellip;]\" \/>\n<meta property=\"og:url\" content=\"https:\/\/ala-talkkari.fi\/de\/vetomat\/\" \/>\n<meta property=\"og:site_name\" content=\"Veljekset Ala-Talkkari Oy\" \/>\n<meta property=\"article:publisher\" content=\"https:\/\/www.facebook.com\/alatalkkari\" \/>\n<meta property=\"article:modified_time\" content=\"2020-09-10T12:20:25+00:00\" \/>\n<meta property=\"og:image\" content=\"https:\/\/ala-talkkari.fi\/wp-content\/uploads\/2020\/03\/edullinen-hakelammitys.jpg\" \/>\n<meta name=\"twitter:label1\" content=\"Gesch\u00e4tzte Lesezeit\" \/>\n\t<meta name=\"twitter:data1\" content=\"1\u00a0Minute\" \/>\n<script type=\"application\/ld+json\" class=\"yoast-schema-graph\">{\"@context\":\"https:\\\/\\\/schema.org\",\"@graph\":[{\"@type\":\"WebPage\",\"@id\":\"https:\\\/\\\/ala-talkkari.fi\\\/de\\\/vetomat\\\/\",\"url\":\"https:\\\/\\\/ala-talkkari.fi\\\/de\\\/vetomat\\\/\",\"name\":\"Vetomat - Veljekset Ala-Talkkari Oy\",\"isPartOf\":{\"@id\":\"https:\\\/\\\/ala-talkkari.fi\\\/de\\\/#website\"},\"primaryImageOfPage\":{\"@id\":\"https:\\\/\\\/ala-talkkari.fi\\\/de\\\/vetomat\\\/#primaryimage\"},\"image\":{\"@id\":\"https:\\\/\\\/ala-talkkari.fi\\\/de\\\/vetomat\\\/#primaryimage\"},\"thumbnailUrl\":\"https:\\\/\\\/ala-talkkari.fi\\\/wp-content\\\/uploads\\\/2020\\\/03\\\/edullinen-hakelammitys.jpg\",\"datePublished\":\"2014-11-05T05:46:23+00:00\",\"dateModified\":\"2020-09-10T12:20:25+00:00\",\"breadcrumb\":{\"@id\":\"https:\\\/\\\/ala-talkkari.fi\\\/de\\\/vetomat\\\/#breadcrumb\"},\"inLanguage\":\"de\",\"potentialAction\":[{\"@type\":\"ReadAction\",\"target\":[\"https:\\\/\\\/ala-talkkari.fi\\\/de\\\/vetomat\\\/\"]}]},{\"@type\":\"ImageObject\",\"inLanguage\":\"de\",\"@id\":\"https:\\\/\\\/ala-talkkari.fi\\\/de\\\/vetomat\\\/#primaryimage\",\"url\":\"https:\\\/\\\/ala-talkkari.fi\\\/wp-content\\\/uploads\\\/2020\\\/03\\\/edullinen-hakelammitys.jpg\",\"contentUrl\":\"https:\\\/\\\/ala-talkkari.fi\\\/wp-content\\\/uploads\\\/2020\\\/03\\\/edullinen-hakelammitys.jpg\"},{\"@type\":\"BreadcrumbList\",\"@id\":\"https:\\\/\\\/ala-talkkari.fi\\\/de\\\/vetomat\\\/#breadcrumb\",\"itemListElement\":[{\"@type\":\"ListItem\",\"position\":1,\"name\":\"Home\",\"item\":\"https:\\\/\\\/ala-talkkari.fi\\\/de\\\/\"},{\"@type\":\"ListItem\",\"position\":2,\"name\":\"Vetomat\"}]},{\"@type\":\"WebSite\",\"@id\":\"https:\\\/\\\/ala-talkkari.fi\\\/de\\\/#website\",\"url\":\"https:\\\/\\\/ala-talkkari.fi\\\/de\\\/\",\"name\":\"Veljekset Ala-Talkkari Oy\",\"description\":\"Heizsysteme und Ger\u00e4te zur Landschaftspflege\",\"publisher\":{\"@id\":\"https:\\\/\\\/ala-talkkari.fi\\\/de\\\/#organization\"},\"potentialAction\":[{\"@type\":\"SearchAction\",\"target\":{\"@type\":\"EntryPoint\",\"urlTemplate\":\"https:\\\/\\\/ala-talkkari.fi\\\/de\\\/?s={search_term_string}\"},\"query-input\":{\"@type\":\"PropertyValueSpecification\",\"valueRequired\":true,\"valueName\":\"search_term_string\"}}],\"inLanguage\":\"de\"},{\"@type\":\"Organization\",\"@id\":\"https:\\\/\\\/ala-talkkari.fi\\\/de\\\/#organization\",\"name\":\"Veljekset Ala-Talkkari Oy\",\"url\":\"https:\\\/\\\/ala-talkkari.fi\\\/de\\\/\",\"logo\":{\"@type\":\"ImageObject\",\"inLanguage\":\"de\",\"@id\":\"https:\\\/\\\/ala-talkkari.fi\\\/de\\\/#\\\/schema\\\/logo\\\/image\\\/\",\"url\":\"https:\\\/\\\/ala-talkkari.fi\\\/wp-content\\\/uploads\\\/2020\\\/09\\\/lammitys-veto-ala-talkkari.png\",\"contentUrl\":\"https:\\\/\\\/ala-talkkari.fi\\\/wp-content\\\/uploads\\\/2020\\\/09\\\/lammitys-veto-ala-talkkari.png\",\"width\":751,\"height\":67,\"caption\":\"Veljekset Ala-Talkkari Oy\"},\"image\":{\"@id\":\"https:\\\/\\\/ala-talkkari.fi\\\/de\\\/#\\\/schema\\\/logo\\\/image\\\/\"},\"sameAs\":[\"https:\\\/\\\/www.facebook.com\\\/alatalkkari\",\"https:\\\/\\\/www.instagram.com\\\/veljeksetalatalkkarioy\\\/\",\"https:\\\/\\\/www.youtube.com\\\/c\\\/VeljeksetAlaTalkkariOy\"]}]}<\/script>\n<!-- \/ Yoast SEO plugin. -->","yoast_head_json":{"title":"Vetomat - Veljekset Ala-Talkkari Oy","robots":{"index":"index","follow":"follow","max-snippet":"max-snippet:-1","max-image-preview":"max-image-preview:large","max-video-preview":"max-video-preview:-1"},"canonical":"https:\/\/ala-talkkari.fi\/de\/vetomat\/","og_locale":"de_DE","og_type":"article","og_title":"Vetomat - Veljekset Ala-Talkkari Oy","og_description":"Vetomat \u2013 Stoker zum Heizen von Einfamilienh\u00e4usern Der Vetomat ist ein Stoker, der mit einem Brennstoffbeh\u00e4lter von 500 l und einem Brenner mit 40 kW ausgestattet ist und in erster Linie f\u00fcr das Heizen von Einfamilienh\u00e4usern und anderen kleinen Grundst\u00fccken vorgesehen ist. Der Veto Mat ist eine massive und modifizierbare Gesamtheit, mit der automatisch und [&hellip;]","og_url":"https:\/\/ala-talkkari.fi\/de\/vetomat\/","og_site_name":"Veljekset Ala-Talkkari Oy","article_publisher":"https:\/\/www.facebook.com\/alatalkkari","article_modified_time":"2020-09-10T12:20:25+00:00","og_image":[{"url":"https:\/\/ala-talkkari.fi\/wp-content\/uploads\/2020\/03\/edullinen-hakelammitys.jpg","type":"","width":"","height":""}],"twitter_misc":{"Gesch\u00e4tzte Lesezeit":"1\u00a0Minute"},"schema":{"@context":"https:\/\/schema.org","@graph":[{"@type":"WebPage","@id":"https:\/\/ala-talkkari.fi\/de\/vetomat\/","url":"https:\/\/ala-talkkari.fi\/de\/vetomat\/","name":"Vetomat - Veljekset Ala-Talkkari Oy","isPartOf":{"@id":"https:\/\/ala-talkkari.fi\/de\/#website"},"primaryImageOfPage":{"@id":"https:\/\/ala-talkkari.fi\/de\/vetomat\/#primaryimage"},"image":{"@id":"https:\/\/ala-talkkari.fi\/de\/vetomat\/#primaryimage"},"thumbnailUrl":"https:\/\/ala-talkkari.fi\/wp-content\/uploads\/2020\/03\/edullinen-hakelammitys.jpg","datePublished":"2014-11-05T05:46:23+00:00","dateModified":"2020-09-10T12:20:25+00:00","breadcrumb":{"@id":"https:\/\/ala-talkkari.fi\/de\/vetomat\/#breadcrumb"},"inLanguage":"de","potentialAction":[{"@type":"ReadAction","target":["https:\/\/ala-talkkari.fi\/de\/vetomat\/"]}]},{"@type":"ImageObject","inLanguage":"de","@id":"https:\/\/ala-talkkari.fi\/de\/vetomat\/#primaryimage","url":"https:\/\/ala-talkkari.fi\/wp-content\/uploads\/2020\/03\/edullinen-hakelammitys.jpg","contentUrl":"https:\/\/ala-talkkari.fi\/wp-content\/uploads\/2020\/03\/edullinen-hakelammitys.jpg"},{"@type":"BreadcrumbList","@id":"https:\/\/ala-talkkari.fi\/de\/vetomat\/#breadcrumb","itemListElement":[{"@type":"ListItem","position":1,"name":"Home","item":"https:\/\/ala-talkkari.fi\/de\/"},{"@type":"ListItem","position":2,"name":"Vetomat"}]},{"@type":"WebSite","@id":"https:\/\/ala-talkkari.fi\/de\/#website","url":"https:\/\/ala-talkkari.fi\/de\/","name":"Veljekset Ala-Talkkari Oy","description":"Heizsysteme und Ger\u00e4te zur Landschaftspflege","publisher":{"@id":"https:\/\/ala-talkkari.fi\/de\/#organization"},"potentialAction":[{"@type":"SearchAction","target":{"@type":"EntryPoint","urlTemplate":"https:\/\/ala-talkkari.fi\/de\/?s={search_term_string}"},"query-input":{"@type":"PropertyValueSpecification","valueRequired":true,"valueName":"search_term_string"}}],"inLanguage":"de"},{"@type":"Organization","@id":"https:\/\/ala-talkkari.fi\/de\/#organization","name":"Veljekset Ala-Talkkari Oy","url":"https:\/\/ala-talkkari.fi\/de\/","logo":{"@type":"ImageObject","inLanguage":"de","@id":"https:\/\/ala-talkkari.fi\/de\/#\/schema\/logo\/image\/","url":"https:\/\/ala-talkkari.fi\/wp-content\/uploads\/2020\/09\/lammitys-veto-ala-talkkari.png","contentUrl":"https:\/\/ala-talkkari.fi\/wp-content\/uploads\/2020\/09\/lammitys-veto-ala-talkkari.png","width":751,"height":67,"caption":"Veljekset Ala-Talkkari Oy"},"image":{"@id":"https:\/\/ala-talkkari.fi\/de\/#\/schema\/logo\/image\/"},"sameAs":["https:\/\/www.facebook.com\/alatalkkari","https:\/\/www.instagram.com\/veljeksetalatalkkarioy\/","https:\/\/www.youtube.com\/c\/VeljeksetAlaTalkkariOy"]}]}},"_links":{"self":[{"href":"https:\/\/ala-talkkari.fi\/de\/wp-json\/wp\/v2\/pages\/4047","targetHints":{"allow":["GET"]}}],"collection":[{"href":"https:\/\/ala-talkkari.fi\/de\/wp-json\/wp\/v2\/pages"}],"about":[{"href":"https:\/\/ala-talkkari.fi\/de\/wp-json\/wp\/v2\/types\/page"}],"author":[{"embeddable":true,"href":"https:\/\/ala-talkkari.fi\/de\/wp-json\/wp\/v2\/users\/1"}],"replies":[{"embeddable":true,"href":"https:\/\/ala-talkkari.fi\/de\/wp-json\/wp\/v2\/comments?post=4047"}],"version-history":[{"count":8,"href":"https:\/\/ala-talkkari.fi\/de\/wp-json\/wp\/v2\/pages\/4047\/revisions"}],"predecessor-version":[{"id":4147,"href":"https:\/\/ala-talkkari.fi\/de\/wp-json\/wp\/v2\/pages\/4047\/revisions\/4147"}],"wp:attachment":[{"href":"https:\/\/ala-talkkari.fi\/de\/wp-json\/wp\/v2\/media?parent=4047"}],"curies":[{"name":"wp","href":"https:\/\/api.w.org\/{rel}","templated":true}]}}