{"id":4042,"date":"2014-11-05T07:46:55","date_gmt":"2014-11-05T05:46:55","guid":{"rendered":"http:\/\/ala-talkkari.fi\/de\/?page_id=4042"},"modified":"2020-09-11T09:29:14","modified_gmt":"2020-09-11T06:29:14","slug":"veto-chipmatic","status":"publish","type":"page","link":"https:\/\/ala-talkkari.fi\/de\/veto-chipmatic\/","title":{"rendered":"Veto Chipmatic"},"content":{"rendered":"<h2><strong>Veto Chipmatic f\u00fcr Torf und Hackschnitzel<\/strong><\/h2>\n<p><img loading=\"lazy\" decoding=\"async\" class=\"alignnone wp-image-6519 size-full\" src=\"https:\/\/ala-talkkari.fi\/wp-content\/uploads\/2019\/04\/biomass-burner-veto-chipmatic.jpg\" alt=\"Veto Chipmatic\" width=\"1490\" height=\"1380\"><\/p>\n<p>Der Veto Turvehakemaatti f\u00fcr Torf und Hackschnitzel ist ein Stoker mit 40 &#8211; 120 kW (Biobrennapparat f\u00fcr feste Brennstoffe), der in erster Linie f\u00fcr das Heizen kleiner und mittelgro\u00dfer Grundst\u00fccke vorgesehen ist. Der Standardteil des Brennstoffbeh\u00e4lters fasst 1m\u00b3 und das Volumen kann mit verschiedenen Zusatzsilos vergr\u00f6\u00dfert werden. Die Optionen f\u00fcr den Zusatzsilo sind ein gerader Zusatzsilo, ein Kegelzusatzsilo, der mit einem Frontlader gef\u00fcllt wird, oder ein Zusatzsilo, der seitlich bef\u00fcllt wird. Als Brennstoffe eignen sich Hackschnitzel, Brenntorf sowie Pellets.<\/p>\n<p>Die starke 125 mm F\u00f6rderschnecke sowie zwei aus Sonderstahl hergestellte Mischplatten gew\u00e4hrleisten auch mit wechselnden Brennstoffen eine st\u00f6rungsfreie Brennstoffzufuhr aus dem Beh\u00e4lter in den Brenner. Die genaue Regulierbarkeit des F\u00f6rderger\u00e4tes, das saubere Brennen, das durch die richtige Formgebung des Brennerkopfes m\u00f6glich gemacht wird, und die Automatik gew\u00e4hrleisten eine hohe Brennnutzleistung im gesamten Leistungsbereich. Die Funktion wurde u. a. von dem technischen Forschungsinstitut VTT getestet. F\u00fcr den Vetomat f\u00fcr Torf und Hackschnitzel ist als Sonderzubeh\u00f6r auch ein beweglicher Brenner mit 80 kW oder 120 kW erh\u00e4ltlich.<\/p>\n<p>&nbsp;<\/p>\n<p><strong>Technische Angaben:<\/strong><\/p>\n<p>L\u00e4nge, Au\u00dfenma\u00df:&nbsp; 2400 mm<\/p>\n<p>Breite, Au\u00dfenma\u00df:&nbsp; 800 mm<\/p>\n<p>H\u00f6he, Au\u00dfenma\u00df:&nbsp; 1500 mm<\/p>\n<p>Volumen des Brennstoffbeh\u00e4lters: 1 m\u00b3<\/p>\n<p>Leistung: 40120 kW<\/p>\n<p>Gewicht: 300 kg<\/p>\n<p><strong>Sonderzubeh\u00f6r:<\/strong><\/p>\n<p>Beweglicher Brenner,<\/p>\n<p>Z\u00fcndautomatik,<\/p>\n<p>GSM-Alarm,<\/p>\n<p>Lambda-Schaltzentrale (Veto Control M),<\/p>\n<p>Zusatzmeter f\u00fcr die F\u00f6rderschnecke (bis zu 5 m),<\/p>\n<p>BVTS-Ventil des L\u00f6schger\u00e4tes (f\u00fcr das Wasserleitungsnetz),<\/p>\n<p>Gerader Zusatzsilo (1 m\u00b3),<\/p>\n<p>Kegelzusatzsilo (1,7 m\u00b3),<\/p>\n<p>Silo mit seitlicher Bef\u00fcllung (2,9 m\u00b3)<\/p>\n<p>&nbsp;<\/p>\n<p><strong>Bilder vom Vetomat f\u00fcr Torf und Hackschnitzel \/ Biobrennapparat:<\/strong><\/p>\nngg_shortcode_0_placeholder\n<p><strong>Lesen \/ laden Sie hier die Brosch\u00fcre f\u00fcr die Veto-Heizger\u00e4te herunter:<\/strong><\/p>\n","protected":false},"excerpt":{"rendered":"<p>Veto Chipmatic f\u00fcr Torf und Hackschnitzel Der Veto Turvehakemaatti f\u00fcr Torf und Hackschnitzel ist ein Stoker mit 40 &#8211; 120 kW (Biobrennapparat f\u00fcr feste Brennstoffe), der in erster Linie f\u00fcr das Heizen kleiner und mittelgro\u00dfer Grundst\u00fccke vorgesehen ist. Der Standardteil des Brennstoffbeh\u00e4lters fasst 1m\u00b3 und das Volumen kann mit verschiedenen Zusatzsilos vergr\u00f6\u00dfert werden. Die Optionen [&hellip;]<\/p>\n","protected":false},"author":1,"featured_media":0,"parent":0,"menu_order":0,"comment_status":"closed","ping_status":"closed","template":"","meta":{"ngg_post_thumbnail":0,"footnotes":""},"class_list":["post-4042","page","type-page","status-publish","hentry"],"yoast_head":"<!-- This site is optimized with the Yoast SEO plugin v27.5 - https:\/\/yoast.com\/product\/yoast-seo-wordpress\/ -->\n<title>Hackschnitzelheizungen - Veto Chipmatic<\/title>\n<meta name=\"description\" content=\"Ala-Talkkar bietet einen hochwertigen und zuverl\u00e4ssigen Festbrennstoffbrenner.\" \/>\n<meta name=\"robots\" content=\"index, follow, max-snippet:-1, max-image-preview:large, max-video-preview:-1\" \/>\n<link rel=\"canonical\" href=\"https:\/\/ala-talkkari.fi\/de\/veto-chipmatic\/\" \/>\n<meta property=\"og:locale\" content=\"de_DE\" \/>\n<meta property=\"og:type\" content=\"article\" \/>\n<meta property=\"og:title\" content=\"Hackschnitzelheizungen - Veto Chipmatic\" \/>\n<meta property=\"og:description\" content=\"Ala-Talkkar bietet einen hochwertigen und zuverl\u00e4ssigen Festbrennstoffbrenner.\" \/>\n<meta property=\"og:url\" content=\"https:\/\/ala-talkkari.fi\/de\/veto-chipmatic\/\" \/>\n<meta property=\"og:site_name\" content=\"Veljekset Ala-Talkkari Oy\" \/>\n<meta property=\"article:publisher\" content=\"https:\/\/www.facebook.com\/alatalkkari\" \/>\n<meta property=\"article:modified_time\" content=\"2020-09-11T06:29:14+00:00\" \/>\n<meta property=\"og:image\" content=\"https:\/\/ala-talkkari.fi\/wp-content\/uploads\/2019\/04\/biomass-burner-veto-chipmatic.jpg\" \/>\n<meta name=\"twitter:label1\" content=\"Gesch\u00e4tzte Lesezeit\" \/>\n\t<meta name=\"twitter:data1\" content=\"1\u00a0Minute\" \/>\n<script type=\"application\/ld+json\" class=\"yoast-schema-graph\">{\"@context\":\"https:\\\/\\\/schema.org\",\"@graph\":[{\"@type\":\"WebPage\",\"@id\":\"https:\\\/\\\/ala-talkkari.fi\\\/de\\\/veto-chipmatic\\\/\",\"url\":\"https:\\\/\\\/ala-talkkari.fi\\\/de\\\/veto-chipmatic\\\/\",\"name\":\"Hackschnitzelheizungen - Veto Chipmatic\",\"isPartOf\":{\"@id\":\"https:\\\/\\\/ala-talkkari.fi\\\/de\\\/#website\"},\"primaryImageOfPage\":{\"@id\":\"https:\\\/\\\/ala-talkkari.fi\\\/de\\\/veto-chipmatic\\\/#primaryimage\"},\"image\":{\"@id\":\"https:\\\/\\\/ala-talkkari.fi\\\/de\\\/veto-chipmatic\\\/#primaryimage\"},\"thumbnailUrl\":\"https:\\\/\\\/ala-talkkari.fi\\\/wp-content\\\/uploads\\\/2019\\\/04\\\/biomass-burner-veto-chipmatic.jpg\",\"datePublished\":\"2014-11-05T05:46:55+00:00\",\"dateModified\":\"2020-09-11T06:29:14+00:00\",\"description\":\"Ala-Talkkar bietet einen hochwertigen und zuverl\u00e4ssigen Festbrennstoffbrenner.\",\"breadcrumb\":{\"@id\":\"https:\\\/\\\/ala-talkkari.fi\\\/de\\\/veto-chipmatic\\\/#breadcrumb\"},\"inLanguage\":\"de\",\"potentialAction\":[{\"@type\":\"ReadAction\",\"target\":[\"https:\\\/\\\/ala-talkkari.fi\\\/de\\\/veto-chipmatic\\\/\"]}]},{\"@type\":\"ImageObject\",\"inLanguage\":\"de\",\"@id\":\"https:\\\/\\\/ala-talkkari.fi\\\/de\\\/veto-chipmatic\\\/#primaryimage\",\"url\":\"https:\\\/\\\/ala-talkkari.fi\\\/wp-content\\\/uploads\\\/2019\\\/04\\\/biomass-burner-veto-chipmatic.jpg\",\"contentUrl\":\"https:\\\/\\\/ala-talkkari.fi\\\/wp-content\\\/uploads\\\/2019\\\/04\\\/biomass-burner-veto-chipmatic.jpg\"},{\"@type\":\"BreadcrumbList\",\"@id\":\"https:\\\/\\\/ala-talkkari.fi\\\/de\\\/veto-chipmatic\\\/#breadcrumb\",\"itemListElement\":[{\"@type\":\"ListItem\",\"position\":1,\"name\":\"Home\",\"item\":\"https:\\\/\\\/ala-talkkari.fi\\\/de\\\/\"},{\"@type\":\"ListItem\",\"position\":2,\"name\":\"Veto Chipmatic\"}]},{\"@type\":\"WebSite\",\"@id\":\"https:\\\/\\\/ala-talkkari.fi\\\/de\\\/#website\",\"url\":\"https:\\\/\\\/ala-talkkari.fi\\\/de\\\/\",\"name\":\"Veljekset Ala-Talkkari Oy\",\"description\":\"Heizsysteme und Ger\u00e4te zur Landschaftspflege\",\"publisher\":{\"@id\":\"https:\\\/\\\/ala-talkkari.fi\\\/de\\\/#organization\"},\"potentialAction\":[{\"@type\":\"SearchAction\",\"target\":{\"@type\":\"EntryPoint\",\"urlTemplate\":\"https:\\\/\\\/ala-talkkari.fi\\\/de\\\/?s={search_term_string}\"},\"query-input\":{\"@type\":\"PropertyValueSpecification\",\"valueRequired\":true,\"valueName\":\"search_term_string\"}}],\"inLanguage\":\"de\"},{\"@type\":\"Organization\",\"@id\":\"https:\\\/\\\/ala-talkkari.fi\\\/de\\\/#organization\",\"name\":\"Veljekset Ala-Talkkari Oy\",\"url\":\"https:\\\/\\\/ala-talkkari.fi\\\/de\\\/\",\"logo\":{\"@type\":\"ImageObject\",\"inLanguage\":\"de\",\"@id\":\"https:\\\/\\\/ala-talkkari.fi\\\/de\\\/#\\\/schema\\\/logo\\\/image\\\/\",\"url\":\"https:\\\/\\\/ala-talkkari.fi\\\/wp-content\\\/uploads\\\/2020\\\/09\\\/lammitys-veto-ala-talkkari.png\",\"contentUrl\":\"https:\\\/\\\/ala-talkkari.fi\\\/wp-content\\\/uploads\\\/2020\\\/09\\\/lammitys-veto-ala-talkkari.png\",\"width\":751,\"height\":67,\"caption\":\"Veljekset Ala-Talkkari Oy\"},\"image\":{\"@id\":\"https:\\\/\\\/ala-talkkari.fi\\\/de\\\/#\\\/schema\\\/logo\\\/image\\\/\"},\"sameAs\":[\"https:\\\/\\\/www.facebook.com\\\/alatalkkari\",\"https:\\\/\\\/www.instagram.com\\\/veljeksetalatalkkarioy\\\/\",\"https:\\\/\\\/www.youtube.com\\\/c\\\/VeljeksetAlaTalkkariOy\"]}]}<\/script>\n<!-- \/ Yoast SEO plugin. -->","yoast_head_json":{"title":"Hackschnitzelheizungen - Veto Chipmatic","description":"Ala-Talkkar bietet einen hochwertigen und zuverl\u00e4ssigen Festbrennstoffbrenner.","robots":{"index":"index","follow":"follow","max-snippet":"max-snippet:-1","max-image-preview":"max-image-preview:large","max-video-preview":"max-video-preview:-1"},"canonical":"https:\/\/ala-talkkari.fi\/de\/veto-chipmatic\/","og_locale":"de_DE","og_type":"article","og_title":"Hackschnitzelheizungen - Veto Chipmatic","og_description":"Ala-Talkkar bietet einen hochwertigen und zuverl\u00e4ssigen Festbrennstoffbrenner.","og_url":"https:\/\/ala-talkkari.fi\/de\/veto-chipmatic\/","og_site_name":"Veljekset Ala-Talkkari Oy","article_publisher":"https:\/\/www.facebook.com\/alatalkkari","article_modified_time":"2020-09-11T06:29:14+00:00","og_image":[{"url":"https:\/\/ala-talkkari.fi\/wp-content\/uploads\/2019\/04\/biomass-burner-veto-chipmatic.jpg","type":"","width":"","height":""}],"twitter_misc":{"Gesch\u00e4tzte Lesezeit":"1\u00a0Minute"},"schema":{"@context":"https:\/\/schema.org","@graph":[{"@type":"WebPage","@id":"https:\/\/ala-talkkari.fi\/de\/veto-chipmatic\/","url":"https:\/\/ala-talkkari.fi\/de\/veto-chipmatic\/","name":"Hackschnitzelheizungen - Veto Chipmatic","isPartOf":{"@id":"https:\/\/ala-talkkari.fi\/de\/#website"},"primaryImageOfPage":{"@id":"https:\/\/ala-talkkari.fi\/de\/veto-chipmatic\/#primaryimage"},"image":{"@id":"https:\/\/ala-talkkari.fi\/de\/veto-chipmatic\/#primaryimage"},"thumbnailUrl":"https:\/\/ala-talkkari.fi\/wp-content\/uploads\/2019\/04\/biomass-burner-veto-chipmatic.jpg","datePublished":"2014-11-05T05:46:55+00:00","dateModified":"2020-09-11T06:29:14+00:00","description":"Ala-Talkkar bietet einen hochwertigen und zuverl\u00e4ssigen Festbrennstoffbrenner.","breadcrumb":{"@id":"https:\/\/ala-talkkari.fi\/de\/veto-chipmatic\/#breadcrumb"},"inLanguage":"de","potentialAction":[{"@type":"ReadAction","target":["https:\/\/ala-talkkari.fi\/de\/veto-chipmatic\/"]}]},{"@type":"ImageObject","inLanguage":"de","@id":"https:\/\/ala-talkkari.fi\/de\/veto-chipmatic\/#primaryimage","url":"https:\/\/ala-talkkari.fi\/wp-content\/uploads\/2019\/04\/biomass-burner-veto-chipmatic.jpg","contentUrl":"https:\/\/ala-talkkari.fi\/wp-content\/uploads\/2019\/04\/biomass-burner-veto-chipmatic.jpg"},{"@type":"BreadcrumbList","@id":"https:\/\/ala-talkkari.fi\/de\/veto-chipmatic\/#breadcrumb","itemListElement":[{"@type":"ListItem","position":1,"name":"Home","item":"https:\/\/ala-talkkari.fi\/de\/"},{"@type":"ListItem","position":2,"name":"Veto Chipmatic"}]},{"@type":"WebSite","@id":"https:\/\/ala-talkkari.fi\/de\/#website","url":"https:\/\/ala-talkkari.fi\/de\/","name":"Veljekset Ala-Talkkari Oy","description":"Heizsysteme und Ger\u00e4te zur Landschaftspflege","publisher":{"@id":"https:\/\/ala-talkkari.fi\/de\/#organization"},"potentialAction":[{"@type":"SearchAction","target":{"@type":"EntryPoint","urlTemplate":"https:\/\/ala-talkkari.fi\/de\/?s={search_term_string}"},"query-input":{"@type":"PropertyValueSpecification","valueRequired":true,"valueName":"search_term_string"}}],"inLanguage":"de"},{"@type":"Organization","@id":"https:\/\/ala-talkkari.fi\/de\/#organization","name":"Veljekset Ala-Talkkari Oy","url":"https:\/\/ala-talkkari.fi\/de\/","logo":{"@type":"ImageObject","inLanguage":"de","@id":"https:\/\/ala-talkkari.fi\/de\/#\/schema\/logo\/image\/","url":"https:\/\/ala-talkkari.fi\/wp-content\/uploads\/2020\/09\/lammitys-veto-ala-talkkari.png","contentUrl":"https:\/\/ala-talkkari.fi\/wp-content\/uploads\/2020\/09\/lammitys-veto-ala-talkkari.png","width":751,"height":67,"caption":"Veljekset Ala-Talkkari Oy"},"image":{"@id":"https:\/\/ala-talkkari.fi\/de\/#\/schema\/logo\/image\/"},"sameAs":["https:\/\/www.facebook.com\/alatalkkari","https:\/\/www.instagram.com\/veljeksetalatalkkarioy\/","https:\/\/www.youtube.com\/c\/VeljeksetAlaTalkkariOy"]}]}},"_links":{"self":[{"href":"https:\/\/ala-talkkari.fi\/de\/wp-json\/wp\/v2\/pages\/4042","targetHints":{"allow":["GET"]}}],"collection":[{"href":"https:\/\/ala-talkkari.fi\/de\/wp-json\/wp\/v2\/pages"}],"about":[{"href":"https:\/\/ala-talkkari.fi\/de\/wp-json\/wp\/v2\/types\/page"}],"author":[{"embeddable":true,"href":"https:\/\/ala-talkkari.fi\/de\/wp-json\/wp\/v2\/users\/1"}],"replies":[{"embeddable":true,"href":"https:\/\/ala-talkkari.fi\/de\/wp-json\/wp\/v2\/comments?post=4042"}],"version-history":[{"count":10,"href":"https:\/\/ala-talkkari.fi\/de\/wp-json\/wp\/v2\/pages\/4042\/revisions"}],"predecessor-version":[{"id":6539,"href":"https:\/\/ala-talkkari.fi\/de\/wp-json\/wp\/v2\/pages\/4042\/revisions\/6539"}],"wp:attachment":[{"href":"https:\/\/ala-talkkari.fi\/de\/wp-json\/wp\/v2\/media?parent=4042"}],"curies":[{"name":"wp","href":"https:\/\/api.w.org\/{rel}","templated":true}]}}