{"id":4032,"date":"2014-11-18T08:14:20","date_gmt":"2014-11-18T06:14:20","guid":{"rendered":"http:\/\/ala-talkkari.fi\/de\/?page_id=4032"},"modified":"2020-09-16T09:37:24","modified_gmt":"2020-09-16T06:37:24","slug":"veto-federzinkenaustragung-mit-behaelter","status":"publish","type":"page","link":"https:\/\/ala-talkkari.fi\/de\/veto-federzinkenaustragung-mit-behaelter\/","title":{"rendered":"Veto Federzinkenaustragung mit Beh\u00e4lter"},"content":{"rendered":"<h2><strong>Veto <\/strong>Federzinkenaustragung <strong>mit Beh\u00e4lter<\/strong><\/h2>\n<p><img loading=\"lazy\" decoding=\"async\" class=\"size-full wp-image-8322 aligncenter\" src=\"https:\/\/ala-talkkari.fi\/wp-content\/uploads\/2020\/09\/hakelammitys-jousipurkain-sailiolla-1.jpg\" alt=\"\" width=\"587\" height=\"718\" srcset=\"https:\/\/ala-talkkari.fi\/wp-content\/uploads\/2020\/09\/hakelammitys-jousipurkain-sailiolla-1.jpg 587w, https:\/\/ala-talkkari.fi\/wp-content\/uploads\/2020\/09\/hakelammitys-jousipurkain-sailiolla-1-245x300.jpg 245w\" sizes=\"auto, (max-width: 587px) 100vw, 587px\" \/><\/p>\n<p>Der Veto Federzinkenaustragung (Hackgutheizung) mit Beh\u00e4lter (Brennapparat f\u00fcr feste Brennstoffe), wurde entwickelt, um den Herausforderungen der heutigen Brennapparate zu entsprechen. Der Brennstoffbeh\u00e4lter mit 16 m\u00b3 erm\u00f6glicht es, eine gro\u00dfe Menge an Brennstoff auf einmal einzuf\u00fcllen. Der starke Federzinkenaustragung des Brennapparates erm\u00f6glicht den Gebrauch verschiedener fester Brennstoffe (Hackschnitzel, Torf, Pellets, Hobelsp\u00e4ne, S\u00e4gesp\u00e4ne u. a. Brennstoffe von geringer Gr\u00f6\u00dfe). Das runde F\u00f6rderrohr (das halbrunde F\u00f6rderrohr mit einer Leistung von 40 &#8211; 120 kW) gew\u00e4hrleistet einen gleichm\u00e4\u00dfigen F\u00f6rderstrom f\u00fcr den Brennstoff. Der luftdichte Deckel des Silos, das BVTS-Ventil, der Wachspfropfen sowie der R\u00fcckbrandschutz gew\u00e4hrleisten einen sicheren Betrieb. Die Schaltzentrale ist eine mit moderner Technik realisierte AT Log 1, die die Bedienung des Ger\u00e4tes noch einfacher macht. Die F\u00fcllrichtung des Silos kann in vier verschiedenen Richtungen montiert werden. Der Veto Federzinkenaustragung mit Beh\u00e4lter ist mit einem Brenner mit 40 \u2013 640 kW erh\u00e4ltlich. Die Gr\u00f6\u00dfe der F\u00f6rderschnecke betr\u00e4gt \u00d8 125 &#8211; 200 mm (abh\u00e4ngig von der Leistung des Brenners).<\/p>\n<p>&nbsp;<\/p>\n<p><strong>Technische Angaben:<\/strong><\/p>\n<p>L\u00e4nge, Au\u00dfenma\u00df:&nbsp; 2900 mm<\/p>\n<p>Breite, Au\u00dfenma\u00df:&nbsp; 2900 mm<\/p>\n<p>H\u00f6he, Au\u00dfenma\u00df:&nbsp; 2600 mm<\/p>\n<p>Volumen des Brennstoffbeh\u00e4lters: 16 m\u00b3<\/p>\n<p>Leistung: 40640 kW<\/p>\n<p>Gewicht: 1200 kg<\/p>\n<p>Schaltzentrale: AT Log 1<\/p>\n<p><strong>Sonderzubeh\u00f6r: <\/strong><\/p>\n<p>Beweglicher Brenner,<\/p>\n<p>Z\u00fcndautomatik,<\/p>\n<p>GSM-Alarm,<\/p>\n<p>Lambda-Schaltzentrale (Veto Control M, L, XL),<\/p>\n<p>Fernsteuerung f\u00fcr die Schaltzentrale,<\/p>\n<p>Zusatzmeter f\u00fcr die F\u00f6rderschnecke (bis zu 5 m),<\/p>\n<p>Zusatzsilo 6 m\u00b3,<\/p>\n<p>Hydraulische \u00d6ffnung des Deckels des Brennstoffbeh\u00e4lters,<\/p>\n<p>Fallteil f\u00fcr den Brennstoff,<\/p>\n<p>Zellenf\u00f6rderer (inkl. Zellenradschleuse)<\/p>\n<p>&nbsp;<\/p>\n<p><strong>Mehr Bilder vom Veto Federzinkenaustragung Biobrennapparat mit Beh\u00e4lter:<\/strong><\/p>\nngg_shortcode_0_placeholder\n<p><strong>Lesen \/ laden Sie hier die Brosch\u00fcre f\u00fcr die Veto-Heizungsanlagen herunter:<\/strong><\/p>\n<p>&nbsp;<\/p>\n","protected":false},"excerpt":{"rendered":"<p>Veto Federzinkenaustragung mit Beh\u00e4lter Der Veto Federzinkenaustragung (Hackgutheizung) mit Beh\u00e4lter (Brennapparat f\u00fcr feste Brennstoffe), wurde entwickelt, um den Herausforderungen der heutigen Brennapparate zu entsprechen. Der Brennstoffbeh\u00e4lter mit 16 m\u00b3 erm\u00f6glicht es, eine gro\u00dfe Menge an Brennstoff auf einmal einzuf\u00fcllen. Der starke Federzinkenaustragung des Brennapparates erm\u00f6glicht den Gebrauch verschiedener fester Brennstoffe (Hackschnitzel, Torf, Pellets, Hobelsp\u00e4ne, S\u00e4gesp\u00e4ne [&hellip;]<\/p>\n","protected":false},"author":1,"featured_media":0,"parent":0,"menu_order":0,"comment_status":"closed","ping_status":"closed","template":"","meta":{"ngg_post_thumbnail":0,"footnotes":""},"class_list":["post-4032","page","type-page","status-publish","hentry"],"yoast_head":"<!-- This site is optimized with the Yoast SEO plugin v27.4 - https:\/\/yoast.com\/product\/yoast-seo-wordpress\/ -->\n<title>Hackgutheizung<\/title>\n<meta name=\"description\" content=\"Sicherer Hackgutheizung von Ala-Talkkari.\" \/>\n<meta name=\"robots\" content=\"index, follow, max-snippet:-1, max-image-preview:large, max-video-preview:-1\" \/>\n<link rel=\"canonical\" href=\"https:\/\/ala-talkkari.fi\/de\/veto-federzinkenaustragung-mit-behaelter\/\" \/>\n<meta property=\"og:locale\" content=\"de_DE\" \/>\n<meta property=\"og:type\" content=\"article\" \/>\n<meta property=\"og:title\" content=\"Hackgutheizung\" \/>\n<meta property=\"og:description\" content=\"Sicherer Hackgutheizung von Ala-Talkkari.\" \/>\n<meta property=\"og:url\" content=\"https:\/\/ala-talkkari.fi\/de\/veto-federzinkenaustragung-mit-behaelter\/\" \/>\n<meta property=\"og:site_name\" content=\"Veljekset Ala-Talkkari Oy\" \/>\n<meta property=\"article:publisher\" content=\"https:\/\/www.facebook.com\/alatalkkari\" \/>\n<meta property=\"article:modified_time\" content=\"2020-09-16T06:37:24+00:00\" \/>\n<meta property=\"og:image\" content=\"https:\/\/ala-talkkari.fi\/wp-content\/uploads\/2020\/09\/hakelammitys-jousipurkain-sailiolla-1.jpg\" \/>\n<meta name=\"twitter:label1\" content=\"Gesch\u00e4tzte Lesezeit\" \/>\n\t<meta name=\"twitter:data1\" content=\"1\u00a0Minute\" \/>\n<script type=\"application\/ld+json\" class=\"yoast-schema-graph\">{\"@context\":\"https:\\\/\\\/schema.org\",\"@graph\":[{\"@type\":\"WebPage\",\"@id\":\"https:\\\/\\\/ala-talkkari.fi\\\/de\\\/veto-federzinkenaustragung-mit-behaelter\\\/\",\"url\":\"https:\\\/\\\/ala-talkkari.fi\\\/de\\\/veto-federzinkenaustragung-mit-behaelter\\\/\",\"name\":\"Hackgutheizung\",\"isPartOf\":{\"@id\":\"https:\\\/\\\/ala-talkkari.fi\\\/de\\\/#website\"},\"primaryImageOfPage\":{\"@id\":\"https:\\\/\\\/ala-talkkari.fi\\\/de\\\/veto-federzinkenaustragung-mit-behaelter\\\/#primaryimage\"},\"image\":{\"@id\":\"https:\\\/\\\/ala-talkkari.fi\\\/de\\\/veto-federzinkenaustragung-mit-behaelter\\\/#primaryimage\"},\"thumbnailUrl\":\"https:\\\/\\\/ala-talkkari.fi\\\/wp-content\\\/uploads\\\/2020\\\/09\\\/hakelammitys-jousipurkain-sailiolla-1.jpg\",\"datePublished\":\"2014-11-18T06:14:20+00:00\",\"dateModified\":\"2020-09-16T06:37:24+00:00\",\"description\":\"Sicherer Hackgutheizung von Ala-Talkkari.\",\"breadcrumb\":{\"@id\":\"https:\\\/\\\/ala-talkkari.fi\\\/de\\\/veto-federzinkenaustragung-mit-behaelter\\\/#breadcrumb\"},\"inLanguage\":\"de\",\"potentialAction\":[{\"@type\":\"ReadAction\",\"target\":[\"https:\\\/\\\/ala-talkkari.fi\\\/de\\\/veto-federzinkenaustragung-mit-behaelter\\\/\"]}]},{\"@type\":\"ImageObject\",\"inLanguage\":\"de\",\"@id\":\"https:\\\/\\\/ala-talkkari.fi\\\/de\\\/veto-federzinkenaustragung-mit-behaelter\\\/#primaryimage\",\"url\":\"https:\\\/\\\/ala-talkkari.fi\\\/wp-content\\\/uploads\\\/2020\\\/09\\\/hakelammitys-jousipurkain-sailiolla-1.jpg\",\"contentUrl\":\"https:\\\/\\\/ala-talkkari.fi\\\/wp-content\\\/uploads\\\/2020\\\/09\\\/hakelammitys-jousipurkain-sailiolla-1.jpg\"},{\"@type\":\"BreadcrumbList\",\"@id\":\"https:\\\/\\\/ala-talkkari.fi\\\/de\\\/veto-federzinkenaustragung-mit-behaelter\\\/#breadcrumb\",\"itemListElement\":[{\"@type\":\"ListItem\",\"position\":1,\"name\":\"Home\",\"item\":\"https:\\\/\\\/ala-talkkari.fi\\\/de\\\/\"},{\"@type\":\"ListItem\",\"position\":2,\"name\":\"Veto Federzinkenaustragung mit Beh\u00e4lter\"}]},{\"@type\":\"WebSite\",\"@id\":\"https:\\\/\\\/ala-talkkari.fi\\\/de\\\/#website\",\"url\":\"https:\\\/\\\/ala-talkkari.fi\\\/de\\\/\",\"name\":\"Veljekset Ala-Talkkari Oy\",\"description\":\"Heizsysteme und Ger\u00e4te zur Landschaftspflege\",\"publisher\":{\"@id\":\"https:\\\/\\\/ala-talkkari.fi\\\/de\\\/#organization\"},\"potentialAction\":[{\"@type\":\"SearchAction\",\"target\":{\"@type\":\"EntryPoint\",\"urlTemplate\":\"https:\\\/\\\/ala-talkkari.fi\\\/de\\\/?s={search_term_string}\"},\"query-input\":{\"@type\":\"PropertyValueSpecification\",\"valueRequired\":true,\"valueName\":\"search_term_string\"}}],\"inLanguage\":\"de\"},{\"@type\":\"Organization\",\"@id\":\"https:\\\/\\\/ala-talkkari.fi\\\/de\\\/#organization\",\"name\":\"Veljekset Ala-Talkkari Oy\",\"url\":\"https:\\\/\\\/ala-talkkari.fi\\\/de\\\/\",\"logo\":{\"@type\":\"ImageObject\",\"inLanguage\":\"de\",\"@id\":\"https:\\\/\\\/ala-talkkari.fi\\\/de\\\/#\\\/schema\\\/logo\\\/image\\\/\",\"url\":\"https:\\\/\\\/ala-talkkari.fi\\\/wp-content\\\/uploads\\\/2020\\\/09\\\/lammitys-veto-ala-talkkari.png\",\"contentUrl\":\"https:\\\/\\\/ala-talkkari.fi\\\/wp-content\\\/uploads\\\/2020\\\/09\\\/lammitys-veto-ala-talkkari.png\",\"width\":751,\"height\":67,\"caption\":\"Veljekset Ala-Talkkari Oy\"},\"image\":{\"@id\":\"https:\\\/\\\/ala-talkkari.fi\\\/de\\\/#\\\/schema\\\/logo\\\/image\\\/\"},\"sameAs\":[\"https:\\\/\\\/www.facebook.com\\\/alatalkkari\",\"https:\\\/\\\/www.instagram.com\\\/veljeksetalatalkkarioy\\\/\",\"https:\\\/\\\/www.youtube.com\\\/c\\\/VeljeksetAlaTalkkariOy\"]}]}<\/script>\n<!-- \/ Yoast SEO plugin. -->","yoast_head_json":{"title":"Hackgutheizung","description":"Sicherer Hackgutheizung von Ala-Talkkari.","robots":{"index":"index","follow":"follow","max-snippet":"max-snippet:-1","max-image-preview":"max-image-preview:large","max-video-preview":"max-video-preview:-1"},"canonical":"https:\/\/ala-talkkari.fi\/de\/veto-federzinkenaustragung-mit-behaelter\/","og_locale":"de_DE","og_type":"article","og_title":"Hackgutheizung","og_description":"Sicherer Hackgutheizung von Ala-Talkkari.","og_url":"https:\/\/ala-talkkari.fi\/de\/veto-federzinkenaustragung-mit-behaelter\/","og_site_name":"Veljekset Ala-Talkkari Oy","article_publisher":"https:\/\/www.facebook.com\/alatalkkari","article_modified_time":"2020-09-16T06:37:24+00:00","og_image":[{"url":"https:\/\/ala-talkkari.fi\/wp-content\/uploads\/2020\/09\/hakelammitys-jousipurkain-sailiolla-1.jpg","type":"","width":"","height":""}],"twitter_misc":{"Gesch\u00e4tzte Lesezeit":"1\u00a0Minute"},"schema":{"@context":"https:\/\/schema.org","@graph":[{"@type":"WebPage","@id":"https:\/\/ala-talkkari.fi\/de\/veto-federzinkenaustragung-mit-behaelter\/","url":"https:\/\/ala-talkkari.fi\/de\/veto-federzinkenaustragung-mit-behaelter\/","name":"Hackgutheizung","isPartOf":{"@id":"https:\/\/ala-talkkari.fi\/de\/#website"},"primaryImageOfPage":{"@id":"https:\/\/ala-talkkari.fi\/de\/veto-federzinkenaustragung-mit-behaelter\/#primaryimage"},"image":{"@id":"https:\/\/ala-talkkari.fi\/de\/veto-federzinkenaustragung-mit-behaelter\/#primaryimage"},"thumbnailUrl":"https:\/\/ala-talkkari.fi\/wp-content\/uploads\/2020\/09\/hakelammitys-jousipurkain-sailiolla-1.jpg","datePublished":"2014-11-18T06:14:20+00:00","dateModified":"2020-09-16T06:37:24+00:00","description":"Sicherer Hackgutheizung von Ala-Talkkari.","breadcrumb":{"@id":"https:\/\/ala-talkkari.fi\/de\/veto-federzinkenaustragung-mit-behaelter\/#breadcrumb"},"inLanguage":"de","potentialAction":[{"@type":"ReadAction","target":["https:\/\/ala-talkkari.fi\/de\/veto-federzinkenaustragung-mit-behaelter\/"]}]},{"@type":"ImageObject","inLanguage":"de","@id":"https:\/\/ala-talkkari.fi\/de\/veto-federzinkenaustragung-mit-behaelter\/#primaryimage","url":"https:\/\/ala-talkkari.fi\/wp-content\/uploads\/2020\/09\/hakelammitys-jousipurkain-sailiolla-1.jpg","contentUrl":"https:\/\/ala-talkkari.fi\/wp-content\/uploads\/2020\/09\/hakelammitys-jousipurkain-sailiolla-1.jpg"},{"@type":"BreadcrumbList","@id":"https:\/\/ala-talkkari.fi\/de\/veto-federzinkenaustragung-mit-behaelter\/#breadcrumb","itemListElement":[{"@type":"ListItem","position":1,"name":"Home","item":"https:\/\/ala-talkkari.fi\/de\/"},{"@type":"ListItem","position":2,"name":"Veto Federzinkenaustragung mit Beh\u00e4lter"}]},{"@type":"WebSite","@id":"https:\/\/ala-talkkari.fi\/de\/#website","url":"https:\/\/ala-talkkari.fi\/de\/","name":"Veljekset Ala-Talkkari Oy","description":"Heizsysteme und Ger\u00e4te zur Landschaftspflege","publisher":{"@id":"https:\/\/ala-talkkari.fi\/de\/#organization"},"potentialAction":[{"@type":"SearchAction","target":{"@type":"EntryPoint","urlTemplate":"https:\/\/ala-talkkari.fi\/de\/?s={search_term_string}"},"query-input":{"@type":"PropertyValueSpecification","valueRequired":true,"valueName":"search_term_string"}}],"inLanguage":"de"},{"@type":"Organization","@id":"https:\/\/ala-talkkari.fi\/de\/#organization","name":"Veljekset Ala-Talkkari Oy","url":"https:\/\/ala-talkkari.fi\/de\/","logo":{"@type":"ImageObject","inLanguage":"de","@id":"https:\/\/ala-talkkari.fi\/de\/#\/schema\/logo\/image\/","url":"https:\/\/ala-talkkari.fi\/wp-content\/uploads\/2020\/09\/lammitys-veto-ala-talkkari.png","contentUrl":"https:\/\/ala-talkkari.fi\/wp-content\/uploads\/2020\/09\/lammitys-veto-ala-talkkari.png","width":751,"height":67,"caption":"Veljekset Ala-Talkkari Oy"},"image":{"@id":"https:\/\/ala-talkkari.fi\/de\/#\/schema\/logo\/image\/"},"sameAs":["https:\/\/www.facebook.com\/alatalkkari","https:\/\/www.instagram.com\/veljeksetalatalkkarioy\/","https:\/\/www.youtube.com\/c\/VeljeksetAlaTalkkariOy"]}]}},"_links":{"self":[{"href":"https:\/\/ala-talkkari.fi\/de\/wp-json\/wp\/v2\/pages\/4032","targetHints":{"allow":["GET"]}}],"collection":[{"href":"https:\/\/ala-talkkari.fi\/de\/wp-json\/wp\/v2\/pages"}],"about":[{"href":"https:\/\/ala-talkkari.fi\/de\/wp-json\/wp\/v2\/types\/page"}],"author":[{"embeddable":true,"href":"https:\/\/ala-talkkari.fi\/de\/wp-json\/wp\/v2\/users\/1"}],"replies":[{"embeddable":true,"href":"https:\/\/ala-talkkari.fi\/de\/wp-json\/wp\/v2\/comments?post=4032"}],"version-history":[{"count":13,"href":"https:\/\/ala-talkkari.fi\/de\/wp-json\/wp\/v2\/pages\/4032\/revisions"}],"predecessor-version":[{"id":8327,"href":"https:\/\/ala-talkkari.fi\/de\/wp-json\/wp\/v2\/pages\/4032\/revisions\/8327"}],"wp:attachment":[{"href":"https:\/\/ala-talkkari.fi\/de\/wp-json\/wp\/v2\/media?parent=4032"}],"curies":[{"name":"wp","href":"https:\/\/api.w.org\/{rel}","templated":true}]}}