{"id":4027,"date":"2014-11-05T07:47:39","date_gmt":"2014-11-05T05:47:39","guid":{"rendered":"http:\/\/ala-talkkari.fi\/de\/?page_id=4027"},"modified":"2020-09-11T12:07:30","modified_gmt":"2020-09-11T09:07:30","slug":"veto-federzinkenaustragung","status":"publish","type":"page","link":"https:\/\/ala-talkkari.fi\/de\/veto-federzinkenaustragung\/","title":{"rendered":"Veto Federzinkenaustragung"},"content":{"rendered":"<h2><strong>Veto <\/strong>Federzinkenaustragung<\/h2>\n<p><img loading=\"lazy\" decoding=\"async\" class=\"alignnone wp-image-825 size-full\" src=\"https:\/\/ala-talkkari.fi\/wp-content\/uploads\/2014\/11\/biomass-veto-spring-agitator.jpg\" alt=\"Veto Jousipurkain (stokeri)\" width=\"1024\" height=\"768\"><\/p>\n<p>Der Veto Federzinkenaustragung (Stoker) ist ein massiver Brennapparat f\u00fcr feste Brennstoffe, der in erster Linie als Brennapparat f\u00fcr mittelgro\u00dfe und gro\u00dfe Grundst\u00fccke sowie Fernheizwerke vorgesehen ist. Der Federzinkenaustragung verf\u00fcgt \u00fcber eine gleichm\u00e4\u00dfige Zufuhr, die auch Brennstoffmischungen von ungleichm\u00e4\u00dfiger Qualit\u00e4t entl\u00e4dt. Der mit einer Zellenradschleuse ausgestatteter Federzinkenaustragung kann z. B. am Boden eines existierenden Vorratsbeh\u00e4lters f\u00fcr Hackschnitzel montiert werden. Die Form und Gr\u00f6\u00dfe der Bodenfl\u00e4che des Hackschnitzelbeh\u00e4lters kann 2 \u2013 5 m variieren. Das Volumen des Silos 15 \u2013 100 m<sup>3<\/sup> erm\u00f6glicht lange F\u00fcllintervalle f\u00fcr den Brennstoff. Der Veto Federzinkenaustragung mit Beh\u00e4lter ist mit einem Brenner mit 40 \u2013 640 kW erh\u00e4ltlich. Die Gr\u00f6\u00dfe der F\u00f6rderschnecke betr\u00e4gt \u00d8 125 &#8211; 200 mm (abh\u00e4ngig von der Leistung des Brenners).<\/p>\n<p>&nbsp;<\/p>\n<p><strong>Technische Angaben:<\/strong><\/p>\n<p>L\u00e4nge, Au\u00dfenma\u00df:&nbsp; 25 m<\/p>\n<p>Breite, Au\u00dfenma\u00df:&nbsp; 25 m<\/p>\n<p>H\u00f6he, Au\u00dfenma\u00df:<\/p>\n<p>Volumen des Brennstoffbeh\u00e4lters: 15100 m\u00b3<\/p>\n<p>Leistung: 40990 kW<\/p>\n<p>Gewicht: 1200 kg<\/p>\n<p>Schaltzentrale: At Log 2<\/p>\n<p><strong>Sonderzubeh\u00f6r:<\/strong><\/p>\n<p>Beweglicher Brenner,<\/p>\n<p>Z\u00fcndautomatik,<\/p>\n<p>GSM-Alarm,<\/p>\n<p>Lambda-Schaltzentrale (Veto Control M, L, XL),<\/p>\n<p>Fernsteuerung f\u00fcr die Schaltzentrale,<\/p>\n<p>Bodenteil des Silos (2,8 x 2,8 m, Randh\u00f6he 0,3 m)<\/p>\n<p>&nbsp;<\/p>\n<p><strong>Bilder vom Veto-Federzinkenaustragung\u2013Biobrennapparat:<\/strong><\/p>\nngg_shortcode_0_placeholder\n<p><strong>Lesen \/ laden Sie hier die Brosch\u00fcre f\u00fcr die Veto-Heizger\u00e4te herunter:<\/strong><\/p>\n<p>&nbsp;<\/p>\n","protected":false},"excerpt":{"rendered":"<p>Veto Federzinkenaustragung Der Veto Federzinkenaustragung (Stoker) ist ein massiver Brennapparat f\u00fcr feste Brennstoffe, der in erster Linie als Brennapparat f\u00fcr mittelgro\u00dfe und gro\u00dfe Grundst\u00fccke sowie Fernheizwerke vorgesehen ist. Der Federzinkenaustragung verf\u00fcgt \u00fcber eine gleichm\u00e4\u00dfige Zufuhr, die auch Brennstoffmischungen von ungleichm\u00e4\u00dfiger Qualit\u00e4t entl\u00e4dt. Der mit einer Zellenradschleuse ausgestatteter Federzinkenaustragung kann z. B. am Boden eines existierenden [&hellip;]<\/p>\n","protected":false},"author":1,"featured_media":0,"parent":0,"menu_order":0,"comment_status":"closed","ping_status":"closed","template":"","meta":{"ngg_post_thumbnail":0,"footnotes":""},"class_list":["post-4027","page","type-page","status-publish","hentry"],"yoast_head":"<!-- This site is optimized with the Yoast SEO plugin v27.4 - https:\/\/yoast.com\/product\/yoast-seo-wordpress\/ -->\n<title>Veto Federzinkenaustragung - Veljekset Ala-Talkkari Oy<\/title>\n<meta name=\"robots\" content=\"index, follow, max-snippet:-1, max-image-preview:large, max-video-preview:-1\" \/>\n<link rel=\"canonical\" href=\"https:\/\/ala-talkkari.fi\/de\/veto-federzinkenaustragung\/\" \/>\n<meta property=\"og:locale\" content=\"de_DE\" \/>\n<meta property=\"og:type\" content=\"article\" \/>\n<meta property=\"og:title\" content=\"Veto Federzinkenaustragung - Veljekset Ala-Talkkari Oy\" \/>\n<meta property=\"og:description\" content=\"Veto Federzinkenaustragung Der Veto Federzinkenaustragung (Stoker) ist ein massiver Brennapparat f\u00fcr feste Brennstoffe, der in erster Linie als Brennapparat f\u00fcr mittelgro\u00dfe und gro\u00dfe Grundst\u00fccke sowie Fernheizwerke vorgesehen ist. Der Federzinkenaustragung verf\u00fcgt \u00fcber eine gleichm\u00e4\u00dfige Zufuhr, die auch Brennstoffmischungen von ungleichm\u00e4\u00dfiger Qualit\u00e4t entl\u00e4dt. Der mit einer Zellenradschleuse ausgestatteter Federzinkenaustragung kann z. B. am Boden eines existierenden [&hellip;]\" \/>\n<meta property=\"og:url\" content=\"https:\/\/ala-talkkari.fi\/de\/veto-federzinkenaustragung\/\" \/>\n<meta property=\"og:site_name\" content=\"Veljekset Ala-Talkkari Oy\" \/>\n<meta property=\"article:publisher\" content=\"https:\/\/www.facebook.com\/alatalkkari\" \/>\n<meta property=\"article:modified_time\" content=\"2020-09-11T09:07:30+00:00\" \/>\n<meta property=\"og:image\" content=\"https:\/\/ala-talkkari.fi\/wp-content\/uploads\/2014\/11\/biomass-veto-spring-agitator.jpg\" \/>\n<meta name=\"twitter:label1\" content=\"Gesch\u00e4tzte Lesezeit\" \/>\n\t<meta name=\"twitter:data1\" content=\"1\u00a0Minute\" \/>\n<script type=\"application\/ld+json\" class=\"yoast-schema-graph\">{\"@context\":\"https:\\\/\\\/schema.org\",\"@graph\":[{\"@type\":\"WebPage\",\"@id\":\"https:\\\/\\\/ala-talkkari.fi\\\/de\\\/veto-federzinkenaustragung\\\/\",\"url\":\"https:\\\/\\\/ala-talkkari.fi\\\/de\\\/veto-federzinkenaustragung\\\/\",\"name\":\"Veto Federzinkenaustragung - Veljekset Ala-Talkkari Oy\",\"isPartOf\":{\"@id\":\"https:\\\/\\\/ala-talkkari.fi\\\/de\\\/#website\"},\"primaryImageOfPage\":{\"@id\":\"https:\\\/\\\/ala-talkkari.fi\\\/de\\\/veto-federzinkenaustragung\\\/#primaryimage\"},\"image\":{\"@id\":\"https:\\\/\\\/ala-talkkari.fi\\\/de\\\/veto-federzinkenaustragung\\\/#primaryimage\"},\"thumbnailUrl\":\"https:\\\/\\\/ala-talkkari.fi\\\/wp-content\\\/uploads\\\/2014\\\/11\\\/biomass-veto-spring-agitator.jpg\",\"datePublished\":\"2014-11-05T05:47:39+00:00\",\"dateModified\":\"2020-09-11T09:07:30+00:00\",\"breadcrumb\":{\"@id\":\"https:\\\/\\\/ala-talkkari.fi\\\/de\\\/veto-federzinkenaustragung\\\/#breadcrumb\"},\"inLanguage\":\"de\",\"potentialAction\":[{\"@type\":\"ReadAction\",\"target\":[\"https:\\\/\\\/ala-talkkari.fi\\\/de\\\/veto-federzinkenaustragung\\\/\"]}]},{\"@type\":\"ImageObject\",\"inLanguage\":\"de\",\"@id\":\"https:\\\/\\\/ala-talkkari.fi\\\/de\\\/veto-federzinkenaustragung\\\/#primaryimage\",\"url\":\"https:\\\/\\\/ala-talkkari.fi\\\/wp-content\\\/uploads\\\/2014\\\/11\\\/biomass-veto-spring-agitator.jpg\",\"contentUrl\":\"https:\\\/\\\/ala-talkkari.fi\\\/wp-content\\\/uploads\\\/2014\\\/11\\\/biomass-veto-spring-agitator.jpg\"},{\"@type\":\"BreadcrumbList\",\"@id\":\"https:\\\/\\\/ala-talkkari.fi\\\/de\\\/veto-federzinkenaustragung\\\/#breadcrumb\",\"itemListElement\":[{\"@type\":\"ListItem\",\"position\":1,\"name\":\"Home\",\"item\":\"https:\\\/\\\/ala-talkkari.fi\\\/de\\\/\"},{\"@type\":\"ListItem\",\"position\":2,\"name\":\"Veto Federzinkenaustragung\"}]},{\"@type\":\"WebSite\",\"@id\":\"https:\\\/\\\/ala-talkkari.fi\\\/de\\\/#website\",\"url\":\"https:\\\/\\\/ala-talkkari.fi\\\/de\\\/\",\"name\":\"Veljekset Ala-Talkkari Oy\",\"description\":\"Heizsysteme und Ger\u00e4te zur Landschaftspflege\",\"publisher\":{\"@id\":\"https:\\\/\\\/ala-talkkari.fi\\\/de\\\/#organization\"},\"potentialAction\":[{\"@type\":\"SearchAction\",\"target\":{\"@type\":\"EntryPoint\",\"urlTemplate\":\"https:\\\/\\\/ala-talkkari.fi\\\/de\\\/?s={search_term_string}\"},\"query-input\":{\"@type\":\"PropertyValueSpecification\",\"valueRequired\":true,\"valueName\":\"search_term_string\"}}],\"inLanguage\":\"de\"},{\"@type\":\"Organization\",\"@id\":\"https:\\\/\\\/ala-talkkari.fi\\\/de\\\/#organization\",\"name\":\"Veljekset Ala-Talkkari Oy\",\"url\":\"https:\\\/\\\/ala-talkkari.fi\\\/de\\\/\",\"logo\":{\"@type\":\"ImageObject\",\"inLanguage\":\"de\",\"@id\":\"https:\\\/\\\/ala-talkkari.fi\\\/de\\\/#\\\/schema\\\/logo\\\/image\\\/\",\"url\":\"https:\\\/\\\/ala-talkkari.fi\\\/wp-content\\\/uploads\\\/2020\\\/09\\\/lammitys-veto-ala-talkkari.png\",\"contentUrl\":\"https:\\\/\\\/ala-talkkari.fi\\\/wp-content\\\/uploads\\\/2020\\\/09\\\/lammitys-veto-ala-talkkari.png\",\"width\":751,\"height\":67,\"caption\":\"Veljekset Ala-Talkkari Oy\"},\"image\":{\"@id\":\"https:\\\/\\\/ala-talkkari.fi\\\/de\\\/#\\\/schema\\\/logo\\\/image\\\/\"},\"sameAs\":[\"https:\\\/\\\/www.facebook.com\\\/alatalkkari\",\"https:\\\/\\\/www.instagram.com\\\/veljeksetalatalkkarioy\\\/\",\"https:\\\/\\\/www.youtube.com\\\/c\\\/VeljeksetAlaTalkkariOy\"]}]}<\/script>\n<!-- \/ Yoast SEO plugin. -->","yoast_head_json":{"title":"Veto Federzinkenaustragung - Veljekset Ala-Talkkari Oy","robots":{"index":"index","follow":"follow","max-snippet":"max-snippet:-1","max-image-preview":"max-image-preview:large","max-video-preview":"max-video-preview:-1"},"canonical":"https:\/\/ala-talkkari.fi\/de\/veto-federzinkenaustragung\/","og_locale":"de_DE","og_type":"article","og_title":"Veto Federzinkenaustragung - Veljekset Ala-Talkkari Oy","og_description":"Veto Federzinkenaustragung Der Veto Federzinkenaustragung (Stoker) ist ein massiver Brennapparat f\u00fcr feste Brennstoffe, der in erster Linie als Brennapparat f\u00fcr mittelgro\u00dfe und gro\u00dfe Grundst\u00fccke sowie Fernheizwerke vorgesehen ist. Der Federzinkenaustragung verf\u00fcgt \u00fcber eine gleichm\u00e4\u00dfige Zufuhr, die auch Brennstoffmischungen von ungleichm\u00e4\u00dfiger Qualit\u00e4t entl\u00e4dt. Der mit einer Zellenradschleuse ausgestatteter Federzinkenaustragung kann z. B. am Boden eines existierenden [&hellip;]","og_url":"https:\/\/ala-talkkari.fi\/de\/veto-federzinkenaustragung\/","og_site_name":"Veljekset Ala-Talkkari Oy","article_publisher":"https:\/\/www.facebook.com\/alatalkkari","article_modified_time":"2020-09-11T09:07:30+00:00","og_image":[{"url":"https:\/\/ala-talkkari.fi\/wp-content\/uploads\/2014\/11\/biomass-veto-spring-agitator.jpg","type":"","width":"","height":""}],"twitter_misc":{"Gesch\u00e4tzte Lesezeit":"1\u00a0Minute"},"schema":{"@context":"https:\/\/schema.org","@graph":[{"@type":"WebPage","@id":"https:\/\/ala-talkkari.fi\/de\/veto-federzinkenaustragung\/","url":"https:\/\/ala-talkkari.fi\/de\/veto-federzinkenaustragung\/","name":"Veto Federzinkenaustragung - Veljekset Ala-Talkkari Oy","isPartOf":{"@id":"https:\/\/ala-talkkari.fi\/de\/#website"},"primaryImageOfPage":{"@id":"https:\/\/ala-talkkari.fi\/de\/veto-federzinkenaustragung\/#primaryimage"},"image":{"@id":"https:\/\/ala-talkkari.fi\/de\/veto-federzinkenaustragung\/#primaryimage"},"thumbnailUrl":"https:\/\/ala-talkkari.fi\/wp-content\/uploads\/2014\/11\/biomass-veto-spring-agitator.jpg","datePublished":"2014-11-05T05:47:39+00:00","dateModified":"2020-09-11T09:07:30+00:00","breadcrumb":{"@id":"https:\/\/ala-talkkari.fi\/de\/veto-federzinkenaustragung\/#breadcrumb"},"inLanguage":"de","potentialAction":[{"@type":"ReadAction","target":["https:\/\/ala-talkkari.fi\/de\/veto-federzinkenaustragung\/"]}]},{"@type":"ImageObject","inLanguage":"de","@id":"https:\/\/ala-talkkari.fi\/de\/veto-federzinkenaustragung\/#primaryimage","url":"https:\/\/ala-talkkari.fi\/wp-content\/uploads\/2014\/11\/biomass-veto-spring-agitator.jpg","contentUrl":"https:\/\/ala-talkkari.fi\/wp-content\/uploads\/2014\/11\/biomass-veto-spring-agitator.jpg"},{"@type":"BreadcrumbList","@id":"https:\/\/ala-talkkari.fi\/de\/veto-federzinkenaustragung\/#breadcrumb","itemListElement":[{"@type":"ListItem","position":1,"name":"Home","item":"https:\/\/ala-talkkari.fi\/de\/"},{"@type":"ListItem","position":2,"name":"Veto Federzinkenaustragung"}]},{"@type":"WebSite","@id":"https:\/\/ala-talkkari.fi\/de\/#website","url":"https:\/\/ala-talkkari.fi\/de\/","name":"Veljekset Ala-Talkkari Oy","description":"Heizsysteme und Ger\u00e4te zur Landschaftspflege","publisher":{"@id":"https:\/\/ala-talkkari.fi\/de\/#organization"},"potentialAction":[{"@type":"SearchAction","target":{"@type":"EntryPoint","urlTemplate":"https:\/\/ala-talkkari.fi\/de\/?s={search_term_string}"},"query-input":{"@type":"PropertyValueSpecification","valueRequired":true,"valueName":"search_term_string"}}],"inLanguage":"de"},{"@type":"Organization","@id":"https:\/\/ala-talkkari.fi\/de\/#organization","name":"Veljekset Ala-Talkkari Oy","url":"https:\/\/ala-talkkari.fi\/de\/","logo":{"@type":"ImageObject","inLanguage":"de","@id":"https:\/\/ala-talkkari.fi\/de\/#\/schema\/logo\/image\/","url":"https:\/\/ala-talkkari.fi\/wp-content\/uploads\/2020\/09\/lammitys-veto-ala-talkkari.png","contentUrl":"https:\/\/ala-talkkari.fi\/wp-content\/uploads\/2020\/09\/lammitys-veto-ala-talkkari.png","width":751,"height":67,"caption":"Veljekset Ala-Talkkari Oy"},"image":{"@id":"https:\/\/ala-talkkari.fi\/de\/#\/schema\/logo\/image\/"},"sameAs":["https:\/\/www.facebook.com\/alatalkkari","https:\/\/www.instagram.com\/veljeksetalatalkkarioy\/","https:\/\/www.youtube.com\/c\/VeljeksetAlaTalkkariOy"]}]}},"_links":{"self":[{"href":"https:\/\/ala-talkkari.fi\/de\/wp-json\/wp\/v2\/pages\/4027","targetHints":{"allow":["GET"]}}],"collection":[{"href":"https:\/\/ala-talkkari.fi\/de\/wp-json\/wp\/v2\/pages"}],"about":[{"href":"https:\/\/ala-talkkari.fi\/de\/wp-json\/wp\/v2\/types\/page"}],"author":[{"embeddable":true,"href":"https:\/\/ala-talkkari.fi\/de\/wp-json\/wp\/v2\/users\/1"}],"replies":[{"embeddable":true,"href":"https:\/\/ala-talkkari.fi\/de\/wp-json\/wp\/v2\/comments?post=4027"}],"version-history":[{"count":9,"href":"https:\/\/ala-talkkari.fi\/de\/wp-json\/wp\/v2\/pages\/4027\/revisions"}],"predecessor-version":[{"id":6506,"href":"https:\/\/ala-talkkari.fi\/de\/wp-json\/wp\/v2\/pages\/4027\/revisions\/6506"}],"wp:attachment":[{"href":"https:\/\/ala-talkkari.fi\/de\/wp-json\/wp\/v2\/media?parent=4027"}],"curies":[{"name":"wp","href":"https:\/\/api.w.org\/{rel}","templated":true}]}}