{"id":4021,"date":"2014-11-05T07:52:24","date_gmt":"2014-11-05T05:52:24","guid":{"rendered":"http:\/\/ala-talkkari.fi\/de\/?page_id=4021"},"modified":"2021-06-08T08:14:38","modified_gmt":"2021-06-08T05:14:38","slug":"heizcontainer-veto-cont-s","status":"publish","type":"page","link":"https:\/\/ala-talkkari.fi\/de\/heizcontainer-veto-cont-s\/","title":{"rendered":"Veto Cont S"},"content":{"rendered":"<h2>Heizcontainer Veto Cont S<\/h2>\n<p><img loading=\"lazy\" decoding=\"async\" class=\"alignnone size-full wp-image-8575\" src=\"https:\/\/ala-talkkari.fi\/wp-content\/uploads\/2020\/09\/heizcontainer-biomasse-3.jpg\" alt=\"\" width=\"1024\" height=\"689\" srcset=\"https:\/\/ala-talkkari.fi\/wp-content\/uploads\/2020\/09\/heizcontainer-biomasse-3.jpg 1024w, https:\/\/ala-talkkari.fi\/wp-content\/uploads\/2020\/09\/heizcontainer-biomasse-3-300x202.jpg 300w, https:\/\/ala-talkkari.fi\/wp-content\/uploads\/2020\/09\/heizcontainer-biomasse-3-768x517.jpg 768w, https:\/\/ala-talkkari.fi\/wp-content\/uploads\/2020\/09\/heizcontainer-biomasse-3-600x404.jpg 600w\" sizes=\"auto, (max-width: 1024px) 100vw, 1024px\" \/><\/p>\n<p>Die Heizcontainer Veto Cont S wird f\u00fcr einen Leistungsbereich von 60 &#8211; 150 kW hergestellt. Der Betrieb im Sommer mit geringer Teilleistung ist f\u00fcr viele ein Problem, aber Veto Cont S funktioniert dank des hochentwickelten Steuersystems auch dann zuverl\u00e4ssig.<\/p>\n<p>Die Funktionst\u00fcchtigkeit wird auch von dem halbrunden F\u00f6rderrohr gew\u00e4hrleistet, in dessen oberen Winkel sich auch gr\u00f6\u00dfere Teile m\u00fchelos fortbewegen. Das F\u00f6rderrohr verf\u00fcgt auch \u00fcber aufklappbare Deckel, die die Wartung und die Reinigung erleichtern. Der gro\u00dfe Brennstoffsilo mit 14m\u00b3 erm\u00f6glicht ein langes F\u00fcllintervall und das vielseitige Brennstoffsortiment eine m\u00fchelose und preiswerte W\u00e4rmeproduktion.<\/p>\n<p><strong>Technische Angaben:<\/strong><\/p>\n<p>Leistungsklasse: 60 &#8211; 150 kW<\/p>\n<p>Volumen des Silos: 14 m\u00b3<\/p>\n<p>Au\u00dfenma\u00dfe: 3 x 4,4 m (H\u00f6he 3,4 m)<\/p>\n<p>Gewicht: 50006000 kg<\/p>\n<p>Die Herstellung erfolgt nach dem Standard EN 1090 f\u00fcr tragende Stahlbauteile<\/p>\n<p><strong>Das Grundpaket beinhaltet:<\/strong><\/p>\n<p>Veto-Hackschnitzelkessel, Brenner, Federentlader (Brennapparat), Ascheschnecke, Schaltzentrale Veto Control M, 1 x separater Rohrausgang\/-eingang, Sicherheitsventile, F\u00fcllger\u00e4te, Entl\u00fcftungsventil, Ausdehnungsgef\u00e4\u00df f\u00fcr den Heizkessel<\/p>\n<p><strong>Sonderzubeh\u00f6r:<\/strong><\/p>\n<p>GSM-Alarm,<\/p>\n<p>Z\u00fcndautomatik,<\/p>\n<p>Aschebeh\u00e4lter,<\/p>\n<p>Beweglicher Brenner (150 kW Standard),<\/p>\n<p>Warmwasserschnecke,<\/p>\n<p>Zus\u00e4tzliche Rohrausg\u00e4nge,<\/p>\n<p>Mischventil,<\/p>\n<p>Zirkulationspumpe,<\/p>\n<p>Automatische Regulierung (Heizwasser),<\/p>\n<p>Energiemessger\u00e4t,<\/p>\n<p>W\u00e4rmetauscher<\/p>\n<p><strong>Mehr Bilder von der Heizcontainer Veto Cont S:<\/strong><\/p>\nngg_shortcode_0_placeholder\n<p><strong>&nbsp;<\/strong><strong>Lesen \/ laden Sie hier die Brosch\u00fcre f\u00fcr die Veto-Cont-Heizcontainer herunter:<\/strong><\/p>\n<p><a href=\"https:\/\/ala-talkkari.fi\/wp-content\/uploads\/2020\/09\/lampokeskukset4s_DE.pdf\" target=\"_blank\" rel=\"noopener noreferrer\"><img loading=\"lazy\" decoding=\"async\" class=\"alignnone wp-image-8361 size-full\" src=\"https:\/\/ala-talkkari.fi\/wp-content\/uploads\/2020\/09\/heizcontainer-veto-cont.png\" alt=\"\" width=\"106\" height=\"150\"><\/a><\/p>\n<p><img loading=\"lazy\" decoding=\"async\" class=\"alignnone wp-image-4024\" src=\"https:\/\/ala-talkkari.fi\/wp-content\/uploads\/2014\/11\/logo900px.jpg\" alt=\"l\u00e4mp\u00f6keskus\" width=\"200\" height=\"51\"><\/p>\n","protected":false},"excerpt":{"rendered":"<p>Heizcontainer Veto Cont S Die Heizcontainer Veto Cont S wird f\u00fcr einen Leistungsbereich von 60 &#8211; 150 kW hergestellt. Der Betrieb im Sommer mit geringer Teilleistung ist f\u00fcr viele ein Problem, aber Veto Cont S funktioniert dank des hochentwickelten Steuersystems auch dann zuverl\u00e4ssig. Die Funktionst\u00fcchtigkeit wird auch von dem halbrunden F\u00f6rderrohr gew\u00e4hrleistet, in dessen oberen [&hellip;]<\/p>\n","protected":false},"author":1,"featured_media":0,"parent":0,"menu_order":0,"comment_status":"closed","ping_status":"closed","template":"","meta":{"ngg_post_thumbnail":0,"footnotes":""},"class_list":["post-4021","page","type-page","status-publish","hentry"],"yoast_head":"<!-- This site is optimized with the Yoast SEO plugin v27.4 - https:\/\/yoast.com\/product\/yoast-seo-wordpress\/ -->\n<title>Veto Cont S - Veljekset Ala-Talkkari Oy<\/title>\n<meta name=\"description\" content=\"Veto Cont S - Biomasseheizzentralen (60-150 kW) aus Finnland. Hohe Qualit\u00e4t. Weiterlesen...\" \/>\n<meta name=\"robots\" content=\"index, follow, max-snippet:-1, max-image-preview:large, max-video-preview:-1\" \/>\n<link rel=\"canonical\" href=\"https:\/\/ala-talkkari.fi\/de\/heizcontainer-veto-cont-s\/\" \/>\n<meta property=\"og:locale\" content=\"de_DE\" \/>\n<meta property=\"og:type\" content=\"article\" \/>\n<meta property=\"og:title\" content=\"Veto Cont S - Veljekset Ala-Talkkari Oy\" \/>\n<meta property=\"og:description\" content=\"Veto Cont S - Biomasseheizzentralen (60-150 kW) aus Finnland. Hohe Qualit\u00e4t. Weiterlesen...\" \/>\n<meta property=\"og:url\" content=\"https:\/\/ala-talkkari.fi\/de\/heizcontainer-veto-cont-s\/\" \/>\n<meta property=\"og:site_name\" content=\"Veljekset Ala-Talkkari Oy\" \/>\n<meta property=\"article:publisher\" content=\"https:\/\/www.facebook.com\/alatalkkari\" \/>\n<meta property=\"article:modified_time\" content=\"2021-06-08T05:14:38+00:00\" \/>\n<meta property=\"og:image\" content=\"https:\/\/ala-talkkari.fi\/wp-content\/uploads\/2020\/09\/heizcontainer-biomasse-3.jpg\" \/>\n<meta name=\"twitter:label1\" content=\"Gesch\u00e4tzte Lesezeit\" \/>\n\t<meta name=\"twitter:data1\" content=\"2\u00a0Minuten\" \/>\n<script type=\"application\/ld+json\" class=\"yoast-schema-graph\">{\"@context\":\"https:\\\/\\\/schema.org\",\"@graph\":[{\"@type\":\"WebPage\",\"@id\":\"https:\\\/\\\/ala-talkkari.fi\\\/de\\\/heizcontainer-veto-cont-s\\\/\",\"url\":\"https:\\\/\\\/ala-talkkari.fi\\\/de\\\/heizcontainer-veto-cont-s\\\/\",\"name\":\"Veto Cont S - Veljekset Ala-Talkkari Oy\",\"isPartOf\":{\"@id\":\"https:\\\/\\\/ala-talkkari.fi\\\/de\\\/#website\"},\"primaryImageOfPage\":{\"@id\":\"https:\\\/\\\/ala-talkkari.fi\\\/de\\\/heizcontainer-veto-cont-s\\\/#primaryimage\"},\"image\":{\"@id\":\"https:\\\/\\\/ala-talkkari.fi\\\/de\\\/heizcontainer-veto-cont-s\\\/#primaryimage\"},\"thumbnailUrl\":\"https:\\\/\\\/ala-talkkari.fi\\\/wp-content\\\/uploads\\\/2020\\\/09\\\/heizcontainer-biomasse-3.jpg\",\"datePublished\":\"2014-11-05T05:52:24+00:00\",\"dateModified\":\"2021-06-08T05:14:38+00:00\",\"description\":\"Veto Cont S - Biomasseheizzentralen (60-150 kW) aus Finnland. Hohe Qualit\u00e4t. Weiterlesen...\",\"breadcrumb\":{\"@id\":\"https:\\\/\\\/ala-talkkari.fi\\\/de\\\/heizcontainer-veto-cont-s\\\/#breadcrumb\"},\"inLanguage\":\"de\",\"potentialAction\":[{\"@type\":\"ReadAction\",\"target\":[\"https:\\\/\\\/ala-talkkari.fi\\\/de\\\/heizcontainer-veto-cont-s\\\/\"]}]},{\"@type\":\"ImageObject\",\"inLanguage\":\"de\",\"@id\":\"https:\\\/\\\/ala-talkkari.fi\\\/de\\\/heizcontainer-veto-cont-s\\\/#primaryimage\",\"url\":\"https:\\\/\\\/ala-talkkari.fi\\\/wp-content\\\/uploads\\\/2020\\\/09\\\/heizcontainer-biomasse-3.jpg\",\"contentUrl\":\"https:\\\/\\\/ala-talkkari.fi\\\/wp-content\\\/uploads\\\/2020\\\/09\\\/heizcontainer-biomasse-3.jpg\"},{\"@type\":\"BreadcrumbList\",\"@id\":\"https:\\\/\\\/ala-talkkari.fi\\\/de\\\/heizcontainer-veto-cont-s\\\/#breadcrumb\",\"itemListElement\":[{\"@type\":\"ListItem\",\"position\":1,\"name\":\"Home\",\"item\":\"https:\\\/\\\/ala-talkkari.fi\\\/de\\\/\"},{\"@type\":\"ListItem\",\"position\":2,\"name\":\"Veto Cont S\"}]},{\"@type\":\"WebSite\",\"@id\":\"https:\\\/\\\/ala-talkkari.fi\\\/de\\\/#website\",\"url\":\"https:\\\/\\\/ala-talkkari.fi\\\/de\\\/\",\"name\":\"Veljekset Ala-Talkkari Oy\",\"description\":\"Heizsysteme und Ger\u00e4te zur Landschaftspflege\",\"publisher\":{\"@id\":\"https:\\\/\\\/ala-talkkari.fi\\\/de\\\/#organization\"},\"potentialAction\":[{\"@type\":\"SearchAction\",\"target\":{\"@type\":\"EntryPoint\",\"urlTemplate\":\"https:\\\/\\\/ala-talkkari.fi\\\/de\\\/?s={search_term_string}\"},\"query-input\":{\"@type\":\"PropertyValueSpecification\",\"valueRequired\":true,\"valueName\":\"search_term_string\"}}],\"inLanguage\":\"de\"},{\"@type\":\"Organization\",\"@id\":\"https:\\\/\\\/ala-talkkari.fi\\\/de\\\/#organization\",\"name\":\"Veljekset Ala-Talkkari Oy\",\"url\":\"https:\\\/\\\/ala-talkkari.fi\\\/de\\\/\",\"logo\":{\"@type\":\"ImageObject\",\"inLanguage\":\"de\",\"@id\":\"https:\\\/\\\/ala-talkkari.fi\\\/de\\\/#\\\/schema\\\/logo\\\/image\\\/\",\"url\":\"https:\\\/\\\/ala-talkkari.fi\\\/wp-content\\\/uploads\\\/2020\\\/09\\\/lammitys-veto-ala-talkkari.png\",\"contentUrl\":\"https:\\\/\\\/ala-talkkari.fi\\\/wp-content\\\/uploads\\\/2020\\\/09\\\/lammitys-veto-ala-talkkari.png\",\"width\":751,\"height\":67,\"caption\":\"Veljekset Ala-Talkkari Oy\"},\"image\":{\"@id\":\"https:\\\/\\\/ala-talkkari.fi\\\/de\\\/#\\\/schema\\\/logo\\\/image\\\/\"},\"sameAs\":[\"https:\\\/\\\/www.facebook.com\\\/alatalkkari\",\"https:\\\/\\\/www.instagram.com\\\/veljeksetalatalkkarioy\\\/\",\"https:\\\/\\\/www.youtube.com\\\/c\\\/VeljeksetAlaTalkkariOy\"]}]}<\/script>\n<!-- \/ Yoast SEO plugin. -->","yoast_head_json":{"title":"Veto Cont S - Veljekset Ala-Talkkari Oy","description":"Veto Cont S - Biomasseheizzentralen (60-150 kW) aus Finnland. Hohe Qualit\u00e4t. Weiterlesen...","robots":{"index":"index","follow":"follow","max-snippet":"max-snippet:-1","max-image-preview":"max-image-preview:large","max-video-preview":"max-video-preview:-1"},"canonical":"https:\/\/ala-talkkari.fi\/de\/heizcontainer-veto-cont-s\/","og_locale":"de_DE","og_type":"article","og_title":"Veto Cont S - Veljekset Ala-Talkkari Oy","og_description":"Veto Cont S - Biomasseheizzentralen (60-150 kW) aus Finnland. Hohe Qualit\u00e4t. Weiterlesen...","og_url":"https:\/\/ala-talkkari.fi\/de\/heizcontainer-veto-cont-s\/","og_site_name":"Veljekset Ala-Talkkari Oy","article_publisher":"https:\/\/www.facebook.com\/alatalkkari","article_modified_time":"2021-06-08T05:14:38+00:00","og_image":[{"url":"https:\/\/ala-talkkari.fi\/wp-content\/uploads\/2020\/09\/heizcontainer-biomasse-3.jpg","type":"","width":"","height":""}],"twitter_misc":{"Gesch\u00e4tzte Lesezeit":"2\u00a0Minuten"},"schema":{"@context":"https:\/\/schema.org","@graph":[{"@type":"WebPage","@id":"https:\/\/ala-talkkari.fi\/de\/heizcontainer-veto-cont-s\/","url":"https:\/\/ala-talkkari.fi\/de\/heizcontainer-veto-cont-s\/","name":"Veto Cont S - Veljekset Ala-Talkkari Oy","isPartOf":{"@id":"https:\/\/ala-talkkari.fi\/de\/#website"},"primaryImageOfPage":{"@id":"https:\/\/ala-talkkari.fi\/de\/heizcontainer-veto-cont-s\/#primaryimage"},"image":{"@id":"https:\/\/ala-talkkari.fi\/de\/heizcontainer-veto-cont-s\/#primaryimage"},"thumbnailUrl":"https:\/\/ala-talkkari.fi\/wp-content\/uploads\/2020\/09\/heizcontainer-biomasse-3.jpg","datePublished":"2014-11-05T05:52:24+00:00","dateModified":"2021-06-08T05:14:38+00:00","description":"Veto Cont S - Biomasseheizzentralen (60-150 kW) aus Finnland. Hohe Qualit\u00e4t. Weiterlesen...","breadcrumb":{"@id":"https:\/\/ala-talkkari.fi\/de\/heizcontainer-veto-cont-s\/#breadcrumb"},"inLanguage":"de","potentialAction":[{"@type":"ReadAction","target":["https:\/\/ala-talkkari.fi\/de\/heizcontainer-veto-cont-s\/"]}]},{"@type":"ImageObject","inLanguage":"de","@id":"https:\/\/ala-talkkari.fi\/de\/heizcontainer-veto-cont-s\/#primaryimage","url":"https:\/\/ala-talkkari.fi\/wp-content\/uploads\/2020\/09\/heizcontainer-biomasse-3.jpg","contentUrl":"https:\/\/ala-talkkari.fi\/wp-content\/uploads\/2020\/09\/heizcontainer-biomasse-3.jpg"},{"@type":"BreadcrumbList","@id":"https:\/\/ala-talkkari.fi\/de\/heizcontainer-veto-cont-s\/#breadcrumb","itemListElement":[{"@type":"ListItem","position":1,"name":"Home","item":"https:\/\/ala-talkkari.fi\/de\/"},{"@type":"ListItem","position":2,"name":"Veto Cont S"}]},{"@type":"WebSite","@id":"https:\/\/ala-talkkari.fi\/de\/#website","url":"https:\/\/ala-talkkari.fi\/de\/","name":"Veljekset Ala-Talkkari Oy","description":"Heizsysteme und Ger\u00e4te zur Landschaftspflege","publisher":{"@id":"https:\/\/ala-talkkari.fi\/de\/#organization"},"potentialAction":[{"@type":"SearchAction","target":{"@type":"EntryPoint","urlTemplate":"https:\/\/ala-talkkari.fi\/de\/?s={search_term_string}"},"query-input":{"@type":"PropertyValueSpecification","valueRequired":true,"valueName":"search_term_string"}}],"inLanguage":"de"},{"@type":"Organization","@id":"https:\/\/ala-talkkari.fi\/de\/#organization","name":"Veljekset Ala-Talkkari Oy","url":"https:\/\/ala-talkkari.fi\/de\/","logo":{"@type":"ImageObject","inLanguage":"de","@id":"https:\/\/ala-talkkari.fi\/de\/#\/schema\/logo\/image\/","url":"https:\/\/ala-talkkari.fi\/wp-content\/uploads\/2020\/09\/lammitys-veto-ala-talkkari.png","contentUrl":"https:\/\/ala-talkkari.fi\/wp-content\/uploads\/2020\/09\/lammitys-veto-ala-talkkari.png","width":751,"height":67,"caption":"Veljekset Ala-Talkkari Oy"},"image":{"@id":"https:\/\/ala-talkkari.fi\/de\/#\/schema\/logo\/image\/"},"sameAs":["https:\/\/www.facebook.com\/alatalkkari","https:\/\/www.instagram.com\/veljeksetalatalkkarioy\/","https:\/\/www.youtube.com\/c\/VeljeksetAlaTalkkariOy"]}]}},"_links":{"self":[{"href":"https:\/\/ala-talkkari.fi\/de\/wp-json\/wp\/v2\/pages\/4021","targetHints":{"allow":["GET"]}}],"collection":[{"href":"https:\/\/ala-talkkari.fi\/de\/wp-json\/wp\/v2\/pages"}],"about":[{"href":"https:\/\/ala-talkkari.fi\/de\/wp-json\/wp\/v2\/types\/page"}],"author":[{"embeddable":true,"href":"https:\/\/ala-talkkari.fi\/de\/wp-json\/wp\/v2\/users\/1"}],"replies":[{"embeddable":true,"href":"https:\/\/ala-talkkari.fi\/de\/wp-json\/wp\/v2\/comments?post=4021"}],"version-history":[{"count":17,"href":"https:\/\/ala-talkkari.fi\/de\/wp-json\/wp\/v2\/pages\/4021\/revisions"}],"predecessor-version":[{"id":4169,"href":"https:\/\/ala-talkkari.fi\/de\/wp-json\/wp\/v2\/pages\/4021\/revisions\/4169"}],"wp:attachment":[{"href":"https:\/\/ala-talkkari.fi\/de\/wp-json\/wp\/v2\/media?parent=4021"}],"curies":[{"name":"wp","href":"https:\/\/api.w.org\/{rel}","templated":true}]}}