{"id":4015,"date":"2014-11-05T07:52:43","date_gmt":"2014-11-05T05:52:43","guid":{"rendered":"http:\/\/ala-talkkari.fi\/de\/?page_id=4015"},"modified":"2021-06-08T08:16:50","modified_gmt":"2021-06-08T05:16:50","slug":"heizhaus-veto-cont-m","status":"publish","type":"page","link":"https:\/\/ala-talkkari.fi\/de\/heizhaus-veto-cont-m\/","title":{"rendered":"Veto Cont M"},"content":{"rendered":"<h2>Heizhaus Veto Cont M<\/h2>\n<p><img loading=\"lazy\" decoding=\"async\" class=\"alignnone wp-image-8534 size-full\" title=\"Heizhaus - Veto Cont M\" src=\"https:\/\/ala-talkkari.fi\/wp-content\/uploads\/2020\/09\/heizhaus-veto-cont.jpg\" alt=\"Heizhaus - Veto Cont M\" width=\"683\" height=\"1024\" srcset=\"https:\/\/ala-talkkari.fi\/wp-content\/uploads\/2020\/09\/heizhaus-veto-cont.jpg 683w, https:\/\/ala-talkkari.fi\/wp-content\/uploads\/2020\/09\/heizhaus-veto-cont-200x300.jpg 200w, https:\/\/ala-talkkari.fi\/wp-content\/uploads\/2020\/09\/heizhaus-veto-cont-600x900.jpg 600w\" sizes=\"auto, (max-width: 683px) 100vw, 683px\" \/><\/p>\n<p>Die Heizhaus Veto Cont M ist die richtige Wahl f\u00fcr die Bed\u00fcrfnisse der W\u00e4rmeproduktion in der Landwirtschaft und in der Industrie und auch f\u00fcr Immobiliengesellschaften. Die Leistungsklasse beinhaltet Modelle im Bereich von 150 &#8211; 500 kW. Der gro\u00dfe Silo gew\u00e4hrleistet lange F\u00fcllintervalle f\u00fcr den Brennstoff. Die Modelle der Heizzentrale Veto Cont M sind mit Silos von 23 &#8211; 32m\u00b3 erh\u00e4ltlich. Als Brennstoff k\u00f6nnen Hackschnitzel, Briketts, Brenntorf oder Pellets verwendet werden. Als Sonderzubeh\u00f6r sind u. a. Hintert\u00fcren und Auffahrtrampen erh\u00e4ltlich, die ein einfaches Bef\u00fcllen durch Kippen direkt aus dem Anh\u00e4nger erm\u00f6glichen.<\/p>\n<p><strong>Technische Angaben:<\/strong><\/p>\n<p>Leistungsklasse: 150 &#8211; 500 kW<\/p>\n<p>Volumen des Silos: 2332 m\u00b3<\/p>\n<p>Au\u00dfenma\u00dfe: 3 4,5 x 6,6m (H\u00f6he 3,6 m)<\/p>\n<p>Gewicht: 8000 &#8211; 15000 kg<\/p>\n<p>Die Herstellung erfolgt nach dem Standard EN 1090 f\u00fcr tragende Stahlbauteile<\/p>\n<p><strong>Das Grundpaket beinhaltet:<\/strong><\/p>\n<p>Veto-Stokerkessel, Abgasreiniger (&gt;220 kW), wassergek\u00fchlter und beweglicher Brenner, K\u00fchlpumpe f\u00fcr den Brenner, Federentlader (Brennapparat), Zellenradschleuse, 2-teilige Ascheschnecke, Schaltzentrale Veto Control L, Trockenkochschutz, 1 x separater Rohrausgang\/-eingang, Sicherheitsventile, F\u00fcllger\u00e4te, Entl\u00fcftungsventil, Ausdehnungsgef\u00e4\u00df f\u00fcr den Heizkessel<\/p>\n<p><strong>Sonderzubeh\u00f6r:<\/strong><\/p>\n<p>Schornsteinreinigung mit Druckluft,<\/p>\n<p>GSM-Alarm,<\/p>\n<p>Fernbedienung,<\/p>\n<p>Z\u00fcndautomatik,<\/p>\n<p>Aschebeh\u00e4lter,<\/p>\n<p>Zus\u00e4tzliche Rohrausg\u00e4nge,<\/p>\n<p>Zirkulationspumpe,<\/p>\n<p>Energiemesseger\u00e4t,<\/p>\n<p>W\u00e4rmetauscher,<\/p>\n<p>Hintert\u00fcren und Auffahrtsrampen zum Brennstoffsilo (H\u00f6he der T\u00fcren 1m),<\/p>\n<p>Ascheschnecken f\u00fcr die W\u00e4rme\u00fcbertragungskomponente (&gt;300 kW),<\/p>\n<p>Abgasreiniger (150 kW)<\/p>\n<p><strong>Mehr Bilder von der Heizhaus Veto Cont M:<\/strong><\/p>\nngg_shortcode_0_placeholder\n<p><strong>Lesen \/ laden Sie hier die Brosch\u00fcre f\u00fcr die Veto-Cont-Heizhaus herunter:<\/strong><\/p>\n<p><a href=\"https:\/\/ala-talkkari.fi\/wp-content\/uploads\/2020\/09\/lampokeskukset4s_DE.pdf\" target=\"_blank\" rel=\"noopener noreferrer\"><img loading=\"lazy\" decoding=\"async\" class=\"alignnone wp-image-8361 size-full\" title=\"Heizhaus - Veto Cont M\" src=\"https:\/\/ala-talkkari.fi\/wp-content\/uploads\/2020\/09\/heizcontainer-veto-cont.png\" alt=\"Heizhaus - Veto Cont M\" width=\"106\" height=\"150\"><\/a><\/p>\n<p><img loading=\"lazy\" decoding=\"async\" class=\"alignnone wp-image-4018\" src=\"https:\/\/ala-talkkari.fi\/wp-content\/uploads\/2014\/11\/l\u00e4mp\u00f6kontti.jpg\" alt=\"l\u00e4mp\u00f6kontti\" width=\"199\" height=\"51\"><\/p>\n","protected":false},"excerpt":{"rendered":"<p>Heizhaus Veto Cont M Die Heizhaus Veto Cont M ist die richtige Wahl f\u00fcr die Bed\u00fcrfnisse der W\u00e4rmeproduktion in der Landwirtschaft und in der Industrie und auch f\u00fcr Immobiliengesellschaften. Die Leistungsklasse beinhaltet Modelle im Bereich von 150 &#8211; 500 kW. Der gro\u00dfe Silo gew\u00e4hrleistet lange F\u00fcllintervalle f\u00fcr den Brennstoff. Die Modelle der Heizzentrale Veto Cont [&hellip;]<\/p>\n","protected":false},"author":1,"featured_media":0,"parent":0,"menu_order":0,"comment_status":"closed","ping_status":"closed","template":"","meta":{"ngg_post_thumbnail":0,"footnotes":""},"class_list":["post-4015","page","type-page","status-publish","hentry"],"yoast_head":"<!-- This site is optimized with the Yoast SEO plugin v27.4 - https:\/\/yoast.com\/product\/yoast-seo-wordpress\/ -->\n<title>Veto Cont M - heizzentrale (150-500 kW).<\/title>\n<meta name=\"description\" content=\"Veto Cont M - heizzentrale (150-500 kW).\" \/>\n<meta name=\"robots\" content=\"index, follow, max-snippet:-1, max-image-preview:large, max-video-preview:-1\" \/>\n<link rel=\"canonical\" href=\"https:\/\/ala-talkkari.fi\/de\/heizhaus-veto-cont-m\/\" \/>\n<meta property=\"og:locale\" content=\"de_DE\" \/>\n<meta property=\"og:type\" content=\"article\" \/>\n<meta property=\"og:title\" content=\"Veto Cont M - heizzentrale (150-500 kW).\" \/>\n<meta property=\"og:description\" content=\"Veto Cont M - heizzentrale (150-500 kW).\" \/>\n<meta property=\"og:url\" content=\"https:\/\/ala-talkkari.fi\/de\/heizhaus-veto-cont-m\/\" \/>\n<meta property=\"og:site_name\" content=\"Veljekset Ala-Talkkari Oy\" \/>\n<meta property=\"article:publisher\" content=\"https:\/\/www.facebook.com\/alatalkkari\" \/>\n<meta property=\"article:modified_time\" content=\"2021-06-08T05:16:50+00:00\" \/>\n<meta property=\"og:image\" content=\"https:\/\/ala-talkkari.fi\/wp-content\/uploads\/2020\/09\/heizhaus-veto-cont.jpg\" \/>\n<meta name=\"twitter:label1\" content=\"Gesch\u00e4tzte Lesezeit\" \/>\n\t<meta name=\"twitter:data1\" content=\"2\u00a0Minuten\" \/>\n<script type=\"application\/ld+json\" class=\"yoast-schema-graph\">{\"@context\":\"https:\\\/\\\/schema.org\",\"@graph\":[{\"@type\":\"WebPage\",\"@id\":\"https:\\\/\\\/ala-talkkari.fi\\\/de\\\/heizhaus-veto-cont-m\\\/\",\"url\":\"https:\\\/\\\/ala-talkkari.fi\\\/de\\\/heizhaus-veto-cont-m\\\/\",\"name\":\"Veto Cont M - heizzentrale (150-500 kW).\",\"isPartOf\":{\"@id\":\"https:\\\/\\\/ala-talkkari.fi\\\/de\\\/#website\"},\"primaryImageOfPage\":{\"@id\":\"https:\\\/\\\/ala-talkkari.fi\\\/de\\\/heizhaus-veto-cont-m\\\/#primaryimage\"},\"image\":{\"@id\":\"https:\\\/\\\/ala-talkkari.fi\\\/de\\\/heizhaus-veto-cont-m\\\/#primaryimage\"},\"thumbnailUrl\":\"https:\\\/\\\/ala-talkkari.fi\\\/wp-content\\\/uploads\\\/2020\\\/09\\\/heizhaus-veto-cont.jpg\",\"datePublished\":\"2014-11-05T05:52:43+00:00\",\"dateModified\":\"2021-06-08T05:16:50+00:00\",\"description\":\"Veto Cont M - heizzentrale (150-500 kW).\",\"breadcrumb\":{\"@id\":\"https:\\\/\\\/ala-talkkari.fi\\\/de\\\/heizhaus-veto-cont-m\\\/#breadcrumb\"},\"inLanguage\":\"de\",\"potentialAction\":[{\"@type\":\"ReadAction\",\"target\":[\"https:\\\/\\\/ala-talkkari.fi\\\/de\\\/heizhaus-veto-cont-m\\\/\"]}]},{\"@type\":\"ImageObject\",\"inLanguage\":\"de\",\"@id\":\"https:\\\/\\\/ala-talkkari.fi\\\/de\\\/heizhaus-veto-cont-m\\\/#primaryimage\",\"url\":\"https:\\\/\\\/ala-talkkari.fi\\\/wp-content\\\/uploads\\\/2020\\\/09\\\/heizhaus-veto-cont.jpg\",\"contentUrl\":\"https:\\\/\\\/ala-talkkari.fi\\\/wp-content\\\/uploads\\\/2020\\\/09\\\/heizhaus-veto-cont.jpg\"},{\"@type\":\"BreadcrumbList\",\"@id\":\"https:\\\/\\\/ala-talkkari.fi\\\/de\\\/heizhaus-veto-cont-m\\\/#breadcrumb\",\"itemListElement\":[{\"@type\":\"ListItem\",\"position\":1,\"name\":\"Home\",\"item\":\"https:\\\/\\\/ala-talkkari.fi\\\/de\\\/\"},{\"@type\":\"ListItem\",\"position\":2,\"name\":\"Veto Cont M\"}]},{\"@type\":\"WebSite\",\"@id\":\"https:\\\/\\\/ala-talkkari.fi\\\/de\\\/#website\",\"url\":\"https:\\\/\\\/ala-talkkari.fi\\\/de\\\/\",\"name\":\"Veljekset Ala-Talkkari Oy\",\"description\":\"Heizsysteme und Ger\u00e4te zur Landschaftspflege\",\"publisher\":{\"@id\":\"https:\\\/\\\/ala-talkkari.fi\\\/de\\\/#organization\"},\"potentialAction\":[{\"@type\":\"SearchAction\",\"target\":{\"@type\":\"EntryPoint\",\"urlTemplate\":\"https:\\\/\\\/ala-talkkari.fi\\\/de\\\/?s={search_term_string}\"},\"query-input\":{\"@type\":\"PropertyValueSpecification\",\"valueRequired\":true,\"valueName\":\"search_term_string\"}}],\"inLanguage\":\"de\"},{\"@type\":\"Organization\",\"@id\":\"https:\\\/\\\/ala-talkkari.fi\\\/de\\\/#organization\",\"name\":\"Veljekset Ala-Talkkari Oy\",\"url\":\"https:\\\/\\\/ala-talkkari.fi\\\/de\\\/\",\"logo\":{\"@type\":\"ImageObject\",\"inLanguage\":\"de\",\"@id\":\"https:\\\/\\\/ala-talkkari.fi\\\/de\\\/#\\\/schema\\\/logo\\\/image\\\/\",\"url\":\"https:\\\/\\\/ala-talkkari.fi\\\/wp-content\\\/uploads\\\/2020\\\/09\\\/lammitys-veto-ala-talkkari.png\",\"contentUrl\":\"https:\\\/\\\/ala-talkkari.fi\\\/wp-content\\\/uploads\\\/2020\\\/09\\\/lammitys-veto-ala-talkkari.png\",\"width\":751,\"height\":67,\"caption\":\"Veljekset Ala-Talkkari Oy\"},\"image\":{\"@id\":\"https:\\\/\\\/ala-talkkari.fi\\\/de\\\/#\\\/schema\\\/logo\\\/image\\\/\"},\"sameAs\":[\"https:\\\/\\\/www.facebook.com\\\/alatalkkari\",\"https:\\\/\\\/www.instagram.com\\\/veljeksetalatalkkarioy\\\/\",\"https:\\\/\\\/www.youtube.com\\\/c\\\/VeljeksetAlaTalkkariOy\"]}]}<\/script>\n<!-- \/ Yoast SEO plugin. -->","yoast_head_json":{"title":"Veto Cont M - heizzentrale (150-500 kW).","description":"Veto Cont M - heizzentrale (150-500 kW).","robots":{"index":"index","follow":"follow","max-snippet":"max-snippet:-1","max-image-preview":"max-image-preview:large","max-video-preview":"max-video-preview:-1"},"canonical":"https:\/\/ala-talkkari.fi\/de\/heizhaus-veto-cont-m\/","og_locale":"de_DE","og_type":"article","og_title":"Veto Cont M - heizzentrale (150-500 kW).","og_description":"Veto Cont M - heizzentrale (150-500 kW).","og_url":"https:\/\/ala-talkkari.fi\/de\/heizhaus-veto-cont-m\/","og_site_name":"Veljekset Ala-Talkkari Oy","article_publisher":"https:\/\/www.facebook.com\/alatalkkari","article_modified_time":"2021-06-08T05:16:50+00:00","og_image":[{"url":"https:\/\/ala-talkkari.fi\/wp-content\/uploads\/2020\/09\/heizhaus-veto-cont.jpg","type":"","width":"","height":""}],"twitter_misc":{"Gesch\u00e4tzte Lesezeit":"2\u00a0Minuten"},"schema":{"@context":"https:\/\/schema.org","@graph":[{"@type":"WebPage","@id":"https:\/\/ala-talkkari.fi\/de\/heizhaus-veto-cont-m\/","url":"https:\/\/ala-talkkari.fi\/de\/heizhaus-veto-cont-m\/","name":"Veto Cont M - heizzentrale (150-500 kW).","isPartOf":{"@id":"https:\/\/ala-talkkari.fi\/de\/#website"},"primaryImageOfPage":{"@id":"https:\/\/ala-talkkari.fi\/de\/heizhaus-veto-cont-m\/#primaryimage"},"image":{"@id":"https:\/\/ala-talkkari.fi\/de\/heizhaus-veto-cont-m\/#primaryimage"},"thumbnailUrl":"https:\/\/ala-talkkari.fi\/wp-content\/uploads\/2020\/09\/heizhaus-veto-cont.jpg","datePublished":"2014-11-05T05:52:43+00:00","dateModified":"2021-06-08T05:16:50+00:00","description":"Veto Cont M - heizzentrale (150-500 kW).","breadcrumb":{"@id":"https:\/\/ala-talkkari.fi\/de\/heizhaus-veto-cont-m\/#breadcrumb"},"inLanguage":"de","potentialAction":[{"@type":"ReadAction","target":["https:\/\/ala-talkkari.fi\/de\/heizhaus-veto-cont-m\/"]}]},{"@type":"ImageObject","inLanguage":"de","@id":"https:\/\/ala-talkkari.fi\/de\/heizhaus-veto-cont-m\/#primaryimage","url":"https:\/\/ala-talkkari.fi\/wp-content\/uploads\/2020\/09\/heizhaus-veto-cont.jpg","contentUrl":"https:\/\/ala-talkkari.fi\/wp-content\/uploads\/2020\/09\/heizhaus-veto-cont.jpg"},{"@type":"BreadcrumbList","@id":"https:\/\/ala-talkkari.fi\/de\/heizhaus-veto-cont-m\/#breadcrumb","itemListElement":[{"@type":"ListItem","position":1,"name":"Home","item":"https:\/\/ala-talkkari.fi\/de\/"},{"@type":"ListItem","position":2,"name":"Veto Cont M"}]},{"@type":"WebSite","@id":"https:\/\/ala-talkkari.fi\/de\/#website","url":"https:\/\/ala-talkkari.fi\/de\/","name":"Veljekset Ala-Talkkari Oy","description":"Heizsysteme und Ger\u00e4te zur Landschaftspflege","publisher":{"@id":"https:\/\/ala-talkkari.fi\/de\/#organization"},"potentialAction":[{"@type":"SearchAction","target":{"@type":"EntryPoint","urlTemplate":"https:\/\/ala-talkkari.fi\/de\/?s={search_term_string}"},"query-input":{"@type":"PropertyValueSpecification","valueRequired":true,"valueName":"search_term_string"}}],"inLanguage":"de"},{"@type":"Organization","@id":"https:\/\/ala-talkkari.fi\/de\/#organization","name":"Veljekset Ala-Talkkari Oy","url":"https:\/\/ala-talkkari.fi\/de\/","logo":{"@type":"ImageObject","inLanguage":"de","@id":"https:\/\/ala-talkkari.fi\/de\/#\/schema\/logo\/image\/","url":"https:\/\/ala-talkkari.fi\/wp-content\/uploads\/2020\/09\/lammitys-veto-ala-talkkari.png","contentUrl":"https:\/\/ala-talkkari.fi\/wp-content\/uploads\/2020\/09\/lammitys-veto-ala-talkkari.png","width":751,"height":67,"caption":"Veljekset Ala-Talkkari Oy"},"image":{"@id":"https:\/\/ala-talkkari.fi\/de\/#\/schema\/logo\/image\/"},"sameAs":["https:\/\/www.facebook.com\/alatalkkari","https:\/\/www.instagram.com\/veljeksetalatalkkarioy\/","https:\/\/www.youtube.com\/c\/VeljeksetAlaTalkkariOy"]}]}},"_links":{"self":[{"href":"https:\/\/ala-talkkari.fi\/de\/wp-json\/wp\/v2\/pages\/4015","targetHints":{"allow":["GET"]}}],"collection":[{"href":"https:\/\/ala-talkkari.fi\/de\/wp-json\/wp\/v2\/pages"}],"about":[{"href":"https:\/\/ala-talkkari.fi\/de\/wp-json\/wp\/v2\/types\/page"}],"author":[{"embeddable":true,"href":"https:\/\/ala-talkkari.fi\/de\/wp-json\/wp\/v2\/users\/1"}],"replies":[{"embeddable":true,"href":"https:\/\/ala-talkkari.fi\/de\/wp-json\/wp\/v2\/comments?post=4015"}],"version-history":[{"count":12,"href":"https:\/\/ala-talkkari.fi\/de\/wp-json\/wp\/v2\/pages\/4015\/revisions"}],"predecessor-version":[{"id":8529,"href":"https:\/\/ala-talkkari.fi\/de\/wp-json\/wp\/v2\/pages\/4015\/revisions\/8529"}],"wp:attachment":[{"href":"https:\/\/ala-talkkari.fi\/de\/wp-json\/wp\/v2\/media?parent=4015"}],"curies":[{"name":"wp","href":"https:\/\/api.w.org\/{rel}","templated":true}]}}