{"id":3996,"date":"2014-11-04T14:52:31","date_gmt":"2014-11-04T12:52:31","guid":{"rendered":"http:\/\/ala-talkkari.fi\/de\/?page_id=3996"},"modified":"2020-09-16T08:04:33","modified_gmt":"2020-09-16T05:04:33","slug":"veto-b-40-kessel-mit-unterem-abbrand","status":"publish","type":"page","link":"https:\/\/ala-talkkari.fi\/de\/veto-b-40-kessel-mit-unterem-abbrand\/","title":{"rendered":"Veto B-40 Kessel mit unterem Abbrand"},"content":{"rendered":"<h2>Holzkessel, Veto B40 Kessel mit unterem Abbrand<\/h2>\n<p><img loading=\"lazy\" decoding=\"async\" class=\"size-large wp-image-8290 aligncenter\" src=\"https:\/\/ala-talkkari.fi\/wp-content\/uploads\/2020\/09\/klapikattila-puukattila-b-40-732x1024.jpg\" alt=\"\" width=\"732\" height=\"1024\" srcset=\"https:\/\/ala-talkkari.fi\/wp-content\/uploads\/2020\/09\/klapikattila-puukattila-b-40-732x1024.jpg 732w, https:\/\/ala-talkkari.fi\/wp-content\/uploads\/2020\/09\/klapikattila-puukattila-b-40-215x300.jpg 215w, https:\/\/ala-talkkari.fi\/wp-content\/uploads\/2020\/09\/klapikattila-puukattila-b-40-768x1074.jpg 768w, https:\/\/ala-talkkari.fi\/wp-content\/uploads\/2020\/09\/klapikattila-puukattila-b-40-600x839.jpg 600w, https:\/\/ala-talkkari.fi\/wp-content\/uploads\/2020\/09\/klapikattila-puukattila-b-40.jpg 1000w\" sizes=\"auto, (max-width: 732px) 100vw, 732px\" \/><\/p>\n<p>Der Veto B40 ist ein mit Holzscheiten funktionierender Kessel mit unterem Abbrand (Holzkessel). Der B40 ist als Speicherkessel entwickelt worden. Das kleine Wasservolumen des Kessels gew\u00e4hrleistet gute Brennverh\u00e4ltnisse sowie die Bereitschaft zur raschen Erw\u00e4rmung des Speichers. Die empfohlene Speichergr\u00f6\u00dfe betr\u00e4gt 1000 &#8211; 2500 l. Die empfohlene L\u00e4nge des Schornsteins betr\u00e4gt 6,8 m.<\/p>\n<p>&nbsp;<\/p>\n<p><strong>Technische Angaben:<\/strong><\/p>\n<p>L\u00e4nge, Au\u00dfenma\u00df: 1000 mm<\/p>\n<p>Breite, Au\u00dfenma\u00df: 510 mm<\/p>\n<p>H\u00f6he, Au\u00dfenma\u00df: 1060 mm<\/p>\n<p>Breite, Abgasverbindung: 230 mm<\/p>\n<p>H\u00f6he, Abgasverbindung: 130 mm<\/p>\n<p>H\u00f6he der Abgasverbindung vom Boden (zur Mitte der Verbindung): 890 mm<\/p>\n<p>Gebrauchswasserschnecke:<\/p>\n<p>Mischventil:<\/p>\n<p>Ausg\u00e4nge des Heizkreislaufs: 1 x 1,5\u2033<\/p>\n<p>Vorratsbeh\u00e4lter, Volumen: 135 l<\/p>\n<p>Vorratsbeh\u00e4lter, Gr\u00f6\u00dfe: 400 x 400 mm<\/p>\n<p>Leistung: 40 kW<\/p>\n<p>Gewicht: 380 kg<\/p>\n<p>Wasservolumen: 100 l<\/p>\n<p><strong>Sonderzubeh\u00f6r:<\/strong><\/p>\n<p>S\u00e4urebest\u00e4ndiger Vorratsbeh\u00e4lter,<\/p>\n<p>\u00d6ffnung des Brenners (f\u00fcr den Stoker)<\/p>\n<p>&nbsp;<\/p>\n<p><strong>Bilder vom Veto B40 Kessel mit unterem Abbrand:<\/strong><\/p>\n<p><!-- default-view.php -->\n<div\n\tclass=\"ngg-galleryoverview default-view\n\t ngg-ajax-pagination-none\t\"\n\tid=\"ngg-gallery-3d51f258d6b090535bab51197a006639-1\"\n\tdata-nextgen-gallery-id=\"11\"\n\tdata-gallery-id=\"11\"\n\t\tdata-gallery-name=\"Veto B-40\"\n\t>\n\n\t\t<!-- Thumbnails -->\n\t\t\t\t<div id=\"ngg-image-0\" class=\"ngg-gallery-thumbnail-box\n\t\t\t\t\t\t\t\t\t\t\t\"\n\t\t\t>\n\t\t\t\t\t\t<div class=\"ngg-gallery-thumbnail\">\n\t\t<a href=\"https:\/\/ala-talkkari.fi\/wp-content\/gallery\/veto-b-40\/B-28-punainen-maalaus-012.jpg?t=1555506410\"\n\t\t\ttitle=\"\"\n\t\t\tdata-src=\"https:\/\/ala-talkkari.fi\/wp-content\/gallery\/veto-b-40\/B-28-punainen-maalaus-012.jpg?t=1555506410\"\n\t\t\tdata-thumbnail=\"https:\/\/ala-talkkari.fi\/wp-content\/gallery\/veto-b-40\/thumbs\/thumbs_B-28-punainen-maalaus-012.jpg?t=1555506410\"\n\t\t\tdata-image-id=\"122\"\n\t\t\tdata-image-name=\"B-28-punainen-maalaus-012.jpg\"\n\t\t\tdata-title=\"B-40 alapalokattila\"\n\t\t\tdata-description=\"\"\n\t\t\tdata-image-slug=\"b-28-punainen-maalaus-012\"\n\t\t\t\t\t\t\t\t\t\t\t\t\t\t\t\t\t\t\t\tclass='nextgen_pro_lightbox' data-nplmodal-gallery-id='3d51f258d6b090535bab51197a006639'>\n\t\t\t\t\t\t\t\t<img\n\t\t\t\t\ttitle=\"B-40 alapalokattila\"\n\t\t\t\t\talt=\"B-40 alapalokattila\"\n\t\t\t\t\tsrc=\"https:\/\/ala-talkkari.fi\/wp-content\/gallery\/veto-b-40\/thumbs\/thumbs_B-28-punainen-maalaus-012.jpg?t=1555506410\"\n\t\t\t\t\twidth=\"120\"\n\t\t\t\t\theight=\"90\"\n\t\t\t\t\tstyle=\"max-width:100%;\"\n\t\t\t\t\/>\n\t\t\t<\/a>\n\t\t<\/div>\n\t\t\t\t\t\t\t<\/div>\n\t\t\t\n\t\t\t\t<div id=\"ngg-image-1\" class=\"ngg-gallery-thumbnail-box\n\t\t\t\t\t\t\t\t\t\t\t\"\n\t\t\t>\n\t\t\t\t\t\t<div class=\"ngg-gallery-thumbnail\">\n\t\t<a href=\"https:\/\/ala-talkkari.fi\/wp-content\/gallery\/veto-b-40\/B-28-punainen-maalaus-019.jpg?t=1555506412\"\n\t\t\ttitle=\"\"\n\t\t\tdata-src=\"https:\/\/ala-talkkari.fi\/wp-content\/gallery\/veto-b-40\/B-28-punainen-maalaus-019.jpg?t=1555506412\"\n\t\t\tdata-thumbnail=\"https:\/\/ala-talkkari.fi\/wp-content\/gallery\/veto-b-40\/thumbs\/thumbs_B-28-punainen-maalaus-019.jpg?t=1555506412\"\n\t\t\tdata-image-id=\"123\"\n\t\t\tdata-image-name=\"B-28-punainen-maalaus-019.jpg\"\n\t\t\tdata-title=\"keskusl\u00e4mmityskattila\"\n\t\t\tdata-description=\"\"\n\t\t\tdata-image-slug=\"b-28-punainen-maalaus-019\"\n\t\t\t\t\t\t\t\t\t\t\t\t\t\t\t\t\t\t\t\tclass='nextgen_pro_lightbox' data-nplmodal-gallery-id='3d51f258d6b090535bab51197a006639'>\n\t\t\t\t\t\t\t\t<img\n\t\t\t\t\ttitle=\"keskusl\u00e4mmityskattila\"\n\t\t\t\t\talt=\"keskusl\u00e4mmityskattila\"\n\t\t\t\t\tsrc=\"https:\/\/ala-talkkari.fi\/wp-content\/gallery\/veto-b-40\/thumbs\/thumbs_B-28-punainen-maalaus-019.jpg?t=1555506412\"\n\t\t\t\t\twidth=\"120\"\n\t\t\t\t\theight=\"90\"\n\t\t\t\t\tstyle=\"max-width:100%;\"\n\t\t\t\t\/>\n\t\t\t<\/a>\n\t\t<\/div>\n\t\t\t\t\t\t\t<\/div>\n\t\t\t\n\t\t\t\t<div id=\"ngg-image-2\" class=\"ngg-gallery-thumbnail-box\n\t\t\t\t\t\t\t\t\t\t\t\"\n\t\t\t>\n\t\t\t\t\t\t<div class=\"ngg-gallery-thumbnail\">\n\t\t<a href=\"https:\/\/ala-talkkari.fi\/wp-content\/gallery\/veto-b-40\/B-28-punainen-maalaus-021.jpg?t=1555506414\"\n\t\t\ttitle=\"\"\n\t\t\tdata-src=\"https:\/\/ala-talkkari.fi\/wp-content\/gallery\/veto-b-40\/B-28-punainen-maalaus-021.jpg?t=1555506414\"\n\t\t\tdata-thumbnail=\"https:\/\/ala-talkkari.fi\/wp-content\/gallery\/veto-b-40\/thumbs\/thumbs_B-28-punainen-maalaus-021.jpg?t=1555506414\"\n\t\t\tdata-image-id=\"124\"\n\t\t\tdata-image-name=\"B-28-punainen-maalaus-021.jpg\"\n\t\t\tdata-title=\"l\u00e4mp\u00f6kattila\"\n\t\t\tdata-description=\"\"\n\t\t\tdata-image-slug=\"b-28-punainen-maalaus-021\"\n\t\t\t\t\t\t\t\t\t\t\t\t\t\t\t\t\t\t\t\tclass='nextgen_pro_lightbox' data-nplmodal-gallery-id='3d51f258d6b090535bab51197a006639'>\n\t\t\t\t\t\t\t\t<img\n\t\t\t\t\ttitle=\"l\u00e4mp\u00f6kattila\"\n\t\t\t\t\talt=\"l\u00e4mp\u00f6kattila\"\n\t\t\t\t\tsrc=\"https:\/\/ala-talkkari.fi\/wp-content\/gallery\/veto-b-40\/thumbs\/thumbs_B-28-punainen-maalaus-021.jpg?t=1555506414\"\n\t\t\t\t\twidth=\"120\"\n\t\t\t\t\theight=\"90\"\n\t\t\t\t\tstyle=\"max-width:100%;\"\n\t\t\t\t\/>\n\t\t\t<\/a>\n\t\t<\/div>\n\t\t\t\t\t\t\t<\/div>\n\t\t\t\n\t\t\t\t<div id=\"ngg-image-3\" class=\"ngg-gallery-thumbnail-box\n\t\t\t\t\t\t\t\t\t\t\t\"\n\t\t\t>\n\t\t\t\t\t\t<div class=\"ngg-gallery-thumbnail\">\n\t\t<a href=\"https:\/\/ala-talkkari.fi\/wp-content\/gallery\/veto-b-40\/B-28-punainen-maalaus-030.jpg?t=1555506416\"\n\t\t\ttitle=\"\"\n\t\t\tdata-src=\"https:\/\/ala-talkkari.fi\/wp-content\/gallery\/veto-b-40\/B-28-punainen-maalaus-030.jpg?t=1555506416\"\n\t\t\tdata-thumbnail=\"https:\/\/ala-talkkari.fi\/wp-content\/gallery\/veto-b-40\/thumbs\/thumbs_B-28-punainen-maalaus-030.jpg?t=1555506416\"\n\t\t\tdata-image-id=\"125\"\n\t\t\tdata-image-name=\"B-28-punainen-maalaus-030.jpg\"\n\t\t\tdata-title=\"kotimainen puukattila\"\n\t\t\tdata-description=\"\"\n\t\t\tdata-image-slug=\"b-28-punainen-maalaus-030\"\n\t\t\t\t\t\t\t\t\t\t\t\t\t\t\t\t\t\t\t\tclass='nextgen_pro_lightbox' data-nplmodal-gallery-id='3d51f258d6b090535bab51197a006639'>\n\t\t\t\t\t\t\t\t<img\n\t\t\t\t\ttitle=\"kotimainen puukattila\"\n\t\t\t\t\talt=\"kotimainen puukattila\"\n\t\t\t\t\tsrc=\"https:\/\/ala-talkkari.fi\/wp-content\/gallery\/veto-b-40\/thumbs\/thumbs_B-28-punainen-maalaus-030.jpg?t=1555506416\"\n\t\t\t\t\twidth=\"120\"\n\t\t\t\t\theight=\"90\"\n\t\t\t\t\tstyle=\"max-width:100%;\"\n\t\t\t\t\/>\n\t\t\t<\/a>\n\t\t<\/div>\n\t\t\t\t\t\t\t<\/div>\n\t\t\t\n\t\t\t\t<div id=\"ngg-image-4\" class=\"ngg-gallery-thumbnail-box\n\t\t\t\t\t\t\t\t\t\t\t\"\n\t\t\t>\n\t\t\t\t\t\t<div class=\"ngg-gallery-thumbnail\">\n\t\t<a href=\"https:\/\/ala-talkkari.fi\/wp-content\/gallery\/veto-b-40\/B-28-punainen-maalaus-032.jpg?t=1555506418\"\n\t\t\ttitle=\"\"\n\t\t\tdata-src=\"https:\/\/ala-talkkari.fi\/wp-content\/gallery\/veto-b-40\/B-28-punainen-maalaus-032.jpg?t=1555506418\"\n\t\t\tdata-thumbnail=\"https:\/\/ala-talkkari.fi\/wp-content\/gallery\/veto-b-40\/thumbs\/thumbs_B-28-punainen-maalaus-032.jpg?t=1555506418\"\n\t\t\tdata-image-id=\"126\"\n\t\t\tdata-image-name=\"B-28-punainen-maalaus-032.jpg\"\n\t\t\tdata-title=\"B-28 puukattila\"\n\t\t\tdata-description=\"\"\n\t\t\tdata-image-slug=\"b-28-punainen-maalaus-032\"\n\t\t\t\t\t\t\t\t\t\t\t\t\t\t\t\t\t\t\t\tclass='nextgen_pro_lightbox' data-nplmodal-gallery-id='3d51f258d6b090535bab51197a006639'>\n\t\t\t\t\t\t\t\t<img\n\t\t\t\t\ttitle=\"B-28 puukattila\"\n\t\t\t\t\talt=\"B-28 puukattila\"\n\t\t\t\t\tsrc=\"https:\/\/ala-talkkari.fi\/wp-content\/gallery\/veto-b-40\/thumbs\/thumbs_B-28-punainen-maalaus-032.jpg?t=1555506418\"\n\t\t\t\t\twidth=\"120\"\n\t\t\t\t\theight=\"90\"\n\t\t\t\t\tstyle=\"max-width:100%;\"\n\t\t\t\t\/>\n\t\t\t<\/a>\n\t\t<\/div>\n\t\t\t\t\t\t\t<\/div>\n\t\t\t\n\t\t\t\t<div id=\"ngg-image-5\" class=\"ngg-gallery-thumbnail-box\n\t\t\t\t\t\t\t\t\t\t\t\"\n\t\t\t>\n\t\t\t\t\t\t<div class=\"ngg-gallery-thumbnail\">\n\t\t<a href=\"https:\/\/ala-talkkari.fi\/wp-content\/gallery\/veto-b-40\/B-28-punainen-maalaus-039.jpg?t=1555506420\"\n\t\t\ttitle=\"\"\n\t\t\tdata-src=\"https:\/\/ala-talkkari.fi\/wp-content\/gallery\/veto-b-40\/B-28-punainen-maalaus-039.jpg?t=1555506420\"\n\t\t\tdata-thumbnail=\"https:\/\/ala-talkkari.fi\/wp-content\/gallery\/veto-b-40\/thumbs\/thumbs_B-28-punainen-maalaus-039.jpg?t=1555506420\"\n\t\t\tdata-image-id=\"127\"\n\t\t\tdata-image-name=\"B-28-punainen-maalaus-039.jpg\"\n\t\t\tdata-title=\"puukattilat\"\n\t\t\tdata-description=\"\"\n\t\t\tdata-image-slug=\"b-28-punainen-maalaus-039\"\n\t\t\t\t\t\t\t\t\t\t\t\t\t\t\t\t\t\t\t\tclass='nextgen_pro_lightbox' data-nplmodal-gallery-id='3d51f258d6b090535bab51197a006639'>\n\t\t\t\t\t\t\t\t<img\n\t\t\t\t\ttitle=\"puukattilat\"\n\t\t\t\t\talt=\"puukattilat\"\n\t\t\t\t\tsrc=\"https:\/\/ala-talkkari.fi\/wp-content\/gallery\/veto-b-40\/thumbs\/thumbs_B-28-punainen-maalaus-039.jpg?t=1555506420\"\n\t\t\t\t\twidth=\"120\"\n\t\t\t\t\theight=\"90\"\n\t\t\t\t\tstyle=\"max-width:100%;\"\n\t\t\t\t\/>\n\t\t\t<\/a>\n\t\t<\/div>\n\t\t\t\t\t\t\t<\/div>\n\t\t\t\n\t\t\t\t<div id=\"ngg-image-6\" class=\"ngg-gallery-thumbnail-box\n\t\t\t\t\t\t\t\t\t\t\t\"\n\t\t\t>\n\t\t\t\t\t\t<div class=\"ngg-gallery-thumbnail\">\n\t\t<a href=\"https:\/\/ala-talkkari.fi\/wp-content\/gallery\/veto-b-40\/B-28-punainen-maalaus-042.jpg?t=1555506426\"\n\t\t\ttitle=\"\"\n\t\t\tdata-src=\"https:\/\/ala-talkkari.fi\/wp-content\/gallery\/veto-b-40\/B-28-punainen-maalaus-042.jpg?t=1555506426\"\n\t\t\tdata-thumbnail=\"https:\/\/ala-talkkari.fi\/wp-content\/gallery\/veto-b-40\/thumbs\/thumbs_B-28-punainen-maalaus-042.jpg?t=1555506426\"\n\t\t\tdata-image-id=\"128\"\n\t\t\tdata-image-name=\"B-28-punainen-maalaus-042.jpg\"\n\t\t\tdata-title=\"Veto-alapalokattila\"\n\t\t\tdata-description=\"\"\n\t\t\tdata-image-slug=\"b-28-punainen-maalaus-042\"\n\t\t\t\t\t\t\t\t\t\t\t\t\t\t\t\t\t\t\t\tclass='nextgen_pro_lightbox' data-nplmodal-gallery-id='3d51f258d6b090535bab51197a006639'>\n\t\t\t\t\t\t\t\t<img\n\t\t\t\t\ttitle=\"Veto-alapalokattila\"\n\t\t\t\t\talt=\"Veto-alapalokattila\"\n\t\t\t\t\tsrc=\"https:\/\/ala-talkkari.fi\/wp-content\/gallery\/veto-b-40\/thumbs\/thumbs_B-28-punainen-maalaus-042.jpg?t=1555506426\"\n\t\t\t\t\twidth=\"120\"\n\t\t\t\t\theight=\"90\"\n\t\t\t\t\tstyle=\"max-width:100%;\"\n\t\t\t\t\/>\n\t\t\t<\/a>\n\t\t<\/div>\n\t\t\t\t\t\t\t<\/div>\n\t\t\t\n\t\t\t\t<div id=\"ngg-image-7\" class=\"ngg-gallery-thumbnail-box\n\t\t\t\t\t\t\t\t\t\t\t\"\n\t\t\t>\n\t\t\t\t\t\t<div class=\"ngg-gallery-thumbnail\">\n\t\t<a href=\"https:\/\/ala-talkkari.fi\/wp-content\/gallery\/veto-b-40\/IMG_5687.JPG?t=1555506428\"\n\t\t\ttitle=\"\"\n\t\t\tdata-src=\"https:\/\/ala-talkkari.fi\/wp-content\/gallery\/veto-b-40\/IMG_5687.JPG?t=1555506428\"\n\t\t\tdata-thumbnail=\"https:\/\/ala-talkkari.fi\/wp-content\/gallery\/veto-b-40\/thumbs\/thumbs_IMG_5687.JPG?t=1555506428\"\n\t\t\tdata-image-id=\"279\"\n\t\t\tdata-image-name=\"IMG_5687.JPG\"\n\t\t\tdata-title=\"alapalokattilat\"\n\t\t\tdata-description=\"\"\n\t\t\tdata-image-slug=\"img_5687-jpg\"\n\t\t\t\t\t\t\t\t\t\t\t\t\t\t\t\t\t\t\t\tclass='nextgen_pro_lightbox' data-nplmodal-gallery-id='3d51f258d6b090535bab51197a006639'>\n\t\t\t\t\t\t\t\t<img\n\t\t\t\t\ttitle=\"alapalokattilat\"\n\t\t\t\t\talt=\"alapalokattilat\"\n\t\t\t\t\tsrc=\"https:\/\/ala-talkkari.fi\/wp-content\/gallery\/veto-b-40\/thumbs\/thumbs_IMG_5687.JPG?t=1555506428\"\n\t\t\t\t\twidth=\"120\"\n\t\t\t\t\theight=\"90\"\n\t\t\t\t\tstyle=\"max-width:100%;\"\n\t\t\t\t\/>\n\t\t\t<\/a>\n\t\t<\/div>\n\t\t\t\t\t\t\t<\/div>\n\t\t\t\n\t\n\t<br style=\"clear: both\" \/>\n\n\t\n\t\t<!-- Pagination -->\n\t\t<div class='ngg-clear'><\/div>\t<\/div>\n<\/p>\n<p><strong>&nbsp;<\/strong><\/p>\n<p>&nbsp;<\/p>\n","protected":false},"excerpt":{"rendered":"<p>Holzkessel, Veto B40 Kessel mit unterem Abbrand Der Veto B40 ist ein mit Holzscheiten funktionierender Kessel mit unterem Abbrand (Holzkessel). Der B40 ist als Speicherkessel entwickelt worden. Das kleine Wasservolumen des Kessels gew\u00e4hrleistet gute Brennverh\u00e4ltnisse sowie die Bereitschaft zur raschen Erw\u00e4rmung des Speichers. Die empfohlene Speichergr\u00f6\u00dfe betr\u00e4gt 1000 &#8211; 2500 l. Die empfohlene L\u00e4nge des [&hellip;]<\/p>\n","protected":false},"author":1,"featured_media":0,"parent":0,"menu_order":0,"comment_status":"closed","ping_status":"closed","template":"","meta":{"ngg_post_thumbnail":0,"footnotes":""},"class_list":["post-3996","page","type-page","status-publish","hentry"],"yoast_head":"<!-- This site is optimized with the Yoast SEO plugin v27.5 - https:\/\/yoast.com\/product\/yoast-seo-wordpress\/ -->\n<title>Veto B-40 Kessel mit unterem Abbrand - Veljekset Ala-Talkkari Oy<\/title>\n<meta name=\"robots\" content=\"index, follow, max-snippet:-1, max-image-preview:large, max-video-preview:-1\" \/>\n<link rel=\"canonical\" href=\"https:\/\/ala-talkkari.fi\/de\/veto-b-40-kessel-mit-unterem-abbrand\/\" \/>\n<meta property=\"og:locale\" content=\"de_DE\" \/>\n<meta property=\"og:type\" content=\"article\" \/>\n<meta property=\"og:title\" content=\"Veto B-40 Kessel mit unterem Abbrand - Veljekset Ala-Talkkari Oy\" \/>\n<meta property=\"og:description\" content=\"Holzkessel, Veto B40 Kessel mit unterem Abbrand Der Veto B40 ist ein mit Holzscheiten funktionierender Kessel mit unterem Abbrand (Holzkessel). Der B40 ist als Speicherkessel entwickelt worden. Das kleine Wasservolumen des Kessels gew\u00e4hrleistet gute Brennverh\u00e4ltnisse sowie die Bereitschaft zur raschen Erw\u00e4rmung des Speichers. Die empfohlene Speichergr\u00f6\u00dfe betr\u00e4gt 1000 &#8211; 2500 l. Die empfohlene L\u00e4nge des [&hellip;]\" \/>\n<meta property=\"og:url\" content=\"https:\/\/ala-talkkari.fi\/de\/veto-b-40-kessel-mit-unterem-abbrand\/\" \/>\n<meta property=\"og:site_name\" content=\"Veljekset Ala-Talkkari Oy\" \/>\n<meta property=\"article:publisher\" content=\"https:\/\/www.facebook.com\/alatalkkari\" \/>\n<meta property=\"article:modified_time\" content=\"2020-09-16T05:04:33+00:00\" \/>\n<meta property=\"og:image\" content=\"https:\/\/ala-talkkari.fi\/wp-content\/uploads\/2020\/09\/klapikattila-puukattila-b-40-732x1024.jpg\" \/>\n<meta name=\"twitter:label1\" content=\"Gesch\u00e4tzte Lesezeit\" \/>\n\t<meta name=\"twitter:data1\" content=\"1\u00a0Minute\" \/>\n<script type=\"application\/ld+json\" class=\"yoast-schema-graph\">{\"@context\":\"https:\\\/\\\/schema.org\",\"@graph\":[{\"@type\":\"WebPage\",\"@id\":\"https:\\\/\\\/ala-talkkari.fi\\\/de\\\/veto-b-40-kessel-mit-unterem-abbrand\\\/\",\"url\":\"https:\\\/\\\/ala-talkkari.fi\\\/de\\\/veto-b-40-kessel-mit-unterem-abbrand\\\/\",\"name\":\"Veto B-40 Kessel mit unterem Abbrand - Veljekset Ala-Talkkari Oy\",\"isPartOf\":{\"@id\":\"https:\\\/\\\/ala-talkkari.fi\\\/de\\\/#website\"},\"primaryImageOfPage\":{\"@id\":\"https:\\\/\\\/ala-talkkari.fi\\\/de\\\/veto-b-40-kessel-mit-unterem-abbrand\\\/#primaryimage\"},\"image\":{\"@id\":\"https:\\\/\\\/ala-talkkari.fi\\\/de\\\/veto-b-40-kessel-mit-unterem-abbrand\\\/#primaryimage\"},\"thumbnailUrl\":\"https:\\\/\\\/ala-talkkari.fi\\\/wp-content\\\/uploads\\\/2020\\\/09\\\/klapikattila-puukattila-b-40-732x1024.jpg\",\"datePublished\":\"2014-11-04T12:52:31+00:00\",\"dateModified\":\"2020-09-16T05:04:33+00:00\",\"breadcrumb\":{\"@id\":\"https:\\\/\\\/ala-talkkari.fi\\\/de\\\/veto-b-40-kessel-mit-unterem-abbrand\\\/#breadcrumb\"},\"inLanguage\":\"de\",\"potentialAction\":[{\"@type\":\"ReadAction\",\"target\":[\"https:\\\/\\\/ala-talkkari.fi\\\/de\\\/veto-b-40-kessel-mit-unterem-abbrand\\\/\"]}]},{\"@type\":\"ImageObject\",\"inLanguage\":\"de\",\"@id\":\"https:\\\/\\\/ala-talkkari.fi\\\/de\\\/veto-b-40-kessel-mit-unterem-abbrand\\\/#primaryimage\",\"url\":\"https:\\\/\\\/ala-talkkari.fi\\\/wp-content\\\/uploads\\\/2020\\\/09\\\/klapikattila-puukattila-b-40-732x1024.jpg\",\"contentUrl\":\"https:\\\/\\\/ala-talkkari.fi\\\/wp-content\\\/uploads\\\/2020\\\/09\\\/klapikattila-puukattila-b-40-732x1024.jpg\"},{\"@type\":\"BreadcrumbList\",\"@id\":\"https:\\\/\\\/ala-talkkari.fi\\\/de\\\/veto-b-40-kessel-mit-unterem-abbrand\\\/#breadcrumb\",\"itemListElement\":[{\"@type\":\"ListItem\",\"position\":1,\"name\":\"Home\",\"item\":\"https:\\\/\\\/ala-talkkari.fi\\\/de\\\/\"},{\"@type\":\"ListItem\",\"position\":2,\"name\":\"Veto B-40 Kessel mit unterem Abbrand\"}]},{\"@type\":\"WebSite\",\"@id\":\"https:\\\/\\\/ala-talkkari.fi\\\/de\\\/#website\",\"url\":\"https:\\\/\\\/ala-talkkari.fi\\\/de\\\/\",\"name\":\"Veljekset Ala-Talkkari Oy\",\"description\":\"Heizsysteme und Ger\u00e4te zur Landschaftspflege\",\"publisher\":{\"@id\":\"https:\\\/\\\/ala-talkkari.fi\\\/de\\\/#organization\"},\"potentialAction\":[{\"@type\":\"SearchAction\",\"target\":{\"@type\":\"EntryPoint\",\"urlTemplate\":\"https:\\\/\\\/ala-talkkari.fi\\\/de\\\/?s={search_term_string}\"},\"query-input\":{\"@type\":\"PropertyValueSpecification\",\"valueRequired\":true,\"valueName\":\"search_term_string\"}}],\"inLanguage\":\"de\"},{\"@type\":\"Organization\",\"@id\":\"https:\\\/\\\/ala-talkkari.fi\\\/de\\\/#organization\",\"name\":\"Veljekset Ala-Talkkari Oy\",\"url\":\"https:\\\/\\\/ala-talkkari.fi\\\/de\\\/\",\"logo\":{\"@type\":\"ImageObject\",\"inLanguage\":\"de\",\"@id\":\"https:\\\/\\\/ala-talkkari.fi\\\/de\\\/#\\\/schema\\\/logo\\\/image\\\/\",\"url\":\"https:\\\/\\\/ala-talkkari.fi\\\/wp-content\\\/uploads\\\/2020\\\/09\\\/lammitys-veto-ala-talkkari.png\",\"contentUrl\":\"https:\\\/\\\/ala-talkkari.fi\\\/wp-content\\\/uploads\\\/2020\\\/09\\\/lammitys-veto-ala-talkkari.png\",\"width\":751,\"height\":67,\"caption\":\"Veljekset Ala-Talkkari Oy\"},\"image\":{\"@id\":\"https:\\\/\\\/ala-talkkari.fi\\\/de\\\/#\\\/schema\\\/logo\\\/image\\\/\"},\"sameAs\":[\"https:\\\/\\\/www.facebook.com\\\/alatalkkari\",\"https:\\\/\\\/www.instagram.com\\\/veljeksetalatalkkarioy\\\/\",\"https:\\\/\\\/www.youtube.com\\\/c\\\/VeljeksetAlaTalkkariOy\"]}]}<\/script>\n<!-- \/ Yoast SEO plugin. -->","yoast_head_json":{"title":"Veto B-40 Kessel mit unterem Abbrand - Veljekset Ala-Talkkari Oy","robots":{"index":"index","follow":"follow","max-snippet":"max-snippet:-1","max-image-preview":"max-image-preview:large","max-video-preview":"max-video-preview:-1"},"canonical":"https:\/\/ala-talkkari.fi\/de\/veto-b-40-kessel-mit-unterem-abbrand\/","og_locale":"de_DE","og_type":"article","og_title":"Veto B-40 Kessel mit unterem Abbrand - Veljekset Ala-Talkkari Oy","og_description":"Holzkessel, Veto B40 Kessel mit unterem Abbrand Der Veto B40 ist ein mit Holzscheiten funktionierender Kessel mit unterem Abbrand (Holzkessel). Der B40 ist als Speicherkessel entwickelt worden. Das kleine Wasservolumen des Kessels gew\u00e4hrleistet gute Brennverh\u00e4ltnisse sowie die Bereitschaft zur raschen Erw\u00e4rmung des Speichers. Die empfohlene Speichergr\u00f6\u00dfe betr\u00e4gt 1000 &#8211; 2500 l. Die empfohlene L\u00e4nge des [&hellip;]","og_url":"https:\/\/ala-talkkari.fi\/de\/veto-b-40-kessel-mit-unterem-abbrand\/","og_site_name":"Veljekset Ala-Talkkari Oy","article_publisher":"https:\/\/www.facebook.com\/alatalkkari","article_modified_time":"2020-09-16T05:04:33+00:00","og_image":[{"url":"https:\/\/ala-talkkari.fi\/wp-content\/uploads\/2020\/09\/klapikattila-puukattila-b-40-732x1024.jpg","type":"","width":"","height":""}],"twitter_misc":{"Gesch\u00e4tzte Lesezeit":"1\u00a0Minute"},"schema":{"@context":"https:\/\/schema.org","@graph":[{"@type":"WebPage","@id":"https:\/\/ala-talkkari.fi\/de\/veto-b-40-kessel-mit-unterem-abbrand\/","url":"https:\/\/ala-talkkari.fi\/de\/veto-b-40-kessel-mit-unterem-abbrand\/","name":"Veto B-40 Kessel mit unterem Abbrand - Veljekset Ala-Talkkari Oy","isPartOf":{"@id":"https:\/\/ala-talkkari.fi\/de\/#website"},"primaryImageOfPage":{"@id":"https:\/\/ala-talkkari.fi\/de\/veto-b-40-kessel-mit-unterem-abbrand\/#primaryimage"},"image":{"@id":"https:\/\/ala-talkkari.fi\/de\/veto-b-40-kessel-mit-unterem-abbrand\/#primaryimage"},"thumbnailUrl":"https:\/\/ala-talkkari.fi\/wp-content\/uploads\/2020\/09\/klapikattila-puukattila-b-40-732x1024.jpg","datePublished":"2014-11-04T12:52:31+00:00","dateModified":"2020-09-16T05:04:33+00:00","breadcrumb":{"@id":"https:\/\/ala-talkkari.fi\/de\/veto-b-40-kessel-mit-unterem-abbrand\/#breadcrumb"},"inLanguage":"de","potentialAction":[{"@type":"ReadAction","target":["https:\/\/ala-talkkari.fi\/de\/veto-b-40-kessel-mit-unterem-abbrand\/"]}]},{"@type":"ImageObject","inLanguage":"de","@id":"https:\/\/ala-talkkari.fi\/de\/veto-b-40-kessel-mit-unterem-abbrand\/#primaryimage","url":"https:\/\/ala-talkkari.fi\/wp-content\/uploads\/2020\/09\/klapikattila-puukattila-b-40-732x1024.jpg","contentUrl":"https:\/\/ala-talkkari.fi\/wp-content\/uploads\/2020\/09\/klapikattila-puukattila-b-40-732x1024.jpg"},{"@type":"BreadcrumbList","@id":"https:\/\/ala-talkkari.fi\/de\/veto-b-40-kessel-mit-unterem-abbrand\/#breadcrumb","itemListElement":[{"@type":"ListItem","position":1,"name":"Home","item":"https:\/\/ala-talkkari.fi\/de\/"},{"@type":"ListItem","position":2,"name":"Veto B-40 Kessel mit unterem Abbrand"}]},{"@type":"WebSite","@id":"https:\/\/ala-talkkari.fi\/de\/#website","url":"https:\/\/ala-talkkari.fi\/de\/","name":"Veljekset Ala-Talkkari Oy","description":"Heizsysteme und Ger\u00e4te zur Landschaftspflege","publisher":{"@id":"https:\/\/ala-talkkari.fi\/de\/#organization"},"potentialAction":[{"@type":"SearchAction","target":{"@type":"EntryPoint","urlTemplate":"https:\/\/ala-talkkari.fi\/de\/?s={search_term_string}"},"query-input":{"@type":"PropertyValueSpecification","valueRequired":true,"valueName":"search_term_string"}}],"inLanguage":"de"},{"@type":"Organization","@id":"https:\/\/ala-talkkari.fi\/de\/#organization","name":"Veljekset Ala-Talkkari Oy","url":"https:\/\/ala-talkkari.fi\/de\/","logo":{"@type":"ImageObject","inLanguage":"de","@id":"https:\/\/ala-talkkari.fi\/de\/#\/schema\/logo\/image\/","url":"https:\/\/ala-talkkari.fi\/wp-content\/uploads\/2020\/09\/lammitys-veto-ala-talkkari.png","contentUrl":"https:\/\/ala-talkkari.fi\/wp-content\/uploads\/2020\/09\/lammitys-veto-ala-talkkari.png","width":751,"height":67,"caption":"Veljekset Ala-Talkkari Oy"},"image":{"@id":"https:\/\/ala-talkkari.fi\/de\/#\/schema\/logo\/image\/"},"sameAs":["https:\/\/www.facebook.com\/alatalkkari","https:\/\/www.instagram.com\/veljeksetalatalkkarioy\/","https:\/\/www.youtube.com\/c\/VeljeksetAlaTalkkariOy"]}]}},"_links":{"self":[{"href":"https:\/\/ala-talkkari.fi\/de\/wp-json\/wp\/v2\/pages\/3996","targetHints":{"allow":["GET"]}}],"collection":[{"href":"https:\/\/ala-talkkari.fi\/de\/wp-json\/wp\/v2\/pages"}],"about":[{"href":"https:\/\/ala-talkkari.fi\/de\/wp-json\/wp\/v2\/types\/page"}],"author":[{"embeddable":true,"href":"https:\/\/ala-talkkari.fi\/de\/wp-json\/wp\/v2\/users\/1"}],"replies":[{"embeddable":true,"href":"https:\/\/ala-talkkari.fi\/de\/wp-json\/wp\/v2\/comments?post=3996"}],"version-history":[{"count":9,"href":"https:\/\/ala-talkkari.fi\/de\/wp-json\/wp\/v2\/pages\/3996\/revisions"}],"predecessor-version":[{"id":8296,"href":"https:\/\/ala-talkkari.fi\/de\/wp-json\/wp\/v2\/pages\/3996\/revisions\/8296"}],"wp:attachment":[{"href":"https:\/\/ala-talkkari.fi\/de\/wp-json\/wp\/v2\/media?parent=3996"}],"curies":[{"name":"wp","href":"https:\/\/api.w.org\/{rel}","templated":true}]}}