{"id":3986,"date":"2014-11-04T14:52:19","date_gmt":"2014-11-04T12:52:19","guid":{"rendered":"http:\/\/ala-talkkari.fi\/de\/?page_id=3986"},"modified":"2020-09-16T07:58:43","modified_gmt":"2020-09-16T04:58:43","slug":"veto-b-28-kessel-mit-unterem-abbrand","status":"publish","type":"page","link":"https:\/\/ala-talkkari.fi\/de\/veto-b-28-kessel-mit-unterem-abbrand\/","title":{"rendered":"Veto B-28 Kessel mit unterem Abbrand"},"content":{"rendered":"<h2>Holzkessel, Veto B28 Kessel mit unterem Abbrand<\/h2>\n<p><img loading=\"lazy\" decoding=\"async\" class=\"size-large wp-image-8280 aligncenter\" src=\"https:\/\/ala-talkkari.fi\/wp-content\/uploads\/2020\/09\/puukattila-alapalokattila-b28-904x1024.jpg\" alt=\"\" width=\"780\" height=\"884\" srcset=\"https:\/\/ala-talkkari.fi\/wp-content\/uploads\/2020\/09\/puukattila-alapalokattila-b28-904x1024.jpg 904w, https:\/\/ala-talkkari.fi\/wp-content\/uploads\/2020\/09\/puukattila-alapalokattila-b28-265x300.jpg 265w, https:\/\/ala-talkkari.fi\/wp-content\/uploads\/2020\/09\/puukattila-alapalokattila-b28-768x870.jpg 768w, https:\/\/ala-talkkari.fi\/wp-content\/uploads\/2020\/09\/puukattila-alapalokattila-b28-1357x1536.jpg 1357w, https:\/\/ala-talkkari.fi\/wp-content\/uploads\/2020\/09\/puukattila-alapalokattila-b28-600x679.jpg 600w, https:\/\/ala-talkkari.fi\/wp-content\/uploads\/2020\/09\/puukattila-alapalokattila-b28.jpg 1611w\" sizes=\"auto, (max-width: 780px) 100vw, 780px\" \/><\/p>\n<p>Der Holzkessel Veto B28 ist ein mit Holzscheiten funktionierender Kessel mit unterem Abbrand (Holzkessel). Der B28 verf\u00fcgt als Standardausstattung \u00fcber eine Gebrauchswasserschnecke und einen Shunt, die auch ein direktes Heizen ohne Speicher erm\u00f6glichen. Die empfohlene Speichergr\u00f6\u00dfe betr\u00e4gt 500 &#8211; 1500 l. Der Veto B28 Kessel mit unterem Abbrand (Holzkessel) ist auch mit einem s\u00e4urebest\u00e4ndigen Beh\u00e4lter erh\u00e4ltlich. Die empfohlene L\u00e4nge des Schornsteins betr\u00e4gt ca. 6 m.<\/p>\n<p>&nbsp;<\/p>\n<p><strong>Technische Angaben:<\/strong><\/p>\n<p>L\u00e4nge, Au\u00dfenma\u00df: 1000 mm<\/p>\n<p>Breite, Au\u00dfenma\u00df: 510 mm<\/p>\n<p>H\u00f6he, Au\u00dfenma\u00df: 1060 mm<\/p>\n<p>Breite, Abgasverbindung: 230 mm<\/p>\n<p>H\u00f6he, Abgasverbindung: 130 mm<\/p>\n<p>H\u00f6he der Abgasverbindung vom Boden (zur Mitte der Verbindung): 90 mm<\/p>\n<p>Gebrauchswasserschnecke: 1 Stk. Standard<\/p>\n<p>Mischventil: 1 Stk.<\/p>\n<p>Ausg\u00e4nge des Heizkreislaufs: 1 x 1,5\u2033<\/p>\n<p>Vorratsbeh\u00e4lter, Volumen: 135 l<\/p>\n<p>Vorratsbeh\u00e4lter, Gr\u00f6\u00dfe: 400 x 400 mm<\/p>\n<p>Leistung: 28 kW<\/p>\n<p>Gewicht: 350 kg<\/p>\n<p>Wasservolumen: 160 l<\/p>\n<p><strong>Sonderzubeh\u00f6r:<\/strong><\/p>\n<p>Anschluss f\u00fcr den elektrischen Widerstand,<\/p>\n<p>Elektrischer Widerstand (6 oder 9 kW),<\/p>\n<p>S\u00e4urebest\u00e4ndiger Vorratsbeh\u00e4lter,<\/p>\n<p>Zweites Mischventil (Shunt),<\/p>\n<p>\u00d6ffnung des Brenners (f\u00fcr den Stoker)<\/p>\n<p>&nbsp;<\/p>\n<p><strong>Bilder vom Veto B28 Kessel mit unterem Abbrand:<\/strong><\/p>\n<p><!-- default-view.php -->\n<div\n\tclass=\"ngg-galleryoverview default-view\n\t ngg-ajax-pagination-none\t\"\n\tid=\"ngg-gallery-2461cc28093018eccc186e1b7b1bb02c-1\"\n\tdata-gallery-id=\"10\">\n\n\t\t<!-- Thumbnails -->\n\t\t\t\t<div id=\"ngg-image-0\" class=\"ngg-gallery-thumbnail-box\n\t\t\t\t\t\t\t\t\t\t\t\"\n\t\t\t>\n\t\t\t\t\t\t<div class=\"ngg-gallery-thumbnail\">\n\t\t\t<a href=\"https:\/\/ala-talkkari.fi\/wp-content\/gallery\/veto-b-28\/B-40-punainen-maalaus-089.jpg\"\n\t\t\t\ttitle=\"\"\n\t\t\t\tdata-src=\"https:\/\/ala-talkkari.fi\/wp-content\/gallery\/veto-b-28\/B-40-punainen-maalaus-089.jpg\"\n\t\t\t\tdata-thumbnail=\"https:\/\/ala-talkkari.fi\/wp-content\/gallery\/veto-b-28\/thumbs\/thumbs_B-40-punainen-maalaus-089.jpg\"\n\t\t\t\tdata-image-id=\"118\"\n\t\t\t\tdata-title=\"klapikattila\"\n\t\t\t\tdata-description=\"\"\n\t\t\t\tdata-image-slug=\"b-40-punainen-maalaus-089\"\n\t\t\t\t\t\t\t\t\t\t\t\t\t\t\t\t\t\t\t\tclass='nextgen_pro_lightbox' data-nplmodal-gallery-id='2461cc28093018eccc186e1b7b1bb02c'>\n\t\t\t\t\t\t\t\t<img\n\t\t\t\t\ttitle=\"klapikattila\"\n\t\t\t\t\talt=\"klapikattila\"\n\t\t\t\t\tsrc=\"https:\/\/ala-talkkari.fi\/wp-content\/gallery\/veto-b-28\/thumbs\/thumbs_B-40-punainen-maalaus-089.jpg\"\n\t\t\t\t\twidth=\"120\"\n\t\t\t\t\theight=\"90\"\n\t\t\t\t\tstyle=\"max-width:100%;\"\n\t\t\t\t\/>\n\t\t\t<\/a>\n\t\t<\/div>\n\t\t\t\t\t\t\t<\/div>\n\t\t\t\n\t\t\t\t<div id=\"ngg-image-1\" class=\"ngg-gallery-thumbnail-box\n\t\t\t\t\t\t\t\t\t\t\t\"\n\t\t\t>\n\t\t\t\t\t\t<div class=\"ngg-gallery-thumbnail\">\n\t\t\t<a href=\"https:\/\/ala-talkkari.fi\/wp-content\/gallery\/veto-b-28\/B-40-punainen-maalaus-099.jpg\"\n\t\t\t\ttitle=\"\"\n\t\t\t\tdata-src=\"https:\/\/ala-talkkari.fi\/wp-content\/gallery\/veto-b-28\/B-40-punainen-maalaus-099.jpg\"\n\t\t\t\tdata-thumbnail=\"https:\/\/ala-talkkari.fi\/wp-content\/gallery\/veto-b-28\/thumbs\/thumbs_B-40-punainen-maalaus-099.jpg\"\n\t\t\t\tdata-image-id=\"119\"\n\t\t\t\tdata-title=\"heizkessel\"\n\t\t\t\tdata-description=\"\"\n\t\t\t\tdata-image-slug=\"b-40-punainen-maalaus-099\"\n\t\t\t\t\t\t\t\t\t\t\t\t\t\t\t\t\t\t\t\tclass='nextgen_pro_lightbox' data-nplmodal-gallery-id='2461cc28093018eccc186e1b7b1bb02c'>\n\t\t\t\t\t\t\t\t<img\n\t\t\t\t\ttitle=\"heizkessel\"\n\t\t\t\t\talt=\"heizkessel\"\n\t\t\t\t\tsrc=\"https:\/\/ala-talkkari.fi\/wp-content\/gallery\/veto-b-28\/thumbs\/thumbs_B-40-punainen-maalaus-099.jpg\"\n\t\t\t\t\twidth=\"120\"\n\t\t\t\t\theight=\"90\"\n\t\t\t\t\tstyle=\"max-width:100%;\"\n\t\t\t\t\/>\n\t\t\t<\/a>\n\t\t<\/div>\n\t\t\t\t\t\t\t<\/div>\n\t\t\t\n\t\t\t\t<div id=\"ngg-image-2\" class=\"ngg-gallery-thumbnail-box\n\t\t\t\t\t\t\t\t\t\t\t\"\n\t\t\t>\n\t\t\t\t\t\t<div class=\"ngg-gallery-thumbnail\">\n\t\t\t<a href=\"https:\/\/ala-talkkari.fi\/wp-content\/gallery\/veto-b-28\/B-40-punainen-maalaus-106.jpg\"\n\t\t\t\ttitle=\"\"\n\t\t\t\tdata-src=\"https:\/\/ala-talkkari.fi\/wp-content\/gallery\/veto-b-28\/B-40-punainen-maalaus-106.jpg\"\n\t\t\t\tdata-thumbnail=\"https:\/\/ala-talkkari.fi\/wp-content\/gallery\/veto-b-28\/thumbs\/thumbs_B-40-punainen-maalaus-106.jpg\"\n\t\t\t\tdata-image-id=\"120\"\n\t\t\t\tdata-title=\"Holzkessel\"\n\t\t\t\tdata-description=\"\"\n\t\t\t\tdata-image-slug=\"b-40-punainen-maalaus-106\"\n\t\t\t\t\t\t\t\t\t\t\t\t\t\t\t\t\t\t\t\tclass='nextgen_pro_lightbox' data-nplmodal-gallery-id='2461cc28093018eccc186e1b7b1bb02c'>\n\t\t\t\t\t\t\t\t<img\n\t\t\t\t\ttitle=\"Holzkessel\"\n\t\t\t\t\talt=\"Holzkessel\"\n\t\t\t\t\tsrc=\"https:\/\/ala-talkkari.fi\/wp-content\/gallery\/veto-b-28\/thumbs\/thumbs_B-40-punainen-maalaus-106.jpg\"\n\t\t\t\t\twidth=\"120\"\n\t\t\t\t\theight=\"90\"\n\t\t\t\t\tstyle=\"max-width:100%;\"\n\t\t\t\t\/>\n\t\t\t<\/a>\n\t\t<\/div>\n\t\t\t\t\t\t\t<\/div>\n\t\t\t\n\t\t\t\t<div id=\"ngg-image-3\" class=\"ngg-gallery-thumbnail-box\n\t\t\t\t\t\t\t\t\t\t\t\"\n\t\t\t>\n\t\t\t\t\t\t<div class=\"ngg-gallery-thumbnail\">\n\t\t\t<a href=\"https:\/\/ala-talkkari.fi\/wp-content\/gallery\/veto-b-28\/IMG_5721.JPG\"\n\t\t\t\ttitle=\"\"\n\t\t\t\tdata-src=\"https:\/\/ala-talkkari.fi\/wp-content\/gallery\/veto-b-28\/IMG_5721.JPG\"\n\t\t\t\tdata-thumbnail=\"https:\/\/ala-talkkari.fi\/wp-content\/gallery\/veto-b-28\/thumbs\/thumbs_IMG_5721.JPG\"\n\t\t\t\tdata-image-id=\"276\"\n\t\t\t\tdata-title=\"alapalokattila\"\n\t\t\t\tdata-description=\"\"\n\t\t\t\tdata-image-slug=\"img_5721-jpg\"\n\t\t\t\t\t\t\t\t\t\t\t\t\t\t\t\t\t\t\t\tclass='nextgen_pro_lightbox' data-nplmodal-gallery-id='2461cc28093018eccc186e1b7b1bb02c'>\n\t\t\t\t\t\t\t\t<img\n\t\t\t\t\ttitle=\"alapalokattila\"\n\t\t\t\t\talt=\"alapalokattila\"\n\t\t\t\t\tsrc=\"https:\/\/ala-talkkari.fi\/wp-content\/gallery\/veto-b-28\/thumbs\/thumbs_IMG_5721.JPG\"\n\t\t\t\t\twidth=\"120\"\n\t\t\t\t\theight=\"90\"\n\t\t\t\t\tstyle=\"max-width:100%;\"\n\t\t\t\t\/>\n\t\t\t<\/a>\n\t\t<\/div>\n\t\t\t\t\t\t\t<\/div>\n\t\t\t\n\t\t\t\t<div id=\"ngg-image-4\" class=\"ngg-gallery-thumbnail-box\n\t\t\t\t\t\t\t\t\t\t\t\"\n\t\t\t>\n\t\t\t\t\t\t<div class=\"ngg-gallery-thumbnail\">\n\t\t\t<a href=\"https:\/\/ala-talkkari.fi\/wp-content\/gallery\/veto-b-28\/IMG_5722.JPG\"\n\t\t\t\ttitle=\"\"\n\t\t\t\tdata-src=\"https:\/\/ala-talkkari.fi\/wp-content\/gallery\/veto-b-28\/IMG_5722.JPG\"\n\t\t\t\tdata-thumbnail=\"https:\/\/ala-talkkari.fi\/wp-content\/gallery\/veto-b-28\/thumbs\/thumbs_IMG_5722.JPG\"\n\t\t\t\tdata-image-id=\"277\"\n\t\t\t\tdata-title=\"Veto B-28 alapalokattila\"\n\t\t\t\tdata-description=\"\"\n\t\t\t\tdata-image-slug=\"img_5722-jpg\"\n\t\t\t\t\t\t\t\t\t\t\t\t\t\t\t\t\t\t\t\tclass='nextgen_pro_lightbox' data-nplmodal-gallery-id='2461cc28093018eccc186e1b7b1bb02c'>\n\t\t\t\t\t\t\t\t<img\n\t\t\t\t\ttitle=\"Veto B-28 alapalokattila\"\n\t\t\t\t\talt=\"Veto B-28 alapalokattila\"\n\t\t\t\t\tsrc=\"https:\/\/ala-talkkari.fi\/wp-content\/gallery\/veto-b-28\/thumbs\/thumbs_IMG_5722.JPG\"\n\t\t\t\t\twidth=\"120\"\n\t\t\t\t\theight=\"90\"\n\t\t\t\t\tstyle=\"max-width:100%;\"\n\t\t\t\t\/>\n\t\t\t<\/a>\n\t\t<\/div>\n\t\t\t\t\t\t\t<\/div>\n\t\t\t\n\t\t\t\t<div id=\"ngg-image-5\" class=\"ngg-gallery-thumbnail-box\n\t\t\t\t\t\t\t\t\t\t\t\"\n\t\t\t>\n\t\t\t\t\t\t<div class=\"ngg-gallery-thumbnail\">\n\t\t\t<a href=\"https:\/\/ala-talkkari.fi\/wp-content\/gallery\/veto-b-28\/IMG_5709.JPG\"\n\t\t\t\ttitle=\"\"\n\t\t\t\tdata-src=\"https:\/\/ala-talkkari.fi\/wp-content\/gallery\/veto-b-28\/IMG_5709.JPG\"\n\t\t\t\tdata-thumbnail=\"https:\/\/ala-talkkari.fi\/wp-content\/gallery\/veto-b-28\/thumbs\/thumbs_IMG_5709.JPG\"\n\t\t\t\tdata-image-id=\"278\"\n\t\t\t\tdata-title=\"Ala-Talkkari puukattila\"\n\t\t\t\tdata-description=\"\"\n\t\t\t\tdata-image-slug=\"img_5709-jpg\"\n\t\t\t\t\t\t\t\t\t\t\t\t\t\t\t\t\t\t\t\tclass='nextgen_pro_lightbox' data-nplmodal-gallery-id='2461cc28093018eccc186e1b7b1bb02c'>\n\t\t\t\t\t\t\t\t<img\n\t\t\t\t\ttitle=\"Ala-Talkkari puukattila\"\n\t\t\t\t\talt=\"Ala-Talkkari puukattila\"\n\t\t\t\t\tsrc=\"https:\/\/ala-talkkari.fi\/wp-content\/gallery\/veto-b-28\/thumbs\/thumbs_IMG_5709.JPG\"\n\t\t\t\t\twidth=\"120\"\n\t\t\t\t\theight=\"90\"\n\t\t\t\t\tstyle=\"max-width:100%;\"\n\t\t\t\t\/>\n\t\t\t<\/a>\n\t\t<\/div>\n\t\t\t\t\t\t\t<\/div>\n\t\t\t\n\t\n\t<br style=\"clear: both\" \/>\n\n\t\n\t\t<!-- Pagination -->\n\t\t<div class='ngg-clear'><\/div>\t<\/div>\n<\/p>\n<p><strong>&nbsp;<\/strong><\/p>\n<p>&nbsp;<\/p>\n<p>&nbsp;<\/p>\n<p>&nbsp;<\/p>\n","protected":false},"excerpt":{"rendered":"<p>Holzkessel, Veto B28 Kessel mit unterem Abbrand Der Holzkessel Veto B28 ist ein mit Holzscheiten funktionierender Kessel mit unterem Abbrand (Holzkessel). Der B28 verf\u00fcgt als Standardausstattung \u00fcber eine Gebrauchswasserschnecke und einen Shunt, die auch ein direktes Heizen ohne Speicher erm\u00f6glichen. Die empfohlene Speichergr\u00f6\u00dfe betr\u00e4gt 500 &#8211; 1500 l. Der Veto B28 Kessel mit unterem Abbrand [&hellip;]<\/p>\n","protected":false},"author":1,"featured_media":0,"parent":0,"menu_order":0,"comment_status":"closed","ping_status":"closed","template":"","meta":{"ngg_post_thumbnail":0,"footnotes":""},"class_list":["post-3986","page","type-page","status-publish","hentry"],"yoast_head":"<!-- This site is optimized with the Yoast SEO plugin v27.4 - https:\/\/yoast.com\/product\/yoast-seo-wordpress\/ -->\n<title>Veto B-28 Kessel mit unterem Abbrand - Veljekset Ala-Talkkari Oy<\/title>\n<meta name=\"robots\" content=\"index, follow, max-snippet:-1, max-image-preview:large, max-video-preview:-1\" \/>\n<link rel=\"canonical\" href=\"https:\/\/ala-talkkari.fi\/de\/veto-b-28-kessel-mit-unterem-abbrand\/\" \/>\n<meta property=\"og:locale\" content=\"de_DE\" \/>\n<meta property=\"og:type\" content=\"article\" \/>\n<meta property=\"og:title\" content=\"Veto B-28 Kessel mit unterem Abbrand - Veljekset Ala-Talkkari Oy\" \/>\n<meta property=\"og:description\" content=\"Holzkessel, Veto B28 Kessel mit unterem Abbrand Der Holzkessel Veto B28 ist ein mit Holzscheiten funktionierender Kessel mit unterem Abbrand (Holzkessel). Der B28 verf\u00fcgt als Standardausstattung \u00fcber eine Gebrauchswasserschnecke und einen Shunt, die auch ein direktes Heizen ohne Speicher erm\u00f6glichen. Die empfohlene Speichergr\u00f6\u00dfe betr\u00e4gt 500 &#8211; 1500 l. Der Veto B28 Kessel mit unterem Abbrand [&hellip;]\" \/>\n<meta property=\"og:url\" content=\"https:\/\/ala-talkkari.fi\/de\/veto-b-28-kessel-mit-unterem-abbrand\/\" \/>\n<meta property=\"og:site_name\" content=\"Veljekset Ala-Talkkari Oy\" \/>\n<meta property=\"article:publisher\" content=\"https:\/\/www.facebook.com\/alatalkkari\" \/>\n<meta property=\"article:modified_time\" content=\"2020-09-16T04:58:43+00:00\" \/>\n<meta property=\"og:image\" content=\"https:\/\/ala-talkkari.fi\/wp-content\/uploads\/2020\/09\/puukattila-alapalokattila-b28-904x1024.jpg\" \/>\n<meta name=\"twitter:label1\" content=\"Gesch\u00e4tzte Lesezeit\" \/>\n\t<meta name=\"twitter:data1\" content=\"1\u00a0Minute\" \/>\n<script type=\"application\/ld+json\" class=\"yoast-schema-graph\">{\"@context\":\"https:\\\/\\\/schema.org\",\"@graph\":[{\"@type\":\"WebPage\",\"@id\":\"https:\\\/\\\/ala-talkkari.fi\\\/de\\\/veto-b-28-kessel-mit-unterem-abbrand\\\/\",\"url\":\"https:\\\/\\\/ala-talkkari.fi\\\/de\\\/veto-b-28-kessel-mit-unterem-abbrand\\\/\",\"name\":\"Veto B-28 Kessel mit unterem Abbrand - Veljekset Ala-Talkkari Oy\",\"isPartOf\":{\"@id\":\"https:\\\/\\\/ala-talkkari.fi\\\/de\\\/#website\"},\"primaryImageOfPage\":{\"@id\":\"https:\\\/\\\/ala-talkkari.fi\\\/de\\\/veto-b-28-kessel-mit-unterem-abbrand\\\/#primaryimage\"},\"image\":{\"@id\":\"https:\\\/\\\/ala-talkkari.fi\\\/de\\\/veto-b-28-kessel-mit-unterem-abbrand\\\/#primaryimage\"},\"thumbnailUrl\":\"https:\\\/\\\/ala-talkkari.fi\\\/wp-content\\\/uploads\\\/2020\\\/09\\\/puukattila-alapalokattila-b28-904x1024.jpg\",\"datePublished\":\"2014-11-04T12:52:19+00:00\",\"dateModified\":\"2020-09-16T04:58:43+00:00\",\"breadcrumb\":{\"@id\":\"https:\\\/\\\/ala-talkkari.fi\\\/de\\\/veto-b-28-kessel-mit-unterem-abbrand\\\/#breadcrumb\"},\"inLanguage\":\"de\",\"potentialAction\":[{\"@type\":\"ReadAction\",\"target\":[\"https:\\\/\\\/ala-talkkari.fi\\\/de\\\/veto-b-28-kessel-mit-unterem-abbrand\\\/\"]}]},{\"@type\":\"ImageObject\",\"inLanguage\":\"de\",\"@id\":\"https:\\\/\\\/ala-talkkari.fi\\\/de\\\/veto-b-28-kessel-mit-unterem-abbrand\\\/#primaryimage\",\"url\":\"https:\\\/\\\/ala-talkkari.fi\\\/wp-content\\\/uploads\\\/2020\\\/09\\\/puukattila-alapalokattila-b28-904x1024.jpg\",\"contentUrl\":\"https:\\\/\\\/ala-talkkari.fi\\\/wp-content\\\/uploads\\\/2020\\\/09\\\/puukattila-alapalokattila-b28-904x1024.jpg\"},{\"@type\":\"BreadcrumbList\",\"@id\":\"https:\\\/\\\/ala-talkkari.fi\\\/de\\\/veto-b-28-kessel-mit-unterem-abbrand\\\/#breadcrumb\",\"itemListElement\":[{\"@type\":\"ListItem\",\"position\":1,\"name\":\"Home\",\"item\":\"https:\\\/\\\/ala-talkkari.fi\\\/de\\\/\"},{\"@type\":\"ListItem\",\"position\":2,\"name\":\"Veto B-28 Kessel mit unterem Abbrand\"}]},{\"@type\":\"WebSite\",\"@id\":\"https:\\\/\\\/ala-talkkari.fi\\\/de\\\/#website\",\"url\":\"https:\\\/\\\/ala-talkkari.fi\\\/de\\\/\",\"name\":\"Veljekset Ala-Talkkari Oy\",\"description\":\"Heizsysteme und Ger\u00e4te zur Landschaftspflege\",\"publisher\":{\"@id\":\"https:\\\/\\\/ala-talkkari.fi\\\/de\\\/#organization\"},\"potentialAction\":[{\"@type\":\"SearchAction\",\"target\":{\"@type\":\"EntryPoint\",\"urlTemplate\":\"https:\\\/\\\/ala-talkkari.fi\\\/de\\\/?s={search_term_string}\"},\"query-input\":{\"@type\":\"PropertyValueSpecification\",\"valueRequired\":true,\"valueName\":\"search_term_string\"}}],\"inLanguage\":\"de\"},{\"@type\":\"Organization\",\"@id\":\"https:\\\/\\\/ala-talkkari.fi\\\/de\\\/#organization\",\"name\":\"Veljekset Ala-Talkkari Oy\",\"url\":\"https:\\\/\\\/ala-talkkari.fi\\\/de\\\/\",\"logo\":{\"@type\":\"ImageObject\",\"inLanguage\":\"de\",\"@id\":\"https:\\\/\\\/ala-talkkari.fi\\\/de\\\/#\\\/schema\\\/logo\\\/image\\\/\",\"url\":\"https:\\\/\\\/ala-talkkari.fi\\\/wp-content\\\/uploads\\\/2020\\\/09\\\/lammitys-veto-ala-talkkari.png\",\"contentUrl\":\"https:\\\/\\\/ala-talkkari.fi\\\/wp-content\\\/uploads\\\/2020\\\/09\\\/lammitys-veto-ala-talkkari.png\",\"width\":751,\"height\":67,\"caption\":\"Veljekset Ala-Talkkari Oy\"},\"image\":{\"@id\":\"https:\\\/\\\/ala-talkkari.fi\\\/de\\\/#\\\/schema\\\/logo\\\/image\\\/\"},\"sameAs\":[\"https:\\\/\\\/www.facebook.com\\\/alatalkkari\",\"https:\\\/\\\/www.instagram.com\\\/veljeksetalatalkkarioy\\\/\",\"https:\\\/\\\/www.youtube.com\\\/c\\\/VeljeksetAlaTalkkariOy\"]}]}<\/script>\n<!-- \/ Yoast SEO plugin. -->","yoast_head_json":{"title":"Veto B-28 Kessel mit unterem Abbrand - Veljekset Ala-Talkkari Oy","robots":{"index":"index","follow":"follow","max-snippet":"max-snippet:-1","max-image-preview":"max-image-preview:large","max-video-preview":"max-video-preview:-1"},"canonical":"https:\/\/ala-talkkari.fi\/de\/veto-b-28-kessel-mit-unterem-abbrand\/","og_locale":"de_DE","og_type":"article","og_title":"Veto B-28 Kessel mit unterem Abbrand - Veljekset Ala-Talkkari Oy","og_description":"Holzkessel, Veto B28 Kessel mit unterem Abbrand Der Holzkessel Veto B28 ist ein mit Holzscheiten funktionierender Kessel mit unterem Abbrand (Holzkessel). Der B28 verf\u00fcgt als Standardausstattung \u00fcber eine Gebrauchswasserschnecke und einen Shunt, die auch ein direktes Heizen ohne Speicher erm\u00f6glichen. Die empfohlene Speichergr\u00f6\u00dfe betr\u00e4gt 500 &#8211; 1500 l. Der Veto B28 Kessel mit unterem Abbrand [&hellip;]","og_url":"https:\/\/ala-talkkari.fi\/de\/veto-b-28-kessel-mit-unterem-abbrand\/","og_site_name":"Veljekset Ala-Talkkari Oy","article_publisher":"https:\/\/www.facebook.com\/alatalkkari","article_modified_time":"2020-09-16T04:58:43+00:00","og_image":[{"url":"https:\/\/ala-talkkari.fi\/wp-content\/uploads\/2020\/09\/puukattila-alapalokattila-b28-904x1024.jpg","type":"","width":"","height":""}],"twitter_misc":{"Gesch\u00e4tzte Lesezeit":"1\u00a0Minute"},"schema":{"@context":"https:\/\/schema.org","@graph":[{"@type":"WebPage","@id":"https:\/\/ala-talkkari.fi\/de\/veto-b-28-kessel-mit-unterem-abbrand\/","url":"https:\/\/ala-talkkari.fi\/de\/veto-b-28-kessel-mit-unterem-abbrand\/","name":"Veto B-28 Kessel mit unterem Abbrand - Veljekset Ala-Talkkari Oy","isPartOf":{"@id":"https:\/\/ala-talkkari.fi\/de\/#website"},"primaryImageOfPage":{"@id":"https:\/\/ala-talkkari.fi\/de\/veto-b-28-kessel-mit-unterem-abbrand\/#primaryimage"},"image":{"@id":"https:\/\/ala-talkkari.fi\/de\/veto-b-28-kessel-mit-unterem-abbrand\/#primaryimage"},"thumbnailUrl":"https:\/\/ala-talkkari.fi\/wp-content\/uploads\/2020\/09\/puukattila-alapalokattila-b28-904x1024.jpg","datePublished":"2014-11-04T12:52:19+00:00","dateModified":"2020-09-16T04:58:43+00:00","breadcrumb":{"@id":"https:\/\/ala-talkkari.fi\/de\/veto-b-28-kessel-mit-unterem-abbrand\/#breadcrumb"},"inLanguage":"de","potentialAction":[{"@type":"ReadAction","target":["https:\/\/ala-talkkari.fi\/de\/veto-b-28-kessel-mit-unterem-abbrand\/"]}]},{"@type":"ImageObject","inLanguage":"de","@id":"https:\/\/ala-talkkari.fi\/de\/veto-b-28-kessel-mit-unterem-abbrand\/#primaryimage","url":"https:\/\/ala-talkkari.fi\/wp-content\/uploads\/2020\/09\/puukattila-alapalokattila-b28-904x1024.jpg","contentUrl":"https:\/\/ala-talkkari.fi\/wp-content\/uploads\/2020\/09\/puukattila-alapalokattila-b28-904x1024.jpg"},{"@type":"BreadcrumbList","@id":"https:\/\/ala-talkkari.fi\/de\/veto-b-28-kessel-mit-unterem-abbrand\/#breadcrumb","itemListElement":[{"@type":"ListItem","position":1,"name":"Home","item":"https:\/\/ala-talkkari.fi\/de\/"},{"@type":"ListItem","position":2,"name":"Veto B-28 Kessel mit unterem Abbrand"}]},{"@type":"WebSite","@id":"https:\/\/ala-talkkari.fi\/de\/#website","url":"https:\/\/ala-talkkari.fi\/de\/","name":"Veljekset Ala-Talkkari Oy","description":"Heizsysteme und Ger\u00e4te zur Landschaftspflege","publisher":{"@id":"https:\/\/ala-talkkari.fi\/de\/#organization"},"potentialAction":[{"@type":"SearchAction","target":{"@type":"EntryPoint","urlTemplate":"https:\/\/ala-talkkari.fi\/de\/?s={search_term_string}"},"query-input":{"@type":"PropertyValueSpecification","valueRequired":true,"valueName":"search_term_string"}}],"inLanguage":"de"},{"@type":"Organization","@id":"https:\/\/ala-talkkari.fi\/de\/#organization","name":"Veljekset Ala-Talkkari Oy","url":"https:\/\/ala-talkkari.fi\/de\/","logo":{"@type":"ImageObject","inLanguage":"de","@id":"https:\/\/ala-talkkari.fi\/de\/#\/schema\/logo\/image\/","url":"https:\/\/ala-talkkari.fi\/wp-content\/uploads\/2020\/09\/lammitys-veto-ala-talkkari.png","contentUrl":"https:\/\/ala-talkkari.fi\/wp-content\/uploads\/2020\/09\/lammitys-veto-ala-talkkari.png","width":751,"height":67,"caption":"Veljekset Ala-Talkkari Oy"},"image":{"@id":"https:\/\/ala-talkkari.fi\/de\/#\/schema\/logo\/image\/"},"sameAs":["https:\/\/www.facebook.com\/alatalkkari","https:\/\/www.instagram.com\/veljeksetalatalkkarioy\/","https:\/\/www.youtube.com\/c\/VeljeksetAlaTalkkariOy"]}]}},"_links":{"self":[{"href":"https:\/\/ala-talkkari.fi\/de\/wp-json\/wp\/v2\/pages\/3986","targetHints":{"allow":["GET"]}}],"collection":[{"href":"https:\/\/ala-talkkari.fi\/de\/wp-json\/wp\/v2\/pages"}],"about":[{"href":"https:\/\/ala-talkkari.fi\/de\/wp-json\/wp\/v2\/types\/page"}],"author":[{"embeddable":true,"href":"https:\/\/ala-talkkari.fi\/de\/wp-json\/wp\/v2\/users\/1"}],"replies":[{"embeddable":true,"href":"https:\/\/ala-talkkari.fi\/de\/wp-json\/wp\/v2\/comments?post=3986"}],"version-history":[{"count":9,"href":"https:\/\/ala-talkkari.fi\/de\/wp-json\/wp\/v2\/pages\/3986\/revisions"}],"predecessor-version":[{"id":8286,"href":"https:\/\/ala-talkkari.fi\/de\/wp-json\/wp\/v2\/pages\/3986\/revisions\/8286"}],"wp:attachment":[{"href":"https:\/\/ala-talkkari.fi\/de\/wp-json\/wp\/v2\/media?parent=3986"}],"curies":[{"name":"wp","href":"https:\/\/api.w.org\/{rel}","templated":true}]}}