{"id":3973,"date":"2014-11-04T14:46:07","date_gmt":"2014-11-04T12:46:07","guid":{"rendered":"http:\/\/ala-talkkari.fi\/de\/?page_id=3973"},"modified":"2020-09-16T07:42:45","modified_gmt":"2020-09-16T04:42:45","slug":"veto-80","status":"publish","type":"page","link":"https:\/\/ala-talkkari.fi\/de\/veto-80\/","title":{"rendered":"Veto 80"},"content":{"rendered":"<h2>Heizkessel, Veto 80 kW Hackgutkessel<\/h2>\n<h2><img loading=\"lazy\" decoding=\"async\" class=\"size-full wp-image-8269 aligncenter\" src=\"https:\/\/ala-talkkari.fi\/wp-content\/uploads\/2020\/09\/veto-80-hakekattila.jpg\" alt=\"\" width=\"683\" height=\"1024\" srcset=\"https:\/\/ala-talkkari.fi\/wp-content\/uploads\/2020\/09\/veto-80-hakekattila.jpg 683w, https:\/\/ala-talkkari.fi\/wp-content\/uploads\/2020\/09\/veto-80-hakekattila-200x300.jpg 200w, https:\/\/ala-talkkari.fi\/wp-content\/uploads\/2020\/09\/veto-80-hakekattila-600x900.jpg 600w\" sizes=\"auto, (max-width: 683px) 100vw, 683px\" \/><\/h2>\n<p>Der Veto 80 kW Hackgutkessel von AlaTalkkari ist in erster Linie f\u00fcr das Heizen von Bauernh\u00f6fen und Landg\u00fctern vorgesehen. Der neue rot-schwarze, farbfertige Au\u00dfenmantel gew\u00e4hrleistet ein Aussehen, das das Auge anspricht. Auch die Messanzeige sowie die Luken sind benutzerfreundlicher als bisher. Die H\u00e4ndigkeit kann vom Kunden frei gew\u00e4hlt werden (z. B. Brennerkopf links, rechts oder vorne). Als Standardausr\u00fcstung verf\u00fcgt der Kessel \u00fcber einen effizienten Gewinn von Gebrauchswasser. Dank seiner kompakten Gr\u00f6\u00dfe und seines gro\u00dfen Wasserraums ist der Veto 80 Stokerkessel eine sichere und einheimische Wahl.<\/p>\n<p>&nbsp;<\/p>\n<p><strong>Technische Angaben:<\/strong><\/p>\n<p>L\u00e4nge, Au\u00dfenma\u00df: 1190 mm<\/p>\n<p>Breite, Au\u00dfenma\u00df: 720 mm<\/p>\n<p>H\u00f6he, Au\u00dfenma\u00df: 1580 mm<\/p>\n<p>Abgasverbindung: \u00d8 168,3 mm<\/p>\n<p>H\u00f6he der Abgasverbindung vom Boden (zur Mitte der Verbindung): 180 mm<\/p>\n<p>Gebrauchswasserschnecke: 1 Stk. Standard<\/p>\n<p>Ausg\u00e4nge des Heizkreislaufs: 2 x 2\u2033<\/p>\n<p>Mischventil: 1 Stk. Standard<\/p>\n<p>Anschluss f\u00fcr den elektrischen Widerstand: 1 Stk. Standard,<\/p>\n<p>Nennleistung: 80 kW<\/p>\n<p>Gewicht: 740 kg<\/p>\n<p>Wasservolumen: 410 l<\/p>\n<p><strong>Sonderzubeh\u00f6r:<\/strong><\/p>\n<p>Zweite Gebrauchswasserschnecke,<\/p>\n<p>Zweites Mischventil (Shunt),<\/p>\n<p>Elektroheizstab,<\/p>\n<p>Ascheschnecke,<\/p>\n<p>Schornsteinreinigung mit Druckluft,<\/p>\n<p>Holzausr\u00fcstung<\/p>\n<p><strong>Bilder vom Veto 80 Stokerkessel:<\/strong><\/p>\nngg_shortcode_0_placeholder\n<p><strong>PDF-Ma\u00dfbilder vom Veto 80 Hackgutkessel:<\/strong><\/p>\n<p><a href=\"http:\/\/c5jnc9gd.c5.suncomet.fi\/wp-content\/uploads\/2014\/11\/80kW-sy\u00f6tt\u00f6-vasen-mittakuva.pdf\" target=\"_blank\" rel=\"noopener noreferrer\">Veto 80, Zufuhr links, Wartung vorne<\/a><\/p>\n<p><a href=\"http:\/\/c5jnc9gd.c5.suncomet.fi\/wp-content\/uploads\/2014\/11\/80kW-sy\u00f6tt\u00f6-edes-hoito-vasen.pdf\" target=\"_blank\" rel=\"noopener noreferrer\">Veto 80, Zufuhr vorne, Wartung links<\/a><\/p>\n","protected":false},"excerpt":{"rendered":"<p>Heizkessel, Veto 80 kW Hackgutkessel Der Veto 80 kW Hackgutkessel von AlaTalkkari ist in erster Linie f\u00fcr das Heizen von Bauernh\u00f6fen und Landg\u00fctern vorgesehen. Der neue rot-schwarze, farbfertige Au\u00dfenmantel gew\u00e4hrleistet ein Aussehen, das das Auge anspricht. Auch die Messanzeige sowie die Luken sind benutzerfreundlicher als bisher. Die H\u00e4ndigkeit kann vom Kunden frei gew\u00e4hlt werden (z. [&hellip;]<\/p>\n","protected":false},"author":1,"featured_media":0,"parent":0,"menu_order":0,"comment_status":"closed","ping_status":"closed","template":"","meta":{"ngg_post_thumbnail":0,"footnotes":""},"class_list":["post-3973","page","type-page","status-publish","hentry"],"yoast_head":"<!-- This site is optimized with the Yoast SEO plugin v27.4 - https:\/\/yoast.com\/product\/yoast-seo-wordpress\/ -->\n<title>Heizungkessel, Veto 80 kW-Hackgutkessel<\/title>\n<meta name=\"description\" content=\"Hochwertiger Veto 80 kW Heizkessel von Ala-Talkkari.\" \/>\n<meta name=\"robots\" content=\"index, follow, max-snippet:-1, max-image-preview:large, max-video-preview:-1\" \/>\n<link rel=\"canonical\" href=\"https:\/\/ala-talkkari.fi\/de\/veto-80\/\" \/>\n<meta property=\"og:locale\" content=\"de_DE\" \/>\n<meta property=\"og:type\" content=\"article\" \/>\n<meta property=\"og:title\" content=\"Heizungkessel, Veto 80 kW-Hackgutkessel\" \/>\n<meta property=\"og:description\" content=\"Hochwertiger Veto 80 kW Heizkessel von Ala-Talkkari.\" \/>\n<meta property=\"og:url\" content=\"https:\/\/ala-talkkari.fi\/de\/veto-80\/\" \/>\n<meta property=\"og:site_name\" content=\"Veljekset Ala-Talkkari Oy\" \/>\n<meta property=\"article:publisher\" content=\"https:\/\/www.facebook.com\/alatalkkari\" \/>\n<meta property=\"article:modified_time\" content=\"2020-09-16T04:42:45+00:00\" \/>\n<meta property=\"og:image\" content=\"https:\/\/ala-talkkari.fi\/wp-content\/uploads\/2020\/09\/veto-80-hakekattila.jpg\" \/>\n<meta name=\"twitter:label1\" content=\"Gesch\u00e4tzte Lesezeit\" \/>\n\t<meta name=\"twitter:data1\" content=\"1\u00a0Minute\" \/>\n<script type=\"application\/ld+json\" class=\"yoast-schema-graph\">{\"@context\":\"https:\\\/\\\/schema.org\",\"@graph\":[{\"@type\":\"WebPage\",\"@id\":\"https:\\\/\\\/ala-talkkari.fi\\\/de\\\/veto-80\\\/\",\"url\":\"https:\\\/\\\/ala-talkkari.fi\\\/de\\\/veto-80\\\/\",\"name\":\"Heizungkessel, Veto 80 kW-Hackgutkessel\",\"isPartOf\":{\"@id\":\"https:\\\/\\\/ala-talkkari.fi\\\/de\\\/#website\"},\"primaryImageOfPage\":{\"@id\":\"https:\\\/\\\/ala-talkkari.fi\\\/de\\\/veto-80\\\/#primaryimage\"},\"image\":{\"@id\":\"https:\\\/\\\/ala-talkkari.fi\\\/de\\\/veto-80\\\/#primaryimage\"},\"thumbnailUrl\":\"https:\\\/\\\/ala-talkkari.fi\\\/wp-content\\\/uploads\\\/2020\\\/09\\\/veto-80-hakekattila.jpg\",\"datePublished\":\"2014-11-04T12:46:07+00:00\",\"dateModified\":\"2020-09-16T04:42:45+00:00\",\"description\":\"Hochwertiger Veto 80 kW Heizkessel von Ala-Talkkari.\",\"breadcrumb\":{\"@id\":\"https:\\\/\\\/ala-talkkari.fi\\\/de\\\/veto-80\\\/#breadcrumb\"},\"inLanguage\":\"de\",\"potentialAction\":[{\"@type\":\"ReadAction\",\"target\":[\"https:\\\/\\\/ala-talkkari.fi\\\/de\\\/veto-80\\\/\"]}]},{\"@type\":\"ImageObject\",\"inLanguage\":\"de\",\"@id\":\"https:\\\/\\\/ala-talkkari.fi\\\/de\\\/veto-80\\\/#primaryimage\",\"url\":\"https:\\\/\\\/ala-talkkari.fi\\\/wp-content\\\/uploads\\\/2020\\\/09\\\/veto-80-hakekattila.jpg\",\"contentUrl\":\"https:\\\/\\\/ala-talkkari.fi\\\/wp-content\\\/uploads\\\/2020\\\/09\\\/veto-80-hakekattila.jpg\"},{\"@type\":\"BreadcrumbList\",\"@id\":\"https:\\\/\\\/ala-talkkari.fi\\\/de\\\/veto-80\\\/#breadcrumb\",\"itemListElement\":[{\"@type\":\"ListItem\",\"position\":1,\"name\":\"Home\",\"item\":\"https:\\\/\\\/ala-talkkari.fi\\\/de\\\/\"},{\"@type\":\"ListItem\",\"position\":2,\"name\":\"Veto 80\"}]},{\"@type\":\"WebSite\",\"@id\":\"https:\\\/\\\/ala-talkkari.fi\\\/de\\\/#website\",\"url\":\"https:\\\/\\\/ala-talkkari.fi\\\/de\\\/\",\"name\":\"Veljekset Ala-Talkkari Oy\",\"description\":\"Heizsysteme und Ger\u00e4te zur Landschaftspflege\",\"publisher\":{\"@id\":\"https:\\\/\\\/ala-talkkari.fi\\\/de\\\/#organization\"},\"potentialAction\":[{\"@type\":\"SearchAction\",\"target\":{\"@type\":\"EntryPoint\",\"urlTemplate\":\"https:\\\/\\\/ala-talkkari.fi\\\/de\\\/?s={search_term_string}\"},\"query-input\":{\"@type\":\"PropertyValueSpecification\",\"valueRequired\":true,\"valueName\":\"search_term_string\"}}],\"inLanguage\":\"de\"},{\"@type\":\"Organization\",\"@id\":\"https:\\\/\\\/ala-talkkari.fi\\\/de\\\/#organization\",\"name\":\"Veljekset Ala-Talkkari Oy\",\"url\":\"https:\\\/\\\/ala-talkkari.fi\\\/de\\\/\",\"logo\":{\"@type\":\"ImageObject\",\"inLanguage\":\"de\",\"@id\":\"https:\\\/\\\/ala-talkkari.fi\\\/de\\\/#\\\/schema\\\/logo\\\/image\\\/\",\"url\":\"https:\\\/\\\/ala-talkkari.fi\\\/wp-content\\\/uploads\\\/2020\\\/09\\\/lammitys-veto-ala-talkkari.png\",\"contentUrl\":\"https:\\\/\\\/ala-talkkari.fi\\\/wp-content\\\/uploads\\\/2020\\\/09\\\/lammitys-veto-ala-talkkari.png\",\"width\":751,\"height\":67,\"caption\":\"Veljekset Ala-Talkkari Oy\"},\"image\":{\"@id\":\"https:\\\/\\\/ala-talkkari.fi\\\/de\\\/#\\\/schema\\\/logo\\\/image\\\/\"},\"sameAs\":[\"https:\\\/\\\/www.facebook.com\\\/alatalkkari\",\"https:\\\/\\\/www.instagram.com\\\/veljeksetalatalkkarioy\\\/\",\"https:\\\/\\\/www.youtube.com\\\/c\\\/VeljeksetAlaTalkkariOy\"]}]}<\/script>\n<!-- \/ Yoast SEO plugin. -->","yoast_head_json":{"title":"Heizungkessel, Veto 80 kW-Hackgutkessel","description":"Hochwertiger Veto 80 kW Heizkessel von Ala-Talkkari.","robots":{"index":"index","follow":"follow","max-snippet":"max-snippet:-1","max-image-preview":"max-image-preview:large","max-video-preview":"max-video-preview:-1"},"canonical":"https:\/\/ala-talkkari.fi\/de\/veto-80\/","og_locale":"de_DE","og_type":"article","og_title":"Heizungkessel, Veto 80 kW-Hackgutkessel","og_description":"Hochwertiger Veto 80 kW Heizkessel von Ala-Talkkari.","og_url":"https:\/\/ala-talkkari.fi\/de\/veto-80\/","og_site_name":"Veljekset Ala-Talkkari Oy","article_publisher":"https:\/\/www.facebook.com\/alatalkkari","article_modified_time":"2020-09-16T04:42:45+00:00","og_image":[{"url":"https:\/\/ala-talkkari.fi\/wp-content\/uploads\/2020\/09\/veto-80-hakekattila.jpg","type":"","width":"","height":""}],"twitter_misc":{"Gesch\u00e4tzte Lesezeit":"1\u00a0Minute"},"schema":{"@context":"https:\/\/schema.org","@graph":[{"@type":"WebPage","@id":"https:\/\/ala-talkkari.fi\/de\/veto-80\/","url":"https:\/\/ala-talkkari.fi\/de\/veto-80\/","name":"Heizungkessel, Veto 80 kW-Hackgutkessel","isPartOf":{"@id":"https:\/\/ala-talkkari.fi\/de\/#website"},"primaryImageOfPage":{"@id":"https:\/\/ala-talkkari.fi\/de\/veto-80\/#primaryimage"},"image":{"@id":"https:\/\/ala-talkkari.fi\/de\/veto-80\/#primaryimage"},"thumbnailUrl":"https:\/\/ala-talkkari.fi\/wp-content\/uploads\/2020\/09\/veto-80-hakekattila.jpg","datePublished":"2014-11-04T12:46:07+00:00","dateModified":"2020-09-16T04:42:45+00:00","description":"Hochwertiger Veto 80 kW Heizkessel von Ala-Talkkari.","breadcrumb":{"@id":"https:\/\/ala-talkkari.fi\/de\/veto-80\/#breadcrumb"},"inLanguage":"de","potentialAction":[{"@type":"ReadAction","target":["https:\/\/ala-talkkari.fi\/de\/veto-80\/"]}]},{"@type":"ImageObject","inLanguage":"de","@id":"https:\/\/ala-talkkari.fi\/de\/veto-80\/#primaryimage","url":"https:\/\/ala-talkkari.fi\/wp-content\/uploads\/2020\/09\/veto-80-hakekattila.jpg","contentUrl":"https:\/\/ala-talkkari.fi\/wp-content\/uploads\/2020\/09\/veto-80-hakekattila.jpg"},{"@type":"BreadcrumbList","@id":"https:\/\/ala-talkkari.fi\/de\/veto-80\/#breadcrumb","itemListElement":[{"@type":"ListItem","position":1,"name":"Home","item":"https:\/\/ala-talkkari.fi\/de\/"},{"@type":"ListItem","position":2,"name":"Veto 80"}]},{"@type":"WebSite","@id":"https:\/\/ala-talkkari.fi\/de\/#website","url":"https:\/\/ala-talkkari.fi\/de\/","name":"Veljekset Ala-Talkkari Oy","description":"Heizsysteme und Ger\u00e4te zur Landschaftspflege","publisher":{"@id":"https:\/\/ala-talkkari.fi\/de\/#organization"},"potentialAction":[{"@type":"SearchAction","target":{"@type":"EntryPoint","urlTemplate":"https:\/\/ala-talkkari.fi\/de\/?s={search_term_string}"},"query-input":{"@type":"PropertyValueSpecification","valueRequired":true,"valueName":"search_term_string"}}],"inLanguage":"de"},{"@type":"Organization","@id":"https:\/\/ala-talkkari.fi\/de\/#organization","name":"Veljekset Ala-Talkkari Oy","url":"https:\/\/ala-talkkari.fi\/de\/","logo":{"@type":"ImageObject","inLanguage":"de","@id":"https:\/\/ala-talkkari.fi\/de\/#\/schema\/logo\/image\/","url":"https:\/\/ala-talkkari.fi\/wp-content\/uploads\/2020\/09\/lammitys-veto-ala-talkkari.png","contentUrl":"https:\/\/ala-talkkari.fi\/wp-content\/uploads\/2020\/09\/lammitys-veto-ala-talkkari.png","width":751,"height":67,"caption":"Veljekset Ala-Talkkari Oy"},"image":{"@id":"https:\/\/ala-talkkari.fi\/de\/#\/schema\/logo\/image\/"},"sameAs":["https:\/\/www.facebook.com\/alatalkkari","https:\/\/www.instagram.com\/veljeksetalatalkkarioy\/","https:\/\/www.youtube.com\/c\/VeljeksetAlaTalkkariOy"]}]}},"_links":{"self":[{"href":"https:\/\/ala-talkkari.fi\/de\/wp-json\/wp\/v2\/pages\/3973","targetHints":{"allow":["GET"]}}],"collection":[{"href":"https:\/\/ala-talkkari.fi\/de\/wp-json\/wp\/v2\/pages"}],"about":[{"href":"https:\/\/ala-talkkari.fi\/de\/wp-json\/wp\/v2\/types\/page"}],"author":[{"embeddable":true,"href":"https:\/\/ala-talkkari.fi\/de\/wp-json\/wp\/v2\/users\/1"}],"replies":[{"embeddable":true,"href":"https:\/\/ala-talkkari.fi\/de\/wp-json\/wp\/v2\/comments?post=3973"}],"version-history":[{"count":11,"href":"https:\/\/ala-talkkari.fi\/de\/wp-json\/wp\/v2\/pages\/3973\/revisions"}],"predecessor-version":[{"id":8275,"href":"https:\/\/ala-talkkari.fi\/de\/wp-json\/wp\/v2\/pages\/3973\/revisions\/8275"}],"wp:attachment":[{"href":"https:\/\/ala-talkkari.fi\/de\/wp-json\/wp\/v2\/media?parent=3973"}],"curies":[{"name":"wp","href":"https:\/\/api.w.org\/{rel}","templated":true}]}}