{"id":3968,"date":"2014-11-05T07:47:19","date_gmt":"2014-11-05T05:47:19","guid":{"rendered":"http:\/\/ala-talkkari.fi\/de\/?page_id=3968"},"modified":"2020-09-14T14:27:58","modified_gmt":"2020-09-14T11:27:58","slug":"veto-8","status":"publish","type":"page","link":"https:\/\/ala-talkkari.fi\/de\/veto-8\/","title":{"rendered":"Veto 8"},"content":{"rendered":"<h2><strong>Ein starker Veto 8 Stoker von AlaTalkkari<\/strong><\/h2>\n<p><img loading=\"lazy\" decoding=\"async\" class=\"alignnone wp-image-6552 size-large\" src=\"https:\/\/ala-talkkari.fi\/wp-content\/uploads\/2019\/04\/veto-heizungsanlagen-683x1024.jpg\" alt=\"Veto 8\" width=\"683\" height=\"1024\" srcset=\"https:\/\/ala-talkkari.fi\/wp-content\/uploads\/2019\/04\/veto-heizungsanlagen-683x1024.jpg 683w, https:\/\/ala-talkkari.fi\/wp-content\/uploads\/2019\/04\/veto-heizungsanlagen-200x300.jpg 200w, https:\/\/ala-talkkari.fi\/wp-content\/uploads\/2019\/04\/veto-heizungsanlagen-600x900.jpg 600w\" sizes=\"auto, (max-width: 683px) 100vw, 683px\" \/><\/p>\n<p>Der Veto 8 (Stoker) ist entwickelt worden, um den Herausforderungen der heutigen Brennapparate zu entsprechen. Der Silo mit 8 m\u00b3 erm\u00f6glicht es, eine gro\u00dfe Menge an Brennstoff auf einmal einzuf\u00fcllen. Der Silo verf\u00fcgt \u00fcber eine niedrige F\u00fcllh\u00f6he (mind. 1700 mm) und der starke Federentlader erm\u00f6glicht den Gebrauch verschiedener fester Brennstoffe.<\/p>\n<p>Das halbrunde F\u00f6rderrohr gew\u00e4hrleistet einen gleichm\u00e4\u00dfigen F\u00f6rderstrom f\u00fcr den Brennstoff. Die Struktur des Brennapparates erm\u00f6glicht die Entfernung der F\u00f6rderschnecke, ohne dass die Apparatur bewegt werden muss. Der luftdichte Deckel des Silos, das AVTA-Ventil, der Wachspfropfen sowie der R\u00fcckbrandschutz gew\u00e4hrleisten einen sicheren Betrieb. Die Schaltzentrale ist eine mit moderner Technik realisierte AT Log 1, die die Bedienung des Ger\u00e4tes noch einfacher macht. Die F\u00fcllrichtung des Silos kann in vier verschiedenen Richtungen montiert werden.<\/p>\n<p>&nbsp;<\/p>\n<p><strong>Technische Angaben:<\/strong><\/p>\n<p>L\u00e4nge, Au\u00dfenma\u00df:&nbsp; 4720 mm<\/p>\n<p>Breite, Au\u00dfenma\u00df:&nbsp; 2820 mm<\/p>\n<p>H\u00f6he, Au\u00dfenma\u00df:&nbsp; 2330 mm<\/p>\n<p>Volumen des Brennstoffbeh\u00e4lters: 8 m\u00b3<\/p>\n<p>Leistung: 40120 kW<\/p>\n<p>Gewicht: 800 kg<\/p>\n<p>Schaltzentrale: AT Log 1<\/p>\n<p><strong>Sonderzubeh\u00f6r:<\/strong><\/p>\n<p>Beweglicher Brenner,<\/p>\n<p>Z\u00fcndautomatik,<\/p>\n<p>GSM-Alarm,<\/p>\n<p>Lambda-Schaltzentrale (Veto Control M),<\/p>\n<p>Zusatzmeter f\u00fcr die F\u00f6rderschnecke (bis zu 5 m),<\/p>\n<p>Zusatzsilo 3 m\u00b3,<\/p>\n<p>Fallteil f\u00fcr den Brennstoff,<\/p>\n<p>Zellenf\u00f6rderer (inkl. Zellenradschleuse)<\/p>\n<p>&nbsp;<\/p>\n<p><strong>Bilder vom Veto 8 Biobrennapparat:<\/strong><\/p>\nngg_shortcode_0_placeholder\n<p><strong>Lesen \/ laden Sie hier die Brosch\u00fcre f\u00fcr die Veto-Heizger\u00e4te herunter:<\/strong><\/p>\n<p>&nbsp;<\/p>\n","protected":false},"excerpt":{"rendered":"<p>Ein starker Veto 8 Stoker von AlaTalkkari Der Veto 8 (Stoker) ist entwickelt worden, um den Herausforderungen der heutigen Brennapparate zu entsprechen. Der Silo mit 8 m\u00b3 erm\u00f6glicht es, eine gro\u00dfe Menge an Brennstoff auf einmal einzuf\u00fcllen. Der Silo verf\u00fcgt \u00fcber eine niedrige F\u00fcllh\u00f6he (mind. 1700 mm) und der starke Federentlader erm\u00f6glicht den Gebrauch verschiedener [&hellip;]<\/p>\n","protected":false},"author":1,"featured_media":0,"parent":0,"menu_order":0,"comment_status":"closed","ping_status":"closed","template":"","meta":{"ngg_post_thumbnail":0,"footnotes":""},"class_list":["post-3968","page","type-page","status-publish","hentry"],"yoast_head":"<!-- This site is optimized with the Yoast SEO plugin v27.4 - https:\/\/yoast.com\/product\/yoast-seo-wordpress\/ -->\n<title>Veto 8 - Veljekset Ala-Talkkari Oy<\/title>\n<meta name=\"robots\" content=\"index, follow, max-snippet:-1, max-image-preview:large, max-video-preview:-1\" \/>\n<link rel=\"canonical\" href=\"https:\/\/ala-talkkari.fi\/de\/veto-8\/\" \/>\n<meta property=\"og:locale\" content=\"de_DE\" \/>\n<meta property=\"og:type\" content=\"article\" \/>\n<meta property=\"og:title\" content=\"Veto 8 - Veljekset Ala-Talkkari Oy\" \/>\n<meta property=\"og:description\" content=\"Ein starker Veto 8 Stoker von AlaTalkkari Der Veto 8 (Stoker) ist entwickelt worden, um den Herausforderungen der heutigen Brennapparate zu entsprechen. Der Silo mit 8 m\u00b3 erm\u00f6glicht es, eine gro\u00dfe Menge an Brennstoff auf einmal einzuf\u00fcllen. Der Silo verf\u00fcgt \u00fcber eine niedrige F\u00fcllh\u00f6he (mind. 1700 mm) und der starke Federentlader erm\u00f6glicht den Gebrauch verschiedener [&hellip;]\" \/>\n<meta property=\"og:url\" content=\"https:\/\/ala-talkkari.fi\/de\/veto-8\/\" \/>\n<meta property=\"og:site_name\" content=\"Veljekset Ala-Talkkari Oy\" \/>\n<meta property=\"article:publisher\" content=\"https:\/\/www.facebook.com\/alatalkkari\" \/>\n<meta property=\"article:modified_time\" content=\"2020-09-14T11:27:58+00:00\" \/>\n<meta property=\"og:image\" content=\"https:\/\/ala-talkkari.fi\/wp-content\/uploads\/2019\/04\/veto-heizungsanlagen-683x1024.jpg\" \/>\n<meta name=\"twitter:label1\" content=\"Gesch\u00e4tzte Lesezeit\" \/>\n\t<meta name=\"twitter:data1\" content=\"1\u00a0Minute\" \/>\n<script type=\"application\/ld+json\" class=\"yoast-schema-graph\">{\"@context\":\"https:\\\/\\\/schema.org\",\"@graph\":[{\"@type\":\"WebPage\",\"@id\":\"https:\\\/\\\/ala-talkkari.fi\\\/de\\\/veto-8\\\/\",\"url\":\"https:\\\/\\\/ala-talkkari.fi\\\/de\\\/veto-8\\\/\",\"name\":\"Veto 8 - Veljekset Ala-Talkkari Oy\",\"isPartOf\":{\"@id\":\"https:\\\/\\\/ala-talkkari.fi\\\/de\\\/#website\"},\"primaryImageOfPage\":{\"@id\":\"https:\\\/\\\/ala-talkkari.fi\\\/de\\\/veto-8\\\/#primaryimage\"},\"image\":{\"@id\":\"https:\\\/\\\/ala-talkkari.fi\\\/de\\\/veto-8\\\/#primaryimage\"},\"thumbnailUrl\":\"https:\\\/\\\/ala-talkkari.fi\\\/wp-content\\\/uploads\\\/2019\\\/04\\\/veto-heizungsanlagen-683x1024.jpg\",\"datePublished\":\"2014-11-05T05:47:19+00:00\",\"dateModified\":\"2020-09-14T11:27:58+00:00\",\"breadcrumb\":{\"@id\":\"https:\\\/\\\/ala-talkkari.fi\\\/de\\\/veto-8\\\/#breadcrumb\"},\"inLanguage\":\"de\",\"potentialAction\":[{\"@type\":\"ReadAction\",\"target\":[\"https:\\\/\\\/ala-talkkari.fi\\\/de\\\/veto-8\\\/\"]}]},{\"@type\":\"ImageObject\",\"inLanguage\":\"de\",\"@id\":\"https:\\\/\\\/ala-talkkari.fi\\\/de\\\/veto-8\\\/#primaryimage\",\"url\":\"https:\\\/\\\/ala-talkkari.fi\\\/wp-content\\\/uploads\\\/2019\\\/04\\\/veto-heizungsanlagen-683x1024.jpg\",\"contentUrl\":\"https:\\\/\\\/ala-talkkari.fi\\\/wp-content\\\/uploads\\\/2019\\\/04\\\/veto-heizungsanlagen-683x1024.jpg\"},{\"@type\":\"BreadcrumbList\",\"@id\":\"https:\\\/\\\/ala-talkkari.fi\\\/de\\\/veto-8\\\/#breadcrumb\",\"itemListElement\":[{\"@type\":\"ListItem\",\"position\":1,\"name\":\"Home\",\"item\":\"https:\\\/\\\/ala-talkkari.fi\\\/de\\\/\"},{\"@type\":\"ListItem\",\"position\":2,\"name\":\"Veto 8\"}]},{\"@type\":\"WebSite\",\"@id\":\"https:\\\/\\\/ala-talkkari.fi\\\/de\\\/#website\",\"url\":\"https:\\\/\\\/ala-talkkari.fi\\\/de\\\/\",\"name\":\"Veljekset Ala-Talkkari Oy\",\"description\":\"Heizsysteme und Ger\u00e4te zur Landschaftspflege\",\"publisher\":{\"@id\":\"https:\\\/\\\/ala-talkkari.fi\\\/de\\\/#organization\"},\"potentialAction\":[{\"@type\":\"SearchAction\",\"target\":{\"@type\":\"EntryPoint\",\"urlTemplate\":\"https:\\\/\\\/ala-talkkari.fi\\\/de\\\/?s={search_term_string}\"},\"query-input\":{\"@type\":\"PropertyValueSpecification\",\"valueRequired\":true,\"valueName\":\"search_term_string\"}}],\"inLanguage\":\"de\"},{\"@type\":\"Organization\",\"@id\":\"https:\\\/\\\/ala-talkkari.fi\\\/de\\\/#organization\",\"name\":\"Veljekset Ala-Talkkari Oy\",\"url\":\"https:\\\/\\\/ala-talkkari.fi\\\/de\\\/\",\"logo\":{\"@type\":\"ImageObject\",\"inLanguage\":\"de\",\"@id\":\"https:\\\/\\\/ala-talkkari.fi\\\/de\\\/#\\\/schema\\\/logo\\\/image\\\/\",\"url\":\"https:\\\/\\\/ala-talkkari.fi\\\/wp-content\\\/uploads\\\/2020\\\/09\\\/lammitys-veto-ala-talkkari.png\",\"contentUrl\":\"https:\\\/\\\/ala-talkkari.fi\\\/wp-content\\\/uploads\\\/2020\\\/09\\\/lammitys-veto-ala-talkkari.png\",\"width\":751,\"height\":67,\"caption\":\"Veljekset Ala-Talkkari Oy\"},\"image\":{\"@id\":\"https:\\\/\\\/ala-talkkari.fi\\\/de\\\/#\\\/schema\\\/logo\\\/image\\\/\"},\"sameAs\":[\"https:\\\/\\\/www.facebook.com\\\/alatalkkari\",\"https:\\\/\\\/www.instagram.com\\\/veljeksetalatalkkarioy\\\/\",\"https:\\\/\\\/www.youtube.com\\\/c\\\/VeljeksetAlaTalkkariOy\"]}]}<\/script>\n<!-- \/ Yoast SEO plugin. -->","yoast_head_json":{"title":"Veto 8 - Veljekset Ala-Talkkari Oy","robots":{"index":"index","follow":"follow","max-snippet":"max-snippet:-1","max-image-preview":"max-image-preview:large","max-video-preview":"max-video-preview:-1"},"canonical":"https:\/\/ala-talkkari.fi\/de\/veto-8\/","og_locale":"de_DE","og_type":"article","og_title":"Veto 8 - Veljekset Ala-Talkkari Oy","og_description":"Ein starker Veto 8 Stoker von AlaTalkkari Der Veto 8 (Stoker) ist entwickelt worden, um den Herausforderungen der heutigen Brennapparate zu entsprechen. Der Silo mit 8 m\u00b3 erm\u00f6glicht es, eine gro\u00dfe Menge an Brennstoff auf einmal einzuf\u00fcllen. Der Silo verf\u00fcgt \u00fcber eine niedrige F\u00fcllh\u00f6he (mind. 1700 mm) und der starke Federentlader erm\u00f6glicht den Gebrauch verschiedener [&hellip;]","og_url":"https:\/\/ala-talkkari.fi\/de\/veto-8\/","og_site_name":"Veljekset Ala-Talkkari Oy","article_publisher":"https:\/\/www.facebook.com\/alatalkkari","article_modified_time":"2020-09-14T11:27:58+00:00","og_image":[{"url":"https:\/\/ala-talkkari.fi\/wp-content\/uploads\/2019\/04\/veto-heizungsanlagen-683x1024.jpg","type":"","width":"","height":""}],"twitter_misc":{"Gesch\u00e4tzte Lesezeit":"1\u00a0Minute"},"schema":{"@context":"https:\/\/schema.org","@graph":[{"@type":"WebPage","@id":"https:\/\/ala-talkkari.fi\/de\/veto-8\/","url":"https:\/\/ala-talkkari.fi\/de\/veto-8\/","name":"Veto 8 - Veljekset Ala-Talkkari Oy","isPartOf":{"@id":"https:\/\/ala-talkkari.fi\/de\/#website"},"primaryImageOfPage":{"@id":"https:\/\/ala-talkkari.fi\/de\/veto-8\/#primaryimage"},"image":{"@id":"https:\/\/ala-talkkari.fi\/de\/veto-8\/#primaryimage"},"thumbnailUrl":"https:\/\/ala-talkkari.fi\/wp-content\/uploads\/2019\/04\/veto-heizungsanlagen-683x1024.jpg","datePublished":"2014-11-05T05:47:19+00:00","dateModified":"2020-09-14T11:27:58+00:00","breadcrumb":{"@id":"https:\/\/ala-talkkari.fi\/de\/veto-8\/#breadcrumb"},"inLanguage":"de","potentialAction":[{"@type":"ReadAction","target":["https:\/\/ala-talkkari.fi\/de\/veto-8\/"]}]},{"@type":"ImageObject","inLanguage":"de","@id":"https:\/\/ala-talkkari.fi\/de\/veto-8\/#primaryimage","url":"https:\/\/ala-talkkari.fi\/wp-content\/uploads\/2019\/04\/veto-heizungsanlagen-683x1024.jpg","contentUrl":"https:\/\/ala-talkkari.fi\/wp-content\/uploads\/2019\/04\/veto-heizungsanlagen-683x1024.jpg"},{"@type":"BreadcrumbList","@id":"https:\/\/ala-talkkari.fi\/de\/veto-8\/#breadcrumb","itemListElement":[{"@type":"ListItem","position":1,"name":"Home","item":"https:\/\/ala-talkkari.fi\/de\/"},{"@type":"ListItem","position":2,"name":"Veto 8"}]},{"@type":"WebSite","@id":"https:\/\/ala-talkkari.fi\/de\/#website","url":"https:\/\/ala-talkkari.fi\/de\/","name":"Veljekset Ala-Talkkari Oy","description":"Heizsysteme und Ger\u00e4te zur Landschaftspflege","publisher":{"@id":"https:\/\/ala-talkkari.fi\/de\/#organization"},"potentialAction":[{"@type":"SearchAction","target":{"@type":"EntryPoint","urlTemplate":"https:\/\/ala-talkkari.fi\/de\/?s={search_term_string}"},"query-input":{"@type":"PropertyValueSpecification","valueRequired":true,"valueName":"search_term_string"}}],"inLanguage":"de"},{"@type":"Organization","@id":"https:\/\/ala-talkkari.fi\/de\/#organization","name":"Veljekset Ala-Talkkari Oy","url":"https:\/\/ala-talkkari.fi\/de\/","logo":{"@type":"ImageObject","inLanguage":"de","@id":"https:\/\/ala-talkkari.fi\/de\/#\/schema\/logo\/image\/","url":"https:\/\/ala-talkkari.fi\/wp-content\/uploads\/2020\/09\/lammitys-veto-ala-talkkari.png","contentUrl":"https:\/\/ala-talkkari.fi\/wp-content\/uploads\/2020\/09\/lammitys-veto-ala-talkkari.png","width":751,"height":67,"caption":"Veljekset Ala-Talkkari Oy"},"image":{"@id":"https:\/\/ala-talkkari.fi\/de\/#\/schema\/logo\/image\/"},"sameAs":["https:\/\/www.facebook.com\/alatalkkari","https:\/\/www.instagram.com\/veljeksetalatalkkarioy\/","https:\/\/www.youtube.com\/c\/VeljeksetAlaTalkkariOy"]}]}},"_links":{"self":[{"href":"https:\/\/ala-talkkari.fi\/de\/wp-json\/wp\/v2\/pages\/3968","targetHints":{"allow":["GET"]}}],"collection":[{"href":"https:\/\/ala-talkkari.fi\/de\/wp-json\/wp\/v2\/pages"}],"about":[{"href":"https:\/\/ala-talkkari.fi\/de\/wp-json\/wp\/v2\/types\/page"}],"author":[{"embeddable":true,"href":"https:\/\/ala-talkkari.fi\/de\/wp-json\/wp\/v2\/users\/1"}],"replies":[{"embeddable":true,"href":"https:\/\/ala-talkkari.fi\/de\/wp-json\/wp\/v2\/comments?post=3968"}],"version-history":[{"count":9,"href":"https:\/\/ala-talkkari.fi\/de\/wp-json\/wp\/v2\/pages\/3968\/revisions"}],"predecessor-version":[{"id":8121,"href":"https:\/\/ala-talkkari.fi\/de\/wp-json\/wp\/v2\/pages\/3968\/revisions\/8121"}],"wp:attachment":[{"href":"https:\/\/ala-talkkari.fi\/de\/wp-json\/wp\/v2\/media?parent=3968"}],"curies":[{"name":"wp","href":"https:\/\/api.w.org\/{rel}","templated":true}]}}