{"id":3961,"date":"2014-11-04T14:45:55","date_gmt":"2014-11-04T12:45:55","guid":{"rendered":"http:\/\/ala-talkkari.fi\/de\/?page_id=3961"},"modified":"2020-09-16T07:34:13","modified_gmt":"2020-09-16T04:34:13","slug":"veto-75","status":"publish","type":"page","link":"https:\/\/ala-talkkari.fi\/de\/veto-75\/","title":{"rendered":"Veto 75"},"content":{"rendered":"<h1>Heizkessel, Veto 75 Stokerkessel<\/h1>\n<p><img loading=\"lazy\" decoding=\"async\" class=\"size-large wp-image-8254 aligncenter\" src=\"https:\/\/ala-talkkari.fi\/wp-content\/uploads\/2020\/09\/veto-75-kw-832x1024.jpg\" alt=\"\" width=\"780\" height=\"960\" srcset=\"https:\/\/ala-talkkari.fi\/wp-content\/uploads\/2020\/09\/veto-75-kw-832x1024.jpg 832w, https:\/\/ala-talkkari.fi\/wp-content\/uploads\/2020\/09\/veto-75-kw-244x300.jpg 244w, https:\/\/ala-talkkari.fi\/wp-content\/uploads\/2020\/09\/veto-75-kw-768x945.jpg 768w, https:\/\/ala-talkkari.fi\/wp-content\/uploads\/2020\/09\/veto-75-kw-600x738.jpg 600w, https:\/\/ala-talkkari.fi\/wp-content\/uploads\/2020\/09\/veto-75-kw.jpg 1024w\" sizes=\"auto, (max-width: 780px) 100vw, 780px\" \/><\/p>\n<p>Der Veto 75 Stokerkessel (Heizkessel) von AlaTalkkari ist in erster Linie f\u00fcr das Heizen von Einfamilienh\u00e4usern sowie kleiner Grundst\u00fccke vorgesehen. Der neue rot-schwarze, farbfertige Au\u00dfenmantel gew\u00e4hrleistet ein Aussehen, das das Auge anspricht. Auch die Messanzeige sowie die Luken sind benutzerfreundlicher als bisher. Die H\u00e4ndigkeit kann vom Kunden frei gew\u00e4hlt werden (z. B. Brennerkopf links, rechts oder vorne). Dank seiner kompakten Gr\u00f6\u00dfe und seines gro\u00dfen Wasserraums ist der Veto 75 Stokerkessel eine sichere und einheimische Wahl.<\/p>\n<p>&nbsp;<\/p>\n<p><strong>Technische Angaben:<\/strong><\/p>\n<p>L\u00e4nge, Au\u00dfenma\u00df: 1190 mm<\/p>\n<p>Breite, Au\u00dfenma\u00df: 720 mm<\/p>\n<p>H\u00f6he, Au\u00dfenma\u00df: 1380 mm<\/p>\n<p>Abgasverbindung: \u00d8 168,3 mm<\/p>\n<p>H\u00f6he der Abgasverbindung vom Boden (zur Mitte der Verbindung): 180 mm<\/p>\n<p>Gebrauchswasserschnecke:<\/p>\n<p>Ausg\u00e4nge des Heizkreislaufs: 2 x 2\u2033<\/p>\n<p>Mischventil: 1 Stk. Standard<\/p>\n<p>Anschluss f\u00fcr den elektrischen Widerstand:<\/p>\n<p>Nennleistung: 75 kW<\/p>\n<p>Gewicht: 640 kg<\/p>\n<p>Wasservolumen: 290 l<\/p>\n<p><strong>Sonderzubeh\u00f6r:<\/strong><\/p>\n<p>Zweites Mischventil (Shunt),<\/p>\n<p>Ascheschnecke,<\/p>\n<p>Schornsteinreinigung mit Druckluft,<\/p>\n<p>Holzausr\u00fcstung<\/p>\n<p><strong>Bilder vom Veto 75 Stokerkessel:<\/strong><\/p>\nngg_shortcode_0_placeholder\n<p><strong>PDF-mittakuvia Veto 75 stokerikattilasta:<\/strong><\/p>\n<p><a href=\"http:\/\/c5jnc9gd.c5.suncomet.fi\/wp-content\/uploads\/2014\/11\/75kW-sy\u00f6tt\u00f6-vasen-mittakuva.pdf\" target=\"_blank\" rel=\"noopener noreferrer\">Veto 75, sy\u00f6tt\u00f6 vasemmalla, hoito edess\u00e4<\/a><\/p>\n<p><a href=\"http:\/\/c5jnc9gd.c5.suncomet.fi\/wp-content\/uploads\/2014\/11\/75kW-sy\u00f6tt\u00f6-edes-hoito-vasen.pdf\" target=\"_blank\" rel=\"noopener noreferrer\">Veto 75, sy\u00f6tt\u00f6 edess\u00e4, hoito vasemmalla<\/a><\/p>\n","protected":false},"excerpt":{"rendered":"<p>Heizkessel, Veto 75 Stokerkessel Der Veto 75 Stokerkessel (Heizkessel) von AlaTalkkari ist in erster Linie f\u00fcr das Heizen von Einfamilienh\u00e4usern sowie kleiner Grundst\u00fccke vorgesehen. Der neue rot-schwarze, farbfertige Au\u00dfenmantel gew\u00e4hrleistet ein Aussehen, das das Auge anspricht. Auch die Messanzeige sowie die Luken sind benutzerfreundlicher als bisher. Die H\u00e4ndigkeit kann vom Kunden frei gew\u00e4hlt werden (z. [&hellip;]<\/p>\n","protected":false},"author":1,"featured_media":0,"parent":0,"menu_order":0,"comment_status":"closed","ping_status":"closed","template":"","meta":{"ngg_post_thumbnail":0,"footnotes":""},"class_list":["post-3961","page","type-page","status-publish","hentry"],"yoast_head":"<!-- This site is optimized with the Yoast SEO plugin v27.4 - https:\/\/yoast.com\/product\/yoast-seo-wordpress\/ -->\n<title>Veto 75 - Veljekset Ala-Talkkari Oy<\/title>\n<meta name=\"robots\" content=\"index, follow, max-snippet:-1, max-image-preview:large, max-video-preview:-1\" \/>\n<link rel=\"canonical\" href=\"https:\/\/ala-talkkari.fi\/de\/veto-75\/\" \/>\n<meta property=\"og:locale\" content=\"de_DE\" \/>\n<meta property=\"og:type\" content=\"article\" \/>\n<meta property=\"og:title\" content=\"Veto 75 - Veljekset Ala-Talkkari Oy\" \/>\n<meta property=\"og:description\" content=\"Heizkessel, Veto 75 Stokerkessel Der Veto 75 Stokerkessel (Heizkessel) von AlaTalkkari ist in erster Linie f\u00fcr das Heizen von Einfamilienh\u00e4usern sowie kleiner Grundst\u00fccke vorgesehen. Der neue rot-schwarze, farbfertige Au\u00dfenmantel gew\u00e4hrleistet ein Aussehen, das das Auge anspricht. Auch die Messanzeige sowie die Luken sind benutzerfreundlicher als bisher. Die H\u00e4ndigkeit kann vom Kunden frei gew\u00e4hlt werden (z. [&hellip;]\" \/>\n<meta property=\"og:url\" content=\"https:\/\/ala-talkkari.fi\/de\/veto-75\/\" \/>\n<meta property=\"og:site_name\" content=\"Veljekset Ala-Talkkari Oy\" \/>\n<meta property=\"article:publisher\" content=\"https:\/\/www.facebook.com\/alatalkkari\" \/>\n<meta property=\"article:modified_time\" content=\"2020-09-16T04:34:13+00:00\" \/>\n<meta property=\"og:image\" content=\"https:\/\/ala-talkkari.fi\/wp-content\/uploads\/2020\/09\/veto-75-kw-832x1024.jpg\" \/>\n<meta name=\"twitter:label1\" content=\"Gesch\u00e4tzte Lesezeit\" \/>\n\t<meta name=\"twitter:data1\" content=\"1\u00a0Minute\" \/>\n<script type=\"application\/ld+json\" class=\"yoast-schema-graph\">{\"@context\":\"https:\\\/\\\/schema.org\",\"@graph\":[{\"@type\":\"WebPage\",\"@id\":\"https:\\\/\\\/ala-talkkari.fi\\\/de\\\/veto-75\\\/\",\"url\":\"https:\\\/\\\/ala-talkkari.fi\\\/de\\\/veto-75\\\/\",\"name\":\"Veto 75 - Veljekset Ala-Talkkari Oy\",\"isPartOf\":{\"@id\":\"https:\\\/\\\/ala-talkkari.fi\\\/de\\\/#website\"},\"primaryImageOfPage\":{\"@id\":\"https:\\\/\\\/ala-talkkari.fi\\\/de\\\/veto-75\\\/#primaryimage\"},\"image\":{\"@id\":\"https:\\\/\\\/ala-talkkari.fi\\\/de\\\/veto-75\\\/#primaryimage\"},\"thumbnailUrl\":\"https:\\\/\\\/ala-talkkari.fi\\\/wp-content\\\/uploads\\\/2020\\\/09\\\/veto-75-kw-832x1024.jpg\",\"datePublished\":\"2014-11-04T12:45:55+00:00\",\"dateModified\":\"2020-09-16T04:34:13+00:00\",\"breadcrumb\":{\"@id\":\"https:\\\/\\\/ala-talkkari.fi\\\/de\\\/veto-75\\\/#breadcrumb\"},\"inLanguage\":\"de\",\"potentialAction\":[{\"@type\":\"ReadAction\",\"target\":[\"https:\\\/\\\/ala-talkkari.fi\\\/de\\\/veto-75\\\/\"]}]},{\"@type\":\"ImageObject\",\"inLanguage\":\"de\",\"@id\":\"https:\\\/\\\/ala-talkkari.fi\\\/de\\\/veto-75\\\/#primaryimage\",\"url\":\"https:\\\/\\\/ala-talkkari.fi\\\/wp-content\\\/uploads\\\/2020\\\/09\\\/veto-75-kw-832x1024.jpg\",\"contentUrl\":\"https:\\\/\\\/ala-talkkari.fi\\\/wp-content\\\/uploads\\\/2020\\\/09\\\/veto-75-kw-832x1024.jpg\"},{\"@type\":\"BreadcrumbList\",\"@id\":\"https:\\\/\\\/ala-talkkari.fi\\\/de\\\/veto-75\\\/#breadcrumb\",\"itemListElement\":[{\"@type\":\"ListItem\",\"position\":1,\"name\":\"Home\",\"item\":\"https:\\\/\\\/ala-talkkari.fi\\\/de\\\/\"},{\"@type\":\"ListItem\",\"position\":2,\"name\":\"Veto 75\"}]},{\"@type\":\"WebSite\",\"@id\":\"https:\\\/\\\/ala-talkkari.fi\\\/de\\\/#website\",\"url\":\"https:\\\/\\\/ala-talkkari.fi\\\/de\\\/\",\"name\":\"Veljekset Ala-Talkkari Oy\",\"description\":\"Heizsysteme und Ger\u00e4te zur Landschaftspflege\",\"publisher\":{\"@id\":\"https:\\\/\\\/ala-talkkari.fi\\\/de\\\/#organization\"},\"potentialAction\":[{\"@type\":\"SearchAction\",\"target\":{\"@type\":\"EntryPoint\",\"urlTemplate\":\"https:\\\/\\\/ala-talkkari.fi\\\/de\\\/?s={search_term_string}\"},\"query-input\":{\"@type\":\"PropertyValueSpecification\",\"valueRequired\":true,\"valueName\":\"search_term_string\"}}],\"inLanguage\":\"de\"},{\"@type\":\"Organization\",\"@id\":\"https:\\\/\\\/ala-talkkari.fi\\\/de\\\/#organization\",\"name\":\"Veljekset Ala-Talkkari Oy\",\"url\":\"https:\\\/\\\/ala-talkkari.fi\\\/de\\\/\",\"logo\":{\"@type\":\"ImageObject\",\"inLanguage\":\"de\",\"@id\":\"https:\\\/\\\/ala-talkkari.fi\\\/de\\\/#\\\/schema\\\/logo\\\/image\\\/\",\"url\":\"https:\\\/\\\/ala-talkkari.fi\\\/wp-content\\\/uploads\\\/2020\\\/09\\\/lammitys-veto-ala-talkkari.png\",\"contentUrl\":\"https:\\\/\\\/ala-talkkari.fi\\\/wp-content\\\/uploads\\\/2020\\\/09\\\/lammitys-veto-ala-talkkari.png\",\"width\":751,\"height\":67,\"caption\":\"Veljekset Ala-Talkkari Oy\"},\"image\":{\"@id\":\"https:\\\/\\\/ala-talkkari.fi\\\/de\\\/#\\\/schema\\\/logo\\\/image\\\/\"},\"sameAs\":[\"https:\\\/\\\/www.facebook.com\\\/alatalkkari\",\"https:\\\/\\\/www.instagram.com\\\/veljeksetalatalkkarioy\\\/\",\"https:\\\/\\\/www.youtube.com\\\/c\\\/VeljeksetAlaTalkkariOy\"]}]}<\/script>\n<!-- \/ Yoast SEO plugin. -->","yoast_head_json":{"title":"Veto 75 - Veljekset Ala-Talkkari Oy","robots":{"index":"index","follow":"follow","max-snippet":"max-snippet:-1","max-image-preview":"max-image-preview:large","max-video-preview":"max-video-preview:-1"},"canonical":"https:\/\/ala-talkkari.fi\/de\/veto-75\/","og_locale":"de_DE","og_type":"article","og_title":"Veto 75 - Veljekset Ala-Talkkari Oy","og_description":"Heizkessel, Veto 75 Stokerkessel Der Veto 75 Stokerkessel (Heizkessel) von AlaTalkkari ist in erster Linie f\u00fcr das Heizen von Einfamilienh\u00e4usern sowie kleiner Grundst\u00fccke vorgesehen. Der neue rot-schwarze, farbfertige Au\u00dfenmantel gew\u00e4hrleistet ein Aussehen, das das Auge anspricht. Auch die Messanzeige sowie die Luken sind benutzerfreundlicher als bisher. Die H\u00e4ndigkeit kann vom Kunden frei gew\u00e4hlt werden (z. [&hellip;]","og_url":"https:\/\/ala-talkkari.fi\/de\/veto-75\/","og_site_name":"Veljekset Ala-Talkkari Oy","article_publisher":"https:\/\/www.facebook.com\/alatalkkari","article_modified_time":"2020-09-16T04:34:13+00:00","og_image":[{"url":"https:\/\/ala-talkkari.fi\/wp-content\/uploads\/2020\/09\/veto-75-kw-832x1024.jpg","type":"","width":"","height":""}],"twitter_misc":{"Gesch\u00e4tzte Lesezeit":"1\u00a0Minute"},"schema":{"@context":"https:\/\/schema.org","@graph":[{"@type":"WebPage","@id":"https:\/\/ala-talkkari.fi\/de\/veto-75\/","url":"https:\/\/ala-talkkari.fi\/de\/veto-75\/","name":"Veto 75 - Veljekset Ala-Talkkari Oy","isPartOf":{"@id":"https:\/\/ala-talkkari.fi\/de\/#website"},"primaryImageOfPage":{"@id":"https:\/\/ala-talkkari.fi\/de\/veto-75\/#primaryimage"},"image":{"@id":"https:\/\/ala-talkkari.fi\/de\/veto-75\/#primaryimage"},"thumbnailUrl":"https:\/\/ala-talkkari.fi\/wp-content\/uploads\/2020\/09\/veto-75-kw-832x1024.jpg","datePublished":"2014-11-04T12:45:55+00:00","dateModified":"2020-09-16T04:34:13+00:00","breadcrumb":{"@id":"https:\/\/ala-talkkari.fi\/de\/veto-75\/#breadcrumb"},"inLanguage":"de","potentialAction":[{"@type":"ReadAction","target":["https:\/\/ala-talkkari.fi\/de\/veto-75\/"]}]},{"@type":"ImageObject","inLanguage":"de","@id":"https:\/\/ala-talkkari.fi\/de\/veto-75\/#primaryimage","url":"https:\/\/ala-talkkari.fi\/wp-content\/uploads\/2020\/09\/veto-75-kw-832x1024.jpg","contentUrl":"https:\/\/ala-talkkari.fi\/wp-content\/uploads\/2020\/09\/veto-75-kw-832x1024.jpg"},{"@type":"BreadcrumbList","@id":"https:\/\/ala-talkkari.fi\/de\/veto-75\/#breadcrumb","itemListElement":[{"@type":"ListItem","position":1,"name":"Home","item":"https:\/\/ala-talkkari.fi\/de\/"},{"@type":"ListItem","position":2,"name":"Veto 75"}]},{"@type":"WebSite","@id":"https:\/\/ala-talkkari.fi\/de\/#website","url":"https:\/\/ala-talkkari.fi\/de\/","name":"Veljekset Ala-Talkkari Oy","description":"Heizsysteme und Ger\u00e4te zur Landschaftspflege","publisher":{"@id":"https:\/\/ala-talkkari.fi\/de\/#organization"},"potentialAction":[{"@type":"SearchAction","target":{"@type":"EntryPoint","urlTemplate":"https:\/\/ala-talkkari.fi\/de\/?s={search_term_string}"},"query-input":{"@type":"PropertyValueSpecification","valueRequired":true,"valueName":"search_term_string"}}],"inLanguage":"de"},{"@type":"Organization","@id":"https:\/\/ala-talkkari.fi\/de\/#organization","name":"Veljekset Ala-Talkkari Oy","url":"https:\/\/ala-talkkari.fi\/de\/","logo":{"@type":"ImageObject","inLanguage":"de","@id":"https:\/\/ala-talkkari.fi\/de\/#\/schema\/logo\/image\/","url":"https:\/\/ala-talkkari.fi\/wp-content\/uploads\/2020\/09\/lammitys-veto-ala-talkkari.png","contentUrl":"https:\/\/ala-talkkari.fi\/wp-content\/uploads\/2020\/09\/lammitys-veto-ala-talkkari.png","width":751,"height":67,"caption":"Veljekset Ala-Talkkari Oy"},"image":{"@id":"https:\/\/ala-talkkari.fi\/de\/#\/schema\/logo\/image\/"},"sameAs":["https:\/\/www.facebook.com\/alatalkkari","https:\/\/www.instagram.com\/veljeksetalatalkkarioy\/","https:\/\/www.youtube.com\/c\/VeljeksetAlaTalkkariOy"]}]}},"_links":{"self":[{"href":"https:\/\/ala-talkkari.fi\/de\/wp-json\/wp\/v2\/pages\/3961","targetHints":{"allow":["GET"]}}],"collection":[{"href":"https:\/\/ala-talkkari.fi\/de\/wp-json\/wp\/v2\/pages"}],"about":[{"href":"https:\/\/ala-talkkari.fi\/de\/wp-json\/wp\/v2\/types\/page"}],"author":[{"embeddable":true,"href":"https:\/\/ala-talkkari.fi\/de\/wp-json\/wp\/v2\/users\/1"}],"replies":[{"embeddable":true,"href":"https:\/\/ala-talkkari.fi\/de\/wp-json\/wp\/v2\/comments?post=3961"}],"version-history":[{"count":8,"href":"https:\/\/ala-talkkari.fi\/de\/wp-json\/wp\/v2\/pages\/3961\/revisions"}],"predecessor-version":[{"id":8262,"href":"https:\/\/ala-talkkari.fi\/de\/wp-json\/wp\/v2\/pages\/3961\/revisions\/8262"}],"wp:attachment":[{"href":"https:\/\/ala-talkkari.fi\/de\/wp-json\/wp\/v2\/media?parent=3961"}],"curies":[{"name":"wp","href":"https:\/\/api.w.org\/{rel}","templated":true}]}}