{"id":3954,"date":"2014-11-04T14:47:53","date_gmt":"2014-11-04T12:47:53","guid":{"rendered":"http:\/\/ala-talkkari.fi\/de\/?page_id=3954"},"modified":"2020-09-17T14:28:47","modified_gmt":"2020-09-17T11:28:47","slug":"hackgutkessel-veto-700","status":"publish","type":"page","link":"https:\/\/ala-talkkari.fi\/de\/hackgutkessel-veto-700\/","title":{"rendered":"Veto 700"},"content":{"rendered":"<h2>Veto 700<\/h2>\n<p><img loading=\"lazy\" decoding=\"async\" class=\"alignnone wp-image-3956\" src=\"https:\/\/ala-talkkari.fi\/wp-content\/uploads\/2014\/11\/hachgutkessel-veto-700kW.jpg\" alt=\"stokerikattilat\" width=\"780\" height=\"555\" srcset=\"https:\/\/ala-talkkari.fi\/wp-content\/uploads\/2014\/11\/hachgutkessel-veto-700kW.jpg 2000w, https:\/\/ala-talkkari.fi\/wp-content\/uploads\/2014\/11\/hachgutkessel-veto-700kW-300x213.jpg 300w, https:\/\/ala-talkkari.fi\/wp-content\/uploads\/2014\/11\/hachgutkessel-veto-700kW-768x546.jpg 768w, https:\/\/ala-talkkari.fi\/wp-content\/uploads\/2014\/11\/hachgutkessel-veto-700kW-600x427.jpg 600w\" sizes=\"auto, (max-width: 780px) 100vw, 780px\" \/><\/p>\n<p>Der Veto 700 Hackgutkessel von AlaTalkkari ist u. a. f\u00fcr das Heizen von Bauernh\u00f6fen, Gew\u00e4chsh\u00e4usern, gro\u00dfer Grundt\u00fccke und Fernheizwerke vorgesehen. Der neue rot-schwarze, farbfertige Au\u00dfenmantel gew\u00e4hrleistet ein Aussehen, das das Auge anspricht. Am Boden des Kessels befindet sich ein eigener, gro\u00dfer Ascheraum, der mit mehreren, einfach zu bedienenden Inspektionsluken ausgestattet ist. Die H\u00e4ndigkeit kann vom Kunden frei gew\u00e4hlt werden (z. B. Brennerkopf links, rechts oder vorne). Die W\u00e4rme\u00fcbertragung des Kessels basiert auf einer Rohrstruktur. Die Rohrstruktur erm\u00f6glicht eine gro\u00dfe Oberfl\u00e4che f\u00fcr die W\u00e4rmegewinnung. Dank seiner Benutzerfreundlichkeit und seiner Modifizierbarkeit ist der Veto 700 Hackgutkessel eine sichere und einheimische Wahl.<\/p>\n<p>&nbsp;<\/p>\n<p><strong>Technische Angaben:<\/strong><\/p>\n<p>L\u00e4nge, Au\u00dfenma\u00df: 3430 mm<\/p>\n<p>Breite, Au\u00dfenma\u00df: 1740 mm<\/p>\n<p>H\u00f6he, Au\u00dfenma\u00df: 2200 mm<\/p>\n<p>Breite, Abgasverbindung: 1000 mm<\/p>\n<p>H\u00f6he, Abgasverbindung: 200 mm<\/p>\n<p>H\u00f6he der Abgasverbindung vom Boden (zur Mitte der Verbindung): 180 mm<\/p>\n<p>Gebrauchswasserschnecke:<\/p>\n<p>Ausg\u00e4nge des Heizkreislaufs: 1 x DN100 + 2 x 2\u2033<\/p>\n<p>Mischventil:<\/p>\n<p>Anschluss f\u00fcr den elektrischen Widerstand:<\/p>\n<p>Leistung: 700 kW<\/p>\n<p>Gewicht: 6000 kg<\/p>\n<p>Wasservolumen: 3000 l<\/p>\n<p><strong>Sonderzubeh\u00f6r:<\/strong><\/p>\n<p>Schornsteinreinigung mit Druckluft,<\/p>\n<p>Ascheschnecke,<\/p>\n<p>Ascheschnecken f\u00fcr die r\u00fcckw\u00e4rtige Zirkulation,<\/p>\n<p>Abgasreiniger<\/p>\n<p>&nbsp;<\/p>\n<p><strong>Mehr Bilder vom Veto 700 kW Hackgutkessel:<\/strong><\/p>\nngg_shortcode_0_placeholder\n<p><strong>PDF-Ma\u00dfbilder vom Veto 700 Hackgutkessel:<\/strong><\/p>\n<p><a href=\"https:\/\/ala-talkkari.fi\/wp-content\/uploads\/2014\/11\/700kW-sy\u00f6tt\u00f6-vasen-mittakuva.pdf\" target=\"_blank\" rel=\"noopener noreferrer\">Veto 700, Zufuhr links, Wartung vorne<\/a><\/p>\n<p><a href=\"https:\/\/ala-talkkari.fi\/wp-content\/uploads\/2014\/11\/700kW-sy\u00f6tt\u00f6-edes-hoito-vasen.pdf\" target=\"_blank\" rel=\"noopener noreferrer\">Veto 700, Zufuhr vorne, Wartung links<\/a><\/p>\n","protected":false},"excerpt":{"rendered":"<p>Veto 700 Der Veto 700 Hackgutkessel von AlaTalkkari ist u. a. f\u00fcr das Heizen von Bauernh\u00f6fen, Gew\u00e4chsh\u00e4usern, gro\u00dfer Grundt\u00fccke und Fernheizwerke vorgesehen. Der neue rot-schwarze, farbfertige Au\u00dfenmantel gew\u00e4hrleistet ein Aussehen, das das Auge anspricht. Am Boden des Kessels befindet sich ein eigener, gro\u00dfer Ascheraum, der mit mehreren, einfach zu bedienenden Inspektionsluken ausgestattet ist. Die H\u00e4ndigkeit [&hellip;]<\/p>\n","protected":false},"author":1,"featured_media":0,"parent":0,"menu_order":0,"comment_status":"closed","ping_status":"closed","template":"","meta":{"ngg_post_thumbnail":0,"footnotes":""},"class_list":["post-3954","page","type-page","status-publish","hentry"],"yoast_head":"<!-- This site is optimized with the Yoast SEO plugin v27.4 - https:\/\/yoast.com\/product\/yoast-seo-wordpress\/ -->\n<title>Veto 700 - Veljekset Ala-Talkkari Oy<\/title>\n<meta name=\"robots\" content=\"index, follow, max-snippet:-1, max-image-preview:large, max-video-preview:-1\" \/>\n<link rel=\"canonical\" href=\"https:\/\/ala-talkkari.fi\/de\/hackgutkessel-veto-700\/\" \/>\n<meta property=\"og:locale\" content=\"de_DE\" \/>\n<meta property=\"og:type\" content=\"article\" \/>\n<meta property=\"og:title\" content=\"Veto 700 - Veljekset Ala-Talkkari Oy\" \/>\n<meta property=\"og:description\" content=\"Veto 700 Der Veto 700 Hackgutkessel von AlaTalkkari ist u. a. f\u00fcr das Heizen von Bauernh\u00f6fen, Gew\u00e4chsh\u00e4usern, gro\u00dfer Grundt\u00fccke und Fernheizwerke vorgesehen. Der neue rot-schwarze, farbfertige Au\u00dfenmantel gew\u00e4hrleistet ein Aussehen, das das Auge anspricht. Am Boden des Kessels befindet sich ein eigener, gro\u00dfer Ascheraum, der mit mehreren, einfach zu bedienenden Inspektionsluken ausgestattet ist. Die H\u00e4ndigkeit [&hellip;]\" \/>\n<meta property=\"og:url\" content=\"https:\/\/ala-talkkari.fi\/de\/hackgutkessel-veto-700\/\" \/>\n<meta property=\"og:site_name\" content=\"Veljekset Ala-Talkkari Oy\" \/>\n<meta property=\"article:publisher\" content=\"https:\/\/www.facebook.com\/alatalkkari\" \/>\n<meta property=\"article:modified_time\" content=\"2020-09-17T11:28:47+00:00\" \/>\n<meta property=\"og:image\" content=\"https:\/\/ala-talkkari.fi\/wp-content\/uploads\/2014\/11\/hachgutkessel-veto-700kW.jpg\" \/>\n<meta name=\"twitter:label1\" content=\"Gesch\u00e4tzte Lesezeit\" \/>\n\t<meta name=\"twitter:data1\" content=\"1\u00a0Minute\" \/>\n<script type=\"application\/ld+json\" class=\"yoast-schema-graph\">{\"@context\":\"https:\\\/\\\/schema.org\",\"@graph\":[{\"@type\":\"WebPage\",\"@id\":\"https:\\\/\\\/ala-talkkari.fi\\\/de\\\/hackgutkessel-veto-700\\\/\",\"url\":\"https:\\\/\\\/ala-talkkari.fi\\\/de\\\/hackgutkessel-veto-700\\\/\",\"name\":\"Veto 700 - Veljekset Ala-Talkkari Oy\",\"isPartOf\":{\"@id\":\"https:\\\/\\\/ala-talkkari.fi\\\/de\\\/#website\"},\"primaryImageOfPage\":{\"@id\":\"https:\\\/\\\/ala-talkkari.fi\\\/de\\\/hackgutkessel-veto-700\\\/#primaryimage\"},\"image\":{\"@id\":\"https:\\\/\\\/ala-talkkari.fi\\\/de\\\/hackgutkessel-veto-700\\\/#primaryimage\"},\"thumbnailUrl\":\"https:\\\/\\\/ala-talkkari.fi\\\/wp-content\\\/uploads\\\/2014\\\/11\\\/hachgutkessel-veto-700kW.jpg\",\"datePublished\":\"2014-11-04T12:47:53+00:00\",\"dateModified\":\"2020-09-17T11:28:47+00:00\",\"breadcrumb\":{\"@id\":\"https:\\\/\\\/ala-talkkari.fi\\\/de\\\/hackgutkessel-veto-700\\\/#breadcrumb\"},\"inLanguage\":\"de\",\"potentialAction\":[{\"@type\":\"ReadAction\",\"target\":[\"https:\\\/\\\/ala-talkkari.fi\\\/de\\\/hackgutkessel-veto-700\\\/\"]}]},{\"@type\":\"ImageObject\",\"inLanguage\":\"de\",\"@id\":\"https:\\\/\\\/ala-talkkari.fi\\\/de\\\/hackgutkessel-veto-700\\\/#primaryimage\",\"url\":\"https:\\\/\\\/ala-talkkari.fi\\\/wp-content\\\/uploads\\\/2014\\\/11\\\/hachgutkessel-veto-700kW.jpg\",\"contentUrl\":\"https:\\\/\\\/ala-talkkari.fi\\\/wp-content\\\/uploads\\\/2014\\\/11\\\/hachgutkessel-veto-700kW.jpg\"},{\"@type\":\"BreadcrumbList\",\"@id\":\"https:\\\/\\\/ala-talkkari.fi\\\/de\\\/hackgutkessel-veto-700\\\/#breadcrumb\",\"itemListElement\":[{\"@type\":\"ListItem\",\"position\":1,\"name\":\"Home\",\"item\":\"https:\\\/\\\/ala-talkkari.fi\\\/de\\\/\"},{\"@type\":\"ListItem\",\"position\":2,\"name\":\"Veto 700\"}]},{\"@type\":\"WebSite\",\"@id\":\"https:\\\/\\\/ala-talkkari.fi\\\/de\\\/#website\",\"url\":\"https:\\\/\\\/ala-talkkari.fi\\\/de\\\/\",\"name\":\"Veljekset Ala-Talkkari Oy\",\"description\":\"Heizsysteme und Ger\u00e4te zur Landschaftspflege\",\"publisher\":{\"@id\":\"https:\\\/\\\/ala-talkkari.fi\\\/de\\\/#organization\"},\"potentialAction\":[{\"@type\":\"SearchAction\",\"target\":{\"@type\":\"EntryPoint\",\"urlTemplate\":\"https:\\\/\\\/ala-talkkari.fi\\\/de\\\/?s={search_term_string}\"},\"query-input\":{\"@type\":\"PropertyValueSpecification\",\"valueRequired\":true,\"valueName\":\"search_term_string\"}}],\"inLanguage\":\"de\"},{\"@type\":\"Organization\",\"@id\":\"https:\\\/\\\/ala-talkkari.fi\\\/de\\\/#organization\",\"name\":\"Veljekset Ala-Talkkari Oy\",\"url\":\"https:\\\/\\\/ala-talkkari.fi\\\/de\\\/\",\"logo\":{\"@type\":\"ImageObject\",\"inLanguage\":\"de\",\"@id\":\"https:\\\/\\\/ala-talkkari.fi\\\/de\\\/#\\\/schema\\\/logo\\\/image\\\/\",\"url\":\"https:\\\/\\\/ala-talkkari.fi\\\/wp-content\\\/uploads\\\/2020\\\/09\\\/lammitys-veto-ala-talkkari.png\",\"contentUrl\":\"https:\\\/\\\/ala-talkkari.fi\\\/wp-content\\\/uploads\\\/2020\\\/09\\\/lammitys-veto-ala-talkkari.png\",\"width\":751,\"height\":67,\"caption\":\"Veljekset Ala-Talkkari Oy\"},\"image\":{\"@id\":\"https:\\\/\\\/ala-talkkari.fi\\\/de\\\/#\\\/schema\\\/logo\\\/image\\\/\"},\"sameAs\":[\"https:\\\/\\\/www.facebook.com\\\/alatalkkari\",\"https:\\\/\\\/www.instagram.com\\\/veljeksetalatalkkarioy\\\/\",\"https:\\\/\\\/www.youtube.com\\\/c\\\/VeljeksetAlaTalkkariOy\"]}]}<\/script>\n<!-- \/ Yoast SEO plugin. -->","yoast_head_json":{"title":"Veto 700 - Veljekset Ala-Talkkari Oy","robots":{"index":"index","follow":"follow","max-snippet":"max-snippet:-1","max-image-preview":"max-image-preview:large","max-video-preview":"max-video-preview:-1"},"canonical":"https:\/\/ala-talkkari.fi\/de\/hackgutkessel-veto-700\/","og_locale":"de_DE","og_type":"article","og_title":"Veto 700 - Veljekset Ala-Talkkari Oy","og_description":"Veto 700 Der Veto 700 Hackgutkessel von AlaTalkkari ist u. a. f\u00fcr das Heizen von Bauernh\u00f6fen, Gew\u00e4chsh\u00e4usern, gro\u00dfer Grundt\u00fccke und Fernheizwerke vorgesehen. Der neue rot-schwarze, farbfertige Au\u00dfenmantel gew\u00e4hrleistet ein Aussehen, das das Auge anspricht. Am Boden des Kessels befindet sich ein eigener, gro\u00dfer Ascheraum, der mit mehreren, einfach zu bedienenden Inspektionsluken ausgestattet ist. Die H\u00e4ndigkeit [&hellip;]","og_url":"https:\/\/ala-talkkari.fi\/de\/hackgutkessel-veto-700\/","og_site_name":"Veljekset Ala-Talkkari Oy","article_publisher":"https:\/\/www.facebook.com\/alatalkkari","article_modified_time":"2020-09-17T11:28:47+00:00","og_image":[{"url":"https:\/\/ala-talkkari.fi\/wp-content\/uploads\/2014\/11\/hachgutkessel-veto-700kW.jpg","type":"","width":"","height":""}],"twitter_misc":{"Gesch\u00e4tzte Lesezeit":"1\u00a0Minute"},"schema":{"@context":"https:\/\/schema.org","@graph":[{"@type":"WebPage","@id":"https:\/\/ala-talkkari.fi\/de\/hackgutkessel-veto-700\/","url":"https:\/\/ala-talkkari.fi\/de\/hackgutkessel-veto-700\/","name":"Veto 700 - Veljekset Ala-Talkkari Oy","isPartOf":{"@id":"https:\/\/ala-talkkari.fi\/de\/#website"},"primaryImageOfPage":{"@id":"https:\/\/ala-talkkari.fi\/de\/hackgutkessel-veto-700\/#primaryimage"},"image":{"@id":"https:\/\/ala-talkkari.fi\/de\/hackgutkessel-veto-700\/#primaryimage"},"thumbnailUrl":"https:\/\/ala-talkkari.fi\/wp-content\/uploads\/2014\/11\/hachgutkessel-veto-700kW.jpg","datePublished":"2014-11-04T12:47:53+00:00","dateModified":"2020-09-17T11:28:47+00:00","breadcrumb":{"@id":"https:\/\/ala-talkkari.fi\/de\/hackgutkessel-veto-700\/#breadcrumb"},"inLanguage":"de","potentialAction":[{"@type":"ReadAction","target":["https:\/\/ala-talkkari.fi\/de\/hackgutkessel-veto-700\/"]}]},{"@type":"ImageObject","inLanguage":"de","@id":"https:\/\/ala-talkkari.fi\/de\/hackgutkessel-veto-700\/#primaryimage","url":"https:\/\/ala-talkkari.fi\/wp-content\/uploads\/2014\/11\/hachgutkessel-veto-700kW.jpg","contentUrl":"https:\/\/ala-talkkari.fi\/wp-content\/uploads\/2014\/11\/hachgutkessel-veto-700kW.jpg"},{"@type":"BreadcrumbList","@id":"https:\/\/ala-talkkari.fi\/de\/hackgutkessel-veto-700\/#breadcrumb","itemListElement":[{"@type":"ListItem","position":1,"name":"Home","item":"https:\/\/ala-talkkari.fi\/de\/"},{"@type":"ListItem","position":2,"name":"Veto 700"}]},{"@type":"WebSite","@id":"https:\/\/ala-talkkari.fi\/de\/#website","url":"https:\/\/ala-talkkari.fi\/de\/","name":"Veljekset Ala-Talkkari Oy","description":"Heizsysteme und Ger\u00e4te zur Landschaftspflege","publisher":{"@id":"https:\/\/ala-talkkari.fi\/de\/#organization"},"potentialAction":[{"@type":"SearchAction","target":{"@type":"EntryPoint","urlTemplate":"https:\/\/ala-talkkari.fi\/de\/?s={search_term_string}"},"query-input":{"@type":"PropertyValueSpecification","valueRequired":true,"valueName":"search_term_string"}}],"inLanguage":"de"},{"@type":"Organization","@id":"https:\/\/ala-talkkari.fi\/de\/#organization","name":"Veljekset Ala-Talkkari Oy","url":"https:\/\/ala-talkkari.fi\/de\/","logo":{"@type":"ImageObject","inLanguage":"de","@id":"https:\/\/ala-talkkari.fi\/de\/#\/schema\/logo\/image\/","url":"https:\/\/ala-talkkari.fi\/wp-content\/uploads\/2020\/09\/lammitys-veto-ala-talkkari.png","contentUrl":"https:\/\/ala-talkkari.fi\/wp-content\/uploads\/2020\/09\/lammitys-veto-ala-talkkari.png","width":751,"height":67,"caption":"Veljekset Ala-Talkkari Oy"},"image":{"@id":"https:\/\/ala-talkkari.fi\/de\/#\/schema\/logo\/image\/"},"sameAs":["https:\/\/www.facebook.com\/alatalkkari","https:\/\/www.instagram.com\/veljeksetalatalkkarioy\/","https:\/\/www.youtube.com\/c\/VeljeksetAlaTalkkariOy"]}]}},"_links":{"self":[{"href":"https:\/\/ala-talkkari.fi\/de\/wp-json\/wp\/v2\/pages\/3954","targetHints":{"allow":["GET"]}}],"collection":[{"href":"https:\/\/ala-talkkari.fi\/de\/wp-json\/wp\/v2\/pages"}],"about":[{"href":"https:\/\/ala-talkkari.fi\/de\/wp-json\/wp\/v2\/types\/page"}],"author":[{"embeddable":true,"href":"https:\/\/ala-talkkari.fi\/de\/wp-json\/wp\/v2\/users\/1"}],"replies":[{"embeddable":true,"href":"https:\/\/ala-talkkari.fi\/de\/wp-json\/wp\/v2\/comments?post=3954"}],"version-history":[{"count":11,"href":"https:\/\/ala-talkkari.fi\/de\/wp-json\/wp\/v2\/pages\/3954\/revisions"}],"predecessor-version":[{"id":8499,"href":"https:\/\/ala-talkkari.fi\/de\/wp-json\/wp\/v2\/pages\/3954\/revisions\/8499"}],"wp:attachment":[{"href":"https:\/\/ala-talkkari.fi\/de\/wp-json\/wp\/v2\/media?parent=3954"}],"curies":[{"name":"wp","href":"https:\/\/api.w.org\/{rel}","templated":true}]}}