{"id":3947,"date":"2014-11-04T14:45:44","date_gmt":"2014-11-04T12:45:44","guid":{"rendered":"http:\/\/ala-talkkari.fi\/de\/?page_id=3947"},"modified":"2020-09-16T13:25:41","modified_gmt":"2020-09-16T10:25:41","slug":"veto-60","status":"publish","type":"page","link":"https:\/\/ala-talkkari.fi\/de\/veto-60\/","title":{"rendered":"Veto 60"},"content":{"rendered":"<h1>Heizkessel, Veto 60 kW Hackgutkessel<\/h1>\n<p><img loading=\"lazy\" decoding=\"async\" class=\"alignnone wp-image-3949 size-full\" src=\"https:\/\/ala-talkkari.fi\/wp-content\/uploads\/2014\/11\/biomass-boilereilmapeitelevylla-0012.jpg\" alt=\"l\u00e4mmityskattila, Veto 60-stokerikattila\" width=\"768\" height=\"1024\"><\/p>\n<p><span style=\"font-size: small;\"><br \/>\nDer VETO 60 Heizkessel (hackgutkessel)kessel im Bild ist mit einer als Zubeh\u00f6r erh\u00e4ltlichen Druckluftreinigung f\u00fcr den Schornstein ausgestattet. <\/span><\/p>\n<p>Der Veto 60 Stokerkessel (Heizkessel) von AlaTalkkari ist in erster Linie f\u00fcr das Heizen von Einfamilienh\u00e4usern sowie kleiner Grundst\u00fccke vorgesehen. Der neue rot-schwarze, farbfertige Au\u00dfenmantel gew\u00e4hrleistet ein Aussehen, das das Auge anspricht. Auch die Messanzeige sowie die Luken sind benutzerfreundlicher als bisher. Die H\u00e4ndigkeit kann vom Kunden frei gew\u00e4hlt werden (z. B. Brennerkopf links, rechts oder vorne). Als Standardausr\u00fcstung verf\u00fcgt der Kessel \u00fcber einen effizienten Gewinn von Gebrauchswasser. Dank seiner kompakten Gr\u00f6\u00dfe und seines gro\u00dfen Wasserraums ist der Veto 60 hackgutkessel eine sichere und einheimische Wahl.<\/p>\n<p>&nbsp;<\/p>\n<p><strong>Technische Angaben:<\/strong><\/p>\n<p>L\u00e4nge, Au\u00dfenma\u00df: 1190 mm<\/p>\n<p>Breite, Au\u00dfenma\u00df: 720 mm<\/p>\n<p>H\u00f6he, Au\u00dfenma\u00df: 1380 mm<\/p>\n<p>Abgasverbindung: \u00d8 168,3 mm<\/p>\n<p>H\u00f6he der Abgasverbindung vom Boden (zur Mitte der Verbindung): 180 mm<\/p>\n<p>Gerbrauchswasserschnecke: 1 Stk. Standard<\/p>\n<p>Ausg\u00e4nge des Heizkreislaufs: 2 x 2\u2033<\/p>\n<p>Mischventil: 1 Stk. Standard<\/p>\n<p>Anschluss f\u00fcr den elektrischen Widerstand: 1 Stk. Standard<\/p>\n<p>Leistung: 60 kW<\/p>\n<p>Gewicht: 650 kg<\/p>\n<p>Wasservolumen: 340 l<\/p>\n<p><strong>Sonderzubeh\u00f6r:<\/strong><\/p>\n<p>Zweite Gebrauchswasserschnecke,<\/p>\n<p>Zweites Mischventil (Shunt),<\/p>\n<p>Elektroheizstab,<\/p>\n<p>Ascheschnecke,<\/p>\n<p>Schornsteinreinigung mit Druckluft,<\/p>\n<p>Holzausr\u00fcstung<\/p>\n<p><strong>Bilder vom Veto 60 hackgutkessel:<\/strong><\/p>\nngg_shortcode_0_placeholder\n<p><strong>PDF-mittakuvia Veto 60 stokerikattilasta:<\/strong><\/p>\n<p><a href=\"http:\/\/c5jnc9gd.c5.suncomet.fi\/wp-content\/uploads\/2014\/11\/60kW-sy\u00f6tt\u00f6-vasen-mittakuva.pdf\" target=\"_blank\" rel=\"noopener noreferrer\">Veto 60, sy\u00f6tt\u00f6 vasemmalla, hoito edess\u00e4<\/a><\/p>\n<p><a href=\"http:\/\/c5jnc9gd.c5.suncomet.fi\/wp-content\/uploads\/2014\/11\/60kW-sy\u00f6tt\u00f6-edes-hoito-vasen.pdf\" target=\"_blank\" rel=\"noopener noreferrer\">Veto 60, sy\u00f6tt\u00f6 edess\u00e4, hoito vasemmalla<\/a><\/p>\n","protected":false},"excerpt":{"rendered":"<p>Heizkessel, Veto 60 kW Hackgutkessel Der VETO 60 Heizkessel (hackgutkessel)kessel im Bild ist mit einer als Zubeh\u00f6r erh\u00e4ltlichen Druckluftreinigung f\u00fcr den Schornstein ausgestattet. Der Veto 60 Stokerkessel (Heizkessel) von AlaTalkkari ist in erster Linie f\u00fcr das Heizen von Einfamilienh\u00e4usern sowie kleiner Grundst\u00fccke vorgesehen. Der neue rot-schwarze, farbfertige Au\u00dfenmantel gew\u00e4hrleistet ein Aussehen, das das Auge anspricht. [&hellip;]<\/p>\n","protected":false},"author":1,"featured_media":0,"parent":0,"menu_order":0,"comment_status":"closed","ping_status":"closed","template":"","meta":{"ngg_post_thumbnail":0,"footnotes":""},"class_list":["post-3947","page","type-page","status-publish","hentry"],"yoast_head":"<!-- This site is optimized with the Yoast SEO plugin v27.4 - https:\/\/yoast.com\/product\/yoast-seo-wordpress\/ -->\n<title>Der Veto 60-Heizkessel (biomassekessel) von Ala-Talkkari eignet sich haupts\u00e4chlich zum Heizen von Einfamilienh\u00e4usern.<\/title>\n<meta name=\"description\" content=\"Der Veto 60-Heizkessel (biomassekessel) von Ala-Talkkari eignet sich haupts\u00e4chlich zum Heizen von Einfamilienh\u00e4usern.\" \/>\n<meta name=\"robots\" content=\"index, follow, max-snippet:-1, max-image-preview:large, max-video-preview:-1\" \/>\n<link rel=\"canonical\" href=\"https:\/\/ala-talkkari.fi\/de\/veto-60\/\" \/>\n<meta property=\"og:locale\" content=\"de_DE\" \/>\n<meta property=\"og:type\" content=\"article\" \/>\n<meta property=\"og:title\" content=\"Der Veto 60-Heizkessel (biomassekessel) von Ala-Talkkari eignet sich haupts\u00e4chlich zum Heizen von Einfamilienh\u00e4usern.\" \/>\n<meta property=\"og:description\" content=\"Der Veto 60-Heizkessel (biomassekessel) von Ala-Talkkari eignet sich haupts\u00e4chlich zum Heizen von Einfamilienh\u00e4usern.\" \/>\n<meta property=\"og:url\" content=\"https:\/\/ala-talkkari.fi\/de\/veto-60\/\" \/>\n<meta property=\"og:site_name\" content=\"Veljekset Ala-Talkkari Oy\" \/>\n<meta property=\"article:publisher\" content=\"https:\/\/www.facebook.com\/alatalkkari\" \/>\n<meta property=\"article:modified_time\" content=\"2020-09-16T10:25:41+00:00\" \/>\n<meta property=\"og:image\" content=\"https:\/\/ala-talkkari.fi\/wp-content\/uploads\/2014\/11\/biomass-boilereilmapeitelevylla-0012.jpg\" \/>\n<meta name=\"twitter:label1\" content=\"Gesch\u00e4tzte Lesezeit\" \/>\n\t<meta name=\"twitter:data1\" content=\"1\u00a0Minute\" \/>\n<script type=\"application\/ld+json\" class=\"yoast-schema-graph\">{\"@context\":\"https:\\\/\\\/schema.org\",\"@graph\":[{\"@type\":\"WebPage\",\"@id\":\"https:\\\/\\\/ala-talkkari.fi\\\/de\\\/veto-60\\\/\",\"url\":\"https:\\\/\\\/ala-talkkari.fi\\\/de\\\/veto-60\\\/\",\"name\":\"Der Veto 60-Heizkessel (biomassekessel) von Ala-Talkkari eignet sich haupts\u00e4chlich zum Heizen von Einfamilienh\u00e4usern.\",\"isPartOf\":{\"@id\":\"https:\\\/\\\/ala-talkkari.fi\\\/de\\\/#website\"},\"primaryImageOfPage\":{\"@id\":\"https:\\\/\\\/ala-talkkari.fi\\\/de\\\/veto-60\\\/#primaryimage\"},\"image\":{\"@id\":\"https:\\\/\\\/ala-talkkari.fi\\\/de\\\/veto-60\\\/#primaryimage\"},\"thumbnailUrl\":\"https:\\\/\\\/ala-talkkari.fi\\\/wp-content\\\/uploads\\\/2014\\\/11\\\/biomass-boilereilmapeitelevylla-0012.jpg\",\"datePublished\":\"2014-11-04T12:45:44+00:00\",\"dateModified\":\"2020-09-16T10:25:41+00:00\",\"description\":\"Der Veto 60-Heizkessel (biomassekessel) von Ala-Talkkari eignet sich haupts\u00e4chlich zum Heizen von Einfamilienh\u00e4usern.\",\"breadcrumb\":{\"@id\":\"https:\\\/\\\/ala-talkkari.fi\\\/de\\\/veto-60\\\/#breadcrumb\"},\"inLanguage\":\"de\",\"potentialAction\":[{\"@type\":\"ReadAction\",\"target\":[\"https:\\\/\\\/ala-talkkari.fi\\\/de\\\/veto-60\\\/\"]}]},{\"@type\":\"ImageObject\",\"inLanguage\":\"de\",\"@id\":\"https:\\\/\\\/ala-talkkari.fi\\\/de\\\/veto-60\\\/#primaryimage\",\"url\":\"https:\\\/\\\/ala-talkkari.fi\\\/wp-content\\\/uploads\\\/2014\\\/11\\\/biomass-boilereilmapeitelevylla-0012.jpg\",\"contentUrl\":\"https:\\\/\\\/ala-talkkari.fi\\\/wp-content\\\/uploads\\\/2014\\\/11\\\/biomass-boilereilmapeitelevylla-0012.jpg\"},{\"@type\":\"BreadcrumbList\",\"@id\":\"https:\\\/\\\/ala-talkkari.fi\\\/de\\\/veto-60\\\/#breadcrumb\",\"itemListElement\":[{\"@type\":\"ListItem\",\"position\":1,\"name\":\"Home\",\"item\":\"https:\\\/\\\/ala-talkkari.fi\\\/de\\\/\"},{\"@type\":\"ListItem\",\"position\":2,\"name\":\"Veto 60\"}]},{\"@type\":\"WebSite\",\"@id\":\"https:\\\/\\\/ala-talkkari.fi\\\/de\\\/#website\",\"url\":\"https:\\\/\\\/ala-talkkari.fi\\\/de\\\/\",\"name\":\"Veljekset Ala-Talkkari Oy\",\"description\":\"Heizsysteme und Ger\u00e4te zur Landschaftspflege\",\"publisher\":{\"@id\":\"https:\\\/\\\/ala-talkkari.fi\\\/de\\\/#organization\"},\"potentialAction\":[{\"@type\":\"SearchAction\",\"target\":{\"@type\":\"EntryPoint\",\"urlTemplate\":\"https:\\\/\\\/ala-talkkari.fi\\\/de\\\/?s={search_term_string}\"},\"query-input\":{\"@type\":\"PropertyValueSpecification\",\"valueRequired\":true,\"valueName\":\"search_term_string\"}}],\"inLanguage\":\"de\"},{\"@type\":\"Organization\",\"@id\":\"https:\\\/\\\/ala-talkkari.fi\\\/de\\\/#organization\",\"name\":\"Veljekset Ala-Talkkari Oy\",\"url\":\"https:\\\/\\\/ala-talkkari.fi\\\/de\\\/\",\"logo\":{\"@type\":\"ImageObject\",\"inLanguage\":\"de\",\"@id\":\"https:\\\/\\\/ala-talkkari.fi\\\/de\\\/#\\\/schema\\\/logo\\\/image\\\/\",\"url\":\"https:\\\/\\\/ala-talkkari.fi\\\/wp-content\\\/uploads\\\/2020\\\/09\\\/lammitys-veto-ala-talkkari.png\",\"contentUrl\":\"https:\\\/\\\/ala-talkkari.fi\\\/wp-content\\\/uploads\\\/2020\\\/09\\\/lammitys-veto-ala-talkkari.png\",\"width\":751,\"height\":67,\"caption\":\"Veljekset Ala-Talkkari Oy\"},\"image\":{\"@id\":\"https:\\\/\\\/ala-talkkari.fi\\\/de\\\/#\\\/schema\\\/logo\\\/image\\\/\"},\"sameAs\":[\"https:\\\/\\\/www.facebook.com\\\/alatalkkari\",\"https:\\\/\\\/www.instagram.com\\\/veljeksetalatalkkarioy\\\/\",\"https:\\\/\\\/www.youtube.com\\\/c\\\/VeljeksetAlaTalkkariOy\"]}]}<\/script>\n<!-- \/ Yoast SEO plugin. -->","yoast_head_json":{"title":"Der Veto 60-Heizkessel (biomassekessel) von Ala-Talkkari eignet sich haupts\u00e4chlich zum Heizen von Einfamilienh\u00e4usern.","description":"Der Veto 60-Heizkessel (biomassekessel) von Ala-Talkkari eignet sich haupts\u00e4chlich zum Heizen von Einfamilienh\u00e4usern.","robots":{"index":"index","follow":"follow","max-snippet":"max-snippet:-1","max-image-preview":"max-image-preview:large","max-video-preview":"max-video-preview:-1"},"canonical":"https:\/\/ala-talkkari.fi\/de\/veto-60\/","og_locale":"de_DE","og_type":"article","og_title":"Der Veto 60-Heizkessel (biomassekessel) von Ala-Talkkari eignet sich haupts\u00e4chlich zum Heizen von Einfamilienh\u00e4usern.","og_description":"Der Veto 60-Heizkessel (biomassekessel) von Ala-Talkkari eignet sich haupts\u00e4chlich zum Heizen von Einfamilienh\u00e4usern.","og_url":"https:\/\/ala-talkkari.fi\/de\/veto-60\/","og_site_name":"Veljekset Ala-Talkkari Oy","article_publisher":"https:\/\/www.facebook.com\/alatalkkari","article_modified_time":"2020-09-16T10:25:41+00:00","og_image":[{"url":"https:\/\/ala-talkkari.fi\/wp-content\/uploads\/2014\/11\/biomass-boilereilmapeitelevylla-0012.jpg","type":"","width":"","height":""}],"twitter_misc":{"Gesch\u00e4tzte Lesezeit":"1\u00a0Minute"},"schema":{"@context":"https:\/\/schema.org","@graph":[{"@type":"WebPage","@id":"https:\/\/ala-talkkari.fi\/de\/veto-60\/","url":"https:\/\/ala-talkkari.fi\/de\/veto-60\/","name":"Der Veto 60-Heizkessel (biomassekessel) von Ala-Talkkari eignet sich haupts\u00e4chlich zum Heizen von Einfamilienh\u00e4usern.","isPartOf":{"@id":"https:\/\/ala-talkkari.fi\/de\/#website"},"primaryImageOfPage":{"@id":"https:\/\/ala-talkkari.fi\/de\/veto-60\/#primaryimage"},"image":{"@id":"https:\/\/ala-talkkari.fi\/de\/veto-60\/#primaryimage"},"thumbnailUrl":"https:\/\/ala-talkkari.fi\/wp-content\/uploads\/2014\/11\/biomass-boilereilmapeitelevylla-0012.jpg","datePublished":"2014-11-04T12:45:44+00:00","dateModified":"2020-09-16T10:25:41+00:00","description":"Der Veto 60-Heizkessel (biomassekessel) von Ala-Talkkari eignet sich haupts\u00e4chlich zum Heizen von Einfamilienh\u00e4usern.","breadcrumb":{"@id":"https:\/\/ala-talkkari.fi\/de\/veto-60\/#breadcrumb"},"inLanguage":"de","potentialAction":[{"@type":"ReadAction","target":["https:\/\/ala-talkkari.fi\/de\/veto-60\/"]}]},{"@type":"ImageObject","inLanguage":"de","@id":"https:\/\/ala-talkkari.fi\/de\/veto-60\/#primaryimage","url":"https:\/\/ala-talkkari.fi\/wp-content\/uploads\/2014\/11\/biomass-boilereilmapeitelevylla-0012.jpg","contentUrl":"https:\/\/ala-talkkari.fi\/wp-content\/uploads\/2014\/11\/biomass-boilereilmapeitelevylla-0012.jpg"},{"@type":"BreadcrumbList","@id":"https:\/\/ala-talkkari.fi\/de\/veto-60\/#breadcrumb","itemListElement":[{"@type":"ListItem","position":1,"name":"Home","item":"https:\/\/ala-talkkari.fi\/de\/"},{"@type":"ListItem","position":2,"name":"Veto 60"}]},{"@type":"WebSite","@id":"https:\/\/ala-talkkari.fi\/de\/#website","url":"https:\/\/ala-talkkari.fi\/de\/","name":"Veljekset Ala-Talkkari Oy","description":"Heizsysteme und Ger\u00e4te zur Landschaftspflege","publisher":{"@id":"https:\/\/ala-talkkari.fi\/de\/#organization"},"potentialAction":[{"@type":"SearchAction","target":{"@type":"EntryPoint","urlTemplate":"https:\/\/ala-talkkari.fi\/de\/?s={search_term_string}"},"query-input":{"@type":"PropertyValueSpecification","valueRequired":true,"valueName":"search_term_string"}}],"inLanguage":"de"},{"@type":"Organization","@id":"https:\/\/ala-talkkari.fi\/de\/#organization","name":"Veljekset Ala-Talkkari Oy","url":"https:\/\/ala-talkkari.fi\/de\/","logo":{"@type":"ImageObject","inLanguage":"de","@id":"https:\/\/ala-talkkari.fi\/de\/#\/schema\/logo\/image\/","url":"https:\/\/ala-talkkari.fi\/wp-content\/uploads\/2020\/09\/lammitys-veto-ala-talkkari.png","contentUrl":"https:\/\/ala-talkkari.fi\/wp-content\/uploads\/2020\/09\/lammitys-veto-ala-talkkari.png","width":751,"height":67,"caption":"Veljekset Ala-Talkkari Oy"},"image":{"@id":"https:\/\/ala-talkkari.fi\/de\/#\/schema\/logo\/image\/"},"sameAs":["https:\/\/www.facebook.com\/alatalkkari","https:\/\/www.instagram.com\/veljeksetalatalkkarioy\/","https:\/\/www.youtube.com\/c\/VeljeksetAlaTalkkariOy"]}]}},"_links":{"self":[{"href":"https:\/\/ala-talkkari.fi\/de\/wp-json\/wp\/v2\/pages\/3947","targetHints":{"allow":["GET"]}}],"collection":[{"href":"https:\/\/ala-talkkari.fi\/de\/wp-json\/wp\/v2\/pages"}],"about":[{"href":"https:\/\/ala-talkkari.fi\/de\/wp-json\/wp\/v2\/types\/page"}],"author":[{"embeddable":true,"href":"https:\/\/ala-talkkari.fi\/de\/wp-json\/wp\/v2\/users\/1"}],"replies":[{"embeddable":true,"href":"https:\/\/ala-talkkari.fi\/de\/wp-json\/wp\/v2\/comments?post=3947"}],"version-history":[{"count":8,"href":"https:\/\/ala-talkkari.fi\/de\/wp-json\/wp\/v2\/pages\/3947\/revisions"}],"predecessor-version":[{"id":8366,"href":"https:\/\/ala-talkkari.fi\/de\/wp-json\/wp\/v2\/pages\/3947\/revisions\/8366"}],"wp:attachment":[{"href":"https:\/\/ala-talkkari.fi\/de\/wp-json\/wp\/v2\/media?parent=3947"}],"curies":[{"name":"wp","href":"https:\/\/api.w.org\/{rel}","templated":true}]}}