{"id":3942,"date":"2014-11-05T07:47:07","date_gmt":"2014-11-05T05:47:07","guid":{"rendered":"http:\/\/ala-talkkari.fi\/de\/?page_id=3942"},"modified":"2020-09-11T12:12:52","modified_gmt":"2020-09-11T09:12:52","slug":"veto-6","status":"publish","type":"page","link":"https:\/\/ala-talkkari.fi\/de\/veto-6\/","title":{"rendered":"Veto 6"},"content":{"rendered":"<h2><strong>Heizen mit Hackschnitzeln Veto 6 <\/strong><\/h2>\n<p><img loading=\"lazy\" decoding=\"async\" class=\"alignnone wp-image-771 size-full\" src=\"https:\/\/ala-talkkari.fi\/wp-content\/uploads\/2014\/11\/veto-6-biomass-heating.jpg\" alt=\"Veto 6-biopolttolaite (hakel\u00e4mmitys)\" width=\"1024\" height=\"768\"><\/p>\n<p>Das Heizen mit Hackschnitzeln ist eine preiswerte Art zu heizen. Der Veto 6 ist ein moderner Stoker (Hackschnitzelbrenner) mit zwei starken, mit einer Feder ausgestatteten Mischplatten zur Entladung des Brennstoffs. Diese starken Mischplatten erm\u00f6glichen den Gebrauch verschiedener fester Brennstoffe (Hackschnitzel, Torf, Pellets, Briketts). Der Basisteil des Silos fasst 2 m\u00b3 und als Sonderzubeh\u00f6r sind daf\u00fcr Zusatzsilos mit 0,5 m\u00b3, 2 m\u00b3 und 4 m\u00b3 erh\u00e4ltlich. Der Veto 6 Brennapparat kann in Veto-Stokerkesseln montiert werden. Der luftdichte Deckel des Silos, das AVTA-Ventil, der Wachspfropfen sowie der R\u00fcckbrandschutz gew\u00e4hrleisten einen sicheren Betrieb. Der Veto 6 Brennapparat ist standardm\u00e4\u00dfig mit der Schaltzentrale AT Log 1 ausgestattet.<\/p>\n<p>&nbsp;<\/p>\n<p><strong>Technische Angaben:<\/strong><\/p>\n<p>L\u00e4nge, Au\u00dfenma\u00df:&nbsp; 3930 mm<\/p>\n<p>Breite, Au\u00dfenma\u00df:&nbsp; 2700 mm<\/p>\n<p>H\u00f6he, Au\u00dfenma\u00df:&nbsp; 1300 mm<\/p>\n<p>Volumen des Brennstoffbeh\u00e4lters (Standard): 2 m\u00b3<\/p>\n<p>Leistung: 40120 kW<\/p>\n<p>Gewicht: 600 kg<\/p>\n<p>Schaltzentrale: AT Log 1<\/p>\n<p><strong>Sonderzubeh\u00f6r:<\/strong><\/p>\n<p>Beweglicher Brenner,<\/p>\n<p>Z\u00fcndautomatik,<\/p>\n<p>GSM-Alarm,<\/p>\n<p>Lambda-Schaltzentrale (Veto Control M),<\/p>\n<p>Zusatzmeter f\u00fcr die F\u00f6rderschnecke (bis zu 5 m),<\/p>\n<p>Zusatzsilo 0,5 m\u00b3,<\/p>\n<p>Zusatzsilo 2 m\u00b3,<\/p>\n<p>Zusatzsilo 4 m\u00b3,<\/p>\n<p>Fallteil f\u00fcr den Brennstoff,<\/p>\n<p>Zellenf\u00f6rderer (inkl. Zellenradschleuse)<\/p>\n<p>&nbsp;<\/p>\n<p><strong>Bilder vom Veto 6 Hackschnitzelbrenner:<\/strong><\/p>\nngg_shortcode_0_placeholder\n<p><strong>Lesen \/ laden Sie hier die Brosch\u00fcre f\u00fcr die Veto-Heizger\u00e4te herunter:<\/strong><\/p>\n","protected":false},"excerpt":{"rendered":"<p>Heizen mit Hackschnitzeln Veto 6 Das Heizen mit Hackschnitzeln ist eine preiswerte Art zu heizen. Der Veto 6 ist ein moderner Stoker (Hackschnitzelbrenner) mit zwei starken, mit einer Feder ausgestatteten Mischplatten zur Entladung des Brennstoffs. Diese starken Mischplatten erm\u00f6glichen den Gebrauch verschiedener fester Brennstoffe (Hackschnitzel, Torf, Pellets, Briketts). Der Basisteil des Silos fasst 2 m\u00b3 [&hellip;]<\/p>\n","protected":false},"author":1,"featured_media":0,"parent":0,"menu_order":0,"comment_status":"closed","ping_status":"closed","template":"","meta":{"ngg_post_thumbnail":0,"footnotes":""},"class_list":["post-3942","page","type-page","status-publish","hentry"],"yoast_head":"<!-- This site is optimized with the Yoast SEO plugin v27.4 - https:\/\/yoast.com\/product\/yoast-seo-wordpress\/ -->\n<title>Veto 6 - Veljekset Ala-Talkkari Oy<\/title>\n<meta name=\"robots\" content=\"index, follow, max-snippet:-1, max-image-preview:large, max-video-preview:-1\" \/>\n<link rel=\"canonical\" href=\"https:\/\/ala-talkkari.fi\/de\/veto-6\/\" \/>\n<meta property=\"og:locale\" content=\"de_DE\" \/>\n<meta property=\"og:type\" content=\"article\" \/>\n<meta property=\"og:title\" content=\"Veto 6 - Veljekset Ala-Talkkari Oy\" \/>\n<meta property=\"og:description\" content=\"Heizen mit Hackschnitzeln Veto 6 Das Heizen mit Hackschnitzeln ist eine preiswerte Art zu heizen. Der Veto 6 ist ein moderner Stoker (Hackschnitzelbrenner) mit zwei starken, mit einer Feder ausgestatteten Mischplatten zur Entladung des Brennstoffs. Diese starken Mischplatten erm\u00f6glichen den Gebrauch verschiedener fester Brennstoffe (Hackschnitzel, Torf, Pellets, Briketts). Der Basisteil des Silos fasst 2 m\u00b3 [&hellip;]\" \/>\n<meta property=\"og:url\" content=\"https:\/\/ala-talkkari.fi\/de\/veto-6\/\" \/>\n<meta property=\"og:site_name\" content=\"Veljekset Ala-Talkkari Oy\" \/>\n<meta property=\"article:publisher\" content=\"https:\/\/www.facebook.com\/alatalkkari\" \/>\n<meta property=\"article:modified_time\" content=\"2020-09-11T09:12:52+00:00\" \/>\n<meta property=\"og:image\" content=\"https:\/\/ala-talkkari.fi\/wp-content\/uploads\/2014\/11\/veto-6-biomass-heating.jpg\" \/>\n<meta name=\"twitter:label1\" content=\"Gesch\u00e4tzte Lesezeit\" \/>\n\t<meta name=\"twitter:data1\" content=\"1\u00a0Minute\" \/>\n<script type=\"application\/ld+json\" class=\"yoast-schema-graph\">{\"@context\":\"https:\\\/\\\/schema.org\",\"@graph\":[{\"@type\":\"WebPage\",\"@id\":\"https:\\\/\\\/ala-talkkari.fi\\\/de\\\/veto-6\\\/\",\"url\":\"https:\\\/\\\/ala-talkkari.fi\\\/de\\\/veto-6\\\/\",\"name\":\"Veto 6 - Veljekset Ala-Talkkari Oy\",\"isPartOf\":{\"@id\":\"https:\\\/\\\/ala-talkkari.fi\\\/de\\\/#website\"},\"primaryImageOfPage\":{\"@id\":\"https:\\\/\\\/ala-talkkari.fi\\\/de\\\/veto-6\\\/#primaryimage\"},\"image\":{\"@id\":\"https:\\\/\\\/ala-talkkari.fi\\\/de\\\/veto-6\\\/#primaryimage\"},\"thumbnailUrl\":\"https:\\\/\\\/ala-talkkari.fi\\\/wp-content\\\/uploads\\\/2014\\\/11\\\/veto-6-biomass-heating.jpg\",\"datePublished\":\"2014-11-05T05:47:07+00:00\",\"dateModified\":\"2020-09-11T09:12:52+00:00\",\"breadcrumb\":{\"@id\":\"https:\\\/\\\/ala-talkkari.fi\\\/de\\\/veto-6\\\/#breadcrumb\"},\"inLanguage\":\"de\",\"potentialAction\":[{\"@type\":\"ReadAction\",\"target\":[\"https:\\\/\\\/ala-talkkari.fi\\\/de\\\/veto-6\\\/\"]}]},{\"@type\":\"ImageObject\",\"inLanguage\":\"de\",\"@id\":\"https:\\\/\\\/ala-talkkari.fi\\\/de\\\/veto-6\\\/#primaryimage\",\"url\":\"https:\\\/\\\/ala-talkkari.fi\\\/wp-content\\\/uploads\\\/2014\\\/11\\\/veto-6-biomass-heating.jpg\",\"contentUrl\":\"https:\\\/\\\/ala-talkkari.fi\\\/wp-content\\\/uploads\\\/2014\\\/11\\\/veto-6-biomass-heating.jpg\"},{\"@type\":\"BreadcrumbList\",\"@id\":\"https:\\\/\\\/ala-talkkari.fi\\\/de\\\/veto-6\\\/#breadcrumb\",\"itemListElement\":[{\"@type\":\"ListItem\",\"position\":1,\"name\":\"Home\",\"item\":\"https:\\\/\\\/ala-talkkari.fi\\\/de\\\/\"},{\"@type\":\"ListItem\",\"position\":2,\"name\":\"Veto 6\"}]},{\"@type\":\"WebSite\",\"@id\":\"https:\\\/\\\/ala-talkkari.fi\\\/de\\\/#website\",\"url\":\"https:\\\/\\\/ala-talkkari.fi\\\/de\\\/\",\"name\":\"Veljekset Ala-Talkkari Oy\",\"description\":\"Heizsysteme und Ger\u00e4te zur Landschaftspflege\",\"publisher\":{\"@id\":\"https:\\\/\\\/ala-talkkari.fi\\\/de\\\/#organization\"},\"potentialAction\":[{\"@type\":\"SearchAction\",\"target\":{\"@type\":\"EntryPoint\",\"urlTemplate\":\"https:\\\/\\\/ala-talkkari.fi\\\/de\\\/?s={search_term_string}\"},\"query-input\":{\"@type\":\"PropertyValueSpecification\",\"valueRequired\":true,\"valueName\":\"search_term_string\"}}],\"inLanguage\":\"de\"},{\"@type\":\"Organization\",\"@id\":\"https:\\\/\\\/ala-talkkari.fi\\\/de\\\/#organization\",\"name\":\"Veljekset Ala-Talkkari Oy\",\"url\":\"https:\\\/\\\/ala-talkkari.fi\\\/de\\\/\",\"logo\":{\"@type\":\"ImageObject\",\"inLanguage\":\"de\",\"@id\":\"https:\\\/\\\/ala-talkkari.fi\\\/de\\\/#\\\/schema\\\/logo\\\/image\\\/\",\"url\":\"https:\\\/\\\/ala-talkkari.fi\\\/wp-content\\\/uploads\\\/2020\\\/09\\\/lammitys-veto-ala-talkkari.png\",\"contentUrl\":\"https:\\\/\\\/ala-talkkari.fi\\\/wp-content\\\/uploads\\\/2020\\\/09\\\/lammitys-veto-ala-talkkari.png\",\"width\":751,\"height\":67,\"caption\":\"Veljekset Ala-Talkkari Oy\"},\"image\":{\"@id\":\"https:\\\/\\\/ala-talkkari.fi\\\/de\\\/#\\\/schema\\\/logo\\\/image\\\/\"},\"sameAs\":[\"https:\\\/\\\/www.facebook.com\\\/alatalkkari\",\"https:\\\/\\\/www.instagram.com\\\/veljeksetalatalkkarioy\\\/\",\"https:\\\/\\\/www.youtube.com\\\/c\\\/VeljeksetAlaTalkkariOy\"]}]}<\/script>\n<!-- \/ Yoast SEO plugin. -->","yoast_head_json":{"title":"Veto 6 - Veljekset Ala-Talkkari Oy","robots":{"index":"index","follow":"follow","max-snippet":"max-snippet:-1","max-image-preview":"max-image-preview:large","max-video-preview":"max-video-preview:-1"},"canonical":"https:\/\/ala-talkkari.fi\/de\/veto-6\/","og_locale":"de_DE","og_type":"article","og_title":"Veto 6 - Veljekset Ala-Talkkari Oy","og_description":"Heizen mit Hackschnitzeln Veto 6 Das Heizen mit Hackschnitzeln ist eine preiswerte Art zu heizen. Der Veto 6 ist ein moderner Stoker (Hackschnitzelbrenner) mit zwei starken, mit einer Feder ausgestatteten Mischplatten zur Entladung des Brennstoffs. Diese starken Mischplatten erm\u00f6glichen den Gebrauch verschiedener fester Brennstoffe (Hackschnitzel, Torf, Pellets, Briketts). Der Basisteil des Silos fasst 2 m\u00b3 [&hellip;]","og_url":"https:\/\/ala-talkkari.fi\/de\/veto-6\/","og_site_name":"Veljekset Ala-Talkkari Oy","article_publisher":"https:\/\/www.facebook.com\/alatalkkari","article_modified_time":"2020-09-11T09:12:52+00:00","og_image":[{"url":"https:\/\/ala-talkkari.fi\/wp-content\/uploads\/2014\/11\/veto-6-biomass-heating.jpg","type":"","width":"","height":""}],"twitter_misc":{"Gesch\u00e4tzte Lesezeit":"1\u00a0Minute"},"schema":{"@context":"https:\/\/schema.org","@graph":[{"@type":"WebPage","@id":"https:\/\/ala-talkkari.fi\/de\/veto-6\/","url":"https:\/\/ala-talkkari.fi\/de\/veto-6\/","name":"Veto 6 - Veljekset Ala-Talkkari Oy","isPartOf":{"@id":"https:\/\/ala-talkkari.fi\/de\/#website"},"primaryImageOfPage":{"@id":"https:\/\/ala-talkkari.fi\/de\/veto-6\/#primaryimage"},"image":{"@id":"https:\/\/ala-talkkari.fi\/de\/veto-6\/#primaryimage"},"thumbnailUrl":"https:\/\/ala-talkkari.fi\/wp-content\/uploads\/2014\/11\/veto-6-biomass-heating.jpg","datePublished":"2014-11-05T05:47:07+00:00","dateModified":"2020-09-11T09:12:52+00:00","breadcrumb":{"@id":"https:\/\/ala-talkkari.fi\/de\/veto-6\/#breadcrumb"},"inLanguage":"de","potentialAction":[{"@type":"ReadAction","target":["https:\/\/ala-talkkari.fi\/de\/veto-6\/"]}]},{"@type":"ImageObject","inLanguage":"de","@id":"https:\/\/ala-talkkari.fi\/de\/veto-6\/#primaryimage","url":"https:\/\/ala-talkkari.fi\/wp-content\/uploads\/2014\/11\/veto-6-biomass-heating.jpg","contentUrl":"https:\/\/ala-talkkari.fi\/wp-content\/uploads\/2014\/11\/veto-6-biomass-heating.jpg"},{"@type":"BreadcrumbList","@id":"https:\/\/ala-talkkari.fi\/de\/veto-6\/#breadcrumb","itemListElement":[{"@type":"ListItem","position":1,"name":"Home","item":"https:\/\/ala-talkkari.fi\/de\/"},{"@type":"ListItem","position":2,"name":"Veto 6"}]},{"@type":"WebSite","@id":"https:\/\/ala-talkkari.fi\/de\/#website","url":"https:\/\/ala-talkkari.fi\/de\/","name":"Veljekset Ala-Talkkari Oy","description":"Heizsysteme und Ger\u00e4te zur Landschaftspflege","publisher":{"@id":"https:\/\/ala-talkkari.fi\/de\/#organization"},"potentialAction":[{"@type":"SearchAction","target":{"@type":"EntryPoint","urlTemplate":"https:\/\/ala-talkkari.fi\/de\/?s={search_term_string}"},"query-input":{"@type":"PropertyValueSpecification","valueRequired":true,"valueName":"search_term_string"}}],"inLanguage":"de"},{"@type":"Organization","@id":"https:\/\/ala-talkkari.fi\/de\/#organization","name":"Veljekset Ala-Talkkari Oy","url":"https:\/\/ala-talkkari.fi\/de\/","logo":{"@type":"ImageObject","inLanguage":"de","@id":"https:\/\/ala-talkkari.fi\/de\/#\/schema\/logo\/image\/","url":"https:\/\/ala-talkkari.fi\/wp-content\/uploads\/2020\/09\/lammitys-veto-ala-talkkari.png","contentUrl":"https:\/\/ala-talkkari.fi\/wp-content\/uploads\/2020\/09\/lammitys-veto-ala-talkkari.png","width":751,"height":67,"caption":"Veljekset Ala-Talkkari Oy"},"image":{"@id":"https:\/\/ala-talkkari.fi\/de\/#\/schema\/logo\/image\/"},"sameAs":["https:\/\/www.facebook.com\/alatalkkari","https:\/\/www.instagram.com\/veljeksetalatalkkarioy\/","https:\/\/www.youtube.com\/c\/VeljeksetAlaTalkkariOy"]}]}},"_links":{"self":[{"href":"https:\/\/ala-talkkari.fi\/de\/wp-json\/wp\/v2\/pages\/3942","targetHints":{"allow":["GET"]}}],"collection":[{"href":"https:\/\/ala-talkkari.fi\/de\/wp-json\/wp\/v2\/pages"}],"about":[{"href":"https:\/\/ala-talkkari.fi\/de\/wp-json\/wp\/v2\/types\/page"}],"author":[{"embeddable":true,"href":"https:\/\/ala-talkkari.fi\/de\/wp-json\/wp\/v2\/users\/1"}],"replies":[{"embeddable":true,"href":"https:\/\/ala-talkkari.fi\/de\/wp-json\/wp\/v2\/comments?post=3942"}],"version-history":[{"count":7,"href":"https:\/\/ala-talkkari.fi\/de\/wp-json\/wp\/v2\/pages\/3942\/revisions"}],"predecessor-version":[{"id":7611,"href":"https:\/\/ala-talkkari.fi\/de\/wp-json\/wp\/v2\/pages\/3942\/revisions\/7611"}],"wp:attachment":[{"href":"https:\/\/ala-talkkari.fi\/de\/wp-json\/wp\/v2\/media?parent=3942"}],"curies":[{"name":"wp","href":"https:\/\/api.w.org\/{rel}","templated":true}]}}