{"id":3914,"date":"2014-11-04T14:45:28","date_gmt":"2014-11-04T12:45:28","guid":{"rendered":"http:\/\/ala-talkkari.fi\/de\/?page_id=3914"},"modified":"2020-09-11T07:27:38","modified_gmt":"2020-09-11T04:27:38","slug":"veto-30","status":"publish","type":"page","link":"https:\/\/ala-talkkari.fi\/de\/veto-30\/","title":{"rendered":"Veto 30"},"content":{"rendered":"<h1>Heizkessel, Veto 30 kW Stokerkessel<\/h1>\n<h2><img loading=\"lazy\" decoding=\"async\" class=\"alignnone wp-image-3916 size-full\" src=\"https:\/\/ala-talkkari.fi\/wp-content\/uploads\/2014\/11\/heating-boiler-veto-30-kw.jpg\" alt=\"l\u00e4mmityskattila Veto 30\" width=\"768\" height=\"1024\"><\/h2>\n<p>Der Heizkessel Veto 30 Stokerkessel von AlaTalkkari ist in erster Linie f\u00fcr das Heizen von Einfamilienh\u00e4usern sowie kleiner Grundst\u00fccke vorgesehen. Der neue rot-schwarze, farbfertige Au\u00dfenmantel gew\u00e4hrleistet ein Aussehen, das das Auge anspricht. Auch die Messanzeige sowie die Luken sind benutzerfreundlicher als bisher. Die H\u00e4ndigkeit kann vom Kunden frei gew\u00e4hlt werden (z. B. Brennerkopf links, rechts oder vorne). Als Standardausr\u00fcstung verf\u00fcgt der Kessel \u00fcber einen effizienten Gewinn von Gebrauchswasser. Dank seiner kompakten Gr\u00f6\u00dfe und seines gro\u00dfen Wasserraums ist der Veto 30 Stokerkessel eine sichere und einheimische Wahl.<\/p>\n<p>&nbsp;<\/p>\n<p><strong>Technische Angaben:<\/strong><\/p>\n<p>L\u00e4nge, Au\u00dfenma\u00df: 1020 mm<\/p>\n<p>Breite, Au\u00dfenma\u00df: 620 mm<\/p>\n<p>H\u00f6he, Au\u00dfenma\u00df: 1350 mm<\/p>\n<p>Abgasverbindung (rund): \u00d8 168,3 mm<\/p>\n<p>H\u00f6he der Abgasverbindung vom Boden (zur Mitte der Verbindung): 1190 mm<\/p>\n<p>Gerbrauchswasserschnecke: 1 Stk. Standard<\/p>\n<p>Anschluss f\u00fcr den elektrischen Widerstand: 1 Stk. Standard<\/p>\n<p>Nennleistung: 30 kW<\/p>\n<p>Gewicht: 460 kg<\/p>\n<p>Wasservolumen:270 l<\/p>\n<p><strong>Sonderzubeh\u00f6r:<\/strong><\/p>\n<p>Elektroheizstab,<\/p>\n<p>Ascheschnecke,<\/p>\n<p>Schornsteinreinigung mit Druckluft,<\/p>\n<p>Holzausr\u00fcstung<\/p>\n<p><strong>Bilder vom Veto 30 Stokerkessel:<\/strong><\/p>\n<p><!-- default-view.php -->\n<div\n\tclass=\"ngg-galleryoverview default-view\n\t ngg-ajax-pagination-none\t\"\n\tid=\"ngg-gallery-70e28f159515bc436c5b3b5bcfde879a-1\"\n\tdata-gallery-id=\"1\">\n\n\t\t<!-- Thumbnails -->\n\t\t\t\t<div id=\"ngg-image-0\" class=\"ngg-gallery-thumbnail-box\n\t\t\t\t\t\t\t\t\t\t\t\"\n\t\t\t>\n\t\t\t\t\t\t<div class=\"ngg-gallery-thumbnail\">\n\t\t\t<a href=\"https:\/\/ala-talkkari.fi\/wp-content\/gallery\/veto-30kw\/Veto-30kW-002.JPG\"\n\t\t\t\ttitle=\"Im Kessel das Brennerloch auf der rechten Seite und die Brandschutzt\u00fcr auf der Vorderseite.\"\n\t\t\t\tdata-src=\"https:\/\/ala-talkkari.fi\/wp-content\/gallery\/veto-30kw\/Veto-30kW-002.JPG\"\n\t\t\t\tdata-thumbnail=\"https:\/\/ala-talkkari.fi\/wp-content\/gallery\/veto-30kw\/thumbs\/thumbs_Veto-30kW-002.JPG\"\n\t\t\t\tdata-image-id=\"68\"\n\t\t\t\tdata-title=\"Im Kessel das Brennerloch auf der rechten Seite und die Brandschutzt\u00fcr vor.\"\n\t\t\t\tdata-description=\"Im Kessel das Brennerloch auf der rechten Seite und die Brandschutzt\u00fcr auf der Vorderseite.\"\n\t\t\t\tdata-image-slug=\"veto-30kw-002\"\n\t\t\t\t\t\t\t\t\t\t\t\t\t\t\t\t\t\t\t\tclass='nextgen_pro_lightbox' data-nplmodal-gallery-id='70e28f159515bc436c5b3b5bcfde879a'>\n\t\t\t\t\t\t\t\t<img\n\t\t\t\t\ttitle=\"Im Kessel das Brennerloch auf der rechten Seite und die Brandschutzt\u00fcr vor.\"\n\t\t\t\t\talt=\"Im Kessel das Brennerloch auf der rechten Seite und die Brandschutzt\u00fcr vor.\"\n\t\t\t\t\tsrc=\"https:\/\/ala-talkkari.fi\/wp-content\/gallery\/veto-30kw\/thumbs\/thumbs_Veto-30kW-002.JPG\"\n\t\t\t\t\twidth=\"120\"\n\t\t\t\t\theight=\"90\"\n\t\t\t\t\tstyle=\"max-width:100%;\"\n\t\t\t\t\/>\n\t\t\t<\/a>\n\t\t<\/div>\n\t\t\t\t\t\t\t<\/div>\n\t\t\t\n\t\t\t\t<div id=\"ngg-image-1\" class=\"ngg-gallery-thumbnail-box\n\t\t\t\t\t\t\t\t\t\t\t\"\n\t\t\t>\n\t\t\t\t\t\t<div class=\"ngg-gallery-thumbnail\">\n\t\t\t<a href=\"https:\/\/ala-talkkari.fi\/wp-content\/gallery\/veto-30kw\/Veto-30kW-017.JPG\"\n\t\t\t\ttitle=\"30 kW Kessel von Ala-Talkkari.\"\n\t\t\t\tdata-src=\"https:\/\/ala-talkkari.fi\/wp-content\/gallery\/veto-30kw\/Veto-30kW-017.JPG\"\n\t\t\t\tdata-thumbnail=\"https:\/\/ala-talkkari.fi\/wp-content\/gallery\/veto-30kw\/thumbs\/thumbs_Veto-30kW-017.JPG\"\n\t\t\t\tdata-image-id=\"71\"\n\t\t\t\tdata-title=\"Veto 30 stokerikattila\"\n\t\t\t\tdata-description=\"30 kW Kessel von Ala-Talkkari.\"\n\t\t\t\tdata-image-slug=\"veto-30kw-017\"\n\t\t\t\t\t\t\t\t\t\t\t\t\t\t\t\t\t\t\t\tclass='nextgen_pro_lightbox' data-nplmodal-gallery-id='70e28f159515bc436c5b3b5bcfde879a'>\n\t\t\t\t\t\t\t\t<img\n\t\t\t\t\ttitle=\"Veto 30 stokerikattila\"\n\t\t\t\t\talt=\"Veto 30 stokerikattila\"\n\t\t\t\t\tsrc=\"https:\/\/ala-talkkari.fi\/wp-content\/gallery\/veto-30kw\/thumbs\/thumbs_Veto-30kW-017.JPG\"\n\t\t\t\t\twidth=\"120\"\n\t\t\t\t\theight=\"90\"\n\t\t\t\t\tstyle=\"max-width:100%;\"\n\t\t\t\t\/>\n\t\t\t<\/a>\n\t\t<\/div>\n\t\t\t\t\t\t\t<\/div>\n\t\t\t\n\t\t\t\t<div id=\"ngg-image-2\" class=\"ngg-gallery-thumbnail-box\n\t\t\t\t\t\t\t\t\t\t\t\"\n\t\t\t>\n\t\t\t\t\t\t<div class=\"ngg-gallery-thumbnail\">\n\t\t\t<a href=\"https:\/\/ala-talkkari.fi\/wp-content\/gallery\/veto-30kw\/Veto-30kW-027.JPG\"\n\t\t\t\ttitle=\"Der Kessel Veto 30 verf\u00fcgt standardm\u00e4\u00dfig \u00fcber ein effizientes Warmwasserheizregister.\"\n\t\t\t\tdata-src=\"https:\/\/ala-talkkari.fi\/wp-content\/gallery\/veto-30kw\/Veto-30kW-027.JPG\"\n\t\t\t\tdata-thumbnail=\"https:\/\/ala-talkkari.fi\/wp-content\/gallery\/veto-30kw\/thumbs\/thumbs_Veto-30kW-027.JPG\"\n\t\t\t\tdata-image-id=\"72\"\n\t\t\t\tdata-title=\"Veto l\u00e4mmityskattila\"\n\t\t\t\tdata-description=\"Der Kessel Veto 30 verf\u00fcgt standardm\u00e4\u00dfig \u00fcber ein effizientes Warmwasserheizregister.\"\n\t\t\t\tdata-image-slug=\"veto-30kw-027\"\n\t\t\t\t\t\t\t\t\t\t\t\t\t\t\t\t\t\t\t\tclass='nextgen_pro_lightbox' data-nplmodal-gallery-id='70e28f159515bc436c5b3b5bcfde879a'>\n\t\t\t\t\t\t\t\t<img\n\t\t\t\t\ttitle=\"Veto l\u00e4mmityskattila\"\n\t\t\t\t\talt=\"Veto l\u00e4mmityskattila\"\n\t\t\t\t\tsrc=\"https:\/\/ala-talkkari.fi\/wp-content\/gallery\/veto-30kw\/thumbs\/thumbs_Veto-30kW-027.JPG\"\n\t\t\t\t\twidth=\"120\"\n\t\t\t\t\theight=\"90\"\n\t\t\t\t\tstyle=\"max-width:100%;\"\n\t\t\t\t\/>\n\t\t\t<\/a>\n\t\t<\/div>\n\t\t\t\t\t\t\t<\/div>\n\t\t\t\n\t\t\t\t<div id=\"ngg-image-3\" class=\"ngg-gallery-thumbnail-box\n\t\t\t\t\t\t\t\t\t\t\t\"\n\t\t\t>\n\t\t\t\t\t\t<div class=\"ngg-gallery-thumbnail\">\n\t\t\t<a href=\"https:\/\/ala-talkkari.fi\/wp-content\/gallery\/veto-30kw\/Veto-30kW-033.JPG\"\n\t\t\t\ttitle=\"Gro\u00dfe Inspektionst\u00fcr erm\u00f6glicht Dienstleistungen in der Kesselkammer. Sie k\u00f6nnen den Brennvorgang durch ein Sichtglas beobachten (ohne die T\u00fcr selbst zu \u00f6ffnen).\"\n\t\t\t\tdata-src=\"https:\/\/ala-talkkari.fi\/wp-content\/gallery\/veto-30kw\/Veto-30kW-033.JPG\"\n\t\t\t\tdata-thumbnail=\"https:\/\/ala-talkkari.fi\/wp-content\/gallery\/veto-30kw\/thumbs\/thumbs_Veto-30kW-033.JPG\"\n\t\t\t\tdata-image-id=\"73\"\n\t\t\t\tdata-title=\"Veto 30 stokerikattilan tulen hoitoluukku\"\n\t\t\t\tdata-description=\"Gro\u00dfe Inspektionst\u00fcr erm\u00f6glicht Dienstleistungen in der Kesselkammer. Sie k\u00f6nnen den Brennvorgang durch ein Sichtglas beobachten (ohne die T\u00fcr selbst zu \u00f6ffnen).\"\n\t\t\t\tdata-image-slug=\"veto-30kw-033\"\n\t\t\t\t\t\t\t\t\t\t\t\t\t\t\t\t\t\t\t\tclass='nextgen_pro_lightbox' data-nplmodal-gallery-id='70e28f159515bc436c5b3b5bcfde879a'>\n\t\t\t\t\t\t\t\t<img\n\t\t\t\t\ttitle=\"Veto 30 stokerikattilan tulen hoitoluukku\"\n\t\t\t\t\talt=\"Veto 30 stokerikattilan tulen hoitoluukku\"\n\t\t\t\t\tsrc=\"https:\/\/ala-talkkari.fi\/wp-content\/gallery\/veto-30kw\/thumbs\/thumbs_Veto-30kW-033.JPG\"\n\t\t\t\t\twidth=\"120\"\n\t\t\t\t\theight=\"90\"\n\t\t\t\t\tstyle=\"max-width:100%;\"\n\t\t\t\t\/>\n\t\t\t<\/a>\n\t\t<\/div>\n\t\t\t\t\t\t\t<\/div>\n\t\t\t\n\t\t\t\t<div id=\"ngg-image-4\" class=\"ngg-gallery-thumbnail-box\n\t\t\t\t\t\t\t\t\t\t\t\"\n\t\t\t>\n\t\t\t\t\t\t<div class=\"ngg-gallery-thumbnail\">\n\t\t\t<a href=\"https:\/\/ala-talkkari.fi\/wp-content\/gallery\/veto-30kw\/Veto-30kW-036.JPG\"\n\t\t\t\ttitle=\"Veto 30 verf\u00fcgt \u00fcber Konvektionsreinigungsklappen an der Oberseite des Kessels.\"\n\t\t\t\tdata-src=\"https:\/\/ala-talkkari.fi\/wp-content\/gallery\/veto-30kw\/Veto-30kW-036.JPG\"\n\t\t\t\tdata-thumbnail=\"https:\/\/ala-talkkari.fi\/wp-content\/gallery\/veto-30kw\/thumbs\/thumbs_Veto-30kW-036.JPG\"\n\t\t\t\tdata-image-id=\"74\"\n\t\t\t\tdata-title=\"stokerikattila\"\n\t\t\t\tdata-description=\"Veto 30 verf\u00fcgt \u00fcber Konvektionsreinigungsklappen an der Oberseite des Kessels.\"\n\t\t\t\tdata-image-slug=\"veto-30kw-036\"\n\t\t\t\t\t\t\t\t\t\t\t\t\t\t\t\t\t\t\t\tclass='nextgen_pro_lightbox' data-nplmodal-gallery-id='70e28f159515bc436c5b3b5bcfde879a'>\n\t\t\t\t\t\t\t\t<img\n\t\t\t\t\ttitle=\"stokerikattila\"\n\t\t\t\t\talt=\"stokerikattila\"\n\t\t\t\t\tsrc=\"https:\/\/ala-talkkari.fi\/wp-content\/gallery\/veto-30kw\/thumbs\/thumbs_Veto-30kW-036.JPG\"\n\t\t\t\t\twidth=\"120\"\n\t\t\t\t\theight=\"90\"\n\t\t\t\t\tstyle=\"max-width:100%;\"\n\t\t\t\t\/>\n\t\t\t<\/a>\n\t\t<\/div>\n\t\t\t\t\t\t\t<\/div>\n\t\t\t\n\t\t\t\t<div id=\"ngg-image-5\" class=\"ngg-gallery-thumbnail-box\n\t\t\t\t\t\t\t\t\t\t\t\"\n\t\t\t>\n\t\t\t\t\t\t<div class=\"ngg-gallery-thumbnail\">\n\t\t\t<a href=\"https:\/\/ala-talkkari.fi\/wp-content\/gallery\/veto-30kw\/Veto-30kW-039.JPG\"\n\t\t\t\ttitle=\"Veto 30 Biomassekessel hat ein Mischventil als Standard Lieferung.\"\n\t\t\t\tdata-src=\"https:\/\/ala-talkkari.fi\/wp-content\/gallery\/veto-30kw\/Veto-30kW-039.JPG\"\n\t\t\t\tdata-thumbnail=\"https:\/\/ala-talkkari.fi\/wp-content\/gallery\/veto-30kw\/thumbs\/thumbs_Veto-30kW-039.JPG\"\n\t\t\t\tdata-image-id=\"75\"\n\t\t\t\tdata-title=\"Veto 30 stokerikattilan sekoitusventtiili\"\n\t\t\t\tdata-description=\"Veto 30 Biomassekessel hat ein Mischventil als Standard Lieferung.\"\n\t\t\t\tdata-image-slug=\"veto-30kw-039\"\n\t\t\t\t\t\t\t\t\t\t\t\t\t\t\t\t\t\t\t\tclass='nextgen_pro_lightbox' data-nplmodal-gallery-id='70e28f159515bc436c5b3b5bcfde879a'>\n\t\t\t\t\t\t\t\t<img\n\t\t\t\t\ttitle=\"Veto 30 stokerikattilan sekoitusventtiili\"\n\t\t\t\t\talt=\"Veto 30 stokerikattilan sekoitusventtiili\"\n\t\t\t\t\tsrc=\"https:\/\/ala-talkkari.fi\/wp-content\/gallery\/veto-30kw\/thumbs\/thumbs_Veto-30kW-039.JPG\"\n\t\t\t\t\twidth=\"120\"\n\t\t\t\t\theight=\"90\"\n\t\t\t\t\tstyle=\"max-width:100%;\"\n\t\t\t\t\/>\n\t\t\t<\/a>\n\t\t<\/div>\n\t\t\t\t\t\t\t<\/div>\n\t\t\t\n\t\t\t\t<div id=\"ngg-image-6\" class=\"ngg-gallery-thumbnail-box\n\t\t\t\t\t\t\t\t\t\t\t\"\n\t\t\t>\n\t\t\t\t\t\t<div class=\"ngg-gallery-thumbnail\">\n\t\t\t<a href=\"https:\/\/ala-talkkari.fi\/wp-content\/gallery\/veto-30kw\/Veto-30kW-051.JPG\"\n\t\t\t\ttitle=\"Bei Veto 30 k\u00f6nnen Sie die Temperatur und den Druck des Boilers ablesen.\"\n\t\t\t\tdata-src=\"https:\/\/ala-talkkari.fi\/wp-content\/gallery\/veto-30kw\/Veto-30kW-051.JPG\"\n\t\t\t\tdata-thumbnail=\"https:\/\/ala-talkkari.fi\/wp-content\/gallery\/veto-30kw\/thumbs\/thumbs_Veto-30kW-051.JPG\"\n\t\t\t\tdata-image-id=\"76\"\n\t\t\t\tdata-title=\"Veto 30 kW l\u00e4mmityskattilan mittari\"\n\t\t\t\tdata-description=\"Bei Veto 30 k\u00f6nnen Sie die Temperatur und den Druck des Boilers ablesen.\"\n\t\t\t\tdata-image-slug=\"veto-30kw-051\"\n\t\t\t\t\t\t\t\t\t\t\t\t\t\t\t\t\t\t\t\tclass='nextgen_pro_lightbox' data-nplmodal-gallery-id='70e28f159515bc436c5b3b5bcfde879a'>\n\t\t\t\t\t\t\t\t<img\n\t\t\t\t\ttitle=\"Veto 30 kW l\u00e4mmityskattilan mittari\"\n\t\t\t\t\talt=\"Veto 30 kW l\u00e4mmityskattilan mittari\"\n\t\t\t\t\tsrc=\"https:\/\/ala-talkkari.fi\/wp-content\/gallery\/veto-30kw\/thumbs\/thumbs_Veto-30kW-051.JPG\"\n\t\t\t\t\twidth=\"120\"\n\t\t\t\t\theight=\"90\"\n\t\t\t\t\tstyle=\"max-width:100%;\"\n\t\t\t\t\/>\n\t\t\t<\/a>\n\t\t<\/div>\n\t\t\t\t\t\t\t<\/div>\n\t\t\t\n\t\t\t\t<div id=\"ngg-image-7\" class=\"ngg-gallery-thumbnail-box\n\t\t\t\t\t\t\t\t\t\t\t\"\n\t\t\t>\n\t\t\t\t\t\t<div class=\"ngg-gallery-thumbnail\">\n\t\t\t<a href=\"https:\/\/ala-talkkari.fi\/wp-content\/gallery\/veto-30kw\/Veto-30kW-014.JPG\"\n\t\t\t\ttitle=\"Der Veto 30 Biomassekessel-Abgasausgang verf\u00fcgt \u00fcber einen Temperatursensor und einen Lambdasonde.\"\n\t\t\t\tdata-src=\"https:\/\/ala-talkkari.fi\/wp-content\/gallery\/veto-30kw\/Veto-30kW-014.JPG\"\n\t\t\t\tdata-thumbnail=\"https:\/\/ala-talkkari.fi\/wp-content\/gallery\/veto-30kw\/thumbs\/thumbs_Veto-30kW-014.JPG\"\n\t\t\t\tdata-image-id=\"77\"\n\t\t\t\tdata-title=\"Veto 30 stokerikattila\"\n\t\t\t\tdata-description=\"Der Veto 30 Biomassekessel-Abgasausgang verf\u00fcgt \u00fcber einen Temperatursensor und einen Lambdasonde.\"\n\t\t\t\tdata-image-slug=\"veto-30kw-014\"\n\t\t\t\t\t\t\t\t\t\t\t\t\t\t\t\t\t\t\t\tclass='nextgen_pro_lightbox' data-nplmodal-gallery-id='70e28f159515bc436c5b3b5bcfde879a'>\n\t\t\t\t\t\t\t\t<img\n\t\t\t\t\ttitle=\"Veto 30 stokerikattila\"\n\t\t\t\t\talt=\"Veto 30 stokerikattila\"\n\t\t\t\t\tsrc=\"https:\/\/ala-talkkari.fi\/wp-content\/gallery\/veto-30kw\/thumbs\/thumbs_Veto-30kW-014.JPG\"\n\t\t\t\t\twidth=\"120\"\n\t\t\t\t\theight=\"90\"\n\t\t\t\t\tstyle=\"max-width:100%;\"\n\t\t\t\t\/>\n\t\t\t<\/a>\n\t\t<\/div>\n\t\t\t\t\t\t\t<\/div>\n\t\t\t\n\t\n\t<br style=\"clear: both\" \/>\n\n\t\n\t\t<!-- Pagination -->\n\t\t<div class='ngg-clear'><\/div>\t<\/div>\n<\/p>\n<p><strong>PDF-Ma\u00dfbilder vom Veto 30 Stokerkessel:<\/strong><\/p>\n<p><a href=\"http:\/\/c5jnc9gd.c5.suncomet.fi\/wp-content\/uploads\/2014\/11\/30kW-sy\u00f6tt\u00f6-vasen-mittakuva.pdf\" target=\"_blank\" rel=\"noopener noreferrer\">Veto 30, Zufuhr links, Wartung vorne<\/a><\/p>\n<p><a href=\"http:\/\/c5jnc9gd.c5.suncomet.fi\/wp-content\/uploads\/2014\/11\/30kW-sy\u00f6tt\u00f6-edes-hoito-vasen.pdf\" target=\"_blank\" rel=\"noopener noreferrer\">Veto 30, Zufuhr vorne, Wartung links<\/a><\/p>\n","protected":false},"excerpt":{"rendered":"<p>Heizkessel, Veto 30 kW Stokerkessel Der Heizkessel Veto 30 Stokerkessel von AlaTalkkari ist in erster Linie f\u00fcr das Heizen von Einfamilienh\u00e4usern sowie kleiner Grundst\u00fccke vorgesehen. Der neue rot-schwarze, farbfertige Au\u00dfenmantel gew\u00e4hrleistet ein Aussehen, das das Auge anspricht. Auch die Messanzeige sowie die Luken sind benutzerfreundlicher als bisher. Die H\u00e4ndigkeit kann vom Kunden frei gew\u00e4hlt werden [&hellip;]<\/p>\n","protected":false},"author":1,"featured_media":0,"parent":0,"menu_order":0,"comment_status":"closed","ping_status":"closed","template":"","meta":{"ngg_post_thumbnail":0,"footnotes":""},"class_list":["post-3914","page","type-page","status-publish","hentry"],"yoast_head":"<!-- This site is optimized with the Yoast SEO plugin v27.4 - https:\/\/yoast.com\/product\/yoast-seo-wordpress\/ -->\n<title>Veto 30 - Veljekset Ala-Talkkari Oy<\/title>\n<meta name=\"description\" content=\"Hochwertiger Heizkessel aus Finnland. Ala-Talkkaris Veto 30 kW Biomassekessel (Stoker) von Ala-Talkkari. https:\/\/ala-talkkari.fi\" \/>\n<meta name=\"robots\" content=\"index, follow, max-snippet:-1, max-image-preview:large, max-video-preview:-1\" \/>\n<link rel=\"canonical\" href=\"https:\/\/ala-talkkari.fi\/de\/veto-30\/\" \/>\n<meta property=\"og:locale\" content=\"de_DE\" \/>\n<meta property=\"og:type\" content=\"article\" \/>\n<meta property=\"og:title\" content=\"Veto 30 - Veljekset Ala-Talkkari Oy\" \/>\n<meta property=\"og:description\" content=\"Hochwertiger Heizkessel aus Finnland. Ala-Talkkaris Veto 30 kW Biomassekessel (Stoker) von Ala-Talkkari. https:\/\/ala-talkkari.fi\" \/>\n<meta property=\"og:url\" content=\"https:\/\/ala-talkkari.fi\/de\/veto-30\/\" \/>\n<meta property=\"og:site_name\" content=\"Veljekset Ala-Talkkari Oy\" \/>\n<meta property=\"article:publisher\" content=\"https:\/\/www.facebook.com\/alatalkkari\" \/>\n<meta property=\"article:modified_time\" content=\"2020-09-11T04:27:38+00:00\" \/>\n<meta property=\"og:image\" content=\"https:\/\/ala-talkkari.fi\/wp-content\/uploads\/2014\/11\/heating-boiler-veto-30-kw.jpg\" \/>\n<meta name=\"twitter:label1\" content=\"Gesch\u00e4tzte Lesezeit\" \/>\n\t<meta name=\"twitter:data1\" content=\"1\u00a0Minute\" \/>\n<script type=\"application\/ld+json\" class=\"yoast-schema-graph\">{\"@context\":\"https:\\\/\\\/schema.org\",\"@graph\":[{\"@type\":\"WebPage\",\"@id\":\"https:\\\/\\\/ala-talkkari.fi\\\/de\\\/veto-30\\\/\",\"url\":\"https:\\\/\\\/ala-talkkari.fi\\\/de\\\/veto-30\\\/\",\"name\":\"Veto 30 - Veljekset Ala-Talkkari Oy\",\"isPartOf\":{\"@id\":\"https:\\\/\\\/ala-talkkari.fi\\\/de\\\/#website\"},\"primaryImageOfPage\":{\"@id\":\"https:\\\/\\\/ala-talkkari.fi\\\/de\\\/veto-30\\\/#primaryimage\"},\"image\":{\"@id\":\"https:\\\/\\\/ala-talkkari.fi\\\/de\\\/veto-30\\\/#primaryimage\"},\"thumbnailUrl\":\"https:\\\/\\\/ala-talkkari.fi\\\/wp-content\\\/uploads\\\/2014\\\/11\\\/heating-boiler-veto-30-kw.jpg\",\"datePublished\":\"2014-11-04T12:45:28+00:00\",\"dateModified\":\"2020-09-11T04:27:38+00:00\",\"description\":\"Hochwertiger Heizkessel aus Finnland. Ala-Talkkaris Veto 30 kW Biomassekessel (Stoker) von Ala-Talkkari. https:\\\/\\\/ala-talkkari.fi\",\"breadcrumb\":{\"@id\":\"https:\\\/\\\/ala-talkkari.fi\\\/de\\\/veto-30\\\/#breadcrumb\"},\"inLanguage\":\"de\",\"potentialAction\":[{\"@type\":\"ReadAction\",\"target\":[\"https:\\\/\\\/ala-talkkari.fi\\\/de\\\/veto-30\\\/\"]}]},{\"@type\":\"ImageObject\",\"inLanguage\":\"de\",\"@id\":\"https:\\\/\\\/ala-talkkari.fi\\\/de\\\/veto-30\\\/#primaryimage\",\"url\":\"https:\\\/\\\/ala-talkkari.fi\\\/wp-content\\\/uploads\\\/2014\\\/11\\\/heating-boiler-veto-30-kw.jpg\",\"contentUrl\":\"https:\\\/\\\/ala-talkkari.fi\\\/wp-content\\\/uploads\\\/2014\\\/11\\\/heating-boiler-veto-30-kw.jpg\"},{\"@type\":\"BreadcrumbList\",\"@id\":\"https:\\\/\\\/ala-talkkari.fi\\\/de\\\/veto-30\\\/#breadcrumb\",\"itemListElement\":[{\"@type\":\"ListItem\",\"position\":1,\"name\":\"Home\",\"item\":\"https:\\\/\\\/ala-talkkari.fi\\\/de\\\/\"},{\"@type\":\"ListItem\",\"position\":2,\"name\":\"Veto 30\"}]},{\"@type\":\"WebSite\",\"@id\":\"https:\\\/\\\/ala-talkkari.fi\\\/de\\\/#website\",\"url\":\"https:\\\/\\\/ala-talkkari.fi\\\/de\\\/\",\"name\":\"Veljekset Ala-Talkkari Oy\",\"description\":\"Heizsysteme und Ger\u00e4te zur Landschaftspflege\",\"publisher\":{\"@id\":\"https:\\\/\\\/ala-talkkari.fi\\\/de\\\/#organization\"},\"potentialAction\":[{\"@type\":\"SearchAction\",\"target\":{\"@type\":\"EntryPoint\",\"urlTemplate\":\"https:\\\/\\\/ala-talkkari.fi\\\/de\\\/?s={search_term_string}\"},\"query-input\":{\"@type\":\"PropertyValueSpecification\",\"valueRequired\":true,\"valueName\":\"search_term_string\"}}],\"inLanguage\":\"de\"},{\"@type\":\"Organization\",\"@id\":\"https:\\\/\\\/ala-talkkari.fi\\\/de\\\/#organization\",\"name\":\"Veljekset Ala-Talkkari Oy\",\"url\":\"https:\\\/\\\/ala-talkkari.fi\\\/de\\\/\",\"logo\":{\"@type\":\"ImageObject\",\"inLanguage\":\"de\",\"@id\":\"https:\\\/\\\/ala-talkkari.fi\\\/de\\\/#\\\/schema\\\/logo\\\/image\\\/\",\"url\":\"https:\\\/\\\/ala-talkkari.fi\\\/wp-content\\\/uploads\\\/2020\\\/09\\\/lammitys-veto-ala-talkkari.png\",\"contentUrl\":\"https:\\\/\\\/ala-talkkari.fi\\\/wp-content\\\/uploads\\\/2020\\\/09\\\/lammitys-veto-ala-talkkari.png\",\"width\":751,\"height\":67,\"caption\":\"Veljekset Ala-Talkkari Oy\"},\"image\":{\"@id\":\"https:\\\/\\\/ala-talkkari.fi\\\/de\\\/#\\\/schema\\\/logo\\\/image\\\/\"},\"sameAs\":[\"https:\\\/\\\/www.facebook.com\\\/alatalkkari\",\"https:\\\/\\\/www.instagram.com\\\/veljeksetalatalkkarioy\\\/\",\"https:\\\/\\\/www.youtube.com\\\/c\\\/VeljeksetAlaTalkkariOy\"]}]}<\/script>\n<!-- \/ Yoast SEO plugin. -->","yoast_head_json":{"title":"Veto 30 - Veljekset Ala-Talkkari Oy","description":"Hochwertiger Heizkessel aus Finnland. Ala-Talkkaris Veto 30 kW Biomassekessel (Stoker) von Ala-Talkkari. https:\/\/ala-talkkari.fi","robots":{"index":"index","follow":"follow","max-snippet":"max-snippet:-1","max-image-preview":"max-image-preview:large","max-video-preview":"max-video-preview:-1"},"canonical":"https:\/\/ala-talkkari.fi\/de\/veto-30\/","og_locale":"de_DE","og_type":"article","og_title":"Veto 30 - Veljekset Ala-Talkkari Oy","og_description":"Hochwertiger Heizkessel aus Finnland. Ala-Talkkaris Veto 30 kW Biomassekessel (Stoker) von Ala-Talkkari. https:\/\/ala-talkkari.fi","og_url":"https:\/\/ala-talkkari.fi\/de\/veto-30\/","og_site_name":"Veljekset Ala-Talkkari Oy","article_publisher":"https:\/\/www.facebook.com\/alatalkkari","article_modified_time":"2020-09-11T04:27:38+00:00","og_image":[{"url":"https:\/\/ala-talkkari.fi\/wp-content\/uploads\/2014\/11\/heating-boiler-veto-30-kw.jpg","type":"","width":"","height":""}],"twitter_misc":{"Gesch\u00e4tzte Lesezeit":"1\u00a0Minute"},"schema":{"@context":"https:\/\/schema.org","@graph":[{"@type":"WebPage","@id":"https:\/\/ala-talkkari.fi\/de\/veto-30\/","url":"https:\/\/ala-talkkari.fi\/de\/veto-30\/","name":"Veto 30 - Veljekset Ala-Talkkari Oy","isPartOf":{"@id":"https:\/\/ala-talkkari.fi\/de\/#website"},"primaryImageOfPage":{"@id":"https:\/\/ala-talkkari.fi\/de\/veto-30\/#primaryimage"},"image":{"@id":"https:\/\/ala-talkkari.fi\/de\/veto-30\/#primaryimage"},"thumbnailUrl":"https:\/\/ala-talkkari.fi\/wp-content\/uploads\/2014\/11\/heating-boiler-veto-30-kw.jpg","datePublished":"2014-11-04T12:45:28+00:00","dateModified":"2020-09-11T04:27:38+00:00","description":"Hochwertiger Heizkessel aus Finnland. Ala-Talkkaris Veto 30 kW Biomassekessel (Stoker) von Ala-Talkkari. https:\/\/ala-talkkari.fi","breadcrumb":{"@id":"https:\/\/ala-talkkari.fi\/de\/veto-30\/#breadcrumb"},"inLanguage":"de","potentialAction":[{"@type":"ReadAction","target":["https:\/\/ala-talkkari.fi\/de\/veto-30\/"]}]},{"@type":"ImageObject","inLanguage":"de","@id":"https:\/\/ala-talkkari.fi\/de\/veto-30\/#primaryimage","url":"https:\/\/ala-talkkari.fi\/wp-content\/uploads\/2014\/11\/heating-boiler-veto-30-kw.jpg","contentUrl":"https:\/\/ala-talkkari.fi\/wp-content\/uploads\/2014\/11\/heating-boiler-veto-30-kw.jpg"},{"@type":"BreadcrumbList","@id":"https:\/\/ala-talkkari.fi\/de\/veto-30\/#breadcrumb","itemListElement":[{"@type":"ListItem","position":1,"name":"Home","item":"https:\/\/ala-talkkari.fi\/de\/"},{"@type":"ListItem","position":2,"name":"Veto 30"}]},{"@type":"WebSite","@id":"https:\/\/ala-talkkari.fi\/de\/#website","url":"https:\/\/ala-talkkari.fi\/de\/","name":"Veljekset Ala-Talkkari Oy","description":"Heizsysteme und Ger\u00e4te zur Landschaftspflege","publisher":{"@id":"https:\/\/ala-talkkari.fi\/de\/#organization"},"potentialAction":[{"@type":"SearchAction","target":{"@type":"EntryPoint","urlTemplate":"https:\/\/ala-talkkari.fi\/de\/?s={search_term_string}"},"query-input":{"@type":"PropertyValueSpecification","valueRequired":true,"valueName":"search_term_string"}}],"inLanguage":"de"},{"@type":"Organization","@id":"https:\/\/ala-talkkari.fi\/de\/#organization","name":"Veljekset Ala-Talkkari Oy","url":"https:\/\/ala-talkkari.fi\/de\/","logo":{"@type":"ImageObject","inLanguage":"de","@id":"https:\/\/ala-talkkari.fi\/de\/#\/schema\/logo\/image\/","url":"https:\/\/ala-talkkari.fi\/wp-content\/uploads\/2020\/09\/lammitys-veto-ala-talkkari.png","contentUrl":"https:\/\/ala-talkkari.fi\/wp-content\/uploads\/2020\/09\/lammitys-veto-ala-talkkari.png","width":751,"height":67,"caption":"Veljekset Ala-Talkkari Oy"},"image":{"@id":"https:\/\/ala-talkkari.fi\/de\/#\/schema\/logo\/image\/"},"sameAs":["https:\/\/www.facebook.com\/alatalkkari","https:\/\/www.instagram.com\/veljeksetalatalkkarioy\/","https:\/\/www.youtube.com\/c\/VeljeksetAlaTalkkariOy"]}]}},"_links":{"self":[{"href":"https:\/\/ala-talkkari.fi\/de\/wp-json\/wp\/v2\/pages\/3914","targetHints":{"allow":["GET"]}}],"collection":[{"href":"https:\/\/ala-talkkari.fi\/de\/wp-json\/wp\/v2\/pages"}],"about":[{"href":"https:\/\/ala-talkkari.fi\/de\/wp-json\/wp\/v2\/types\/page"}],"author":[{"embeddable":true,"href":"https:\/\/ala-talkkari.fi\/de\/wp-json\/wp\/v2\/users\/1"}],"replies":[{"embeddable":true,"href":"https:\/\/ala-talkkari.fi\/de\/wp-json\/wp\/v2\/comments?post=3914"}],"version-history":[{"count":8,"href":"https:\/\/ala-talkkari.fi\/de\/wp-json\/wp\/v2\/pages\/3914\/revisions"}],"predecessor-version":[{"id":6619,"href":"https:\/\/ala-talkkari.fi\/de\/wp-json\/wp\/v2\/pages\/3914\/revisions\/6619"}],"wp:attachment":[{"href":"https:\/\/ala-talkkari.fi\/de\/wp-json\/wp\/v2\/media?parent=3914"}],"curies":[{"name":"wp","href":"https:\/\/api.w.org\/{rel}","templated":true}]}}