{"id":3892,"date":"2014-11-04T14:46:33","date_gmt":"2014-11-04T12:46:33","guid":{"rendered":"http:\/\/ala-talkkari.fi\/de\/?page_id=3892"},"modified":"2020-09-10T08:28:23","modified_gmt":"2020-09-10T05:28:23","slug":"veto-120","status":"publish","type":"page","link":"https:\/\/ala-talkkari.fi\/de\/veto-120\/","title":{"rendered":"Veto 120"},"content":{"rendered":"<h2>Hackschnitzelkessel Veto 120 kW<\/h2>\n<p><img loading=\"lazy\" decoding=\"async\" class=\"alignnone wp-image-601 size-full\" src=\"https:\/\/ala-talkkari.fi\/wp-content\/uploads\/2014\/11\/Veto-120-paineilmalla-punamusta-059.jpg\" alt=\"Hakekattila, Veto 120 kW-stokerikattila\" width=\"768\" height=\"1024\" srcset=\"https:\/\/ala-talkkari.fi\/wp-content\/uploads\/2014\/11\/Veto-120-paineilmalla-punamusta-059.jpg 768w, https:\/\/ala-talkkari.fi\/wp-content\/uploads\/2014\/11\/Veto-120-paineilmalla-punamusta-059-225x300.jpg 225w, https:\/\/ala-talkkari.fi\/wp-content\/uploads\/2014\/11\/Veto-120-paineilmalla-punamusta-059-600x800.jpg 600w\" sizes=\"auto, (max-width: 768px) 100vw, 768px\" \/><\/p>\n<p>Der Veto 120 kW Hackschnitzelkessel (Heizkessel) von AlaTalkkari ist in erster Linie f\u00fcr das Heizen von Bauernh\u00f6fen und gr\u00f6\u00dferen Grundst\u00fccken vorgesehen. Der neue rot-schwarze, farbfertige Au\u00dfenmantel gew\u00e4hrleistet ein Aussehen, das das Auge anspricht. Auch die Messanzeige sowie die Luken sind benutzerfreundlicher als bisher. Die H\u00e4ndigkeit des Hackschnitzelkessels kann vom Kunden frei gew\u00e4hlt werden (z. B. Brennerkopf links, rechts oder vorne). Als Standardausr\u00fcstung verf\u00fcgt der Kessel \u00fcber einen effizienten Gewinn von Gebrauchswasser. Dank seiner Benutzerfreundlichkeit und seiner Modifizierbarkeit ist der Veto 120 Hackschnitzelkessel (Stokerkessel) eine sichere und einheimische Wahl.<\/p>\n<p>&nbsp;<\/p>\n<p><strong>Technische Angaben:<\/strong><\/p>\n<p>L\u00e4nge, Au\u00dfenma\u00df: 1340 mm<\/p>\n<p>Breite, Au\u00dfenma\u00df: 820 mm<\/p>\n<p>H\u00f6he, Au\u00dfenma\u00df: 1580 mm<\/p>\n<p>Abgasverbindung: \u00d8 193,7 mm<\/p>\n<p>H\u00f6he der Abgasverbindung vom Boden (zur Mitte der Verbindung): 180 mm<\/p>\n<p>Gebrauchswasserschnecke:<\/p>\n<p>Ausg\u00e4nge des Heizkreislaufs: 2 x 2\u2033<\/p>\n<p>Mischventil: 1 Stk. Standard<\/p>\n<p>Anschluss f\u00fcr den elektrischen Widerstand:<\/p>\n<p>Nennleistung: 120 kW<\/p>\n<p>Gewicht: 880 kg<\/p>\n<p>Wasservolumen: 385 l<\/p>\n<p><strong>Sonderzubeh\u00f6r:<\/strong><\/p>\n<p>Zweites Mischventil,<\/p>\n<p>Ascheschnecke,<\/p>\n<p>Schornsteinreinigung mit Druckluft<\/p>\n<p><strong>Mehr Bilder vom Veto 120 <span class=\"st\">Hackschnitzelkessel<\/span>:<\/strong><\/p>\n<p><!-- default-view.php -->\n<div\n\tclass=\"ngg-galleryoverview default-view\n\t ngg-ajax-pagination-none\t\"\n\tid=\"ngg-gallery-80e07e1f10efd07267bbaab0fff272e3-1\"\n\tdata-nextgen-gallery-id=\"5\"\n\tdata-gallery-id=\"5\"\n\t\tdata-gallery-name=\"Veto 120kW\"\n\t>\n\n\t\t<!-- Thumbnails -->\n\t\t\t\t<div id=\"ngg-image-0\" class=\"ngg-gallery-thumbnail-box\n\t\t\t\t\t\t\t\t\t\t\t\"\n\t\t\t>\n\t\t\t\t\t\t<div class=\"ngg-gallery-thumbnail\">\n\t\t<a href=\"https:\/\/ala-talkkari.fi\/wp-content\/gallery\/veto-120kw\/Veto-120-paineilmalla-punamusta-017.jpg?t=1599635363\"\n\t\t\ttitle=\"Kuvan Veto 120 kW stokerikattilassa on asennettuna lis\u00e4varusteena saatava paineilmanuohous.\"\n\t\t\tdata-src=\"https:\/\/ala-talkkari.fi\/wp-content\/gallery\/veto-120kw\/Veto-120-paineilmalla-punamusta-017.jpg?t=1599635363\"\n\t\t\tdata-thumbnail=\"https:\/\/ala-talkkari.fi\/wp-content\/gallery\/veto-120kw\/thumbs\/thumbs_Veto-120-paineilmalla-punamusta-017.jpg?t=1599635363\"\n\t\t\tdata-image-id=\"90\"\n\t\t\tdata-image-name=\"Veto-120-paineilmalla-punamusta-017.jpg\"\n\t\t\tdata-title=\"Veto 120 stokerikattilan paineilmanuohous\"\n\t\t\tdata-description=\"Kuvan Veto 120 kW stokerikattilassa on asennettuna lis\u00e4varusteena saatava paineilmanuohous.\"\n\t\t\tdata-image-slug=\"veto-120-paineilmalla-punamusta-017\"\n\t\t\t\t\t\t\t\t\t\t\t\t\t\t\t\t\t\t\t\tclass='nextgen_pro_lightbox' data-nplmodal-gallery-id='80e07e1f10efd07267bbaab0fff272e3'>\n\t\t\t\t\t\t\t\t<img\n\t\t\t\t\ttitle=\"Veto 120 stokerikattilan paineilmanuohous\"\n\t\t\t\t\talt=\"Veto 120 stokerikattilan paineilmanuohous\"\n\t\t\t\t\tsrc=\"https:\/\/ala-talkkari.fi\/wp-content\/gallery\/veto-120kw\/thumbs\/thumbs_Veto-120-paineilmalla-punamusta-017.jpg?t=1599635363\"\n\t\t\t\t\twidth=\"120\"\n\t\t\t\t\theight=\"90\"\n\t\t\t\t\tstyle=\"max-width:100%;\"\n\t\t\t\t\/>\n\t\t\t<\/a>\n\t\t<\/div>\n\t\t\t\t\t\t\t<\/div>\n\t\t\t\n\t\t\t\t<div id=\"ngg-image-1\" class=\"ngg-gallery-thumbnail-box\n\t\t\t\t\t\t\t\t\t\t\t\"\n\t\t\t>\n\t\t\t\t\t\t<div class=\"ngg-gallery-thumbnail\">\n\t\t<a href=\"https:\/\/ala-talkkari.fi\/wp-content\/gallery\/veto-120kw\/Veto-120-paineilmalla-punamusta-023.jpg?t=1599635366\"\n\t\t\ttitle=\"Veto boilers are equipped with gauge where can read water temperature and pressure.\"\n\t\t\tdata-src=\"https:\/\/ala-talkkari.fi\/wp-content\/gallery\/veto-120kw\/Veto-120-paineilmalla-punamusta-023.jpg?t=1599635366\"\n\t\t\tdata-thumbnail=\"https:\/\/ala-talkkari.fi\/wp-content\/gallery\/veto-120kw\/thumbs\/thumbs_Veto-120-paineilmalla-punamusta-023.jpg?t=1599635366\"\n\t\t\tdata-image-id=\"91\"\n\t\t\tdata-image-name=\"Veto-120-paineilmalla-punamusta-023.jpg\"\n\t\t\tdata-title=\"Veto 120 kW-stokerikattila\"\n\t\t\tdata-description=\"Veto boilers are equipped with gauge where can read water temperature and pressure.\"\n\t\t\tdata-image-slug=\"veto-120-paineilmalla-punamusta-023\"\n\t\t\t\t\t\t\t\t\t\t\t\t\t\t\t\t\t\t\t\tclass='nextgen_pro_lightbox' data-nplmodal-gallery-id='80e07e1f10efd07267bbaab0fff272e3'>\n\t\t\t\t\t\t\t\t<img\n\t\t\t\t\ttitle=\"Veto 120 kW-stokerikattila\"\n\t\t\t\t\talt=\"Veto 120 kW-stokerikattila\"\n\t\t\t\t\tsrc=\"https:\/\/ala-talkkari.fi\/wp-content\/gallery\/veto-120kw\/thumbs\/thumbs_Veto-120-paineilmalla-punamusta-023.jpg?t=1599635366\"\n\t\t\t\t\twidth=\"120\"\n\t\t\t\t\theight=\"90\"\n\t\t\t\t\tstyle=\"max-width:100%;\"\n\t\t\t\t\/>\n\t\t\t<\/a>\n\t\t<\/div>\n\t\t\t\t\t\t\t<\/div>\n\t\t\t\n\t\t\t\t<div id=\"ngg-image-2\" class=\"ngg-gallery-thumbnail-box\n\t\t\t\t\t\t\t\t\t\t\t\"\n\t\t\t>\n\t\t\t\t\t\t<div class=\"ngg-gallery-thumbnail\">\n\t\t<a href=\"https:\/\/ala-talkkari.fi\/wp-content\/gallery\/veto-120kw\/Veto-120-paineilmalla-punamusta-027.jpg?t=1599635368\"\n\t\t\ttitle=\"Veto 120 stoker boiler flue gas exit can be moved also side of the boiler.\"\n\t\t\tdata-src=\"https:\/\/ala-talkkari.fi\/wp-content\/gallery\/veto-120kw\/Veto-120-paineilmalla-punamusta-027.jpg?t=1599635368\"\n\t\t\tdata-thumbnail=\"https:\/\/ala-talkkari.fi\/wp-content\/gallery\/veto-120kw\/thumbs\/thumbs_Veto-120-paineilmalla-punamusta-027.jpg?t=1599635368\"\n\t\t\tdata-image-id=\"92\"\n\t\t\tdata-image-name=\"Veto-120-paineilmalla-punamusta-027.jpg\"\n\t\t\tdata-title=\"Veto 120 kW l\u00e4mmityskattin savukaasuyhde\"\n\t\t\tdata-description=\"Veto 120 stoker boiler flue gas exit can be moved also side of the boiler.\"\n\t\t\tdata-image-slug=\"veto-120-paineilmalla-punamusta-027\"\n\t\t\t\t\t\t\t\t\t\t\t\t\t\t\t\t\t\t\t\tclass='nextgen_pro_lightbox' data-nplmodal-gallery-id='80e07e1f10efd07267bbaab0fff272e3'>\n\t\t\t\t\t\t\t\t<img\n\t\t\t\t\ttitle=\"Veto 120 kW l\u00e4mmityskattin savukaasuyhde\"\n\t\t\t\t\talt=\"Veto 120 kW l\u00e4mmityskattin savukaasuyhde\"\n\t\t\t\t\tsrc=\"https:\/\/ala-talkkari.fi\/wp-content\/gallery\/veto-120kw\/thumbs\/thumbs_Veto-120-paineilmalla-punamusta-027.jpg?t=1599635368\"\n\t\t\t\t\twidth=\"120\"\n\t\t\t\t\theight=\"90\"\n\t\t\t\t\tstyle=\"max-width:100%;\"\n\t\t\t\t\/>\n\t\t\t<\/a>\n\t\t<\/div>\n\t\t\t\t\t\t\t<\/div>\n\t\t\t\n\t\t\t\t<div id=\"ngg-image-3\" class=\"ngg-gallery-thumbnail-box\n\t\t\t\t\t\t\t\t\t\t\t\"\n\t\t\t>\n\t\t\t\t\t\t<div class=\"ngg-gallery-thumbnail\">\n\t\t<a href=\"https:\/\/ala-talkkari.fi\/wp-content\/gallery\/veto-120kw\/Veto-120-paineilmalla-punamusta-035.jpg?t=1599635371\"\n\t\t\ttitle=\"This boiler is equipped with ash auger flanges ready.\"\n\t\t\tdata-src=\"https:\/\/ala-talkkari.fi\/wp-content\/gallery\/veto-120kw\/Veto-120-paineilmalla-punamusta-035.jpg?t=1599635371\"\n\t\t\tdata-thumbnail=\"https:\/\/ala-talkkari.fi\/wp-content\/gallery\/veto-120kw\/thumbs\/thumbs_Veto-120-paineilmalla-punamusta-035.jpg?t=1599635371\"\n\t\t\tdata-image-id=\"93\"\n\t\t\tdata-image-name=\"Veto-120-paineilmalla-punamusta-035.jpg\"\n\t\t\tdata-title=\"Veto 120 l\u00e4mmityskattilan tuhkaruuviyhde\"\n\t\t\tdata-description=\"This boiler is equipped with ash auger flanges ready.\"\n\t\t\tdata-image-slug=\"veto-120-paineilmalla-punamusta-035\"\n\t\t\t\t\t\t\t\t\t\t\t\t\t\t\t\t\t\t\t\tclass='nextgen_pro_lightbox' data-nplmodal-gallery-id='80e07e1f10efd07267bbaab0fff272e3'>\n\t\t\t\t\t\t\t\t<img\n\t\t\t\t\ttitle=\"Veto 120 l\u00e4mmityskattilan tuhkaruuviyhde\"\n\t\t\t\t\talt=\"Veto 120 l\u00e4mmityskattilan tuhkaruuviyhde\"\n\t\t\t\t\tsrc=\"https:\/\/ala-talkkari.fi\/wp-content\/gallery\/veto-120kw\/thumbs\/thumbs_Veto-120-paineilmalla-punamusta-035.jpg?t=1599635371\"\n\t\t\t\t\twidth=\"120\"\n\t\t\t\t\theight=\"90\"\n\t\t\t\t\tstyle=\"max-width:100%;\"\n\t\t\t\t\/>\n\t\t\t<\/a>\n\t\t<\/div>\n\t\t\t\t\t\t\t<\/div>\n\t\t\t\n\t\n\t<br style=\"clear: both\" \/>\n\n\t\n\t\t<!-- Pagination -->\n\t\t<div class='ngg-clear'><\/div>\t<\/div>\n<\/p>\n<p><strong>PDF-Ma\u00dfbilder vom Veto 120 <span class=\"st\">Hackschnitzelkessel<\/span>:<\/strong><\/p>\n<p><a href=\"http:\/\/c5jnc9gd.c5.suncomet.fi\/wp-content\/uploads\/2014\/11\/120kW-sy\u00f6tt\u00f6-vasen-mittakuva.pdf\" target=\"_blank\" rel=\"noopener noreferrer\">Veto 120, Zufuhr links, Wartung vorne<\/a><\/p>\n<p><a href=\"http:\/\/c5jnc9gd.c5.suncomet.fi\/wp-content\/uploads\/2014\/11\/120kW-sy\u00f6tt\u00f6-edes-hoito-vasen.pdf\" target=\"_blank\" rel=\"noopener noreferrer\">Veto 120, Zufuhr vorne, Wartung links<\/a><\/p>\n","protected":false},"excerpt":{"rendered":"<p>Hackschnitzelkessel Veto 120 kW Der Veto 120 kW Hackschnitzelkessel (Heizkessel) von AlaTalkkari ist in erster Linie f\u00fcr das Heizen von Bauernh\u00f6fen und gr\u00f6\u00dferen Grundst\u00fccken vorgesehen. Der neue rot-schwarze, farbfertige Au\u00dfenmantel gew\u00e4hrleistet ein Aussehen, das das Auge anspricht. Auch die Messanzeige sowie die Luken sind benutzerfreundlicher als bisher. Die H\u00e4ndigkeit des Hackschnitzelkessels kann vom Kunden frei [&hellip;]<\/p>\n","protected":false},"author":1,"featured_media":0,"parent":0,"menu_order":0,"comment_status":"closed","ping_status":"closed","template":"","meta":{"ngg_post_thumbnail":0,"footnotes":""},"class_list":["post-3892","page","type-page","status-publish","hentry"],"yoast_head":"<!-- This site is optimized with the Yoast SEO plugin v27.5 - https:\/\/yoast.com\/product\/yoast-seo-wordpress\/ -->\n<title>Veto 120 - Veljekset Ala-Talkkari Oy<\/title>\n<meta name=\"robots\" content=\"index, follow, max-snippet:-1, max-image-preview:large, max-video-preview:-1\" \/>\n<link rel=\"canonical\" href=\"https:\/\/ala-talkkari.fi\/de\/veto-120\/\" \/>\n<meta property=\"og:locale\" content=\"de_DE\" \/>\n<meta property=\"og:type\" content=\"article\" \/>\n<meta property=\"og:title\" content=\"Veto 120 - Veljekset Ala-Talkkari Oy\" \/>\n<meta property=\"og:description\" content=\"Hackschnitzelkessel Veto 120 kW Der Veto 120 kW Hackschnitzelkessel (Heizkessel) von AlaTalkkari ist in erster Linie f\u00fcr das Heizen von Bauernh\u00f6fen und gr\u00f6\u00dferen Grundst\u00fccken vorgesehen. Der neue rot-schwarze, farbfertige Au\u00dfenmantel gew\u00e4hrleistet ein Aussehen, das das Auge anspricht. Auch die Messanzeige sowie die Luken sind benutzerfreundlicher als bisher. Die H\u00e4ndigkeit des Hackschnitzelkessels kann vom Kunden frei [&hellip;]\" \/>\n<meta property=\"og:url\" content=\"https:\/\/ala-talkkari.fi\/de\/veto-120\/\" \/>\n<meta property=\"og:site_name\" content=\"Veljekset Ala-Talkkari Oy\" \/>\n<meta property=\"article:publisher\" content=\"https:\/\/www.facebook.com\/alatalkkari\" \/>\n<meta property=\"article:modified_time\" content=\"2020-09-10T05:28:23+00:00\" \/>\n<meta property=\"og:image\" content=\"https:\/\/ala-talkkari.fi\/wp-content\/uploads\/2014\/11\/Veto-120-paineilmalla-punamusta-059.jpg\" \/>\n<meta name=\"twitter:label1\" content=\"Gesch\u00e4tzte Lesezeit\" \/>\n\t<meta name=\"twitter:data1\" content=\"1\u00a0Minute\" \/>\n<script type=\"application\/ld+json\" class=\"yoast-schema-graph\">{\"@context\":\"https:\\\/\\\/schema.org\",\"@graph\":[{\"@type\":\"WebPage\",\"@id\":\"https:\\\/\\\/ala-talkkari.fi\\\/de\\\/veto-120\\\/\",\"url\":\"https:\\\/\\\/ala-talkkari.fi\\\/de\\\/veto-120\\\/\",\"name\":\"Veto 120 - Veljekset Ala-Talkkari Oy\",\"isPartOf\":{\"@id\":\"https:\\\/\\\/ala-talkkari.fi\\\/de\\\/#website\"},\"primaryImageOfPage\":{\"@id\":\"https:\\\/\\\/ala-talkkari.fi\\\/de\\\/veto-120\\\/#primaryimage\"},\"image\":{\"@id\":\"https:\\\/\\\/ala-talkkari.fi\\\/de\\\/veto-120\\\/#primaryimage\"},\"thumbnailUrl\":\"https:\\\/\\\/ala-talkkari.fi\\\/wp-content\\\/uploads\\\/2014\\\/11\\\/Veto-120-paineilmalla-punamusta-059.jpg\",\"datePublished\":\"2014-11-04T12:46:33+00:00\",\"dateModified\":\"2020-09-10T05:28:23+00:00\",\"breadcrumb\":{\"@id\":\"https:\\\/\\\/ala-talkkari.fi\\\/de\\\/veto-120\\\/#breadcrumb\"},\"inLanguage\":\"de\",\"potentialAction\":[{\"@type\":\"ReadAction\",\"target\":[\"https:\\\/\\\/ala-talkkari.fi\\\/de\\\/veto-120\\\/\"]}]},{\"@type\":\"ImageObject\",\"inLanguage\":\"de\",\"@id\":\"https:\\\/\\\/ala-talkkari.fi\\\/de\\\/veto-120\\\/#primaryimage\",\"url\":\"https:\\\/\\\/ala-talkkari.fi\\\/wp-content\\\/uploads\\\/2014\\\/11\\\/Veto-120-paineilmalla-punamusta-059.jpg\",\"contentUrl\":\"https:\\\/\\\/ala-talkkari.fi\\\/wp-content\\\/uploads\\\/2014\\\/11\\\/Veto-120-paineilmalla-punamusta-059.jpg\"},{\"@type\":\"BreadcrumbList\",\"@id\":\"https:\\\/\\\/ala-talkkari.fi\\\/de\\\/veto-120\\\/#breadcrumb\",\"itemListElement\":[{\"@type\":\"ListItem\",\"position\":1,\"name\":\"Home\",\"item\":\"https:\\\/\\\/ala-talkkari.fi\\\/de\\\/\"},{\"@type\":\"ListItem\",\"position\":2,\"name\":\"Veto 120\"}]},{\"@type\":\"WebSite\",\"@id\":\"https:\\\/\\\/ala-talkkari.fi\\\/de\\\/#website\",\"url\":\"https:\\\/\\\/ala-talkkari.fi\\\/de\\\/\",\"name\":\"Veljekset Ala-Talkkari Oy\",\"description\":\"Heizsysteme und Ger\u00e4te zur Landschaftspflege\",\"publisher\":{\"@id\":\"https:\\\/\\\/ala-talkkari.fi\\\/de\\\/#organization\"},\"potentialAction\":[{\"@type\":\"SearchAction\",\"target\":{\"@type\":\"EntryPoint\",\"urlTemplate\":\"https:\\\/\\\/ala-talkkari.fi\\\/de\\\/?s={search_term_string}\"},\"query-input\":{\"@type\":\"PropertyValueSpecification\",\"valueRequired\":true,\"valueName\":\"search_term_string\"}}],\"inLanguage\":\"de\"},{\"@type\":\"Organization\",\"@id\":\"https:\\\/\\\/ala-talkkari.fi\\\/de\\\/#organization\",\"name\":\"Veljekset Ala-Talkkari Oy\",\"url\":\"https:\\\/\\\/ala-talkkari.fi\\\/de\\\/\",\"logo\":{\"@type\":\"ImageObject\",\"inLanguage\":\"de\",\"@id\":\"https:\\\/\\\/ala-talkkari.fi\\\/de\\\/#\\\/schema\\\/logo\\\/image\\\/\",\"url\":\"https:\\\/\\\/ala-talkkari.fi\\\/wp-content\\\/uploads\\\/2020\\\/09\\\/lammitys-veto-ala-talkkari.png\",\"contentUrl\":\"https:\\\/\\\/ala-talkkari.fi\\\/wp-content\\\/uploads\\\/2020\\\/09\\\/lammitys-veto-ala-talkkari.png\",\"width\":751,\"height\":67,\"caption\":\"Veljekset Ala-Talkkari Oy\"},\"image\":{\"@id\":\"https:\\\/\\\/ala-talkkari.fi\\\/de\\\/#\\\/schema\\\/logo\\\/image\\\/\"},\"sameAs\":[\"https:\\\/\\\/www.facebook.com\\\/alatalkkari\",\"https:\\\/\\\/www.instagram.com\\\/veljeksetalatalkkarioy\\\/\",\"https:\\\/\\\/www.youtube.com\\\/c\\\/VeljeksetAlaTalkkariOy\"]}]}<\/script>\n<!-- \/ Yoast SEO plugin. -->","yoast_head_json":{"title":"Veto 120 - Veljekset Ala-Talkkari Oy","robots":{"index":"index","follow":"follow","max-snippet":"max-snippet:-1","max-image-preview":"max-image-preview:large","max-video-preview":"max-video-preview:-1"},"canonical":"https:\/\/ala-talkkari.fi\/de\/veto-120\/","og_locale":"de_DE","og_type":"article","og_title":"Veto 120 - Veljekset Ala-Talkkari Oy","og_description":"Hackschnitzelkessel Veto 120 kW Der Veto 120 kW Hackschnitzelkessel (Heizkessel) von AlaTalkkari ist in erster Linie f\u00fcr das Heizen von Bauernh\u00f6fen und gr\u00f6\u00dferen Grundst\u00fccken vorgesehen. Der neue rot-schwarze, farbfertige Au\u00dfenmantel gew\u00e4hrleistet ein Aussehen, das das Auge anspricht. Auch die Messanzeige sowie die Luken sind benutzerfreundlicher als bisher. Die H\u00e4ndigkeit des Hackschnitzelkessels kann vom Kunden frei [&hellip;]","og_url":"https:\/\/ala-talkkari.fi\/de\/veto-120\/","og_site_name":"Veljekset Ala-Talkkari Oy","article_publisher":"https:\/\/www.facebook.com\/alatalkkari","article_modified_time":"2020-09-10T05:28:23+00:00","og_image":[{"url":"https:\/\/ala-talkkari.fi\/wp-content\/uploads\/2014\/11\/Veto-120-paineilmalla-punamusta-059.jpg","type":"","width":"","height":""}],"twitter_misc":{"Gesch\u00e4tzte Lesezeit":"1\u00a0Minute"},"schema":{"@context":"https:\/\/schema.org","@graph":[{"@type":"WebPage","@id":"https:\/\/ala-talkkari.fi\/de\/veto-120\/","url":"https:\/\/ala-talkkari.fi\/de\/veto-120\/","name":"Veto 120 - Veljekset Ala-Talkkari Oy","isPartOf":{"@id":"https:\/\/ala-talkkari.fi\/de\/#website"},"primaryImageOfPage":{"@id":"https:\/\/ala-talkkari.fi\/de\/veto-120\/#primaryimage"},"image":{"@id":"https:\/\/ala-talkkari.fi\/de\/veto-120\/#primaryimage"},"thumbnailUrl":"https:\/\/ala-talkkari.fi\/wp-content\/uploads\/2014\/11\/Veto-120-paineilmalla-punamusta-059.jpg","datePublished":"2014-11-04T12:46:33+00:00","dateModified":"2020-09-10T05:28:23+00:00","breadcrumb":{"@id":"https:\/\/ala-talkkari.fi\/de\/veto-120\/#breadcrumb"},"inLanguage":"de","potentialAction":[{"@type":"ReadAction","target":["https:\/\/ala-talkkari.fi\/de\/veto-120\/"]}]},{"@type":"ImageObject","inLanguage":"de","@id":"https:\/\/ala-talkkari.fi\/de\/veto-120\/#primaryimage","url":"https:\/\/ala-talkkari.fi\/wp-content\/uploads\/2014\/11\/Veto-120-paineilmalla-punamusta-059.jpg","contentUrl":"https:\/\/ala-talkkari.fi\/wp-content\/uploads\/2014\/11\/Veto-120-paineilmalla-punamusta-059.jpg"},{"@type":"BreadcrumbList","@id":"https:\/\/ala-talkkari.fi\/de\/veto-120\/#breadcrumb","itemListElement":[{"@type":"ListItem","position":1,"name":"Home","item":"https:\/\/ala-talkkari.fi\/de\/"},{"@type":"ListItem","position":2,"name":"Veto 120"}]},{"@type":"WebSite","@id":"https:\/\/ala-talkkari.fi\/de\/#website","url":"https:\/\/ala-talkkari.fi\/de\/","name":"Veljekset Ala-Talkkari Oy","description":"Heizsysteme und Ger\u00e4te zur Landschaftspflege","publisher":{"@id":"https:\/\/ala-talkkari.fi\/de\/#organization"},"potentialAction":[{"@type":"SearchAction","target":{"@type":"EntryPoint","urlTemplate":"https:\/\/ala-talkkari.fi\/de\/?s={search_term_string}"},"query-input":{"@type":"PropertyValueSpecification","valueRequired":true,"valueName":"search_term_string"}}],"inLanguage":"de"},{"@type":"Organization","@id":"https:\/\/ala-talkkari.fi\/de\/#organization","name":"Veljekset Ala-Talkkari Oy","url":"https:\/\/ala-talkkari.fi\/de\/","logo":{"@type":"ImageObject","inLanguage":"de","@id":"https:\/\/ala-talkkari.fi\/de\/#\/schema\/logo\/image\/","url":"https:\/\/ala-talkkari.fi\/wp-content\/uploads\/2020\/09\/lammitys-veto-ala-talkkari.png","contentUrl":"https:\/\/ala-talkkari.fi\/wp-content\/uploads\/2020\/09\/lammitys-veto-ala-talkkari.png","width":751,"height":67,"caption":"Veljekset Ala-Talkkari Oy"},"image":{"@id":"https:\/\/ala-talkkari.fi\/de\/#\/schema\/logo\/image\/"},"sameAs":["https:\/\/www.facebook.com\/alatalkkari","https:\/\/www.instagram.com\/veljeksetalatalkkarioy\/","https:\/\/www.youtube.com\/c\/VeljeksetAlaTalkkariOy"]}]}},"_links":{"self":[{"href":"https:\/\/ala-talkkari.fi\/de\/wp-json\/wp\/v2\/pages\/3892","targetHints":{"allow":["GET"]}}],"collection":[{"href":"https:\/\/ala-talkkari.fi\/de\/wp-json\/wp\/v2\/pages"}],"about":[{"href":"https:\/\/ala-talkkari.fi\/de\/wp-json\/wp\/v2\/types\/page"}],"author":[{"embeddable":true,"href":"https:\/\/ala-talkkari.fi\/de\/wp-json\/wp\/v2\/users\/1"}],"replies":[{"embeddable":true,"href":"https:\/\/ala-talkkari.fi\/de\/wp-json\/wp\/v2\/comments?post=3892"}],"version-history":[{"count":8,"href":"https:\/\/ala-talkkari.fi\/de\/wp-json\/wp\/v2\/pages\/3892\/revisions"}],"predecessor-version":[{"id":4120,"href":"https:\/\/ala-talkkari.fi\/de\/wp-json\/wp\/v2\/pages\/3892\/revisions\/4120"}],"wp:attachment":[{"href":"https:\/\/ala-talkkari.fi\/de\/wp-json\/wp\/v2\/media?parent=3892"}],"curies":[{"name":"wp","href":"https:\/\/api.w.org\/{rel}","templated":true}]}}