{"id":3880,"date":"2014-11-05T07:45:33","date_gmt":"2014-11-05T05:45:33","guid":{"rendered":"http:\/\/ala-talkkari.fi\/de\/?page_id=3880"},"modified":"2020-09-21T12:31:20","modified_gmt":"2020-09-21T09:31:20","slug":"hackschnitzelheizung","status":"publish","type":"page","link":"https:\/\/ala-talkkari.fi\/de\/hackschnitzelheizung\/","title":{"rendered":"Hackschnitzelheizung"},"content":{"rendered":"<h2>Hackschnitzelheizungen 40-990 kW von Ala-Talkkari<\/h2>\n<p><img loading=\"lazy\" decoding=\"async\" class=\"alignnone size-full wp-image-8379\" src=\"https:\/\/ala-talkkari.fi\/wp-content\/uploads\/2020\/09\/hackschnitzelheizung-5.jpg\" alt=\"\" width=\"1024\" height=\"683\" srcset=\"https:\/\/ala-talkkari.fi\/wp-content\/uploads\/2020\/09\/hackschnitzelheizung-5.jpg 1024w, https:\/\/ala-talkkari.fi\/wp-content\/uploads\/2020\/09\/hackschnitzelheizung-5-300x200.jpg 300w, https:\/\/ala-talkkari.fi\/wp-content\/uploads\/2020\/09\/hackschnitzelheizung-5-768x512.jpg 768w, https:\/\/ala-talkkari.fi\/wp-content\/uploads\/2020\/09\/hackschnitzelheizung-5-600x400.jpg 600w\" sizes=\"auto, (max-width: 1024px) 100vw, 1024px\" \/><\/p>\n<p>Ala-Talkkari hat eine lange Erfahrung in der Herstellung von Festbrennstoff-Heizger\u00e4ten. Das Unternehmen produzierte seine ersten Biomassebrenner bereits in den fr\u00fchen 1980er Jahren. Ala-Talkkari hackschnitzelheizungen sind robust und sie sind f\u00fcr die kalten nordischen Bedingungen entwickelt worden. Ala-Talkkaris VETO hackschnitzelheizungen sind im Bereich von 40-990 kW erh\u00e4ltlich. Die Biomassebrennersilovolumen k\u00f6nnen entsprechend der betrieblichen Anforderungen des Kunden gew\u00e4hlt werden, im Bereich von 0,5 bis 100 m\u00b3. Eine gro\u00dfe Auswahl an Zubeh\u00f6r ist f\u00fcr Festbrennstoff-Heizger\u00e4te verf\u00fcgbar.<\/p>\n<p><img loading=\"lazy\" decoding=\"async\" class=\"alignnone size-full wp-image-8630\" src=\"https:\/\/ala-talkkari.fi\/wp-content\/uploads\/2020\/09\/hackschnitzelheizung-finnland.jpg\" alt=\"Hackschnitzelheizung aus Finnland\" width=\"1024\" height=\"492\" srcset=\"https:\/\/ala-talkkari.fi\/wp-content\/uploads\/2020\/09\/hackschnitzelheizung-finnland.jpg 1024w, https:\/\/ala-talkkari.fi\/wp-content\/uploads\/2020\/09\/hackschnitzelheizung-finnland-300x144.jpg 300w, https:\/\/ala-talkkari.fi\/wp-content\/uploads\/2020\/09\/hackschnitzelheizung-finnland-768x369.jpg 768w, https:\/\/ala-talkkari.fi\/wp-content\/uploads\/2020\/09\/hackschnitzelheizung-finnland-600x288.jpg 600w\" sizes=\"auto, (max-width: 1024px) 100vw, 1024px\" \/><\/p>\n<p>Die st\u00e4ndige Entwicklung der hackschnitzelheizungen gew\u00e4hrleistet:<\/p>\n<ul>\n<li>zuverl\u00e4ssige Produkte mit Zubeh\u00f6r<\/li>\n<li>Produkte die immer strengeren Emissionsnormen (Inland\/Ausland) einhalten<\/li>\n<li>Kunden die in Zukunft zufrieden sind,<\/li>\n<li>sowie neue, innovative L\u00f6sungen<\/li>\n<\/ul>\n<p><img loading=\"lazy\" decoding=\"async\" class=\"alignnone wp-image-8435\" src=\"https:\/\/ala-talkkari.fi\/wp-content\/uploads\/2020\/09\/hackgutkessel-veto.jpg\" alt=\"\" width=\"100\" height=\"30\" srcset=\"https:\/\/ala-talkkari.fi\/wp-content\/uploads\/2020\/09\/hackgutkessel-veto.jpg 991w, https:\/\/ala-talkkari.fi\/wp-content\/uploads\/2020\/09\/hackgutkessel-veto-300x90.jpg 300w, https:\/\/ala-talkkari.fi\/wp-content\/uploads\/2020\/09\/hackgutkessel-veto-768x230.jpg 768w, https:\/\/ala-talkkari.fi\/wp-content\/uploads\/2020\/09\/hackgutkessel-veto-600x180.jpg 600w\" sizes=\"auto, (max-width: 100px) 100vw, 100px\" \/><\/p>\n<p><img loading=\"lazy\" decoding=\"async\" class=\"alignnone wp-image-8509\" src=\"https:\/\/ala-talkkari.fi\/wp-content\/uploads\/2020\/09\/hackschnitzel-heizung-veto-ala-talkkari.png\" alt=\"\" width=\"336\" height=\"30\" srcset=\"https:\/\/ala-talkkari.fi\/wp-content\/uploads\/2020\/09\/hackschnitzel-heizung-veto-ala-talkkari.png 751w, https:\/\/ala-talkkari.fi\/wp-content\/uploads\/2020\/09\/hackschnitzel-heizung-veto-ala-talkkari-300x27.png 300w, https:\/\/ala-talkkari.fi\/wp-content\/uploads\/2020\/09\/hackschnitzel-heizung-veto-ala-talkkari-600x54.png 600w\" sizes=\"auto, (max-width: 336px) 100vw, 336px\" \/><\/p>\n<p><strong>Lesen\/downloaden Sie die Brosch\u00fcre f\u00fcr die Veto Biomasseheizungsanlagen:<\/strong><\/p>\n<p><a href=\"https:\/\/drive.google.com\/file\/d\/1WqUz7gOU2X6bt1pS5COA4aEjPGLuqYG_\/view?usp=sharing\" target=\"_blank\" rel=\"noopener noreferrer\"><img loading=\"lazy\" decoding=\"async\" class=\"alignnone wp-image-7524\" src=\"https:\/\/ala-talkkari.fi\/wp-content\/uploads\/2020\/02\/l\u00e4mmityslaite-esite_DE_2019_etusivu-213x300.png\" alt=\"Hackschnitzelheizung - Veljekset Ala-Talkkari Oy\" width=\"142\" height=\"200\" srcset=\"https:\/\/ala-talkkari.fi\/wp-content\/uploads\/2020\/02\/l\u00e4mmityslaite-esite_DE_2019_etusivu-213x300.png 213w, https:\/\/ala-talkkari.fi\/wp-content\/uploads\/2020\/02\/l\u00e4mmityslaite-esite_DE_2019_etusivu-600x844.png 600w, https:\/\/ala-talkkari.fi\/wp-content\/uploads\/2020\/02\/l\u00e4mmityslaite-esite_DE_2019_etusivu.png 658w\" sizes=\"auto, (max-width: 142px) 100vw, 142px\" \/><\/a><\/p>\n","protected":false},"excerpt":{"rendered":"<p>Hackschnitzelheizungen 40-990 kW von Ala-Talkkari Ala-Talkkari hat eine lange Erfahrung in der Herstellung von Festbrennstoff-Heizger\u00e4ten. Das Unternehmen produzierte seine ersten Biomassebrenner bereits in den fr\u00fchen 1980er Jahren. Ala-Talkkari hackschnitzelheizungen sind robust und sie sind f\u00fcr die kalten nordischen Bedingungen entwickelt worden. Ala-Talkkaris VETO hackschnitzelheizungen sind im Bereich von 40-990 kW erh\u00e4ltlich. Die Biomassebrennersilovolumen k\u00f6nnen entsprechend [&hellip;]<\/p>\n","protected":false},"author":1,"featured_media":0,"parent":0,"menu_order":0,"comment_status":"closed","ping_status":"closed","template":"","meta":{"ngg_post_thumbnail":0,"footnotes":""},"class_list":["post-3880","page","type-page","status-publish","hentry"],"yoast_head":"<!-- This site is optimized with the Yoast SEO plugin v27.5 - https:\/\/yoast.com\/product\/yoast-seo-wordpress\/ -->\n<title>Hackschnitzelheizungen 40-990 kW von Ala-Talkkari. H\u00f6r zu!<\/title>\n<meta name=\"description\" content=\"Bei Ala-Talkkari finden Sie eine gro\u00dfe Auswahl an Hackgutheizungen.\" \/>\n<meta name=\"robots\" content=\"index, follow, max-snippet:-1, max-image-preview:large, max-video-preview:-1\" \/>\n<link rel=\"canonical\" href=\"https:\/\/ala-talkkari.fi\/de\/hackschnitzelheizung\/\" \/>\n<meta property=\"og:locale\" content=\"de_DE\" \/>\n<meta property=\"og:type\" content=\"article\" \/>\n<meta property=\"og:title\" content=\"Hackschnitzelheizungen 40-990 kW von Ala-Talkkari. H\u00f6r zu!\" \/>\n<meta property=\"og:description\" content=\"Bei Ala-Talkkari finden Sie eine gro\u00dfe Auswahl an Hackgutheizungen.\" \/>\n<meta property=\"og:url\" content=\"https:\/\/ala-talkkari.fi\/de\/hackschnitzelheizung\/\" \/>\n<meta property=\"og:site_name\" content=\"Veljekset Ala-Talkkari Oy\" \/>\n<meta property=\"article:publisher\" content=\"https:\/\/www.facebook.com\/alatalkkari\" \/>\n<meta property=\"article:modified_time\" content=\"2020-09-21T09:31:20+00:00\" \/>\n<meta property=\"og:image\" content=\"https:\/\/ala-talkkari.fi\/wp-content\/uploads\/2020\/09\/hackschnitzelheizung-5.jpg\" \/>\n<meta name=\"twitter:label1\" content=\"Gesch\u00e4tzte Lesezeit\" \/>\n\t<meta name=\"twitter:data1\" content=\"1\u00a0Minute\" \/>\n<script type=\"application\/ld+json\" class=\"yoast-schema-graph\">{\"@context\":\"https:\\\/\\\/schema.org\",\"@graph\":[{\"@type\":\"WebPage\",\"@id\":\"https:\\\/\\\/ala-talkkari.fi\\\/de\\\/hackschnitzelheizung\\\/\",\"url\":\"https:\\\/\\\/ala-talkkari.fi\\\/de\\\/hackschnitzelheizung\\\/\",\"name\":\"Hackschnitzelheizungen 40-990 kW von Ala-Talkkari. H\u00f6r zu!\",\"isPartOf\":{\"@id\":\"https:\\\/\\\/ala-talkkari.fi\\\/de\\\/#website\"},\"primaryImageOfPage\":{\"@id\":\"https:\\\/\\\/ala-talkkari.fi\\\/de\\\/hackschnitzelheizung\\\/#primaryimage\"},\"image\":{\"@id\":\"https:\\\/\\\/ala-talkkari.fi\\\/de\\\/hackschnitzelheizung\\\/#primaryimage\"},\"thumbnailUrl\":\"https:\\\/\\\/ala-talkkari.fi\\\/wp-content\\\/uploads\\\/2020\\\/09\\\/hackschnitzelheizung-5.jpg\",\"datePublished\":\"2014-11-05T05:45:33+00:00\",\"dateModified\":\"2020-09-21T09:31:20+00:00\",\"description\":\"Bei Ala-Talkkari finden Sie eine gro\u00dfe Auswahl an Hackgutheizungen.\",\"breadcrumb\":{\"@id\":\"https:\\\/\\\/ala-talkkari.fi\\\/de\\\/hackschnitzelheizung\\\/#breadcrumb\"},\"inLanguage\":\"de\",\"potentialAction\":[{\"@type\":\"ReadAction\",\"target\":[\"https:\\\/\\\/ala-talkkari.fi\\\/de\\\/hackschnitzelheizung\\\/\"]}]},{\"@type\":\"ImageObject\",\"inLanguage\":\"de\",\"@id\":\"https:\\\/\\\/ala-talkkari.fi\\\/de\\\/hackschnitzelheizung\\\/#primaryimage\",\"url\":\"https:\\\/\\\/ala-talkkari.fi\\\/wp-content\\\/uploads\\\/2020\\\/09\\\/hackschnitzelheizung-5.jpg\",\"contentUrl\":\"https:\\\/\\\/ala-talkkari.fi\\\/wp-content\\\/uploads\\\/2020\\\/09\\\/hackschnitzelheizung-5.jpg\"},{\"@type\":\"BreadcrumbList\",\"@id\":\"https:\\\/\\\/ala-talkkari.fi\\\/de\\\/hackschnitzelheizung\\\/#breadcrumb\",\"itemListElement\":[{\"@type\":\"ListItem\",\"position\":1,\"name\":\"Home\",\"item\":\"https:\\\/\\\/ala-talkkari.fi\\\/de\\\/\"},{\"@type\":\"ListItem\",\"position\":2,\"name\":\"Hackschnitzelheizung\"}]},{\"@type\":\"WebSite\",\"@id\":\"https:\\\/\\\/ala-talkkari.fi\\\/de\\\/#website\",\"url\":\"https:\\\/\\\/ala-talkkari.fi\\\/de\\\/\",\"name\":\"Veljekset Ala-Talkkari Oy\",\"description\":\"Heizsysteme und Ger\u00e4te zur Landschaftspflege\",\"publisher\":{\"@id\":\"https:\\\/\\\/ala-talkkari.fi\\\/de\\\/#organization\"},\"potentialAction\":[{\"@type\":\"SearchAction\",\"target\":{\"@type\":\"EntryPoint\",\"urlTemplate\":\"https:\\\/\\\/ala-talkkari.fi\\\/de\\\/?s={search_term_string}\"},\"query-input\":{\"@type\":\"PropertyValueSpecification\",\"valueRequired\":true,\"valueName\":\"search_term_string\"}}],\"inLanguage\":\"de\"},{\"@type\":\"Organization\",\"@id\":\"https:\\\/\\\/ala-talkkari.fi\\\/de\\\/#organization\",\"name\":\"Veljekset Ala-Talkkari Oy\",\"url\":\"https:\\\/\\\/ala-talkkari.fi\\\/de\\\/\",\"logo\":{\"@type\":\"ImageObject\",\"inLanguage\":\"de\",\"@id\":\"https:\\\/\\\/ala-talkkari.fi\\\/de\\\/#\\\/schema\\\/logo\\\/image\\\/\",\"url\":\"https:\\\/\\\/ala-talkkari.fi\\\/wp-content\\\/uploads\\\/2020\\\/09\\\/lammitys-veto-ala-talkkari.png\",\"contentUrl\":\"https:\\\/\\\/ala-talkkari.fi\\\/wp-content\\\/uploads\\\/2020\\\/09\\\/lammitys-veto-ala-talkkari.png\",\"width\":751,\"height\":67,\"caption\":\"Veljekset Ala-Talkkari Oy\"},\"image\":{\"@id\":\"https:\\\/\\\/ala-talkkari.fi\\\/de\\\/#\\\/schema\\\/logo\\\/image\\\/\"},\"sameAs\":[\"https:\\\/\\\/www.facebook.com\\\/alatalkkari\",\"https:\\\/\\\/www.instagram.com\\\/veljeksetalatalkkarioy\\\/\",\"https:\\\/\\\/www.youtube.com\\\/c\\\/VeljeksetAlaTalkkariOy\"]}]}<\/script>\n<!-- \/ Yoast SEO plugin. -->","yoast_head_json":{"title":"Hackschnitzelheizungen 40-990 kW von Ala-Talkkari. H\u00f6r zu!","description":"Bei Ala-Talkkari finden Sie eine gro\u00dfe Auswahl an Hackgutheizungen.","robots":{"index":"index","follow":"follow","max-snippet":"max-snippet:-1","max-image-preview":"max-image-preview:large","max-video-preview":"max-video-preview:-1"},"canonical":"https:\/\/ala-talkkari.fi\/de\/hackschnitzelheizung\/","og_locale":"de_DE","og_type":"article","og_title":"Hackschnitzelheizungen 40-990 kW von Ala-Talkkari. H\u00f6r zu!","og_description":"Bei Ala-Talkkari finden Sie eine gro\u00dfe Auswahl an Hackgutheizungen.","og_url":"https:\/\/ala-talkkari.fi\/de\/hackschnitzelheizung\/","og_site_name":"Veljekset Ala-Talkkari Oy","article_publisher":"https:\/\/www.facebook.com\/alatalkkari","article_modified_time":"2020-09-21T09:31:20+00:00","og_image":[{"url":"https:\/\/ala-talkkari.fi\/wp-content\/uploads\/2020\/09\/hackschnitzelheizung-5.jpg","type":"","width":"","height":""}],"twitter_misc":{"Gesch\u00e4tzte Lesezeit":"1\u00a0Minute"},"schema":{"@context":"https:\/\/schema.org","@graph":[{"@type":"WebPage","@id":"https:\/\/ala-talkkari.fi\/de\/hackschnitzelheizung\/","url":"https:\/\/ala-talkkari.fi\/de\/hackschnitzelheizung\/","name":"Hackschnitzelheizungen 40-990 kW von Ala-Talkkari. H\u00f6r zu!","isPartOf":{"@id":"https:\/\/ala-talkkari.fi\/de\/#website"},"primaryImageOfPage":{"@id":"https:\/\/ala-talkkari.fi\/de\/hackschnitzelheizung\/#primaryimage"},"image":{"@id":"https:\/\/ala-talkkari.fi\/de\/hackschnitzelheizung\/#primaryimage"},"thumbnailUrl":"https:\/\/ala-talkkari.fi\/wp-content\/uploads\/2020\/09\/hackschnitzelheizung-5.jpg","datePublished":"2014-11-05T05:45:33+00:00","dateModified":"2020-09-21T09:31:20+00:00","description":"Bei Ala-Talkkari finden Sie eine gro\u00dfe Auswahl an Hackgutheizungen.","breadcrumb":{"@id":"https:\/\/ala-talkkari.fi\/de\/hackschnitzelheizung\/#breadcrumb"},"inLanguage":"de","potentialAction":[{"@type":"ReadAction","target":["https:\/\/ala-talkkari.fi\/de\/hackschnitzelheizung\/"]}]},{"@type":"ImageObject","inLanguage":"de","@id":"https:\/\/ala-talkkari.fi\/de\/hackschnitzelheizung\/#primaryimage","url":"https:\/\/ala-talkkari.fi\/wp-content\/uploads\/2020\/09\/hackschnitzelheizung-5.jpg","contentUrl":"https:\/\/ala-talkkari.fi\/wp-content\/uploads\/2020\/09\/hackschnitzelheizung-5.jpg"},{"@type":"BreadcrumbList","@id":"https:\/\/ala-talkkari.fi\/de\/hackschnitzelheizung\/#breadcrumb","itemListElement":[{"@type":"ListItem","position":1,"name":"Home","item":"https:\/\/ala-talkkari.fi\/de\/"},{"@type":"ListItem","position":2,"name":"Hackschnitzelheizung"}]},{"@type":"WebSite","@id":"https:\/\/ala-talkkari.fi\/de\/#website","url":"https:\/\/ala-talkkari.fi\/de\/","name":"Veljekset Ala-Talkkari Oy","description":"Heizsysteme und Ger\u00e4te zur Landschaftspflege","publisher":{"@id":"https:\/\/ala-talkkari.fi\/de\/#organization"},"potentialAction":[{"@type":"SearchAction","target":{"@type":"EntryPoint","urlTemplate":"https:\/\/ala-talkkari.fi\/de\/?s={search_term_string}"},"query-input":{"@type":"PropertyValueSpecification","valueRequired":true,"valueName":"search_term_string"}}],"inLanguage":"de"},{"@type":"Organization","@id":"https:\/\/ala-talkkari.fi\/de\/#organization","name":"Veljekset Ala-Talkkari Oy","url":"https:\/\/ala-talkkari.fi\/de\/","logo":{"@type":"ImageObject","inLanguage":"de","@id":"https:\/\/ala-talkkari.fi\/de\/#\/schema\/logo\/image\/","url":"https:\/\/ala-talkkari.fi\/wp-content\/uploads\/2020\/09\/lammitys-veto-ala-talkkari.png","contentUrl":"https:\/\/ala-talkkari.fi\/wp-content\/uploads\/2020\/09\/lammitys-veto-ala-talkkari.png","width":751,"height":67,"caption":"Veljekset Ala-Talkkari Oy"},"image":{"@id":"https:\/\/ala-talkkari.fi\/de\/#\/schema\/logo\/image\/"},"sameAs":["https:\/\/www.facebook.com\/alatalkkari","https:\/\/www.instagram.com\/veljeksetalatalkkarioy\/","https:\/\/www.youtube.com\/c\/VeljeksetAlaTalkkariOy"]}]}},"_links":{"self":[{"href":"https:\/\/ala-talkkari.fi\/de\/wp-json\/wp\/v2\/pages\/3880","targetHints":{"allow":["GET"]}}],"collection":[{"href":"https:\/\/ala-talkkari.fi\/de\/wp-json\/wp\/v2\/pages"}],"about":[{"href":"https:\/\/ala-talkkari.fi\/de\/wp-json\/wp\/v2\/types\/page"}],"author":[{"embeddable":true,"href":"https:\/\/ala-talkkari.fi\/de\/wp-json\/wp\/v2\/users\/1"}],"replies":[{"embeddable":true,"href":"https:\/\/ala-talkkari.fi\/de\/wp-json\/wp\/v2\/comments?post=3880"}],"version-history":[{"count":27,"href":"https:\/\/ala-talkkari.fi\/de\/wp-json\/wp\/v2\/pages\/3880\/revisions"}],"predecessor-version":[{"id":8637,"href":"https:\/\/ala-talkkari.fi\/de\/wp-json\/wp\/v2\/pages\/3880\/revisions\/8637"}],"wp:attachment":[{"href":"https:\/\/ala-talkkari.fi\/de\/wp-json\/wp\/v2\/media?parent=3880"}],"curies":[{"name":"wp","href":"https:\/\/api.w.org\/{rel}","templated":true}]}}