{"id":3867,"date":"2014-11-04T14:43:09","date_gmt":"2014-11-04T12:43:09","guid":{"rendered":"http:\/\/ala-talkkari.fi\/de\/?page_id=3867"},"modified":"2018-09-18T10:21:12","modified_gmt":"2018-09-18T07:21:12","slug":"holzscheitkessel","status":"publish","type":"page","link":"https:\/\/ala-talkkari.fi\/de\/holzscheitkessel\/","title":{"rendered":"Holzscheitkessel"},"content":{"rendered":"<h2>VETO \u2013 Holzkessel von Ala-Talkkari<\/h2>\n<p>Bei der Wahl eines Festbrennstoffkessels, sind Ala-Talkkaris VETO Abwindkessel (Holzkessel) eine au\u00dfergew\u00f6hnliche Wahl. Die VETO B-28 und B-40 sind Einzelbeh\u00e4lterabwindkessel. Diese Kessel sind mit einem Toplader-Vorratsbeh\u00e4lter ausgestattet, der bis zur Oberkante gef\u00fcllt werden kann. Aufgrund des Abwindprinzips, kann das Verbrennungsereignis sehr gut eingestellt werden. Die Kraftstoffe die in diesen Holzkessel verwendet werden k\u00f6nnen, umfassen Feuerholz, Holzsp\u00e4ne und Torf. Auch Pellets k\u00f6nnen auf den Brenner f\u00fcr Festbrennstoffe verwendet werden. Der Brenner f\u00fcr Festbrennstoffe kann als Zubeh\u00f6r f\u00fcr VETO Fallstromvergaser gekauft werden. \u00a0Der Brenner f\u00fcr Festbrennstoff kann als ein Zubeh\u00f6r f\u00fcr VETO Aufwindkessel erworben werden.<\/p>\n<p><img loading=\"lazy\" decoding=\"async\" class=\"alignnone wp-image-2283\" src=\"https:\/\/ala-talkkari.fi\/wp-content\/uploads\/2014\/11\/IMG_5793-300x90.jpg\" alt=\"puukattilat\" width=\"100\" height=\"30\" srcset=\"https:\/\/ala-talkkari.fi\/wp-content\/uploads\/2014\/11\/IMG_5793-300x90.jpg 300w, https:\/\/ala-talkkari.fi\/wp-content\/uploads\/2014\/11\/IMG_5793-600x180.jpg 600w, https:\/\/ala-talkkari.fi\/wp-content\/uploads\/2014\/11\/IMG_5793.jpg 991w\" sizes=\"auto, (max-width: 100px) 100vw, 100px\" \/><\/p>\n<p>&nbsp;<\/p>\n<p>Zus\u00e4tzlich haben wir den Veto BK Dualbeh\u00e4lterkessel.<\/p>\n","protected":false},"excerpt":{"rendered":"<p>VETO \u2013 Holzkessel von Ala-Talkkari Bei der Wahl eines Festbrennstoffkessels, sind Ala-Talkkaris VETO Abwindkessel (Holzkessel) eine au\u00dfergew\u00f6hnliche Wahl. Die VETO B-28 und B-40 sind Einzelbeh\u00e4lterabwindkessel. Diese Kessel sind mit einem Toplader-Vorratsbeh\u00e4lter ausgestattet, der bis zur Oberkante gef\u00fcllt werden kann. Aufgrund des Abwindprinzips, kann das Verbrennungsereignis sehr gut eingestellt werden. Die Kraftstoffe die in diesen Holzkessel [&hellip;]<\/p>\n","protected":false},"author":1,"featured_media":0,"parent":0,"menu_order":0,"comment_status":"closed","ping_status":"closed","template":"","meta":{"ngg_post_thumbnail":0,"footnotes":""},"class_list":["post-3867","page","type-page","status-publish","hentry"],"yoast_head":"<!-- This site is optimized with the Yoast SEO plugin v27.4 - https:\/\/yoast.com\/product\/yoast-seo-wordpress\/ -->\n<title>Holzscheitkessel - Veljekset Ala-Talkkari Oy<\/title>\n<meta name=\"robots\" content=\"index, follow, max-snippet:-1, max-image-preview:large, max-video-preview:-1\" \/>\n<link rel=\"canonical\" href=\"https:\/\/ala-talkkari.fi\/de\/holzscheitkessel\/\" \/>\n<meta property=\"og:locale\" content=\"de_DE\" \/>\n<meta property=\"og:type\" content=\"article\" \/>\n<meta property=\"og:title\" content=\"Holzscheitkessel - Veljekset Ala-Talkkari Oy\" \/>\n<meta property=\"og:description\" content=\"VETO \u2013 Holzkessel von Ala-Talkkari Bei der Wahl eines Festbrennstoffkessels, sind Ala-Talkkaris VETO Abwindkessel (Holzkessel) eine au\u00dfergew\u00f6hnliche Wahl. Die VETO B-28 und B-40 sind Einzelbeh\u00e4lterabwindkessel. Diese Kessel sind mit einem Toplader-Vorratsbeh\u00e4lter ausgestattet, der bis zur Oberkante gef\u00fcllt werden kann. Aufgrund des Abwindprinzips, kann das Verbrennungsereignis sehr gut eingestellt werden. Die Kraftstoffe die in diesen Holzkessel [&hellip;]\" \/>\n<meta property=\"og:url\" content=\"https:\/\/ala-talkkari.fi\/de\/holzscheitkessel\/\" \/>\n<meta property=\"og:site_name\" content=\"Veljekset Ala-Talkkari Oy\" \/>\n<meta property=\"article:publisher\" content=\"https:\/\/www.facebook.com\/alatalkkari\" \/>\n<meta property=\"article:modified_time\" content=\"2018-09-18T07:21:12+00:00\" \/>\n<meta property=\"og:image\" content=\"https:\/\/ala-talkkari.fi\/wp-content\/uploads\/2014\/11\/IMG_5793-300x90.jpg\" \/>\n<meta name=\"twitter:label1\" content=\"Gesch\u00e4tzte Lesezeit\" \/>\n\t<meta name=\"twitter:data1\" content=\"1\u00a0Minute\" \/>\n<script type=\"application\/ld+json\" class=\"yoast-schema-graph\">{\"@context\":\"https:\\\/\\\/schema.org\",\"@graph\":[{\"@type\":\"WebPage\",\"@id\":\"https:\\\/\\\/ala-talkkari.fi\\\/de\\\/holzscheitkessel\\\/\",\"url\":\"https:\\\/\\\/ala-talkkari.fi\\\/de\\\/holzscheitkessel\\\/\",\"name\":\"Holzscheitkessel - Veljekset Ala-Talkkari Oy\",\"isPartOf\":{\"@id\":\"https:\\\/\\\/ala-talkkari.fi\\\/de\\\/#website\"},\"primaryImageOfPage\":{\"@id\":\"https:\\\/\\\/ala-talkkari.fi\\\/de\\\/holzscheitkessel\\\/#primaryimage\"},\"image\":{\"@id\":\"https:\\\/\\\/ala-talkkari.fi\\\/de\\\/holzscheitkessel\\\/#primaryimage\"},\"thumbnailUrl\":\"https:\\\/\\\/ala-talkkari.fi\\\/wp-content\\\/uploads\\\/2014\\\/11\\\/IMG_5793-300x90.jpg\",\"datePublished\":\"2014-11-04T12:43:09+00:00\",\"dateModified\":\"2018-09-18T07:21:12+00:00\",\"breadcrumb\":{\"@id\":\"https:\\\/\\\/ala-talkkari.fi\\\/de\\\/holzscheitkessel\\\/#breadcrumb\"},\"inLanguage\":\"de\",\"potentialAction\":[{\"@type\":\"ReadAction\",\"target\":[\"https:\\\/\\\/ala-talkkari.fi\\\/de\\\/holzscheitkessel\\\/\"]}]},{\"@type\":\"ImageObject\",\"inLanguage\":\"de\",\"@id\":\"https:\\\/\\\/ala-talkkari.fi\\\/de\\\/holzscheitkessel\\\/#primaryimage\",\"url\":\"https:\\\/\\\/ala-talkkari.fi\\\/wp-content\\\/uploads\\\/2014\\\/11\\\/IMG_5793-300x90.jpg\",\"contentUrl\":\"https:\\\/\\\/ala-talkkari.fi\\\/wp-content\\\/uploads\\\/2014\\\/11\\\/IMG_5793-300x90.jpg\"},{\"@type\":\"BreadcrumbList\",\"@id\":\"https:\\\/\\\/ala-talkkari.fi\\\/de\\\/holzscheitkessel\\\/#breadcrumb\",\"itemListElement\":[{\"@type\":\"ListItem\",\"position\":1,\"name\":\"Home\",\"item\":\"https:\\\/\\\/ala-talkkari.fi\\\/de\\\/\"},{\"@type\":\"ListItem\",\"position\":2,\"name\":\"Holzscheitkessel\"}]},{\"@type\":\"WebSite\",\"@id\":\"https:\\\/\\\/ala-talkkari.fi\\\/de\\\/#website\",\"url\":\"https:\\\/\\\/ala-talkkari.fi\\\/de\\\/\",\"name\":\"Veljekset Ala-Talkkari Oy\",\"description\":\"Heizsysteme und Ger\u00e4te zur Landschaftspflege\",\"publisher\":{\"@id\":\"https:\\\/\\\/ala-talkkari.fi\\\/de\\\/#organization\"},\"potentialAction\":[{\"@type\":\"SearchAction\",\"target\":{\"@type\":\"EntryPoint\",\"urlTemplate\":\"https:\\\/\\\/ala-talkkari.fi\\\/de\\\/?s={search_term_string}\"},\"query-input\":{\"@type\":\"PropertyValueSpecification\",\"valueRequired\":true,\"valueName\":\"search_term_string\"}}],\"inLanguage\":\"de\"},{\"@type\":\"Organization\",\"@id\":\"https:\\\/\\\/ala-talkkari.fi\\\/de\\\/#organization\",\"name\":\"Veljekset Ala-Talkkari Oy\",\"url\":\"https:\\\/\\\/ala-talkkari.fi\\\/de\\\/\",\"logo\":{\"@type\":\"ImageObject\",\"inLanguage\":\"de\",\"@id\":\"https:\\\/\\\/ala-talkkari.fi\\\/de\\\/#\\\/schema\\\/logo\\\/image\\\/\",\"url\":\"https:\\\/\\\/ala-talkkari.fi\\\/wp-content\\\/uploads\\\/2020\\\/09\\\/lammitys-veto-ala-talkkari.png\",\"contentUrl\":\"https:\\\/\\\/ala-talkkari.fi\\\/wp-content\\\/uploads\\\/2020\\\/09\\\/lammitys-veto-ala-talkkari.png\",\"width\":751,\"height\":67,\"caption\":\"Veljekset Ala-Talkkari Oy\"},\"image\":{\"@id\":\"https:\\\/\\\/ala-talkkari.fi\\\/de\\\/#\\\/schema\\\/logo\\\/image\\\/\"},\"sameAs\":[\"https:\\\/\\\/www.facebook.com\\\/alatalkkari\",\"https:\\\/\\\/www.instagram.com\\\/veljeksetalatalkkarioy\\\/\",\"https:\\\/\\\/www.youtube.com\\\/c\\\/VeljeksetAlaTalkkariOy\"]}]}<\/script>\n<!-- \/ Yoast SEO plugin. -->","yoast_head_json":{"title":"Holzscheitkessel - Veljekset Ala-Talkkari Oy","robots":{"index":"index","follow":"follow","max-snippet":"max-snippet:-1","max-image-preview":"max-image-preview:large","max-video-preview":"max-video-preview:-1"},"canonical":"https:\/\/ala-talkkari.fi\/de\/holzscheitkessel\/","og_locale":"de_DE","og_type":"article","og_title":"Holzscheitkessel - Veljekset Ala-Talkkari Oy","og_description":"VETO \u2013 Holzkessel von Ala-Talkkari Bei der Wahl eines Festbrennstoffkessels, sind Ala-Talkkaris VETO Abwindkessel (Holzkessel) eine au\u00dfergew\u00f6hnliche Wahl. Die VETO B-28 und B-40 sind Einzelbeh\u00e4lterabwindkessel. Diese Kessel sind mit einem Toplader-Vorratsbeh\u00e4lter ausgestattet, der bis zur Oberkante gef\u00fcllt werden kann. Aufgrund des Abwindprinzips, kann das Verbrennungsereignis sehr gut eingestellt werden. Die Kraftstoffe die in diesen Holzkessel [&hellip;]","og_url":"https:\/\/ala-talkkari.fi\/de\/holzscheitkessel\/","og_site_name":"Veljekset Ala-Talkkari Oy","article_publisher":"https:\/\/www.facebook.com\/alatalkkari","article_modified_time":"2018-09-18T07:21:12+00:00","og_image":[{"url":"https:\/\/ala-talkkari.fi\/wp-content\/uploads\/2014\/11\/IMG_5793-300x90.jpg","type":"","width":"","height":""}],"twitter_misc":{"Gesch\u00e4tzte Lesezeit":"1\u00a0Minute"},"schema":{"@context":"https:\/\/schema.org","@graph":[{"@type":"WebPage","@id":"https:\/\/ala-talkkari.fi\/de\/holzscheitkessel\/","url":"https:\/\/ala-talkkari.fi\/de\/holzscheitkessel\/","name":"Holzscheitkessel - Veljekset Ala-Talkkari Oy","isPartOf":{"@id":"https:\/\/ala-talkkari.fi\/de\/#website"},"primaryImageOfPage":{"@id":"https:\/\/ala-talkkari.fi\/de\/holzscheitkessel\/#primaryimage"},"image":{"@id":"https:\/\/ala-talkkari.fi\/de\/holzscheitkessel\/#primaryimage"},"thumbnailUrl":"https:\/\/ala-talkkari.fi\/wp-content\/uploads\/2014\/11\/IMG_5793-300x90.jpg","datePublished":"2014-11-04T12:43:09+00:00","dateModified":"2018-09-18T07:21:12+00:00","breadcrumb":{"@id":"https:\/\/ala-talkkari.fi\/de\/holzscheitkessel\/#breadcrumb"},"inLanguage":"de","potentialAction":[{"@type":"ReadAction","target":["https:\/\/ala-talkkari.fi\/de\/holzscheitkessel\/"]}]},{"@type":"ImageObject","inLanguage":"de","@id":"https:\/\/ala-talkkari.fi\/de\/holzscheitkessel\/#primaryimage","url":"https:\/\/ala-talkkari.fi\/wp-content\/uploads\/2014\/11\/IMG_5793-300x90.jpg","contentUrl":"https:\/\/ala-talkkari.fi\/wp-content\/uploads\/2014\/11\/IMG_5793-300x90.jpg"},{"@type":"BreadcrumbList","@id":"https:\/\/ala-talkkari.fi\/de\/holzscheitkessel\/#breadcrumb","itemListElement":[{"@type":"ListItem","position":1,"name":"Home","item":"https:\/\/ala-talkkari.fi\/de\/"},{"@type":"ListItem","position":2,"name":"Holzscheitkessel"}]},{"@type":"WebSite","@id":"https:\/\/ala-talkkari.fi\/de\/#website","url":"https:\/\/ala-talkkari.fi\/de\/","name":"Veljekset Ala-Talkkari Oy","description":"Heizsysteme und Ger\u00e4te zur Landschaftspflege","publisher":{"@id":"https:\/\/ala-talkkari.fi\/de\/#organization"},"potentialAction":[{"@type":"SearchAction","target":{"@type":"EntryPoint","urlTemplate":"https:\/\/ala-talkkari.fi\/de\/?s={search_term_string}"},"query-input":{"@type":"PropertyValueSpecification","valueRequired":true,"valueName":"search_term_string"}}],"inLanguage":"de"},{"@type":"Organization","@id":"https:\/\/ala-talkkari.fi\/de\/#organization","name":"Veljekset Ala-Talkkari Oy","url":"https:\/\/ala-talkkari.fi\/de\/","logo":{"@type":"ImageObject","inLanguage":"de","@id":"https:\/\/ala-talkkari.fi\/de\/#\/schema\/logo\/image\/","url":"https:\/\/ala-talkkari.fi\/wp-content\/uploads\/2020\/09\/lammitys-veto-ala-talkkari.png","contentUrl":"https:\/\/ala-talkkari.fi\/wp-content\/uploads\/2020\/09\/lammitys-veto-ala-talkkari.png","width":751,"height":67,"caption":"Veljekset Ala-Talkkari Oy"},"image":{"@id":"https:\/\/ala-talkkari.fi\/de\/#\/schema\/logo\/image\/"},"sameAs":["https:\/\/www.facebook.com\/alatalkkari","https:\/\/www.instagram.com\/veljeksetalatalkkarioy\/","https:\/\/www.youtube.com\/c\/VeljeksetAlaTalkkariOy"]}]}},"_links":{"self":[{"href":"https:\/\/ala-talkkari.fi\/de\/wp-json\/wp\/v2\/pages\/3867","targetHints":{"allow":["GET"]}}],"collection":[{"href":"https:\/\/ala-talkkari.fi\/de\/wp-json\/wp\/v2\/pages"}],"about":[{"href":"https:\/\/ala-talkkari.fi\/de\/wp-json\/wp\/v2\/types\/page"}],"author":[{"embeddable":true,"href":"https:\/\/ala-talkkari.fi\/de\/wp-json\/wp\/v2\/users\/1"}],"replies":[{"embeddable":true,"href":"https:\/\/ala-talkkari.fi\/de\/wp-json\/wp\/v2\/comments?post=3867"}],"version-history":[{"count":6,"href":"https:\/\/ala-talkkari.fi\/de\/wp-json\/wp\/v2\/pages\/3867\/revisions"}],"predecessor-version":[{"id":4256,"href":"https:\/\/ala-talkkari.fi\/de\/wp-json\/wp\/v2\/pages\/3867\/revisions\/4256"}],"wp:attachment":[{"href":"https:\/\/ala-talkkari.fi\/de\/wp-json\/wp\/v2\/media?parent=3867"}],"curies":[{"name":"wp","href":"https:\/\/api.w.org\/{rel}","templated":true}]}}