{"id":3858,"date":"2016-05-26T10:56:54","date_gmt":"2016-05-26T07:56:54","guid":{"rendered":"http:\/\/ala-talkkari.fi\/de\/?page_id=3858"},"modified":"2020-09-11T09:55:34","modified_gmt":"2020-09-11T06:55:34","slug":"schaltzentrale","status":"publish","type":"page","link":"https:\/\/ala-talkkari.fi\/de\/schaltzentrale\/","title":{"rendered":"Schaltzentrale"},"content":{"rendered":"<h2><strong>Die folgenden Bedienfelder sind f\u00fcr VETO Heizungsger\u00e4te erh\u00e4ltlich:<\/strong><\/h2>\n<p>Die Veto Bedienfelder basieren auf programmierbaren Siemens Logiken und Komponenten. Die Kapazit\u00e4t des Brennerger\u00e4ts wird durch die Temperatur des Kesselwassers eingestellt. Die Veto Bedienfelder halten den Brenner im Bereich des besten Wirkungsgrades.<\/p>\n<p><strong>AT Log 1 tai AT Log 2<\/strong><\/p>\n<p><img loading=\"lazy\" decoding=\"async\" class=\"alignnone wp-image-3860\" src=\"https:\/\/ala-talkkari.fi\/wp-content\/uploads\/2016\/05\/AT-Log.jpg\" alt=\"AT Log ohjauskeskus (Ala-Talkkari)\" width=\"350\" height=\"451\" srcset=\"https:\/\/ala-talkkari.fi\/wp-content\/uploads\/2016\/05\/AT-Log.jpg 650w, https:\/\/ala-talkkari.fi\/wp-content\/uploads\/2016\/05\/AT-Log-233x300.jpg 233w, https:\/\/ala-talkkari.fi\/wp-content\/uploads\/2016\/05\/AT-Log-600x774.jpg 600w\" sizes=\"auto, (max-width: 350px) 100vw, 350px\" \/><\/p>\n<p><strong>Veto Greenline M<\/strong><\/p>\n<p><img loading=\"lazy\" decoding=\"async\" class=\"alignnone wp-image-7346\" src=\"https:\/\/ala-talkkari.fi\/wp-content\/uploads\/2019\/08\/hakelammitys-ohjauskeskus.jpg\" alt=\"\" width=\"500\" height=\"653\"><\/p>\n<p><strong>Veto Greenline XL<\/strong><\/p>\n<p><img loading=\"lazy\" decoding=\"async\" class=\"alignnone wp-image-7353\" src=\"https:\/\/ala-talkkari.fi\/wp-content\/uploads\/2019\/08\/stokerin-ohjaus.jpg\" alt=\"\" width=\"500\" height=\"527\"><\/p>\n<p><strong>Veto Control XL<\/strong><\/p>\n<div id=\"attachment_7862\" style=\"width: 693px\" class=\"wp-caption alignnone\"><img loading=\"lazy\" decoding=\"async\" aria-describedby=\"caption-attachment-7862\" class=\"wp-image-7862 size-full\" src=\"https:\/\/ala-talkkari.fi\/wp-content\/uploads\/2020\/06\/veto-control-xl.jpg\" alt=\"control centre\" width=\"683\" height=\"1024\" srcset=\"https:\/\/ala-talkkari.fi\/wp-content\/uploads\/2020\/06\/veto-control-xl.jpg 683w, https:\/\/ala-talkkari.fi\/wp-content\/uploads\/2020\/06\/veto-control-xl-200x300.jpg 200w, https:\/\/ala-talkkari.fi\/wp-content\/uploads\/2020\/06\/veto-control-xl-600x900.jpg 600w\" sizes=\"auto, (max-width: 683px) 100vw, 683px\" \/><p id=\"caption-attachment-7862\" class=\"wp-caption-text\">&nbsp;<\/p><\/div>\n<p><img loading=\"lazy\" decoding=\"async\" class=\"alignnone wp-image-7867\" src=\"https:\/\/ala-talkkari.fi\/wp-content\/uploads\/2020\/06\/veto-control-xl_paneeli.jpg\" alt=\"ohjauskeskus paneeli\" width=\"685\" height=\"457\" srcset=\"https:\/\/ala-talkkari.fi\/wp-content\/uploads\/2020\/06\/veto-control-xl_paneeli.jpg 1024w, https:\/\/ala-talkkari.fi\/wp-content\/uploads\/2020\/06\/veto-control-xl_paneeli-300x200.jpg 300w, https:\/\/ala-talkkari.fi\/wp-content\/uploads\/2020\/06\/veto-control-xl_paneeli-768x512.jpg 768w, https:\/\/ala-talkkari.fi\/wp-content\/uploads\/2020\/06\/veto-control-xl_paneeli-600x400.jpg 600w\" sizes=\"auto, (max-width: 685px) 100vw, 685px\" \/><\/p>\n<p><strong>Kuivurikeskus Veto Control M Air<\/strong><\/p>\n<p><img loading=\"lazy\" decoding=\"async\" class=\"alignnone wp-image-7872\" src=\"https:\/\/ala-talkkari.fi\/wp-content\/uploads\/2020\/06\/viljan-kuivaaminen-kuivaaja-ohjaus.jpg\" alt=\"kuivaaja ohjaus\" width=\"700\" height=\"467\"><\/p>\n<p><strong>Kuivurikeskus Veto Control XL Air<\/strong><\/p>\n<p>&nbsp;<\/p>\n<p>&nbsp;<\/p>\n","protected":false},"excerpt":{"rendered":"<p>Die folgenden Bedienfelder sind f\u00fcr VETO Heizungsger\u00e4te erh\u00e4ltlich: Die Veto Bedienfelder basieren auf programmierbaren Siemens Logiken und Komponenten. Die Kapazit\u00e4t des Brennerger\u00e4ts wird durch die Temperatur des Kesselwassers eingestellt. Die Veto Bedienfelder halten den Brenner im Bereich des besten Wirkungsgrades. AT Log 1 tai AT Log 2 Veto Greenline M Veto Greenline XL Veto Control [&hellip;]<\/p>\n","protected":false},"author":1,"featured_media":0,"parent":0,"menu_order":0,"comment_status":"closed","ping_status":"closed","template":"","meta":{"ngg_post_thumbnail":0,"footnotes":""},"class_list":["post-3858","page","type-page","status-publish","hentry"],"yoast_head":"<!-- This site is optimized with the Yoast SEO plugin v27.4 - https:\/\/yoast.com\/product\/yoast-seo-wordpress\/ -->\n<title>Schaltzentrale - Veljekset Ala-Talkkari Oy<\/title>\n<meta name=\"robots\" content=\"index, follow, max-snippet:-1, max-image-preview:large, max-video-preview:-1\" \/>\n<link rel=\"canonical\" href=\"https:\/\/ala-talkkari.fi\/de\/schaltzentrale\/\" \/>\n<meta property=\"og:locale\" content=\"de_DE\" \/>\n<meta property=\"og:type\" content=\"article\" \/>\n<meta property=\"og:title\" content=\"Schaltzentrale - Veljekset Ala-Talkkari Oy\" \/>\n<meta property=\"og:description\" content=\"Die folgenden Bedienfelder sind f\u00fcr VETO Heizungsger\u00e4te erh\u00e4ltlich: Die Veto Bedienfelder basieren auf programmierbaren Siemens Logiken und Komponenten. Die Kapazit\u00e4t des Brennerger\u00e4ts wird durch die Temperatur des Kesselwassers eingestellt. Die Veto Bedienfelder halten den Brenner im Bereich des besten Wirkungsgrades. AT Log 1 tai AT Log 2 Veto Greenline M Veto Greenline XL Veto Control [&hellip;]\" \/>\n<meta property=\"og:url\" content=\"https:\/\/ala-talkkari.fi\/de\/schaltzentrale\/\" \/>\n<meta property=\"og:site_name\" content=\"Veljekset Ala-Talkkari Oy\" \/>\n<meta property=\"article:publisher\" content=\"https:\/\/www.facebook.com\/alatalkkari\" \/>\n<meta property=\"article:modified_time\" content=\"2020-09-11T06:55:34+00:00\" \/>\n<meta property=\"og:image\" content=\"https:\/\/ala-talkkari.fi\/wp-content\/uploads\/2016\/05\/AT-Log.jpg\" \/>\n<script type=\"application\/ld+json\" class=\"yoast-schema-graph\">{\"@context\":\"https:\\\/\\\/schema.org\",\"@graph\":[{\"@type\":\"WebPage\",\"@id\":\"https:\\\/\\\/ala-talkkari.fi\\\/de\\\/schaltzentrale\\\/\",\"url\":\"https:\\\/\\\/ala-talkkari.fi\\\/de\\\/schaltzentrale\\\/\",\"name\":\"Schaltzentrale - Veljekset Ala-Talkkari Oy\",\"isPartOf\":{\"@id\":\"https:\\\/\\\/ala-talkkari.fi\\\/de\\\/#website\"},\"primaryImageOfPage\":{\"@id\":\"https:\\\/\\\/ala-talkkari.fi\\\/de\\\/schaltzentrale\\\/#primaryimage\"},\"image\":{\"@id\":\"https:\\\/\\\/ala-talkkari.fi\\\/de\\\/schaltzentrale\\\/#primaryimage\"},\"thumbnailUrl\":\"https:\\\/\\\/ala-talkkari.fi\\\/wp-content\\\/uploads\\\/2016\\\/05\\\/AT-Log.jpg\",\"datePublished\":\"2016-05-26T07:56:54+00:00\",\"dateModified\":\"2020-09-11T06:55:34+00:00\",\"breadcrumb\":{\"@id\":\"https:\\\/\\\/ala-talkkari.fi\\\/de\\\/schaltzentrale\\\/#breadcrumb\"},\"inLanguage\":\"de\",\"potentialAction\":[{\"@type\":\"ReadAction\",\"target\":[\"https:\\\/\\\/ala-talkkari.fi\\\/de\\\/schaltzentrale\\\/\"]}]},{\"@type\":\"ImageObject\",\"inLanguage\":\"de\",\"@id\":\"https:\\\/\\\/ala-talkkari.fi\\\/de\\\/schaltzentrale\\\/#primaryimage\",\"url\":\"https:\\\/\\\/ala-talkkari.fi\\\/wp-content\\\/uploads\\\/2016\\\/05\\\/AT-Log.jpg\",\"contentUrl\":\"https:\\\/\\\/ala-talkkari.fi\\\/wp-content\\\/uploads\\\/2016\\\/05\\\/AT-Log.jpg\"},{\"@type\":\"BreadcrumbList\",\"@id\":\"https:\\\/\\\/ala-talkkari.fi\\\/de\\\/schaltzentrale\\\/#breadcrumb\",\"itemListElement\":[{\"@type\":\"ListItem\",\"position\":1,\"name\":\"Home\",\"item\":\"https:\\\/\\\/ala-talkkari.fi\\\/de\\\/\"},{\"@type\":\"ListItem\",\"position\":2,\"name\":\"Schaltzentrale\"}]},{\"@type\":\"WebSite\",\"@id\":\"https:\\\/\\\/ala-talkkari.fi\\\/de\\\/#website\",\"url\":\"https:\\\/\\\/ala-talkkari.fi\\\/de\\\/\",\"name\":\"Veljekset Ala-Talkkari Oy\",\"description\":\"Heizsysteme und Ger\u00e4te zur Landschaftspflege\",\"publisher\":{\"@id\":\"https:\\\/\\\/ala-talkkari.fi\\\/de\\\/#organization\"},\"potentialAction\":[{\"@type\":\"SearchAction\",\"target\":{\"@type\":\"EntryPoint\",\"urlTemplate\":\"https:\\\/\\\/ala-talkkari.fi\\\/de\\\/?s={search_term_string}\"},\"query-input\":{\"@type\":\"PropertyValueSpecification\",\"valueRequired\":true,\"valueName\":\"search_term_string\"}}],\"inLanguage\":\"de\"},{\"@type\":\"Organization\",\"@id\":\"https:\\\/\\\/ala-talkkari.fi\\\/de\\\/#organization\",\"name\":\"Veljekset Ala-Talkkari Oy\",\"url\":\"https:\\\/\\\/ala-talkkari.fi\\\/de\\\/\",\"logo\":{\"@type\":\"ImageObject\",\"inLanguage\":\"de\",\"@id\":\"https:\\\/\\\/ala-talkkari.fi\\\/de\\\/#\\\/schema\\\/logo\\\/image\\\/\",\"url\":\"https:\\\/\\\/ala-talkkari.fi\\\/wp-content\\\/uploads\\\/2020\\\/09\\\/lammitys-veto-ala-talkkari.png\",\"contentUrl\":\"https:\\\/\\\/ala-talkkari.fi\\\/wp-content\\\/uploads\\\/2020\\\/09\\\/lammitys-veto-ala-talkkari.png\",\"width\":751,\"height\":67,\"caption\":\"Veljekset Ala-Talkkari Oy\"},\"image\":{\"@id\":\"https:\\\/\\\/ala-talkkari.fi\\\/de\\\/#\\\/schema\\\/logo\\\/image\\\/\"},\"sameAs\":[\"https:\\\/\\\/www.facebook.com\\\/alatalkkari\",\"https:\\\/\\\/www.instagram.com\\\/veljeksetalatalkkarioy\\\/\",\"https:\\\/\\\/www.youtube.com\\\/c\\\/VeljeksetAlaTalkkariOy\"]}]}<\/script>\n<!-- \/ Yoast SEO plugin. -->","yoast_head_json":{"title":"Schaltzentrale - Veljekset Ala-Talkkari Oy","robots":{"index":"index","follow":"follow","max-snippet":"max-snippet:-1","max-image-preview":"max-image-preview:large","max-video-preview":"max-video-preview:-1"},"canonical":"https:\/\/ala-talkkari.fi\/de\/schaltzentrale\/","og_locale":"de_DE","og_type":"article","og_title":"Schaltzentrale - Veljekset Ala-Talkkari Oy","og_description":"Die folgenden Bedienfelder sind f\u00fcr VETO Heizungsger\u00e4te erh\u00e4ltlich: Die Veto Bedienfelder basieren auf programmierbaren Siemens Logiken und Komponenten. Die Kapazit\u00e4t des Brennerger\u00e4ts wird durch die Temperatur des Kesselwassers eingestellt. Die Veto Bedienfelder halten den Brenner im Bereich des besten Wirkungsgrades. AT Log 1 tai AT Log 2 Veto Greenline M Veto Greenline XL Veto Control [&hellip;]","og_url":"https:\/\/ala-talkkari.fi\/de\/schaltzentrale\/","og_site_name":"Veljekset Ala-Talkkari Oy","article_publisher":"https:\/\/www.facebook.com\/alatalkkari","article_modified_time":"2020-09-11T06:55:34+00:00","og_image":[{"url":"https:\/\/ala-talkkari.fi\/wp-content\/uploads\/2016\/05\/AT-Log.jpg","type":"","width":"","height":""}],"schema":{"@context":"https:\/\/schema.org","@graph":[{"@type":"WebPage","@id":"https:\/\/ala-talkkari.fi\/de\/schaltzentrale\/","url":"https:\/\/ala-talkkari.fi\/de\/schaltzentrale\/","name":"Schaltzentrale - Veljekset Ala-Talkkari Oy","isPartOf":{"@id":"https:\/\/ala-talkkari.fi\/de\/#website"},"primaryImageOfPage":{"@id":"https:\/\/ala-talkkari.fi\/de\/schaltzentrale\/#primaryimage"},"image":{"@id":"https:\/\/ala-talkkari.fi\/de\/schaltzentrale\/#primaryimage"},"thumbnailUrl":"https:\/\/ala-talkkari.fi\/wp-content\/uploads\/2016\/05\/AT-Log.jpg","datePublished":"2016-05-26T07:56:54+00:00","dateModified":"2020-09-11T06:55:34+00:00","breadcrumb":{"@id":"https:\/\/ala-talkkari.fi\/de\/schaltzentrale\/#breadcrumb"},"inLanguage":"de","potentialAction":[{"@type":"ReadAction","target":["https:\/\/ala-talkkari.fi\/de\/schaltzentrale\/"]}]},{"@type":"ImageObject","inLanguage":"de","@id":"https:\/\/ala-talkkari.fi\/de\/schaltzentrale\/#primaryimage","url":"https:\/\/ala-talkkari.fi\/wp-content\/uploads\/2016\/05\/AT-Log.jpg","contentUrl":"https:\/\/ala-talkkari.fi\/wp-content\/uploads\/2016\/05\/AT-Log.jpg"},{"@type":"BreadcrumbList","@id":"https:\/\/ala-talkkari.fi\/de\/schaltzentrale\/#breadcrumb","itemListElement":[{"@type":"ListItem","position":1,"name":"Home","item":"https:\/\/ala-talkkari.fi\/de\/"},{"@type":"ListItem","position":2,"name":"Schaltzentrale"}]},{"@type":"WebSite","@id":"https:\/\/ala-talkkari.fi\/de\/#website","url":"https:\/\/ala-talkkari.fi\/de\/","name":"Veljekset Ala-Talkkari Oy","description":"Heizsysteme und Ger\u00e4te zur Landschaftspflege","publisher":{"@id":"https:\/\/ala-talkkari.fi\/de\/#organization"},"potentialAction":[{"@type":"SearchAction","target":{"@type":"EntryPoint","urlTemplate":"https:\/\/ala-talkkari.fi\/de\/?s={search_term_string}"},"query-input":{"@type":"PropertyValueSpecification","valueRequired":true,"valueName":"search_term_string"}}],"inLanguage":"de"},{"@type":"Organization","@id":"https:\/\/ala-talkkari.fi\/de\/#organization","name":"Veljekset Ala-Talkkari Oy","url":"https:\/\/ala-talkkari.fi\/de\/","logo":{"@type":"ImageObject","inLanguage":"de","@id":"https:\/\/ala-talkkari.fi\/de\/#\/schema\/logo\/image\/","url":"https:\/\/ala-talkkari.fi\/wp-content\/uploads\/2020\/09\/lammitys-veto-ala-talkkari.png","contentUrl":"https:\/\/ala-talkkari.fi\/wp-content\/uploads\/2020\/09\/lammitys-veto-ala-talkkari.png","width":751,"height":67,"caption":"Veljekset Ala-Talkkari Oy"},"image":{"@id":"https:\/\/ala-talkkari.fi\/de\/#\/schema\/logo\/image\/"},"sameAs":["https:\/\/www.facebook.com\/alatalkkari","https:\/\/www.instagram.com\/veljeksetalatalkkarioy\/","https:\/\/www.youtube.com\/c\/VeljeksetAlaTalkkariOy"]}]}},"_links":{"self":[{"href":"https:\/\/ala-talkkari.fi\/de\/wp-json\/wp\/v2\/pages\/3858","targetHints":{"allow":["GET"]}}],"collection":[{"href":"https:\/\/ala-talkkari.fi\/de\/wp-json\/wp\/v2\/pages"}],"about":[{"href":"https:\/\/ala-talkkari.fi\/de\/wp-json\/wp\/v2\/types\/page"}],"author":[{"embeddable":true,"href":"https:\/\/ala-talkkari.fi\/de\/wp-json\/wp\/v2\/users\/1"}],"replies":[{"embeddable":true,"href":"https:\/\/ala-talkkari.fi\/de\/wp-json\/wp\/v2\/comments?post=3858"}],"version-history":[{"count":15,"href":"https:\/\/ala-talkkari.fi\/de\/wp-json\/wp\/v2\/pages\/3858\/revisions"}],"predecessor-version":[{"id":8072,"href":"https:\/\/ala-talkkari.fi\/de\/wp-json\/wp\/v2\/pages\/3858\/revisions\/8072"}],"wp:attachment":[{"href":"https:\/\/ala-talkkari.fi\/de\/wp-json\/wp\/v2\/media?parent=3858"}],"curies":[{"name":"wp","href":"https:\/\/api.w.org\/{rel}","templated":true}]}}