{"id":3849,"date":"2014-11-19T14:50:50","date_gmt":"2014-11-19T12:50:50","guid":{"rendered":"http:\/\/ala-talkkari.fi\/de\/?page_id=3849"},"modified":"2021-09-13T08:29:22","modified_gmt":"2021-09-13T05:29:22","slug":"nordtec-querschneckenfraesen","status":"publish","type":"page","link":"https:\/\/ala-talkkari.fi\/de\/nordtec-querschneckenfraesen\/","title":{"rendered":"Nordtec-Querschneckenfr\u00e4sen"},"content":{"rendered":"<h2>Schneefr\u00e4sen, Nordtec-Querschneckenfr\u00e4sen von AlaTalkkari<\/h2>\n<p><img loading=\"lazy\" decoding=\"async\" class=\"alignnone wp-image-9070\" src=\"https:\/\/ala-talkkari.fi\/wp-content\/uploads\/2021\/09\/Avainlippu-TehtySuomMadeIn_Sin_rgb.png\" alt=\"\" width=\"153\" height=\"125\" srcset=\"https:\/\/ala-talkkari.fi\/wp-content\/uploads\/2021\/09\/Avainlippu-TehtySuomMadeIn_Sin_rgb.png 2167w, https:\/\/ala-talkkari.fi\/wp-content\/uploads\/2021\/09\/Avainlippu-TehtySuomMadeIn_Sin_rgb-300x245.png 300w, https:\/\/ala-talkkari.fi\/wp-content\/uploads\/2021\/09\/Avainlippu-TehtySuomMadeIn_Sin_rgb-1024x837.png 1024w, https:\/\/ala-talkkari.fi\/wp-content\/uploads\/2021\/09\/Avainlippu-TehtySuomMadeIn_Sin_rgb-768x628.png 768w, https:\/\/ala-talkkari.fi\/wp-content\/uploads\/2021\/09\/Avainlippu-TehtySuomMadeIn_Sin_rgb-1536x1256.png 1536w, https:\/\/ala-talkkari.fi\/wp-content\/uploads\/2021\/09\/Avainlippu-TehtySuomMadeIn_Sin_rgb-2048x1675.png 2048w, https:\/\/ala-talkkari.fi\/wp-content\/uploads\/2021\/09\/Avainlippu-TehtySuomMadeIn_Sin_rgb-600x491.png 600w\" sizes=\"auto, (max-width: 153px) 100vw, 153px\" \/><\/p>\n<p><strong>ATF-226 3G<br \/>\n<\/strong><\/p>\n<p><img loading=\"lazy\" decoding=\"async\" class=\"alignnone size-full wp-image-7028\" src=\"https:\/\/ala-talkkari.fi\/wp-content\/uploads\/2019\/06\/tractor-snow-blower.jpg\" alt=\"Lumilinko ATF 226 3G\" width=\"1024\" height=\"768\"><\/p>\n<div style=\"background-color: #dfdfdf;\">\n<div style=\"padding: 10px;\">[accordions id=&#8217;6902&#8242;]<\/p>\n<p><strong>Bilder von der Schneefr\u00e4se ATF 226 3G:<\/strong><\/p>\n<p><!-- default-view.php -->\n<div\n\tclass=\"ngg-galleryoverview default-view\n\t ngg-ajax-pagination-none\t\"\n\tid=\"ngg-gallery-13c78652279e5ff881414b7029d88cc3-1\"\n\tdata-gallery-id=\"28\">\n\n\t\t<!-- Thumbnails -->\n\t\t\t\t<div id=\"ngg-image-0\" class=\"ngg-gallery-thumbnail-box\n\t\t\t\t\t\t\t\t\t\t\t\"\n\t\t\t>\n\t\t\t\t\t\t<div class=\"ngg-gallery-thumbnail\">\n\t\t\t<a href=\"https:\/\/ala-talkkari.fi\/wp-content\/gallery\/atf-226\/IMG_5024.JPG\"\n\t\t\t\ttitle=\"\"\n\t\t\t\tdata-src=\"https:\/\/ala-talkkari.fi\/wp-content\/gallery\/atf-226\/IMG_5024.JPG\"\n\t\t\t\tdata-thumbnail=\"https:\/\/ala-talkkari.fi\/wp-content\/gallery\/atf-226\/thumbs\/thumbs_IMG_5024.JPG\"\n\t\t\t\tdata-image-id=\"524\"\n\t\t\t\tdata-title=\"Nordtec-lumilinko\"\n\t\t\t\tdata-description=\"\"\n\t\t\t\tdata-image-slug=\"img_5024\"\n\t\t\t\t\t\t\t\t\t\t\t\t\t\t\t\t\t\t\t\tclass='nextgen_pro_lightbox' data-nplmodal-gallery-id='13c78652279e5ff881414b7029d88cc3'>\n\t\t\t\t\t\t\t\t<img\n\t\t\t\t\ttitle=\"Nordtec-lumilinko\"\n\t\t\t\t\talt=\"Nordtec-lumilinko\"\n\t\t\t\t\tsrc=\"https:\/\/ala-talkkari.fi\/wp-content\/gallery\/atf-226\/thumbs\/thumbs_IMG_5024.JPG\"\n\t\t\t\t\twidth=\"120\"\n\t\t\t\t\theight=\"90\"\n\t\t\t\t\tstyle=\"max-width:100%;\"\n\t\t\t\t\/>\n\t\t\t<\/a>\n\t\t<\/div>\n\t\t\t\t\t\t\t<\/div>\n\t\t\t\n\t\t\t\t<div id=\"ngg-image-1\" class=\"ngg-gallery-thumbnail-box\n\t\t\t\t\t\t\t\t\t\t\t\"\n\t\t\t>\n\t\t\t\t\t\t<div class=\"ngg-gallery-thumbnail\">\n\t\t\t<a href=\"https:\/\/ala-talkkari.fi\/wp-content\/gallery\/atf-226\/IMG_5029.JPG\"\n\t\t\t\ttitle=\"\"\n\t\t\t\tdata-src=\"https:\/\/ala-talkkari.fi\/wp-content\/gallery\/atf-226\/IMG_5029.JPG\"\n\t\t\t\tdata-thumbnail=\"https:\/\/ala-talkkari.fi\/wp-content\/gallery\/atf-226\/thumbs\/thumbs_IMG_5029.JPG\"\n\t\t\t\tdata-image-id=\"525\"\n\t\t\t\tdata-title=\"IMG_5029\"\n\t\t\t\tdata-description=\"\"\n\t\t\t\tdata-image-slug=\"img_5029\"\n\t\t\t\t\t\t\t\t\t\t\t\t\t\t\t\t\t\t\t\tclass='nextgen_pro_lightbox' data-nplmodal-gallery-id='13c78652279e5ff881414b7029d88cc3'>\n\t\t\t\t\t\t\t\t<img\n\t\t\t\t\ttitle=\"IMG_5029\"\n\t\t\t\t\talt=\"IMG_5029\"\n\t\t\t\t\tsrc=\"https:\/\/ala-talkkari.fi\/wp-content\/gallery\/atf-226\/thumbs\/thumbs_IMG_5029.JPG\"\n\t\t\t\t\twidth=\"120\"\n\t\t\t\t\theight=\"90\"\n\t\t\t\t\tstyle=\"max-width:100%;\"\n\t\t\t\t\/>\n\t\t\t<\/a>\n\t\t<\/div>\n\t\t\t\t\t\t\t<\/div>\n\t\t\t\n\t\t\t\t<div id=\"ngg-image-2\" class=\"ngg-gallery-thumbnail-box\n\t\t\t\t\t\t\t\t\t\t\t\"\n\t\t\t>\n\t\t\t\t\t\t<div class=\"ngg-gallery-thumbnail\">\n\t\t\t<a href=\"https:\/\/ala-talkkari.fi\/wp-content\/gallery\/atf-226\/IMG_5032.JPG\"\n\t\t\t\ttitle=\"\"\n\t\t\t\tdata-src=\"https:\/\/ala-talkkari.fi\/wp-content\/gallery\/atf-226\/IMG_5032.JPG\"\n\t\t\t\tdata-thumbnail=\"https:\/\/ala-talkkari.fi\/wp-content\/gallery\/atf-226\/thumbs\/thumbs_IMG_5032.JPG\"\n\t\t\t\tdata-image-id=\"526\"\n\t\t\t\tdata-title=\"IMG_5032\"\n\t\t\t\tdata-description=\"\"\n\t\t\t\tdata-image-slug=\"img_5032\"\n\t\t\t\t\t\t\t\t\t\t\t\t\t\t\t\t\t\t\t\tclass='nextgen_pro_lightbox' data-nplmodal-gallery-id='13c78652279e5ff881414b7029d88cc3'>\n\t\t\t\t\t\t\t\t<img\n\t\t\t\t\ttitle=\"IMG_5032\"\n\t\t\t\t\talt=\"IMG_5032\"\n\t\t\t\t\tsrc=\"https:\/\/ala-talkkari.fi\/wp-content\/gallery\/atf-226\/thumbs\/thumbs_IMG_5032.JPG\"\n\t\t\t\t\twidth=\"120\"\n\t\t\t\t\theight=\"90\"\n\t\t\t\t\tstyle=\"max-width:100%;\"\n\t\t\t\t\/>\n\t\t\t<\/a>\n\t\t<\/div>\n\t\t\t\t\t\t\t<\/div>\n\t\t\t\n\t\t\t\t<div id=\"ngg-image-3\" class=\"ngg-gallery-thumbnail-box\n\t\t\t\t\t\t\t\t\t\t\t\"\n\t\t\t>\n\t\t\t\t\t\t<div class=\"ngg-gallery-thumbnail\">\n\t\t\t<a href=\"https:\/\/ala-talkkari.fi\/wp-content\/gallery\/atf-226\/IMG_5034.JPG\"\n\t\t\t\ttitle=\"\"\n\t\t\t\tdata-src=\"https:\/\/ala-talkkari.fi\/wp-content\/gallery\/atf-226\/IMG_5034.JPG\"\n\t\t\t\tdata-thumbnail=\"https:\/\/ala-talkkari.fi\/wp-content\/gallery\/atf-226\/thumbs\/thumbs_IMG_5034.JPG\"\n\t\t\t\tdata-image-id=\"527\"\n\t\t\t\tdata-title=\"IMG_5034\"\n\t\t\t\tdata-description=\"\"\n\t\t\t\tdata-image-slug=\"img_5034\"\n\t\t\t\t\t\t\t\t\t\t\t\t\t\t\t\t\t\t\t\tclass='nextgen_pro_lightbox' data-nplmodal-gallery-id='13c78652279e5ff881414b7029d88cc3'>\n\t\t\t\t\t\t\t\t<img\n\t\t\t\t\ttitle=\"IMG_5034\"\n\t\t\t\t\talt=\"IMG_5034\"\n\t\t\t\t\tsrc=\"https:\/\/ala-talkkari.fi\/wp-content\/gallery\/atf-226\/thumbs\/thumbs_IMG_5034.JPG\"\n\t\t\t\t\twidth=\"120\"\n\t\t\t\t\theight=\"90\"\n\t\t\t\t\tstyle=\"max-width:100%;\"\n\t\t\t\t\/>\n\t\t\t<\/a>\n\t\t<\/div>\n\t\t\t\t\t\t\t<\/div>\n\t\t\t\n\t\t\t\t<div id=\"ngg-image-4\" class=\"ngg-gallery-thumbnail-box\n\t\t\t\t\t\t\t\t\t\t\t\"\n\t\t\t>\n\t\t\t\t\t\t<div class=\"ngg-gallery-thumbnail\">\n\t\t\t<a href=\"https:\/\/ala-talkkari.fi\/wp-content\/gallery\/atf-226\/IMG_5040.JPG\"\n\t\t\t\ttitle=\"\"\n\t\t\t\tdata-src=\"https:\/\/ala-talkkari.fi\/wp-content\/gallery\/atf-226\/IMG_5040.JPG\"\n\t\t\t\tdata-thumbnail=\"https:\/\/ala-talkkari.fi\/wp-content\/gallery\/atf-226\/thumbs\/thumbs_IMG_5040.JPG\"\n\t\t\t\tdata-image-id=\"528\"\n\t\t\t\tdata-title=\"IMG_5040\"\n\t\t\t\tdata-description=\"\"\n\t\t\t\tdata-image-slug=\"img_5040\"\n\t\t\t\t\t\t\t\t\t\t\t\t\t\t\t\t\t\t\t\tclass='nextgen_pro_lightbox' data-nplmodal-gallery-id='13c78652279e5ff881414b7029d88cc3'>\n\t\t\t\t\t\t\t\t<img\n\t\t\t\t\ttitle=\"IMG_5040\"\n\t\t\t\t\talt=\"IMG_5040\"\n\t\t\t\t\tsrc=\"https:\/\/ala-talkkari.fi\/wp-content\/gallery\/atf-226\/thumbs\/thumbs_IMG_5040.JPG\"\n\t\t\t\t\twidth=\"120\"\n\t\t\t\t\theight=\"90\"\n\t\t\t\t\tstyle=\"max-width:100%;\"\n\t\t\t\t\/>\n\t\t\t<\/a>\n\t\t<\/div>\n\t\t\t\t\t\t\t<\/div>\n\t\t\t\n\t\t\t\t<div id=\"ngg-image-5\" class=\"ngg-gallery-thumbnail-box\n\t\t\t\t\t\t\t\t\t\t\t\"\n\t\t\t>\n\t\t\t\t\t\t<div class=\"ngg-gallery-thumbnail\">\n\t\t\t<a href=\"https:\/\/ala-talkkari.fi\/wp-content\/gallery\/atf-226\/IMG_5043.JPG\"\n\t\t\t\ttitle=\"\"\n\t\t\t\tdata-src=\"https:\/\/ala-talkkari.fi\/wp-content\/gallery\/atf-226\/IMG_5043.JPG\"\n\t\t\t\tdata-thumbnail=\"https:\/\/ala-talkkari.fi\/wp-content\/gallery\/atf-226\/thumbs\/thumbs_IMG_5043.JPG\"\n\t\t\t\tdata-image-id=\"529\"\n\t\t\t\tdata-title=\"IMG_5043\"\n\t\t\t\tdata-description=\"\"\n\t\t\t\tdata-image-slug=\"img_5043\"\n\t\t\t\t\t\t\t\t\t\t\t\t\t\t\t\t\t\t\t\tclass='nextgen_pro_lightbox' data-nplmodal-gallery-id='13c78652279e5ff881414b7029d88cc3'>\n\t\t\t\t\t\t\t\t<img\n\t\t\t\t\ttitle=\"IMG_5043\"\n\t\t\t\t\talt=\"IMG_5043\"\n\t\t\t\t\tsrc=\"https:\/\/ala-talkkari.fi\/wp-content\/gallery\/atf-226\/thumbs\/thumbs_IMG_5043.JPG\"\n\t\t\t\t\twidth=\"120\"\n\t\t\t\t\theight=\"90\"\n\t\t\t\t\tstyle=\"max-width:100%;\"\n\t\t\t\t\/>\n\t\t\t<\/a>\n\t\t<\/div>\n\t\t\t\t\t\t\t<\/div>\n\t\t\t\n\t\t\t\t<div id=\"ngg-image-6\" class=\"ngg-gallery-thumbnail-box\n\t\t\t\t\t\t\t\t\t\t\t\"\n\t\t\t>\n\t\t\t\t\t\t<div class=\"ngg-gallery-thumbnail\">\n\t\t\t<a href=\"https:\/\/ala-talkkari.fi\/wp-content\/gallery\/atf-226\/IMG_5049.JPG\"\n\t\t\t\ttitle=\"\"\n\t\t\t\tdata-src=\"https:\/\/ala-talkkari.fi\/wp-content\/gallery\/atf-226\/IMG_5049.JPG\"\n\t\t\t\tdata-thumbnail=\"https:\/\/ala-talkkari.fi\/wp-content\/gallery\/atf-226\/thumbs\/thumbs_IMG_5049.JPG\"\n\t\t\t\tdata-image-id=\"530\"\n\t\t\t\tdata-title=\"IMG_5049\"\n\t\t\t\tdata-description=\"\"\n\t\t\t\tdata-image-slug=\"img_5049\"\n\t\t\t\t\t\t\t\t\t\t\t\t\t\t\t\t\t\t\t\tclass='nextgen_pro_lightbox' data-nplmodal-gallery-id='13c78652279e5ff881414b7029d88cc3'>\n\t\t\t\t\t\t\t\t<img\n\t\t\t\t\ttitle=\"IMG_5049\"\n\t\t\t\t\talt=\"IMG_5049\"\n\t\t\t\t\tsrc=\"https:\/\/ala-talkkari.fi\/wp-content\/gallery\/atf-226\/thumbs\/thumbs_IMG_5049.JPG\"\n\t\t\t\t\twidth=\"120\"\n\t\t\t\t\theight=\"90\"\n\t\t\t\t\tstyle=\"max-width:100%;\"\n\t\t\t\t\/>\n\t\t\t<\/a>\n\t\t<\/div>\n\t\t\t\t\t\t\t<\/div>\n\t\t\t\n\t\t\t\t<div id=\"ngg-image-7\" class=\"ngg-gallery-thumbnail-box\n\t\t\t\t\t\t\t\t\t\t\t\"\n\t\t\t>\n\t\t\t\t\t\t<div class=\"ngg-gallery-thumbnail\">\n\t\t\t<a href=\"https:\/\/ala-talkkari.fi\/wp-content\/gallery\/atf-226\/IMG_5054.JPG\"\n\t\t\t\ttitle=\"\"\n\t\t\t\tdata-src=\"https:\/\/ala-talkkari.fi\/wp-content\/gallery\/atf-226\/IMG_5054.JPG\"\n\t\t\t\tdata-thumbnail=\"https:\/\/ala-talkkari.fi\/wp-content\/gallery\/atf-226\/thumbs\/thumbs_IMG_5054.JPG\"\n\t\t\t\tdata-image-id=\"531\"\n\t\t\t\tdata-title=\"IMG_5054\"\n\t\t\t\tdata-description=\"\"\n\t\t\t\tdata-image-slug=\"img_5054\"\n\t\t\t\t\t\t\t\t\t\t\t\t\t\t\t\t\t\t\t\tclass='nextgen_pro_lightbox' data-nplmodal-gallery-id='13c78652279e5ff881414b7029d88cc3'>\n\t\t\t\t\t\t\t\t<img\n\t\t\t\t\ttitle=\"IMG_5054\"\n\t\t\t\t\talt=\"IMG_5054\"\n\t\t\t\t\tsrc=\"https:\/\/ala-talkkari.fi\/wp-content\/gallery\/atf-226\/thumbs\/thumbs_IMG_5054.JPG\"\n\t\t\t\t\twidth=\"120\"\n\t\t\t\t\theight=\"90\"\n\t\t\t\t\tstyle=\"max-width:100%;\"\n\t\t\t\t\/>\n\t\t\t<\/a>\n\t\t<\/div>\n\t\t\t\t\t\t\t<\/div>\n\t\t\t\n\t\t\t\t<div id=\"ngg-image-8\" class=\"ngg-gallery-thumbnail-box\n\t\t\t\t\t\t\t\t\t\t\t\"\n\t\t\t>\n\t\t\t\t\t\t<div class=\"ngg-gallery-thumbnail\">\n\t\t\t<a href=\"https:\/\/ala-talkkari.fi\/wp-content\/gallery\/atf-226\/IMG_5056.JPG\"\n\t\t\t\ttitle=\"\"\n\t\t\t\tdata-src=\"https:\/\/ala-talkkari.fi\/wp-content\/gallery\/atf-226\/IMG_5056.JPG\"\n\t\t\t\tdata-thumbnail=\"https:\/\/ala-talkkari.fi\/wp-content\/gallery\/atf-226\/thumbs\/thumbs_IMG_5056.JPG\"\n\t\t\t\tdata-image-id=\"532\"\n\t\t\t\tdata-title=\"IMG_5056\"\n\t\t\t\tdata-description=\"\"\n\t\t\t\tdata-image-slug=\"img_5056\"\n\t\t\t\t\t\t\t\t\t\t\t\t\t\t\t\t\t\t\t\tclass='nextgen_pro_lightbox' data-nplmodal-gallery-id='13c78652279e5ff881414b7029d88cc3'>\n\t\t\t\t\t\t\t\t<img\n\t\t\t\t\ttitle=\"IMG_5056\"\n\t\t\t\t\talt=\"IMG_5056\"\n\t\t\t\t\tsrc=\"https:\/\/ala-talkkari.fi\/wp-content\/gallery\/atf-226\/thumbs\/thumbs_IMG_5056.JPG\"\n\t\t\t\t\twidth=\"120\"\n\t\t\t\t\theight=\"90\"\n\t\t\t\t\tstyle=\"max-width:100%;\"\n\t\t\t\t\/>\n\t\t\t<\/a>\n\t\t<\/div>\n\t\t\t\t\t\t\t<\/div>\n\t\t\t\n\t\n\t<br style=\"clear: both\" \/>\n\n\t\n\t\t<!-- Pagination -->\n\t\t<div class='ngg-clear'><\/div>\t<\/div>\n<\/p>\n<\/div>\n<\/div>\n<p><strong>ATF-246 3G<br \/>\n<\/strong><\/p>\n<p><img loading=\"lazy\" decoding=\"async\" class=\"alignnone size-full wp-image-7043\" src=\"https:\/\/ala-talkkari.fi\/wp-content\/uploads\/2019\/06\/Nordtec-snow-blower.jpg\" alt=\"ATF 246 3G\" width=\"1024\" height=\"768\"><\/p>\n<p>[accordions id=&#8217;6905&#8242;]<\/p>\n<p><strong>Bilder von der Schneefr\u00e4se ATF 246 3G:<\/strong><\/p>\nngg_shortcode_0_placeholder\n<p><strong>ATP-256 2G<br \/>\n<\/strong><\/p>\n<p><img loading=\"lazy\" decoding=\"async\" class=\"alignnone size-full wp-image-7169\" src=\"https:\/\/ala-talkkari.fi\/wp-content\/uploads\/2019\/06\/IMG_7601.jpg\" alt=\"ATP 256 2G\" width=\"1024\" height=\"768\" srcset=\"https:\/\/ala-talkkari.fi\/wp-content\/uploads\/2019\/06\/IMG_7601.jpg 1024w, https:\/\/ala-talkkari.fi\/wp-content\/uploads\/2019\/06\/IMG_7601-300x225.jpg 300w, https:\/\/ala-talkkari.fi\/wp-content\/uploads\/2019\/06\/IMG_7601-768x576.jpg 768w, https:\/\/ala-talkkari.fi\/wp-content\/uploads\/2019\/06\/IMG_7601-600x450.jpg 600w\" sizes=\"auto, (max-width: 1024px) 100vw, 1024px\" \/><\/p>\n<div style=\"background-color: #dfdfdf;\">\n<div style=\"padding: 10px;\">[accordions id=&#8217;6908&#8242;]<\/p>\n<p><strong>Bilder von der Schneefr\u00e4se ATP 256 2G:<\/strong><\/p>\nngg_shortcode_1_placeholder<\/div>\n<\/div>\n<p>&nbsp;<\/p>\n<p><strong>ATP-276 3G<\/strong><\/p>\n<p><img loading=\"lazy\" decoding=\"async\" class=\"alignnone size-full wp-image-7071\" src=\"https:\/\/ala-talkkari.fi\/wp-content\/uploads\/2019\/06\/snow-blower.jpg\" alt=\"Traktorin lumilinko ATP 276 3G\" width=\"1024\" height=\"768\"><\/p>\n<div style=\"background-color: #dfdfdf;\">\n<div style=\"padding: 10px;\">[accordions id=&#8217;6914&#8242;]<\/p>\n<p><strong>Bilder von der Schneefr\u00e4se ATP 276 3G:<\/strong><\/p>\nngg_shortcode_2_placeholder<\/div>\n<\/div>\n<p>&nbsp;<\/p>\n","protected":false},"excerpt":{"rendered":"<p>Schneefr\u00e4sen, Nordtec-Querschneckenfr\u00e4sen von AlaTalkkari ATF-226 3G [accordions id=&#8217;6902&#8242;] Bilder von der Schneefr\u00e4se ATF 226 3G: ATF-246 3G [accordions id=&#8217;6905&#8242;] Bilder von der Schneefr\u00e4se ATF 246 3G: ATP-256 2G [accordions id=&#8217;6908&#8242;] Bilder von der Schneefr\u00e4se ATP 256 2G: &nbsp; ATP-276 3G [accordions id=&#8217;6914&#8242;] Bilder von der Schneefr\u00e4se ATP 276 3G: &nbsp;<\/p>\n","protected":false},"author":1,"featured_media":0,"parent":0,"menu_order":0,"comment_status":"closed","ping_status":"closed","template":"","meta":{"ngg_post_thumbnail":0,"footnotes":""},"class_list":["post-3849","page","type-page","status-publish","hentry"],"yoast_head":"<!-- This site is optimized with the Yoast SEO plugin v27.4 - https:\/\/yoast.com\/product\/yoast-seo-wordpress\/ -->\n<title>Nordtec-Querschneckenfr\u00e4sen - Veljekset Ala-Talkkari Oy<\/title>\n<meta name=\"robots\" content=\"index, follow, max-snippet:-1, max-image-preview:large, max-video-preview:-1\" \/>\n<link rel=\"canonical\" href=\"https:\/\/ala-talkkari.fi\/de\/nordtec-querschneckenfraesen\/\" \/>\n<meta property=\"og:locale\" content=\"de_DE\" \/>\n<meta property=\"og:type\" content=\"article\" \/>\n<meta property=\"og:title\" content=\"Nordtec-Querschneckenfr\u00e4sen - Veljekset Ala-Talkkari Oy\" \/>\n<meta property=\"og:description\" content=\"Schneefr\u00e4sen, Nordtec-Querschneckenfr\u00e4sen von AlaTalkkari ATF-226 3G [accordions id=&#8217;6902&#8242;] Bilder von der Schneefr\u00e4se ATF 226 3G: ATF-246 3G [accordions id=&#8217;6905&#8242;] Bilder von der Schneefr\u00e4se ATF 246 3G: ATP-256 2G [accordions id=&#8217;6908&#8242;] Bilder von der Schneefr\u00e4se ATP 256 2G: &nbsp; ATP-276 3G [accordions id=&#8217;6914&#8242;] Bilder von der Schneefr\u00e4se ATP 276 3G: &nbsp;\" \/>\n<meta property=\"og:url\" content=\"https:\/\/ala-talkkari.fi\/de\/nordtec-querschneckenfraesen\/\" \/>\n<meta property=\"og:site_name\" content=\"Veljekset Ala-Talkkari Oy\" \/>\n<meta property=\"article:publisher\" content=\"https:\/\/www.facebook.com\/alatalkkari\" \/>\n<meta property=\"article:modified_time\" content=\"2021-09-13T05:29:22+00:00\" \/>\n<meta property=\"og:image\" content=\"https:\/\/ala-talkkari.fi\/wp-content\/uploads\/2021\/09\/Avainlippu-TehtySuomMadeIn_Sin_rgb.png\" \/>\n<script type=\"application\/ld+json\" class=\"yoast-schema-graph\">{\"@context\":\"https:\\\/\\\/schema.org\",\"@graph\":[{\"@type\":\"WebPage\",\"@id\":\"https:\\\/\\\/ala-talkkari.fi\\\/de\\\/nordtec-querschneckenfraesen\\\/\",\"url\":\"https:\\\/\\\/ala-talkkari.fi\\\/de\\\/nordtec-querschneckenfraesen\\\/\",\"name\":\"Nordtec-Querschneckenfr\u00e4sen - Veljekset Ala-Talkkari Oy\",\"isPartOf\":{\"@id\":\"https:\\\/\\\/ala-talkkari.fi\\\/de\\\/#website\"},\"primaryImageOfPage\":{\"@id\":\"https:\\\/\\\/ala-talkkari.fi\\\/de\\\/nordtec-querschneckenfraesen\\\/#primaryimage\"},\"image\":{\"@id\":\"https:\\\/\\\/ala-talkkari.fi\\\/de\\\/nordtec-querschneckenfraesen\\\/#primaryimage\"},\"thumbnailUrl\":\"https:\\\/\\\/ala-talkkari.fi\\\/wp-content\\\/uploads\\\/2021\\\/09\\\/Avainlippu-TehtySuomMadeIn_Sin_rgb.png\",\"datePublished\":\"2014-11-19T12:50:50+00:00\",\"dateModified\":\"2021-09-13T05:29:22+00:00\",\"breadcrumb\":{\"@id\":\"https:\\\/\\\/ala-talkkari.fi\\\/de\\\/nordtec-querschneckenfraesen\\\/#breadcrumb\"},\"inLanguage\":\"de\",\"potentialAction\":[{\"@type\":\"ReadAction\",\"target\":[\"https:\\\/\\\/ala-talkkari.fi\\\/de\\\/nordtec-querschneckenfraesen\\\/\"]}]},{\"@type\":\"ImageObject\",\"inLanguage\":\"de\",\"@id\":\"https:\\\/\\\/ala-talkkari.fi\\\/de\\\/nordtec-querschneckenfraesen\\\/#primaryimage\",\"url\":\"https:\\\/\\\/ala-talkkari.fi\\\/wp-content\\\/uploads\\\/2021\\\/09\\\/Avainlippu-TehtySuomMadeIn_Sin_rgb.png\",\"contentUrl\":\"https:\\\/\\\/ala-talkkari.fi\\\/wp-content\\\/uploads\\\/2021\\\/09\\\/Avainlippu-TehtySuomMadeIn_Sin_rgb.png\"},{\"@type\":\"BreadcrumbList\",\"@id\":\"https:\\\/\\\/ala-talkkari.fi\\\/de\\\/nordtec-querschneckenfraesen\\\/#breadcrumb\",\"itemListElement\":[{\"@type\":\"ListItem\",\"position\":1,\"name\":\"Home\",\"item\":\"https:\\\/\\\/ala-talkkari.fi\\\/de\\\/\"},{\"@type\":\"ListItem\",\"position\":2,\"name\":\"Nordtec-Querschneckenfr\u00e4sen\"}]},{\"@type\":\"WebSite\",\"@id\":\"https:\\\/\\\/ala-talkkari.fi\\\/de\\\/#website\",\"url\":\"https:\\\/\\\/ala-talkkari.fi\\\/de\\\/\",\"name\":\"Veljekset Ala-Talkkari Oy\",\"description\":\"Heizsysteme und Ger\u00e4te zur Landschaftspflege\",\"publisher\":{\"@id\":\"https:\\\/\\\/ala-talkkari.fi\\\/de\\\/#organization\"},\"potentialAction\":[{\"@type\":\"SearchAction\",\"target\":{\"@type\":\"EntryPoint\",\"urlTemplate\":\"https:\\\/\\\/ala-talkkari.fi\\\/de\\\/?s={search_term_string}\"},\"query-input\":{\"@type\":\"PropertyValueSpecification\",\"valueRequired\":true,\"valueName\":\"search_term_string\"}}],\"inLanguage\":\"de\"},{\"@type\":\"Organization\",\"@id\":\"https:\\\/\\\/ala-talkkari.fi\\\/de\\\/#organization\",\"name\":\"Veljekset Ala-Talkkari Oy\",\"url\":\"https:\\\/\\\/ala-talkkari.fi\\\/de\\\/\",\"logo\":{\"@type\":\"ImageObject\",\"inLanguage\":\"de\",\"@id\":\"https:\\\/\\\/ala-talkkari.fi\\\/de\\\/#\\\/schema\\\/logo\\\/image\\\/\",\"url\":\"https:\\\/\\\/ala-talkkari.fi\\\/wp-content\\\/uploads\\\/2020\\\/09\\\/lammitys-veto-ala-talkkari.png\",\"contentUrl\":\"https:\\\/\\\/ala-talkkari.fi\\\/wp-content\\\/uploads\\\/2020\\\/09\\\/lammitys-veto-ala-talkkari.png\",\"width\":751,\"height\":67,\"caption\":\"Veljekset Ala-Talkkari Oy\"},\"image\":{\"@id\":\"https:\\\/\\\/ala-talkkari.fi\\\/de\\\/#\\\/schema\\\/logo\\\/image\\\/\"},\"sameAs\":[\"https:\\\/\\\/www.facebook.com\\\/alatalkkari\",\"https:\\\/\\\/www.instagram.com\\\/veljeksetalatalkkarioy\\\/\",\"https:\\\/\\\/www.youtube.com\\\/c\\\/VeljeksetAlaTalkkariOy\"]}]}<\/script>\n<!-- \/ Yoast SEO plugin. -->","yoast_head_json":{"title":"Nordtec-Querschneckenfr\u00e4sen - Veljekset Ala-Talkkari Oy","robots":{"index":"index","follow":"follow","max-snippet":"max-snippet:-1","max-image-preview":"max-image-preview:large","max-video-preview":"max-video-preview:-1"},"canonical":"https:\/\/ala-talkkari.fi\/de\/nordtec-querschneckenfraesen\/","og_locale":"de_DE","og_type":"article","og_title":"Nordtec-Querschneckenfr\u00e4sen - Veljekset Ala-Talkkari Oy","og_description":"Schneefr\u00e4sen, Nordtec-Querschneckenfr\u00e4sen von AlaTalkkari ATF-226 3G [accordions id=&#8217;6902&#8242;] Bilder von der Schneefr\u00e4se ATF 226 3G: ATF-246 3G [accordions id=&#8217;6905&#8242;] Bilder von der Schneefr\u00e4se ATF 246 3G: ATP-256 2G [accordions id=&#8217;6908&#8242;] Bilder von der Schneefr\u00e4se ATP 256 2G: &nbsp; ATP-276 3G [accordions id=&#8217;6914&#8242;] Bilder von der Schneefr\u00e4se ATP 276 3G: &nbsp;","og_url":"https:\/\/ala-talkkari.fi\/de\/nordtec-querschneckenfraesen\/","og_site_name":"Veljekset Ala-Talkkari Oy","article_publisher":"https:\/\/www.facebook.com\/alatalkkari","article_modified_time":"2021-09-13T05:29:22+00:00","og_image":[{"url":"https:\/\/ala-talkkari.fi\/wp-content\/uploads\/2021\/09\/Avainlippu-TehtySuomMadeIn_Sin_rgb.png","type":"","width":"","height":""}],"schema":{"@context":"https:\/\/schema.org","@graph":[{"@type":"WebPage","@id":"https:\/\/ala-talkkari.fi\/de\/nordtec-querschneckenfraesen\/","url":"https:\/\/ala-talkkari.fi\/de\/nordtec-querschneckenfraesen\/","name":"Nordtec-Querschneckenfr\u00e4sen - Veljekset Ala-Talkkari Oy","isPartOf":{"@id":"https:\/\/ala-talkkari.fi\/de\/#website"},"primaryImageOfPage":{"@id":"https:\/\/ala-talkkari.fi\/de\/nordtec-querschneckenfraesen\/#primaryimage"},"image":{"@id":"https:\/\/ala-talkkari.fi\/de\/nordtec-querschneckenfraesen\/#primaryimage"},"thumbnailUrl":"https:\/\/ala-talkkari.fi\/wp-content\/uploads\/2021\/09\/Avainlippu-TehtySuomMadeIn_Sin_rgb.png","datePublished":"2014-11-19T12:50:50+00:00","dateModified":"2021-09-13T05:29:22+00:00","breadcrumb":{"@id":"https:\/\/ala-talkkari.fi\/de\/nordtec-querschneckenfraesen\/#breadcrumb"},"inLanguage":"de","potentialAction":[{"@type":"ReadAction","target":["https:\/\/ala-talkkari.fi\/de\/nordtec-querschneckenfraesen\/"]}]},{"@type":"ImageObject","inLanguage":"de","@id":"https:\/\/ala-talkkari.fi\/de\/nordtec-querschneckenfraesen\/#primaryimage","url":"https:\/\/ala-talkkari.fi\/wp-content\/uploads\/2021\/09\/Avainlippu-TehtySuomMadeIn_Sin_rgb.png","contentUrl":"https:\/\/ala-talkkari.fi\/wp-content\/uploads\/2021\/09\/Avainlippu-TehtySuomMadeIn_Sin_rgb.png"},{"@type":"BreadcrumbList","@id":"https:\/\/ala-talkkari.fi\/de\/nordtec-querschneckenfraesen\/#breadcrumb","itemListElement":[{"@type":"ListItem","position":1,"name":"Home","item":"https:\/\/ala-talkkari.fi\/de\/"},{"@type":"ListItem","position":2,"name":"Nordtec-Querschneckenfr\u00e4sen"}]},{"@type":"WebSite","@id":"https:\/\/ala-talkkari.fi\/de\/#website","url":"https:\/\/ala-talkkari.fi\/de\/","name":"Veljekset Ala-Talkkari Oy","description":"Heizsysteme und Ger\u00e4te zur Landschaftspflege","publisher":{"@id":"https:\/\/ala-talkkari.fi\/de\/#organization"},"potentialAction":[{"@type":"SearchAction","target":{"@type":"EntryPoint","urlTemplate":"https:\/\/ala-talkkari.fi\/de\/?s={search_term_string}"},"query-input":{"@type":"PropertyValueSpecification","valueRequired":true,"valueName":"search_term_string"}}],"inLanguage":"de"},{"@type":"Organization","@id":"https:\/\/ala-talkkari.fi\/de\/#organization","name":"Veljekset Ala-Talkkari Oy","url":"https:\/\/ala-talkkari.fi\/de\/","logo":{"@type":"ImageObject","inLanguage":"de","@id":"https:\/\/ala-talkkari.fi\/de\/#\/schema\/logo\/image\/","url":"https:\/\/ala-talkkari.fi\/wp-content\/uploads\/2020\/09\/lammitys-veto-ala-talkkari.png","contentUrl":"https:\/\/ala-talkkari.fi\/wp-content\/uploads\/2020\/09\/lammitys-veto-ala-talkkari.png","width":751,"height":67,"caption":"Veljekset Ala-Talkkari Oy"},"image":{"@id":"https:\/\/ala-talkkari.fi\/de\/#\/schema\/logo\/image\/"},"sameAs":["https:\/\/www.facebook.com\/alatalkkari","https:\/\/www.instagram.com\/veljeksetalatalkkarioy\/","https:\/\/www.youtube.com\/c\/VeljeksetAlaTalkkariOy"]}]}},"_links":{"self":[{"href":"https:\/\/ala-talkkari.fi\/de\/wp-json\/wp\/v2\/pages\/3849","targetHints":{"allow":["GET"]}}],"collection":[{"href":"https:\/\/ala-talkkari.fi\/de\/wp-json\/wp\/v2\/pages"}],"about":[{"href":"https:\/\/ala-talkkari.fi\/de\/wp-json\/wp\/v2\/types\/page"}],"author":[{"embeddable":true,"href":"https:\/\/ala-talkkari.fi\/de\/wp-json\/wp\/v2\/users\/1"}],"replies":[{"embeddable":true,"href":"https:\/\/ala-talkkari.fi\/de\/wp-json\/wp\/v2\/comments?post=3849"}],"version-history":[{"count":28,"href":"https:\/\/ala-talkkari.fi\/de\/wp-json\/wp\/v2\/pages\/3849\/revisions"}],"predecessor-version":[{"id":9086,"href":"https:\/\/ala-talkkari.fi\/de\/wp-json\/wp\/v2\/pages\/3849\/revisions\/9086"}],"wp:attachment":[{"href":"https:\/\/ala-talkkari.fi\/de\/wp-json\/wp\/v2\/media?parent=3849"}],"curies":[{"name":"wp","href":"https:\/\/api.w.org\/{rel}","templated":true}]}}