{"id":3845,"date":"2014-11-04T14:07:50","date_gmt":"2014-11-04T12:07:50","guid":{"rendered":"http:\/\/ala-talkkari.fi\/de\/?page_id=3845"},"modified":"2020-09-18T12:39:30","modified_gmt":"2020-09-18T09:39:30","slug":"heizcontainer","status":"publish","type":"page","link":"https:\/\/ala-talkkari.fi\/de\/heizcontainer\/","title":{"rendered":"Heizcontainers"},"content":{"rendered":"<h2>Veto-Cont-Heizcontainer<\/h2>\n<p><img loading=\"lazy\" decoding=\"async\" class=\"alignnone size-full wp-image-8557\" src=\"https:\/\/ala-talkkari.fi\/wp-content\/uploads\/2020\/09\/heizcontainer-biomasse-1.jpg\" alt=\"Heizcontainer aus Finland\" width=\"1024\" height=\"782\" srcset=\"https:\/\/ala-talkkari.fi\/wp-content\/uploads\/2020\/09\/heizcontainer-biomasse-1.jpg 1024w, https:\/\/ala-talkkari.fi\/wp-content\/uploads\/2020\/09\/heizcontainer-biomasse-1-300x229.jpg 300w, https:\/\/ala-talkkari.fi\/wp-content\/uploads\/2020\/09\/heizcontainer-biomasse-1-768x587.jpg 768w, https:\/\/ala-talkkari.fi\/wp-content\/uploads\/2020\/09\/heizcontainer-biomasse-1-600x458.jpg 600w\" sizes=\"auto, (max-width: 1024px) 100vw, 1024px\" \/><\/p>\n<p>Die Veto Cont \u2013 Heizcontainers, die vollst\u00e4ndig in der Fabrik gebaut und montiert wurden, k\u00f6nnen schnell mit dem Einsatz beginnen. Sie m\u00fcssen nur die Heizkan\u00e4le mit der Stromversorgung verbinden und der Biomasseheizungsbeh\u00e4lter wird bereit sein erschwinglich W\u00e4rme zu erzeugen. Falls separat von anderen Geb\u00e4uden gelegen, ist der Heizungsbiomasseheizungsbeh\u00e4lter auch eine feuersichere Wahl. Die folgenden Optionen k\u00f6nnen als Brennstoff verwendet werden: Holzsp\u00e4ne, Brikett, Torf oder Pellets. Das vielseitige Angebot an Kraftsoffoptionen sorgt daf\u00fcr, dass Heizproduktion m\u00fchelos und erschwinglich ist. Sehr viel Zubeh\u00f6r ist auch f\u00fcr die Biomasseheizungsbeh\u00e4lter erh\u00e4ltlich, je nach Anforderungen der Kunden. Dazu geh\u00f6ren z.B. extra Rohrausg\u00e4nge, Ascheentfernung, automatische Ru\u00dfreinigung, GSM-\u00dcberwachung, Fernsteuerungssystem, Holzverkleidungen und Zugangsrampe. Veljekset Ala-Talkkari Oy verf\u00fcgt \u00fcber mehr als 60 Jahre Erfahrung in der Herstellung von Biomasseheizungsanlagen. Ala-Talkkaris Veto Cont \u2013 Biomasseheizungsbeh\u00e4lter nutzen Veto Heizungskessel als W\u00e4rmequelle, die am besten die offiziell getesteten Effizienzanforderungen der Kategorie 5 erf\u00fcllt.<\/p>\n<p>&nbsp;<\/p>\n<p><strong>Lesen \/ laden Sie hier die Brosch\u00fcre f\u00fcr die Veto-Cont-Heizcontainer herunter:<\/strong><\/p>\n<p><a href=\"https:\/\/ala-talkkari.fi\/wp-content\/uploads\/2020\/09\/lampokeskukset4s_DE.pdf\" target=\"_blank\" rel=\"noopener noreferrer\"><img loading=\"lazy\" decoding=\"async\" class=\"alignnone wp-image-8361 size-full\" src=\"https:\/\/ala-talkkari.fi\/wp-content\/uploads\/2020\/09\/heizcontainer-veto-cont.png\" alt=\"\" width=\"106\" height=\"150\"><\/a><\/p>\n","protected":false},"excerpt":{"rendered":"<p>Veto-Cont-Heizcontainer Die Veto Cont \u2013 Heizcontainers, die vollst\u00e4ndig in der Fabrik gebaut und montiert wurden, k\u00f6nnen schnell mit dem Einsatz beginnen. Sie m\u00fcssen nur die Heizkan\u00e4le mit der Stromversorgung verbinden und der Biomasseheizungsbeh\u00e4lter wird bereit sein erschwinglich W\u00e4rme zu erzeugen. Falls separat von anderen Geb\u00e4uden gelegen, ist der Heizungsbiomasseheizungsbeh\u00e4lter auch eine feuersichere Wahl. Die folgenden [&hellip;]<\/p>\n","protected":false},"author":1,"featured_media":0,"parent":0,"menu_order":0,"comment_status":"closed","ping_status":"closed","template":"","meta":{"ngg_post_thumbnail":0,"footnotes":""},"class_list":["post-3845","page","type-page","status-publish","hentry"],"yoast_head":"<!-- This site is optimized with the Yoast SEO plugin v27.4 - https:\/\/yoast.com\/product\/yoast-seo-wordpress\/ -->\n<title>Veto Cont - heizzentrale<\/title>\n<meta name=\"description\" content=\"Hier finden Sie fertige Veto Cont Heizzentralen (60-2000 kW).\" \/>\n<meta name=\"robots\" content=\"index, follow, max-snippet:-1, max-image-preview:large, max-video-preview:-1\" \/>\n<link rel=\"canonical\" href=\"https:\/\/ala-talkkari.fi\/de\/heizcontainer\/\" \/>\n<meta property=\"og:locale\" content=\"de_DE\" \/>\n<meta property=\"og:type\" content=\"article\" \/>\n<meta property=\"og:title\" content=\"Veto Cont - heizzentrale\" \/>\n<meta property=\"og:description\" content=\"Hier finden Sie fertige Veto Cont Heizzentralen (60-2000 kW).\" \/>\n<meta property=\"og:url\" content=\"https:\/\/ala-talkkari.fi\/de\/heizcontainer\/\" \/>\n<meta property=\"og:site_name\" content=\"Veljekset Ala-Talkkari Oy\" \/>\n<meta property=\"article:publisher\" content=\"https:\/\/www.facebook.com\/alatalkkari\" \/>\n<meta property=\"article:modified_time\" content=\"2020-09-18T09:39:30+00:00\" \/>\n<meta property=\"og:image\" content=\"https:\/\/ala-talkkari.fi\/wp-content\/uploads\/2020\/09\/heizcontainer-biomasse-1.jpg\" \/>\n<meta name=\"twitter:label1\" content=\"Gesch\u00e4tzte Lesezeit\" \/>\n\t<meta name=\"twitter:data1\" content=\"1\u00a0Minute\" \/>\n<script type=\"application\/ld+json\" class=\"yoast-schema-graph\">{\"@context\":\"https:\\\/\\\/schema.org\",\"@graph\":[{\"@type\":\"WebPage\",\"@id\":\"https:\\\/\\\/ala-talkkari.fi\\\/de\\\/heizcontainer\\\/\",\"url\":\"https:\\\/\\\/ala-talkkari.fi\\\/de\\\/heizcontainer\\\/\",\"name\":\"Veto Cont - heizzentrale\",\"isPartOf\":{\"@id\":\"https:\\\/\\\/ala-talkkari.fi\\\/de\\\/#website\"},\"primaryImageOfPage\":{\"@id\":\"https:\\\/\\\/ala-talkkari.fi\\\/de\\\/heizcontainer\\\/#primaryimage\"},\"image\":{\"@id\":\"https:\\\/\\\/ala-talkkari.fi\\\/de\\\/heizcontainer\\\/#primaryimage\"},\"thumbnailUrl\":\"https:\\\/\\\/ala-talkkari.fi\\\/wp-content\\\/uploads\\\/2020\\\/09\\\/heizcontainer-biomasse-1.jpg\",\"datePublished\":\"2014-11-04T12:07:50+00:00\",\"dateModified\":\"2020-09-18T09:39:30+00:00\",\"description\":\"Hier finden Sie fertige Veto Cont Heizzentralen (60-2000 kW).\",\"breadcrumb\":{\"@id\":\"https:\\\/\\\/ala-talkkari.fi\\\/de\\\/heizcontainer\\\/#breadcrumb\"},\"inLanguage\":\"de\",\"potentialAction\":[{\"@type\":\"ReadAction\",\"target\":[\"https:\\\/\\\/ala-talkkari.fi\\\/de\\\/heizcontainer\\\/\"]}]},{\"@type\":\"ImageObject\",\"inLanguage\":\"de\",\"@id\":\"https:\\\/\\\/ala-talkkari.fi\\\/de\\\/heizcontainer\\\/#primaryimage\",\"url\":\"https:\\\/\\\/ala-talkkari.fi\\\/wp-content\\\/uploads\\\/2020\\\/09\\\/heizcontainer-biomasse-1.jpg\",\"contentUrl\":\"https:\\\/\\\/ala-talkkari.fi\\\/wp-content\\\/uploads\\\/2020\\\/09\\\/heizcontainer-biomasse-1.jpg\"},{\"@type\":\"BreadcrumbList\",\"@id\":\"https:\\\/\\\/ala-talkkari.fi\\\/de\\\/heizcontainer\\\/#breadcrumb\",\"itemListElement\":[{\"@type\":\"ListItem\",\"position\":1,\"name\":\"Home\",\"item\":\"https:\\\/\\\/ala-talkkari.fi\\\/de\\\/\"},{\"@type\":\"ListItem\",\"position\":2,\"name\":\"Heizcontainers\"}]},{\"@type\":\"WebSite\",\"@id\":\"https:\\\/\\\/ala-talkkari.fi\\\/de\\\/#website\",\"url\":\"https:\\\/\\\/ala-talkkari.fi\\\/de\\\/\",\"name\":\"Veljekset Ala-Talkkari Oy\",\"description\":\"Heizsysteme und Ger\u00e4te zur Landschaftspflege\",\"publisher\":{\"@id\":\"https:\\\/\\\/ala-talkkari.fi\\\/de\\\/#organization\"},\"potentialAction\":[{\"@type\":\"SearchAction\",\"target\":{\"@type\":\"EntryPoint\",\"urlTemplate\":\"https:\\\/\\\/ala-talkkari.fi\\\/de\\\/?s={search_term_string}\"},\"query-input\":{\"@type\":\"PropertyValueSpecification\",\"valueRequired\":true,\"valueName\":\"search_term_string\"}}],\"inLanguage\":\"de\"},{\"@type\":\"Organization\",\"@id\":\"https:\\\/\\\/ala-talkkari.fi\\\/de\\\/#organization\",\"name\":\"Veljekset Ala-Talkkari Oy\",\"url\":\"https:\\\/\\\/ala-talkkari.fi\\\/de\\\/\",\"logo\":{\"@type\":\"ImageObject\",\"inLanguage\":\"de\",\"@id\":\"https:\\\/\\\/ala-talkkari.fi\\\/de\\\/#\\\/schema\\\/logo\\\/image\\\/\",\"url\":\"https:\\\/\\\/ala-talkkari.fi\\\/wp-content\\\/uploads\\\/2020\\\/09\\\/lammitys-veto-ala-talkkari.png\",\"contentUrl\":\"https:\\\/\\\/ala-talkkari.fi\\\/wp-content\\\/uploads\\\/2020\\\/09\\\/lammitys-veto-ala-talkkari.png\",\"width\":751,\"height\":67,\"caption\":\"Veljekset Ala-Talkkari Oy\"},\"image\":{\"@id\":\"https:\\\/\\\/ala-talkkari.fi\\\/de\\\/#\\\/schema\\\/logo\\\/image\\\/\"},\"sameAs\":[\"https:\\\/\\\/www.facebook.com\\\/alatalkkari\",\"https:\\\/\\\/www.instagram.com\\\/veljeksetalatalkkarioy\\\/\",\"https:\\\/\\\/www.youtube.com\\\/c\\\/VeljeksetAlaTalkkariOy\"]}]}<\/script>\n<!-- \/ Yoast SEO plugin. -->","yoast_head_json":{"title":"Veto Cont - heizzentrale","description":"Hier finden Sie fertige Veto Cont Heizzentralen (60-2000 kW).","robots":{"index":"index","follow":"follow","max-snippet":"max-snippet:-1","max-image-preview":"max-image-preview:large","max-video-preview":"max-video-preview:-1"},"canonical":"https:\/\/ala-talkkari.fi\/de\/heizcontainer\/","og_locale":"de_DE","og_type":"article","og_title":"Veto Cont - heizzentrale","og_description":"Hier finden Sie fertige Veto Cont Heizzentralen (60-2000 kW).","og_url":"https:\/\/ala-talkkari.fi\/de\/heizcontainer\/","og_site_name":"Veljekset Ala-Talkkari Oy","article_publisher":"https:\/\/www.facebook.com\/alatalkkari","article_modified_time":"2020-09-18T09:39:30+00:00","og_image":[{"url":"https:\/\/ala-talkkari.fi\/wp-content\/uploads\/2020\/09\/heizcontainer-biomasse-1.jpg","type":"","width":"","height":""}],"twitter_misc":{"Gesch\u00e4tzte Lesezeit":"1\u00a0Minute"},"schema":{"@context":"https:\/\/schema.org","@graph":[{"@type":"WebPage","@id":"https:\/\/ala-talkkari.fi\/de\/heizcontainer\/","url":"https:\/\/ala-talkkari.fi\/de\/heizcontainer\/","name":"Veto Cont - heizzentrale","isPartOf":{"@id":"https:\/\/ala-talkkari.fi\/de\/#website"},"primaryImageOfPage":{"@id":"https:\/\/ala-talkkari.fi\/de\/heizcontainer\/#primaryimage"},"image":{"@id":"https:\/\/ala-talkkari.fi\/de\/heizcontainer\/#primaryimage"},"thumbnailUrl":"https:\/\/ala-talkkari.fi\/wp-content\/uploads\/2020\/09\/heizcontainer-biomasse-1.jpg","datePublished":"2014-11-04T12:07:50+00:00","dateModified":"2020-09-18T09:39:30+00:00","description":"Hier finden Sie fertige Veto Cont Heizzentralen (60-2000 kW).","breadcrumb":{"@id":"https:\/\/ala-talkkari.fi\/de\/heizcontainer\/#breadcrumb"},"inLanguage":"de","potentialAction":[{"@type":"ReadAction","target":["https:\/\/ala-talkkari.fi\/de\/heizcontainer\/"]}]},{"@type":"ImageObject","inLanguage":"de","@id":"https:\/\/ala-talkkari.fi\/de\/heizcontainer\/#primaryimage","url":"https:\/\/ala-talkkari.fi\/wp-content\/uploads\/2020\/09\/heizcontainer-biomasse-1.jpg","contentUrl":"https:\/\/ala-talkkari.fi\/wp-content\/uploads\/2020\/09\/heizcontainer-biomasse-1.jpg"},{"@type":"BreadcrumbList","@id":"https:\/\/ala-talkkari.fi\/de\/heizcontainer\/#breadcrumb","itemListElement":[{"@type":"ListItem","position":1,"name":"Home","item":"https:\/\/ala-talkkari.fi\/de\/"},{"@type":"ListItem","position":2,"name":"Heizcontainers"}]},{"@type":"WebSite","@id":"https:\/\/ala-talkkari.fi\/de\/#website","url":"https:\/\/ala-talkkari.fi\/de\/","name":"Veljekset Ala-Talkkari Oy","description":"Heizsysteme und Ger\u00e4te zur Landschaftspflege","publisher":{"@id":"https:\/\/ala-talkkari.fi\/de\/#organization"},"potentialAction":[{"@type":"SearchAction","target":{"@type":"EntryPoint","urlTemplate":"https:\/\/ala-talkkari.fi\/de\/?s={search_term_string}"},"query-input":{"@type":"PropertyValueSpecification","valueRequired":true,"valueName":"search_term_string"}}],"inLanguage":"de"},{"@type":"Organization","@id":"https:\/\/ala-talkkari.fi\/de\/#organization","name":"Veljekset Ala-Talkkari Oy","url":"https:\/\/ala-talkkari.fi\/de\/","logo":{"@type":"ImageObject","inLanguage":"de","@id":"https:\/\/ala-talkkari.fi\/de\/#\/schema\/logo\/image\/","url":"https:\/\/ala-talkkari.fi\/wp-content\/uploads\/2020\/09\/lammitys-veto-ala-talkkari.png","contentUrl":"https:\/\/ala-talkkari.fi\/wp-content\/uploads\/2020\/09\/lammitys-veto-ala-talkkari.png","width":751,"height":67,"caption":"Veljekset Ala-Talkkari Oy"},"image":{"@id":"https:\/\/ala-talkkari.fi\/de\/#\/schema\/logo\/image\/"},"sameAs":["https:\/\/www.facebook.com\/alatalkkari","https:\/\/www.instagram.com\/veljeksetalatalkkarioy\/","https:\/\/www.youtube.com\/c\/VeljeksetAlaTalkkariOy"]}]}},"_links":{"self":[{"href":"https:\/\/ala-talkkari.fi\/de\/wp-json\/wp\/v2\/pages\/3845","targetHints":{"allow":["GET"]}}],"collection":[{"href":"https:\/\/ala-talkkari.fi\/de\/wp-json\/wp\/v2\/pages"}],"about":[{"href":"https:\/\/ala-talkkari.fi\/de\/wp-json\/wp\/v2\/types\/page"}],"author":[{"embeddable":true,"href":"https:\/\/ala-talkkari.fi\/de\/wp-json\/wp\/v2\/users\/1"}],"replies":[{"embeddable":true,"href":"https:\/\/ala-talkkari.fi\/de\/wp-json\/wp\/v2\/comments?post=3845"}],"version-history":[{"count":8,"href":"https:\/\/ala-talkkari.fi\/de\/wp-json\/wp\/v2\/pages\/3845\/revisions"}],"predecessor-version":[{"id":8563,"href":"https:\/\/ala-talkkari.fi\/de\/wp-json\/wp\/v2\/pages\/3845\/revisions\/8563"}],"wp:attachment":[{"href":"https:\/\/ala-talkkari.fi\/de\/wp-json\/wp\/v2\/media?parent=3845"}],"curies":[{"name":"wp","href":"https:\/\/api.w.org\/{rel}","templated":true}]}}