{"id":3833,"date":"2014-11-18T11:02:12","date_gmt":"2014-11-18T09:02:12","guid":{"rendered":"http:\/\/ala-talkkari.fi\/de\/?page_id=3833"},"modified":"2020-09-11T12:05:35","modified_gmt":"2020-09-11T09:05:35","slug":"sonderzubehoer-fuer-die-veto-heizgeraeteet","status":"publish","type":"page","link":"https:\/\/ala-talkkari.fi\/de\/sonderzubehoer-fuer-die-veto-heizgeraeteet\/","title":{"rendered":"Sonderzubeh\u00f6r, Heizger\u00e4te"},"content":{"rendered":"<h2>Sonderzubeh\u00f6r f\u00fcr die VETO-Heizger\u00e4te<\/h2>\n<p>F\u00fcr die VETO-Heizger\u00e4te ist zahlreiches Zubeh\u00f6r erh\u00e4ltlich, dass den Gebrauch erleichtert und die Sicherheit steigert.<\/p>\n<h3>Veto-Zellenradschleuse<\/h3>\n<p><img loading=\"lazy\" decoding=\"async\" class=\"alignnone wp-image-3835 size-full\" title=\"sulkusy\u00f6tin\" src=\"https:\/\/ala-talkkari.fi\/wp-content\/uploads\/2014\/11\/kontin-sis\u00e4kuvia-017.jpg\" alt=\"Veto Sulkusy\u00f6tin\" width=\"768\" height=\"1024\" srcset=\"https:\/\/ala-talkkari.fi\/wp-content\/uploads\/2014\/11\/kontin-sis\u00e4kuvia-017.jpg 768w, https:\/\/ala-talkkari.fi\/wp-content\/uploads\/2014\/11\/kontin-sis\u00e4kuvia-017-225x300.jpg 225w, https:\/\/ala-talkkari.fi\/wp-content\/uploads\/2014\/11\/kontin-sis\u00e4kuvia-017-600x800.jpg 600w\" sizes=\"auto, (max-width: 768px) 100vw, 768px\" \/><\/p>\n<p>Die Zellenradschleuse erm\u00f6glicht den Gebrauch eines offenen Brennstoffsilos und bietet zahlreiche Montagem\u00f6glichkeiten im Verh\u00e4ltnis zum Brennstoffsilo. Die Zellenradschleuse ist in zwei verschiedenen Gr\u00f6\u00dfen erh\u00e4ltlich. Die kleinere Zellenradschleuse ist f\u00fcr eine F\u00f6rderschnecke mit \u00d8 125 mm und die gr\u00f6\u00dfere f\u00fcr F\u00f6rderschnecken mit \u00d8 160 mm und \u00d8 200 mm. Die Struktur der Zellenradschleuse gemeinsam mit der Automatik gew\u00e4hrleisten die sichere und st\u00f6rungsfreie Zufuhr von Brennstoff.<\/p>\n<h3>Veto-Druckluftreiniger f\u00fcr den Schornstein<\/h3>\n<p><img loading=\"lazy\" decoding=\"async\" class=\"alignnone wp-image-3836 size-full\" title=\"paineilmanuohous\" src=\"https:\/\/ala-talkkari.fi\/wp-content\/uploads\/2014\/11\/Veto_100.jpg\" alt=\"painilmanuohous, lis\u00e4varuste\" width=\"1024\" height=\"768\" srcset=\"https:\/\/ala-talkkari.fi\/wp-content\/uploads\/2014\/11\/Veto_100.jpg 1024w, https:\/\/ala-talkkari.fi\/wp-content\/uploads\/2014\/11\/Veto_100-300x225.jpg 300w, https:\/\/ala-talkkari.fi\/wp-content\/uploads\/2014\/11\/Veto_100-600x450.jpg 600w\" sizes=\"auto, (max-width: 1024px) 100vw, 1024px\" \/><\/p>\n<p>F\u00fcr die Veto-Heizkessel ist als Sonderzubeh\u00f6r ein Druckluftreiniger f\u00fcr den Schornstein erh\u00e4ltlich. Der Druckluftreiniger f\u00fcr den Schornstein gibt der Schaltzentrale entsprechend Druckluftst\u00f6\u00dfe ab. Durch die kurzen Druckluftst\u00f6\u00dfe bleiben die Feuerfl\u00e4chen des Heizkessels sauber. Die drei wichtigsten Eigenschaften des Druckluftreinigers f\u00fcr den Schornstein sind: 1) das Nutzverh\u00e4ltnis steigt, 2) die Wartungsarbeit f\u00fcr den Heizkessel wird reduziert, 3) die Nutzungsdauer des Heizkessels wird verl\u00e4ngert. Der Veto-Druckluftreiniger f\u00fcr den Schornstein ist f\u00fcr alle Veto-Heizkessel von 30 kW bis 990 kW erh\u00e4ltlich.<\/p>\n<h3>Automatische Ascheentfernung<\/h3>\n<p><img loading=\"lazy\" decoding=\"async\" class=\"alignnone wp-image-906 size-full\" title=\"automaattinen tuhkanpoisto\" src=\"https:\/\/ala-talkkari.fi\/wp-content\/uploads\/2014\/11\/Automatic-ash-removal.jpg\" alt=\"automattinen tuhkanpoisto\" width=\"768\" height=\"1024\"><\/p>\n<p>F\u00fcr die Entfernung der Asche aus dem Heizkessel gibt es mehrere M\u00f6glichkeiten. Ascheschnecken sind in schiebender, ziehender sowie zweiteiliger Form erh\u00e4ltlich. Die Ascheschnecken reduzieren die Wartungsarbeit f\u00fcr den Heizkessel bedeutend. Zudem steigern die Ascheschnecken die Funktionssicherheit, die Nutzungsdauer des Heizkessels sowie die Sicherheit. F\u00fcr die Heizkessel mit 300 &#8211; 990 kW sind auch Ascheschnecken f\u00fcr die W\u00e4rme\u00fcbertragungskomponenten (f\u00fcr den hinteren Teil des Kessels) erh\u00e4ltlich.<\/p>\n<h3>Veto-Brenner (40 &#8211; 990 kW)<\/h3>\n<p><a href=\"https:\/\/ala-talkkari.fi\/wp-content\/uploads\/2020\/06\/veljekset-ala-talkkari-oy.jpg\"><img loading=\"lazy\" decoding=\"async\" class=\"alignnone size-full wp-image-7838\" src=\"https:\/\/ala-talkkari.fi\/wp-content\/uploads\/2020\/06\/veljekset-ala-talkkari-oy.jpg\" alt=\"120kW poltin (liikkuva arina)\" width=\"1024\" height=\"683\" srcset=\"https:\/\/ala-talkkari.fi\/wp-content\/uploads\/2020\/06\/veljekset-ala-talkkari-oy.jpg 1024w, https:\/\/ala-talkkari.fi\/wp-content\/uploads\/2020\/06\/veljekset-ala-talkkari-oy-300x200.jpg 300w, https:\/\/ala-talkkari.fi\/wp-content\/uploads\/2020\/06\/veljekset-ala-talkkari-oy-768x512.jpg 768w, https:\/\/ala-talkkari.fi\/wp-content\/uploads\/2020\/06\/veljekset-ala-talkkari-oy-600x400.jpg 600w\" sizes=\"auto, (max-width: 1024px) 100vw, 1024px\" \/><\/a><\/p>\n<p><span style=\"font-family: arial, helvetica, sans-serif; font-size: 10pt;\">120 kW brenner.<\/span><\/p>\n<p><img loading=\"lazy\" decoding=\"async\" class=\"alignnone size-full wp-image-7214\" src=\"https:\/\/ala-talkkari.fi\/wp-content\/uploads\/2019\/06\/biomass-heating.jpg\" alt=\"Veto 640 kW (6-2019)\" width=\"1024\" height=\"768\"><\/p>\n<p><span style=\"font-size: 10pt; font-family: arial, helvetica, sans-serif;\">640 kW brenner.<\/span><\/p>\n<p>Der Brennapparat f\u00fcr feste Brennstoffe von AlaTalkkari ist mit einem separaten, am Kessel zu montierenden Brenner ausgestattet. Mit den Veto-Brennern ist es m\u00f6glich, verschiedene feste Biobrennstoffe wie Holz, Torf und zum Verbrennen geeignete Pflanzen, die in die geeignete Brenngr\u00f6\u00dfe verarbeitet worden sind, zu verbrennen. Die Steuerung und die Brenntechnik der Veto-Brenner erm\u00f6glichen die Speicherung von Energie mit einem ausgezeichneten (&gt;90%) Nutzverh\u00e4ltnis, auch wenn der Typ und die Qualit\u00e4t des Brennstoffs variieren. Die Brenner sind entweder luft- oder wassergek\u00fchlt, festmontiert oder beweglich. Die beweglichen Brenner sorgen f\u00fcr eine gleichm\u00e4\u00dfige Leistungsproduktion und reduzieren die Bildung von Schlacke und die Ansammlung von Schlacke am Gitterrost bedeutend. Die M\u00f6glichkeit, den Gitterrost und die beweglichen Teile auszutauschen, macht die Veto-Brenner langlebig und zuverl\u00e4ssig.<\/p>\n<h3>Veto-Fernsteuerung<\/h3>\n<p><img loading=\"lazy\" decoding=\"async\" class=\"alignnone wp-image-916 size-full\" title=\"et\u00e4hallinta\" src=\"https:\/\/ala-talkkari.fi\/wp-content\/uploads\/2014\/11\/remote-access-heating.jpg\" alt=\"Ala-Talkkarin hjauskeskuksen et\u00e4k\u00e4ytt\u00f6\" width=\"1024\" height=\"768\"><\/p>\n<p>Die Veto-Fernsteuerung erm\u00f6glicht die \u00dcberwachung der Funktionen der Kesselanlage \u00fcber das Internet mit dem eigenen Computer, Mobiltelefon oder einem anderen Mobilger\u00e4t. St\u00f6rungsmeldungen gelangen als SMS auf das Mobiltelefon oder sie sind \u00fcber das Internet am Computer zu sehen, was in St\u00f6rungsf\u00e4llen eine schnelle Reaktionszeit erm\u00f6glicht. Die Fernsteuerung ist ein Sonderzubeh\u00f6r, das f\u00fcr die Lambda-Schaltzentralen (Veto Control M, L und XL) erh\u00e4ltlich ist.<\/p>\n<h3>GSM-Alarmzentrale<\/h3>\n<p><img loading=\"lazy\" decoding=\"async\" class=\"alignnone wp-image-3844 size-large\" title=\"GSM-h\u00e4lytyskeskus\" src=\"https:\/\/ala-talkkari.fi\/wp-content\/uploads\/2014\/11\/IMG_3078-1024x683.jpg\" alt=\"GSM-h\u00e4lytys (Ala-Talkkari)\" width=\"780\" height=\"520\" srcset=\"https:\/\/ala-talkkari.fi\/wp-content\/uploads\/2014\/11\/IMG_3078-1024x683.jpg 1024w, https:\/\/ala-talkkari.fi\/wp-content\/uploads\/2014\/11\/IMG_3078-300x200.jpg 300w, https:\/\/ala-talkkari.fi\/wp-content\/uploads\/2014\/11\/IMG_3078-600x400.jpg 600w\" sizes=\"auto, (max-width: 780px) 100vw, 780px\" \/><\/p>\n<p>Die auf SMS basierende GSM-Alarmzentrale kann an alle Veto-Schaltzentralen angeschlossen werden. Die GSM-Schaltzentrale meldet die wichtigsten Alarme Ihres Heizger\u00e4tes auf Ihrem Mobiltelefon.<\/p>\n<h3>Elektrische Z\u00fcndung<\/h3>\n<p><img loading=\"lazy\" decoding=\"async\" class=\"alignnone wp-image-918 size-full\" title=\"s\u00e4hk\u00f6sytytys\" src=\"https:\/\/ala-talkkari.fi\/wp-content\/uploads\/2014\/11\/electric-ignition-biomass.jpg\" alt=\"S\u00e4hk\u00f6sytytys (stokeri)\" width=\"1024\" height=\"768\"><\/p>\n<p>Die Z\u00fcndautomatik f\u00fcr die elektrische Z\u00fcndung entz\u00fcndet den Brennstoff im Brenner, wonach die Steuerung des Brenners den Einstellungswerten entsprechend mit dem Automatikbetrieb fortf\u00e4hrt. Der Vorteil der elektrischen Z\u00fcndung kommt v. a. bei geringem W\u00e4rmebedarf zum Vorschein (Fr\u00fchling, Sommer, Herbst). Dann produziert das Heizger\u00e4t nur dann W\u00e4rme, wenn es der Bedarf erfordert, und es wird nicht in Intervallen betrieben. So bleibt der Heizkessel sauberer und das Nutzverh\u00e4ltnis wird besser. Zudem wird Brennstoff gespart. Zu der Zubeh\u00f6rgesamtheit geh\u00f6ren ein Z\u00fcndgebl\u00e4se, eine Schaltzentrale und die Software. Die elektrische Z\u00fcndung kann in allen Veto-Schaltzentralen als Sonderzubeh\u00f6r montiert werden.<\/p>\n<h3>Aschebeh\u00e4lter<\/h3>\n<p><img loading=\"lazy\" decoding=\"async\" class=\"alignnone wp-image-920 size-full\" title=\"tuhka-astia\" src=\"https:\/\/ala-talkkari.fi\/wp-content\/uploads\/2014\/11\/ash-box-biomass-heating.jpg\" alt=\"Tuhka-astia (tuhkanpoisto)\" width=\"1024\" height=\"768\"><\/p>\n<p>Der Aschebeh\u00e4lter ist als Zubeh\u00f6r der Ascheschnecken des Kessels vorgesehen, deren Kapazit\u00e4t circa 800 oder 1500 Liter betr\u00e4gt. Am Boden des Aschebeh\u00e4lters befindet sich ein f\u00fcr die Gabeln eines Gabelstaplers vorgesehener Raum, der den Transport erleichtert. Das gro\u00dfe F\u00fcllvolumen des Aschebeh\u00e4lters erm\u00f6glicht lange Entleerungsintervalle.<\/p>\n<h3>Abgasreiniger<\/h3>\n<p><img loading=\"lazy\" decoding=\"async\" class=\"alignnone wp-image-922 size-full\" title=\"savukaasupuhdistin\" src=\"https:\/\/ala-talkkari.fi\/wp-content\/uploads\/2014\/11\/Flue-gas-cleaner-biomass.jpg\" alt=\"Savukaasupuhdistin (sykloni)\" width=\"768\" height=\"1024\"><\/p>\n<p>Der Veto-Abgasreiniger sondert die Partikel der Abgase in einen separaten Beh\u00e4lter im Reiniger ab. Das Gebl\u00e4se des Reinigers wird mit einer Steuerautomatik gesteuert, die den gew\u00fcnschten Unterdruck in der Feuerkammer aufrechterh\u00e4lt. Der an den Abgasreiniger angeschlossene Schornstein kann wesentlich k\u00fcrzer sein als ein Schornstein mit Naturzug. Der Veto-Abgasreiniger wird f\u00fcr Veto-Stokerkessel mit 220 kW und mehr empfohlen.<\/p>\n<p><strong>Lesen \/ laden Sie hier die Brosch\u00fcre f\u00fcr die Veto-Heizger\u00e4te herunter:<\/strong><\/p>\n<p><a href=\"https:\/\/drive.google.com\/file\/d\/1WqUz7gOU2X6bt1pS5COA4aEjPGLuqYG_\/view?usp=sharing\" target=\"_blank\" rel=\"noopener noreferrer\"><img loading=\"lazy\" decoding=\"async\" class=\"alignnone wp-image-7524\" src=\"https:\/\/ala-talkkari.fi\/wp-content\/uploads\/2020\/02\/l\u00e4mmityslaite-esite_DE_2019_etusivu-213x300.png\" alt=\"\" width=\"142\" height=\"200\" srcset=\"https:\/\/ala-talkkari.fi\/wp-content\/uploads\/2020\/02\/l\u00e4mmityslaite-esite_DE_2019_etusivu-213x300.png 213w, https:\/\/ala-talkkari.fi\/wp-content\/uploads\/2020\/02\/l\u00e4mmityslaite-esite_DE_2019_etusivu-600x844.png 600w, https:\/\/ala-talkkari.fi\/wp-content\/uploads\/2020\/02\/l\u00e4mmityslaite-esite_DE_2019_etusivu.png 658w\" sizes=\"auto, (max-width: 142px) 100vw, 142px\" \/><\/a><\/p>\n","protected":false},"excerpt":{"rendered":"<p>Sonderzubeh\u00f6r f\u00fcr die VETO-Heizger\u00e4te F\u00fcr die VETO-Heizger\u00e4te ist zahlreiches Zubeh\u00f6r erh\u00e4ltlich, dass den Gebrauch erleichtert und die Sicherheit steigert. Veto-Zellenradschleuse Die Zellenradschleuse erm\u00f6glicht den Gebrauch eines offenen Brennstoffsilos und bietet zahlreiche Montagem\u00f6glichkeiten im Verh\u00e4ltnis zum Brennstoffsilo. Die Zellenradschleuse ist in zwei verschiedenen Gr\u00f6\u00dfen erh\u00e4ltlich. Die kleinere Zellenradschleuse ist f\u00fcr eine F\u00f6rderschnecke mit \u00d8 125 mm [&hellip;]<\/p>\n","protected":false},"author":1,"featured_media":0,"parent":0,"menu_order":0,"comment_status":"closed","ping_status":"closed","template":"","meta":{"ngg_post_thumbnail":0,"footnotes":""},"class_list":["post-3833","page","type-page","status-publish","hentry"],"yoast_head":"<!-- This site is optimized with the Yoast SEO plugin v27.4 - https:\/\/yoast.com\/product\/yoast-seo-wordpress\/ -->\n<title>Sonderzubeh\u00f6r, Heizger\u00e4te - Veljekset Ala-Talkkari Oy<\/title>\n<meta name=\"robots\" content=\"index, follow, max-snippet:-1, max-image-preview:large, max-video-preview:-1\" \/>\n<link rel=\"canonical\" href=\"https:\/\/ala-talkkari.fi\/de\/sonderzubehoer-fuer-die-veto-heizgeraeteet\/\" \/>\n<meta property=\"og:locale\" content=\"de_DE\" \/>\n<meta property=\"og:type\" content=\"article\" \/>\n<meta property=\"og:title\" content=\"Sonderzubeh\u00f6r, Heizger\u00e4te - Veljekset Ala-Talkkari Oy\" \/>\n<meta property=\"og:description\" content=\"Sonderzubeh\u00f6r f\u00fcr die VETO-Heizger\u00e4te F\u00fcr die VETO-Heizger\u00e4te ist zahlreiches Zubeh\u00f6r erh\u00e4ltlich, dass den Gebrauch erleichtert und die Sicherheit steigert. Veto-Zellenradschleuse Die Zellenradschleuse erm\u00f6glicht den Gebrauch eines offenen Brennstoffsilos und bietet zahlreiche Montagem\u00f6glichkeiten im Verh\u00e4ltnis zum Brennstoffsilo. Die Zellenradschleuse ist in zwei verschiedenen Gr\u00f6\u00dfen erh\u00e4ltlich. Die kleinere Zellenradschleuse ist f\u00fcr eine F\u00f6rderschnecke mit \u00d8 125 mm [&hellip;]\" \/>\n<meta property=\"og:url\" content=\"https:\/\/ala-talkkari.fi\/de\/sonderzubehoer-fuer-die-veto-heizgeraeteet\/\" \/>\n<meta property=\"og:site_name\" content=\"Veljekset Ala-Talkkari Oy\" \/>\n<meta property=\"article:publisher\" content=\"https:\/\/www.facebook.com\/alatalkkari\" \/>\n<meta property=\"article:modified_time\" content=\"2020-09-11T09:05:35+00:00\" \/>\n<meta property=\"og:image\" content=\"https:\/\/ala-talkkari.fi\/wp-content\/uploads\/2014\/11\/kontin-sis\u00e4kuvia-017.jpg\" \/>\n<meta name=\"twitter:label1\" content=\"Gesch\u00e4tzte Lesezeit\" \/>\n\t<meta name=\"twitter:data1\" content=\"4\u00a0Minuten\" \/>\n<script type=\"application\/ld+json\" class=\"yoast-schema-graph\">{\"@context\":\"https:\\\/\\\/schema.org\",\"@graph\":[{\"@type\":\"WebPage\",\"@id\":\"https:\\\/\\\/ala-talkkari.fi\\\/de\\\/sonderzubehoer-fuer-die-veto-heizgeraeteet\\\/\",\"url\":\"https:\\\/\\\/ala-talkkari.fi\\\/de\\\/sonderzubehoer-fuer-die-veto-heizgeraeteet\\\/\",\"name\":\"Sonderzubeh\u00f6r, Heizger\u00e4te - Veljekset Ala-Talkkari Oy\",\"isPartOf\":{\"@id\":\"https:\\\/\\\/ala-talkkari.fi\\\/de\\\/#website\"},\"primaryImageOfPage\":{\"@id\":\"https:\\\/\\\/ala-talkkari.fi\\\/de\\\/sonderzubehoer-fuer-die-veto-heizgeraeteet\\\/#primaryimage\"},\"image\":{\"@id\":\"https:\\\/\\\/ala-talkkari.fi\\\/de\\\/sonderzubehoer-fuer-die-veto-heizgeraeteet\\\/#primaryimage\"},\"thumbnailUrl\":\"https:\\\/\\\/ala-talkkari.fi\\\/wp-content\\\/uploads\\\/2014\\\/11\\\/Veto_100.jpg\",\"datePublished\":\"2014-11-18T09:02:12+00:00\",\"dateModified\":\"2020-09-11T09:05:35+00:00\",\"breadcrumb\":{\"@id\":\"https:\\\/\\\/ala-talkkari.fi\\\/de\\\/sonderzubehoer-fuer-die-veto-heizgeraeteet\\\/#breadcrumb\"},\"inLanguage\":\"de\",\"potentialAction\":[{\"@type\":\"ReadAction\",\"target\":[\"https:\\\/\\\/ala-talkkari.fi\\\/de\\\/sonderzubehoer-fuer-die-veto-heizgeraeteet\\\/\"]}]},{\"@type\":\"ImageObject\",\"inLanguage\":\"de\",\"@id\":\"https:\\\/\\\/ala-talkkari.fi\\\/de\\\/sonderzubehoer-fuer-die-veto-heizgeraeteet\\\/#primaryimage\",\"url\":\"https:\\\/\\\/ala-talkkari.fi\\\/wp-content\\\/uploads\\\/2014\\\/11\\\/Veto_100.jpg\",\"contentUrl\":\"https:\\\/\\\/ala-talkkari.fi\\\/wp-content\\\/uploads\\\/2014\\\/11\\\/Veto_100.jpg\"},{\"@type\":\"BreadcrumbList\",\"@id\":\"https:\\\/\\\/ala-talkkari.fi\\\/de\\\/sonderzubehoer-fuer-die-veto-heizgeraeteet\\\/#breadcrumb\",\"itemListElement\":[{\"@type\":\"ListItem\",\"position\":1,\"name\":\"Home\",\"item\":\"https:\\\/\\\/ala-talkkari.fi\\\/de\\\/\"},{\"@type\":\"ListItem\",\"position\":2,\"name\":\"Sonderzubeh\u00f6r, Heizger\u00e4te\"}]},{\"@type\":\"WebSite\",\"@id\":\"https:\\\/\\\/ala-talkkari.fi\\\/de\\\/#website\",\"url\":\"https:\\\/\\\/ala-talkkari.fi\\\/de\\\/\",\"name\":\"Veljekset Ala-Talkkari Oy\",\"description\":\"Heizsysteme und Ger\u00e4te zur Landschaftspflege\",\"publisher\":{\"@id\":\"https:\\\/\\\/ala-talkkari.fi\\\/de\\\/#organization\"},\"potentialAction\":[{\"@type\":\"SearchAction\",\"target\":{\"@type\":\"EntryPoint\",\"urlTemplate\":\"https:\\\/\\\/ala-talkkari.fi\\\/de\\\/?s={search_term_string}\"},\"query-input\":{\"@type\":\"PropertyValueSpecification\",\"valueRequired\":true,\"valueName\":\"search_term_string\"}}],\"inLanguage\":\"de\"},{\"@type\":\"Organization\",\"@id\":\"https:\\\/\\\/ala-talkkari.fi\\\/de\\\/#organization\",\"name\":\"Veljekset Ala-Talkkari Oy\",\"url\":\"https:\\\/\\\/ala-talkkari.fi\\\/de\\\/\",\"logo\":{\"@type\":\"ImageObject\",\"inLanguage\":\"de\",\"@id\":\"https:\\\/\\\/ala-talkkari.fi\\\/de\\\/#\\\/schema\\\/logo\\\/image\\\/\",\"url\":\"https:\\\/\\\/ala-talkkari.fi\\\/wp-content\\\/uploads\\\/2020\\\/09\\\/lammitys-veto-ala-talkkari.png\",\"contentUrl\":\"https:\\\/\\\/ala-talkkari.fi\\\/wp-content\\\/uploads\\\/2020\\\/09\\\/lammitys-veto-ala-talkkari.png\",\"width\":751,\"height\":67,\"caption\":\"Veljekset Ala-Talkkari Oy\"},\"image\":{\"@id\":\"https:\\\/\\\/ala-talkkari.fi\\\/de\\\/#\\\/schema\\\/logo\\\/image\\\/\"},\"sameAs\":[\"https:\\\/\\\/www.facebook.com\\\/alatalkkari\",\"https:\\\/\\\/www.instagram.com\\\/veljeksetalatalkkarioy\\\/\",\"https:\\\/\\\/www.youtube.com\\\/c\\\/VeljeksetAlaTalkkariOy\"]}]}<\/script>\n<!-- \/ Yoast SEO plugin. -->","yoast_head_json":{"title":"Sonderzubeh\u00f6r, Heizger\u00e4te - Veljekset Ala-Talkkari Oy","robots":{"index":"index","follow":"follow","max-snippet":"max-snippet:-1","max-image-preview":"max-image-preview:large","max-video-preview":"max-video-preview:-1"},"canonical":"https:\/\/ala-talkkari.fi\/de\/sonderzubehoer-fuer-die-veto-heizgeraeteet\/","og_locale":"de_DE","og_type":"article","og_title":"Sonderzubeh\u00f6r, Heizger\u00e4te - Veljekset Ala-Talkkari Oy","og_description":"Sonderzubeh\u00f6r f\u00fcr die VETO-Heizger\u00e4te F\u00fcr die VETO-Heizger\u00e4te ist zahlreiches Zubeh\u00f6r erh\u00e4ltlich, dass den Gebrauch erleichtert und die Sicherheit steigert. Veto-Zellenradschleuse Die Zellenradschleuse erm\u00f6glicht den Gebrauch eines offenen Brennstoffsilos und bietet zahlreiche Montagem\u00f6glichkeiten im Verh\u00e4ltnis zum Brennstoffsilo. Die Zellenradschleuse ist in zwei verschiedenen Gr\u00f6\u00dfen erh\u00e4ltlich. Die kleinere Zellenradschleuse ist f\u00fcr eine F\u00f6rderschnecke mit \u00d8 125 mm [&hellip;]","og_url":"https:\/\/ala-talkkari.fi\/de\/sonderzubehoer-fuer-die-veto-heizgeraeteet\/","og_site_name":"Veljekset Ala-Talkkari Oy","article_publisher":"https:\/\/www.facebook.com\/alatalkkari","article_modified_time":"2020-09-11T09:05:35+00:00","og_image":[{"url":"https:\/\/ala-talkkari.fi\/wp-content\/uploads\/2014\/11\/kontin-sis\u00e4kuvia-017.jpg","type":"","width":"","height":""}],"twitter_misc":{"Gesch\u00e4tzte Lesezeit":"4\u00a0Minuten"},"schema":{"@context":"https:\/\/schema.org","@graph":[{"@type":"WebPage","@id":"https:\/\/ala-talkkari.fi\/de\/sonderzubehoer-fuer-die-veto-heizgeraeteet\/","url":"https:\/\/ala-talkkari.fi\/de\/sonderzubehoer-fuer-die-veto-heizgeraeteet\/","name":"Sonderzubeh\u00f6r, Heizger\u00e4te - Veljekset Ala-Talkkari Oy","isPartOf":{"@id":"https:\/\/ala-talkkari.fi\/de\/#website"},"primaryImageOfPage":{"@id":"https:\/\/ala-talkkari.fi\/de\/sonderzubehoer-fuer-die-veto-heizgeraeteet\/#primaryimage"},"image":{"@id":"https:\/\/ala-talkkari.fi\/de\/sonderzubehoer-fuer-die-veto-heizgeraeteet\/#primaryimage"},"thumbnailUrl":"https:\/\/ala-talkkari.fi\/wp-content\/uploads\/2014\/11\/Veto_100.jpg","datePublished":"2014-11-18T09:02:12+00:00","dateModified":"2020-09-11T09:05:35+00:00","breadcrumb":{"@id":"https:\/\/ala-talkkari.fi\/de\/sonderzubehoer-fuer-die-veto-heizgeraeteet\/#breadcrumb"},"inLanguage":"de","potentialAction":[{"@type":"ReadAction","target":["https:\/\/ala-talkkari.fi\/de\/sonderzubehoer-fuer-die-veto-heizgeraeteet\/"]}]},{"@type":"ImageObject","inLanguage":"de","@id":"https:\/\/ala-talkkari.fi\/de\/sonderzubehoer-fuer-die-veto-heizgeraeteet\/#primaryimage","url":"https:\/\/ala-talkkari.fi\/wp-content\/uploads\/2014\/11\/Veto_100.jpg","contentUrl":"https:\/\/ala-talkkari.fi\/wp-content\/uploads\/2014\/11\/Veto_100.jpg"},{"@type":"BreadcrumbList","@id":"https:\/\/ala-talkkari.fi\/de\/sonderzubehoer-fuer-die-veto-heizgeraeteet\/#breadcrumb","itemListElement":[{"@type":"ListItem","position":1,"name":"Home","item":"https:\/\/ala-talkkari.fi\/de\/"},{"@type":"ListItem","position":2,"name":"Sonderzubeh\u00f6r, Heizger\u00e4te"}]},{"@type":"WebSite","@id":"https:\/\/ala-talkkari.fi\/de\/#website","url":"https:\/\/ala-talkkari.fi\/de\/","name":"Veljekset Ala-Talkkari Oy","description":"Heizsysteme und Ger\u00e4te zur Landschaftspflege","publisher":{"@id":"https:\/\/ala-talkkari.fi\/de\/#organization"},"potentialAction":[{"@type":"SearchAction","target":{"@type":"EntryPoint","urlTemplate":"https:\/\/ala-talkkari.fi\/de\/?s={search_term_string}"},"query-input":{"@type":"PropertyValueSpecification","valueRequired":true,"valueName":"search_term_string"}}],"inLanguage":"de"},{"@type":"Organization","@id":"https:\/\/ala-talkkari.fi\/de\/#organization","name":"Veljekset Ala-Talkkari Oy","url":"https:\/\/ala-talkkari.fi\/de\/","logo":{"@type":"ImageObject","inLanguage":"de","@id":"https:\/\/ala-talkkari.fi\/de\/#\/schema\/logo\/image\/","url":"https:\/\/ala-talkkari.fi\/wp-content\/uploads\/2020\/09\/lammitys-veto-ala-talkkari.png","contentUrl":"https:\/\/ala-talkkari.fi\/wp-content\/uploads\/2020\/09\/lammitys-veto-ala-talkkari.png","width":751,"height":67,"caption":"Veljekset Ala-Talkkari Oy"},"image":{"@id":"https:\/\/ala-talkkari.fi\/de\/#\/schema\/logo\/image\/"},"sameAs":["https:\/\/www.facebook.com\/alatalkkari","https:\/\/www.instagram.com\/veljeksetalatalkkarioy\/","https:\/\/www.youtube.com\/c\/VeljeksetAlaTalkkariOy"]}]}},"_links":{"self":[{"href":"https:\/\/ala-talkkari.fi\/de\/wp-json\/wp\/v2\/pages\/3833","targetHints":{"allow":["GET"]}}],"collection":[{"href":"https:\/\/ala-talkkari.fi\/de\/wp-json\/wp\/v2\/pages"}],"about":[{"href":"https:\/\/ala-talkkari.fi\/de\/wp-json\/wp\/v2\/types\/page"}],"author":[{"embeddable":true,"href":"https:\/\/ala-talkkari.fi\/de\/wp-json\/wp\/v2\/users\/1"}],"replies":[{"embeddable":true,"href":"https:\/\/ala-talkkari.fi\/de\/wp-json\/wp\/v2\/comments?post=3833"}],"version-history":[{"count":19,"href":"https:\/\/ala-talkkari.fi\/de\/wp-json\/wp\/v2\/pages\/3833\/revisions"}],"predecessor-version":[{"id":8083,"href":"https:\/\/ala-talkkari.fi\/de\/wp-json\/wp\/v2\/pages\/3833\/revisions\/8083"}],"wp:attachment":[{"href":"https:\/\/ala-talkkari.fi\/de\/wp-json\/wp\/v2\/media?parent=3833"}],"curies":[{"name":"wp","href":"https:\/\/api.w.org\/{rel}","templated":true}]}}