{"id":3827,"date":"2015-01-08T13:25:09","date_gmt":"2015-01-08T11:25:09","guid":{"rendered":"http:\/\/ala-talkkari.fi\/de\/?page_id=3827"},"modified":"2026-02-26T09:52:57","modified_gmt":"2026-02-26T07:52:57","slug":"einzelhaendler","status":"publish","type":"page","link":"https:\/\/ala-talkkari.fi\/de\/einzelhaendler\/","title":{"rendered":"Einzelh\u00e4ndler"},"content":{"rendered":"<h2>Einzelh\u00e4ndler<\/h2>\n<p>Veljekset Ala-Talkkari Oy\u2019s Vertriebsnetz betreut Sie in Finnland und im Ausland. In Finnland, HVAC Kaufleute (Dahl, Ahlsell, Onninen), lokale HVAC Gesch\u00e4fte und Agrimarkets im ganzen Land, werden Ihnen in heizungstechnischen Fragen betreuen. Agrimarkets in ganz Finnland stehen Ihnen in Sachen die Gel\u00e4ndepflegeger\u00e4te betreffen, zur Verf\u00fcgung&#8230;<\/p>\n<p><span id=\"result_box\" class=\"\" lang=\"de\">Im Folgenden finden Sie eine Liste der H\u00e4ndler im Inland <span class=\"\">als auch im Ausland<\/span>:<\/span><\/p>\n<p>________________________________<\/p>\n<p>Regioenergy GmbH ist ein Einzelh\u00e4ndler f\u00fcr Heizungsanlagen in der <span class=\"tlid-translation translation\" lang=\"de\"><span class=\"\" title=\"\">Deutschland<\/span><\/span>.<\/p>\n<p>Regioenergy GmbH<br \/>\nRiedweg 4<br \/>\n36211 Alheim-Baumbach<br \/>\nGERMANY \/ DEUTSCHLAND<br \/>\n+491715353024<br \/>\n<a href=\"http:\/\/www.regioenergy.eu\/\" target=\"_blank\" rel=\"noopener\">http:\/\/www.regioenergy.eu\/<\/a><br \/>\nsascha-dietz@gmx.net<\/p>\n<p>________________________________<br \/>\n<span data-olk-copy-source=\"MessageBody\">Daniel Lange Heizungsbau<\/span> ist ein Einzelh\u00e4ndler f\u00fcr Heizungsanlagen in der <span class=\"tlid-translation translation\" lang=\"de\"><span class=\"\" title=\"\">Deutschland<\/span><\/span>.<\/p>\n<p><span data-olk-copy-source=\"MessageBody\">Daniel Lange Heizungsbau<br \/>\n<\/span><span lang=\"DE\" data-olk-copy-source=\"MessageBody\">Luise Mewes Str 6<br \/>\n<\/span><span lang=\"DE\">39576 Stendal OT Insel<br \/>\n<\/span><span lang=\"DE\">GERMANY \/ DEUTSCHLAND<br \/>\n<\/span><span lang=\"DE\">+49&nbsp;160 96250847<br \/>\n<span data-olk-copy-source=\"MessageBody\">lange.insel@gmx.de<br \/>\n________________________________<br \/>\nGladow-P\u00e4tz GmbH &amp; Co.KG ist ein Einzelh\u00e4ndler f\u00fcr Heizungsanlagen in der <span class=\"tlid-translation translation\" lang=\"de\"><span class=\"\" title=\"\">Deutschland<\/span><\/span>.<br \/>\n<\/span><\/span><\/p>\n<p><span lang=\"DE\"><span data-olk-copy-source=\"MessageBody\">Gladow-P\u00e4tz GmbH &amp; Co.KG<br \/>\n<\/span><\/span><span lang=\"DE\" data-olk-copy-source=\"MessageBody\">Brennereistrasse 33<br \/>\n<\/span><span lang=\"DE\">39345 NEUENHOFE<br \/>\n<\/span><span lang=\"DE\">GERMANY \/ DEUTSCHLAND<br \/>\n<\/span><span lang=\"DE\">+49 171 9347611<br \/>\n<span data-olk-copy-source=\"MessageBody\">reneg@gladow-paetz.de<\/span><\/span><span lang=\"DE\"><span data-olk-copy-source=\"MessageBody\"><br \/>\n<\/span><\/span>________________________________<br \/>\nLT Energiteknik Ab is a retailer for heating equipment in Sweden.<\/p>\n<p>LT Energiteknik Ab<br \/>\nSt\u00e5lv\u00e4gen 9<br \/>\n931 36 Skellefte\u00e5<br \/>\nSVERIGE<br \/>\nTel: 010 492 40 00<br \/>\nFax: 010 492 40 90<br \/>\nE-Mail: info@energiteknik.net<br \/>\n<a href=\"http:\/\/www.energiteknik.net\" target=\"_blank\" rel=\"noopener noreferrer\">www.energiteknik.net<\/a><br \/>\n________________________________<\/p>\n<p>ENVIPLATE&nbsp;ist ein Einzelh\u00e4ndler f\u00fcr Heizungsanlagen in D\u00e4nemark.<\/p>\n<p>ENVIPLATE<br \/>\n\u00d8stergade 33<br \/>\nDK &#8211; 4140 Borup<br \/>\nDENMARK<br \/>\nTel: +45 40 30 78 05<a href=\"http:\/\/www.vetokedler.dk\"><br \/>\n<\/a>E-Mail: <a href=\"mailto:info@vetokedler.dk\">info@vetokedler.dk<\/a><br \/>\n<a href=\"http:\/\/www.vetokedler.dk\" target=\"_blank\" rel=\"noopener noreferrer\">www.vetokedler.dk<\/a><\/p>\n<p>________________________________<\/p>\n<p>Agri Partner O\u00dc ist ein Einzelh\u00e4ndler f\u00fcr Heizungsanlagen in Estland.<\/p>\n<p>Agri Partner O\u00fc<br \/>\nV\u00e4lja 3<br \/>\nSoinaste<br \/>\n61709 \u00dclenurme vald<br \/>\nTartumaa<br \/>\nESTONIA<br \/>\n+3727351041<br \/>\ninfo@agripartner.ee<br \/>\n<a href=\"http:\/\/www.agripartner.ee\" target=\"_blank\" rel=\"noopener noreferrer\">www.agripartner.ee<\/a><\/p>\n<p>_______________________________<br \/>\nDWD Service ist ein Einzelh\u00e4ndler f\u00fcr Heizungsanlagen in Niederlande.<\/p>\n<p>DWD Service<br \/>\nDamzijl 9<br \/>\n9101 PP Dokkum<br \/>\nNetherland<\/p>\n<p>+31519760709<br \/>\ninfo@dwdservice.nl<br \/>\n<a href=\"http:\/\/www.dwdservice.nl\" target=\"_blank\" rel=\"noopener\">www.dwdservice.nl<\/a><br \/>\n_______________________________<br \/>\n<span data-olk-copy-source=\"MessageBody\">JDA Pelletketelservice B.V.<\/span> ist ein Einzelh\u00e4ndler f\u00fcr Heizungsanlagen in Niederlande.<\/p>\n<p class=\"x_MsoNormal\"><span lang=\"EN-GB\" data-olk-copy-source=\"MessageBody\">JDA Pelletketelservice B.V.<br \/>\n<\/span><span lang=\"EN-GB\">Kwartellaan 7<br \/>\n3956 DK LEERSUM<br \/>\nNetherland<br \/>\nDirk Jan Aits<br \/>\n+31 6 39445208<br \/>\n<span data-olk-copy-source=\"MessageBody\">info@pelletketel.nl<\/span><\/span><\/p>\n<p>_______________________________<\/p>\n<p>Hallenstvedt ist ein Einzelh\u00e4ndler f\u00fcr Heizungsanlagen in Norwegen.<\/p>\n<p>Hallenstvedt<br \/>\nSegveien 6 &#8211; Sundland<br \/>\nsyd 3160 Stokke<br \/>\nNORGE<br \/>\nTel: 33 33 91 00 tai<br \/>\n414 70 0 90<br \/>\nFax: 33 33 92 00<br \/>\nE-Mail: post@hallenstvedt.no<br \/>\n<a href=\"http:\/\/www.hallenstvedt.no\" target=\"_blank\" rel=\"noopener\">www.hallenstvedt.no<\/a><br \/>\nhttps:\/\/www.facebook.com\/Hallenstvedt<\/p>\n<p>________________________________<\/p>\n<p>De la Haye Engineering Ltd. ist ein Einzelh\u00e4ndler f\u00fcr Heizungsanlagen in Gro\u00dfbritannien.<\/p>\n<p>de la Haye Engineering Ltd.<br \/>\nUnit 2<br \/>\nDuns Industrial Estate<br \/>\nStation Road<br \/>\nDuns<br \/>\nScottish Borders<br \/>\nTD11 3HS<br \/>\nTel\/Fax: +44(0)1361 884040<br \/>\nE-Mail: enquiries@delahaye-engineering.co.uk<br \/>\n<a href=\"http:\/\/www.woodfuelboilers.co.uk\" target=\"_blank\" rel=\"noopener noreferrer\">www.woodfuelboilers.co.uk<\/a><br \/>\n_______________________________<\/p>\n<p>ALK Nor As ist ein gemeinsames Unternehmen, das Schneefr\u00e4sen, Sandstreuer und Heuerntemaschinen in Norwegen vermarktet.<\/p>\n<p>ALK Nor As<br \/>\nAustadveien 46<br \/>\n3748 SILJAN<br \/>\nNORGE<br \/>\nTel: +47 911 12 053<br \/>\nE-Mail: olejakob@alknor.no<br \/>\n<a href=\"http:\/\/www.alk-nor.no\" target=\"_blank\" rel=\"noopener noreferrer\">www.alk-nor.no<\/a><br \/>\n_______________________________<\/p>\n<p>Da Canal Gilberto Maccihine Agricol ist ein Einzelh\u00e4ndler f\u00fcr Heizungsanlagen in Italien.<\/p>\n<p>Da Canal Gilberto Maccihine Agricol<br \/>\nVia Cavassico Inferiore 15\/B<br \/>\n32028 Trichiana<br \/>\nITALY<br \/>\nTel: 0437555002<br \/>\nFax: 0437555002<br \/>\nE-Mail: info@dacanal.com<br \/>\n<a href=\"http:\/\/www.dacanal.com\" target=\"_blank\" rel=\"noopener noreferrer\">www.dacanal.com<\/a><br \/>\n________________________________<\/p>\n<p>Ets Einschorn S.A ist ein Einzelh\u00e4ndler f\u00fcr Heizungsanlagen in Belgien.<\/p>\n<p>Ets Einschorn S.A<br \/>\nRue Saint-Roch 9<br \/>\n6767 Harnoncourt<br \/>\nBELGIUM<br \/>\nTel: +32(0)63 57 76 40<br \/>\nFax: +32(0)63 58 13 69<br \/>\nE-Mail: info@eischorn.be<br \/>\n<a href=\"http:\/\/www.eischorn.be\/\" target=\"_blank\" rel=\"noopener\">http:\/\/www.eischorn.be\/<\/a><\/p>\n<p>________________________________<\/p>\n<p>B.A. Robbins Repair ist ein Einzelh\u00e4ndler f\u00fcr Heizungsanlagen in den USA.<\/p>\n<p>B.A. Robbins Repair<br \/>\nMonson Ma<br \/>\nUnited States<br \/>\nTel: 01574132971636<\/p>\n<p>_______________________________<\/p>\n<p>DANICO Ltd. ist ein Einzelh\u00e4ndler f\u00fcr Heizungsanlagen in der Ukraine.<\/p>\n<p>Danico Ltd<br \/>\nIndustrialna street 33,<br \/>\n12301 Chernyakhiv,<br \/>\nZhytomyr region,<br \/>\nUKRAINE<br \/>\nTel: +380413443535<br \/>\nE-Mail: info@danico.com.ua<br \/>\n<a href=\"http:\/\/danico.com.ua\/\" target=\"_blank\" rel=\"noopener noreferrer\">http:\/\/danico.com.ua\/<\/a><\/p>\n<p>________________________________<\/p>\n<p>CNI-Ukraine is a retailer for heating equipment in Ukraine.<\/p>\n<p>CNI-Ukraine<br \/>\nNekrasova street, 3<br \/>\nZhytomyr region<br \/>\n12301 Chernyakhiv<br \/>\nUKRAINE<br \/>\nTel: +38 04134 48590<br \/>\nEmail: info@cni-ukraine.com<br \/>\n<a href=\"http:\/\/cni-ukraine.com\" target=\"_blank\" rel=\"noopener\">http:\/\/cni-ukraine.com<\/a><\/p>\n<p><strong>_______________________________<\/strong><\/p>\n<p>SIA Anna Assistance ist ein Einzelh\u00e4ndler f\u00fcr Heizungsanlagen in der <span id=\"result_box\" class=\"short_text\" lang=\"de\"><span class=\"\">Lettland<\/span><\/span>.<\/p>\n<p>SIA Anna Assistance<br \/>\nGSM: +37129455125<br \/>\nPhone.\/fax: +371 63022034<br \/>\nAtmodas iela 19-206,Jelgava,LV-3001<br \/>\nemail: <a href=\"mailto:office@anna-assistance.lv\">office@anna-assistance.lv<\/a><br \/>\n<a href=\"http:\/\/www.anna-assistance.lv\" target=\"_blank\" rel=\"noopener\">www.anna-assistance.lv<\/a><\/p>\n<p>_______________________________<\/p>\n<p>Piping Hot Cookers ist ein Einzelh\u00e4ndler f\u00fcr Heizungsanlagen in die <span id=\"result_box\" class=\"\" lang=\"de\"><span class=\"\">Gro\u00dfbritannien<\/span><\/span>.<\/p>\n<p>Piping Hot Cookers<br \/>\n23 Cottesbrooke Park<br \/>\nDaventry<br \/>\nNorthamptonhire<br \/>\nUnited Kingdom<br \/>\nNN11 8YL<br \/>\nPhone: 01327 307 130<br \/>\nInternational: +44 1327 307 130<br \/>\nEmail: <a href=\"mailto:sales@pipinghotstoves.com\">sales@pipinghotstoves.com<\/a><br \/>\n<a href=\"http:\/\/www.pipinghotstoves.com\/index.php\" target=\"_blank\" rel=\"noopener\">http:\/\/www.pipinghotstoves.com\/index.php<\/a><\/p>\n<p>_______________________________<\/p>\n<p>Energia3 ist ein Einzelh\u00e4ndler f\u00fcr Heizungsanlagen in der Spanien.<\/p>\n<p>Energia3 S.L.<br \/>\n<a href=\"http:\/\/www.energia3consultores.com\">www.energia3consultores.com<\/a><br \/>\ncontact@energia3consultores.com<br \/>\n+34 600 846 740<\/p>\n","protected":false},"excerpt":{"rendered":"<p>Einzelh\u00e4ndler Veljekset Ala-Talkkari Oy\u2019s Vertriebsnetz betreut Sie in Finnland und im Ausland. In Finnland, HVAC Kaufleute (Dahl, Ahlsell, Onninen), lokale HVAC Gesch\u00e4fte und Agrimarkets im ganzen Land, werden Ihnen in heizungstechnischen Fragen betreuen. Agrimarkets in ganz Finnland stehen Ihnen in Sachen die Gel\u00e4ndepflegeger\u00e4te betreffen, zur Verf\u00fcgung&#8230; Im Folgenden finden Sie eine Liste der H\u00e4ndler im [&hellip;]<\/p>\n","protected":false},"author":1,"featured_media":0,"parent":0,"menu_order":0,"comment_status":"closed","ping_status":"closed","template":"","meta":{"ngg_post_thumbnail":0,"footnotes":""},"class_list":["post-3827","page","type-page","status-publish","hentry"],"yoast_head":"<!-- This site is optimized with the Yoast SEO plugin v27.4 - https:\/\/yoast.com\/product\/yoast-seo-wordpress\/ -->\n<title>Einzelh\u00e4ndler - Veljekset Ala-Talkkari Oy<\/title>\n<meta name=\"robots\" content=\"index, follow, max-snippet:-1, max-image-preview:large, max-video-preview:-1\" \/>\n<link rel=\"canonical\" href=\"https:\/\/ala-talkkari.fi\/de\/einzelhaendler\/\" \/>\n<meta property=\"og:locale\" content=\"de_DE\" \/>\n<meta property=\"og:type\" content=\"article\" \/>\n<meta property=\"og:title\" content=\"Einzelh\u00e4ndler - Veljekset Ala-Talkkari Oy\" \/>\n<meta property=\"og:description\" content=\"Einzelh\u00e4ndler Veljekset Ala-Talkkari Oy\u2019s Vertriebsnetz betreut Sie in Finnland und im Ausland. In Finnland, HVAC Kaufleute (Dahl, Ahlsell, Onninen), lokale HVAC Gesch\u00e4fte und Agrimarkets im ganzen Land, werden Ihnen in heizungstechnischen Fragen betreuen. Agrimarkets in ganz Finnland stehen Ihnen in Sachen die Gel\u00e4ndepflegeger\u00e4te betreffen, zur Verf\u00fcgung&#8230; Im Folgenden finden Sie eine Liste der H\u00e4ndler im [&hellip;]\" \/>\n<meta property=\"og:url\" content=\"https:\/\/ala-talkkari.fi\/de\/einzelhaendler\/\" \/>\n<meta property=\"og:site_name\" content=\"Veljekset Ala-Talkkari Oy\" \/>\n<meta property=\"article:publisher\" content=\"https:\/\/www.facebook.com\/alatalkkari\" \/>\n<meta property=\"article:modified_time\" content=\"2026-02-26T07:52:57+00:00\" \/>\n<meta name=\"twitter:label1\" content=\"Gesch\u00e4tzte Lesezeit\" \/>\n\t<meta name=\"twitter:data1\" content=\"3\u00a0Minuten\" \/>\n<script type=\"application\/ld+json\" class=\"yoast-schema-graph\">{\"@context\":\"https:\\\/\\\/schema.org\",\"@graph\":[{\"@type\":\"WebPage\",\"@id\":\"https:\\\/\\\/ala-talkkari.fi\\\/de\\\/einzelhaendler\\\/\",\"url\":\"https:\\\/\\\/ala-talkkari.fi\\\/de\\\/einzelhaendler\\\/\",\"name\":\"Einzelh\u00e4ndler - Veljekset Ala-Talkkari Oy\",\"isPartOf\":{\"@id\":\"https:\\\/\\\/ala-talkkari.fi\\\/de\\\/#website\"},\"datePublished\":\"2015-01-08T11:25:09+00:00\",\"dateModified\":\"2026-02-26T07:52:57+00:00\",\"breadcrumb\":{\"@id\":\"https:\\\/\\\/ala-talkkari.fi\\\/de\\\/einzelhaendler\\\/#breadcrumb\"},\"inLanguage\":\"de\",\"potentialAction\":[{\"@type\":\"ReadAction\",\"target\":[\"https:\\\/\\\/ala-talkkari.fi\\\/de\\\/einzelhaendler\\\/\"]}]},{\"@type\":\"BreadcrumbList\",\"@id\":\"https:\\\/\\\/ala-talkkari.fi\\\/de\\\/einzelhaendler\\\/#breadcrumb\",\"itemListElement\":[{\"@type\":\"ListItem\",\"position\":1,\"name\":\"Home\",\"item\":\"https:\\\/\\\/ala-talkkari.fi\\\/de\\\/\"},{\"@type\":\"ListItem\",\"position\":2,\"name\":\"Einzelh\u00e4ndler\"}]},{\"@type\":\"WebSite\",\"@id\":\"https:\\\/\\\/ala-talkkari.fi\\\/de\\\/#website\",\"url\":\"https:\\\/\\\/ala-talkkari.fi\\\/de\\\/\",\"name\":\"Veljekset Ala-Talkkari Oy\",\"description\":\"Heizsysteme und Ger\u00e4te zur Landschaftspflege\",\"publisher\":{\"@id\":\"https:\\\/\\\/ala-talkkari.fi\\\/de\\\/#organization\"},\"potentialAction\":[{\"@type\":\"SearchAction\",\"target\":{\"@type\":\"EntryPoint\",\"urlTemplate\":\"https:\\\/\\\/ala-talkkari.fi\\\/de\\\/?s={search_term_string}\"},\"query-input\":{\"@type\":\"PropertyValueSpecification\",\"valueRequired\":true,\"valueName\":\"search_term_string\"}}],\"inLanguage\":\"de\"},{\"@type\":\"Organization\",\"@id\":\"https:\\\/\\\/ala-talkkari.fi\\\/de\\\/#organization\",\"name\":\"Veljekset Ala-Talkkari Oy\",\"url\":\"https:\\\/\\\/ala-talkkari.fi\\\/de\\\/\",\"logo\":{\"@type\":\"ImageObject\",\"inLanguage\":\"de\",\"@id\":\"https:\\\/\\\/ala-talkkari.fi\\\/de\\\/#\\\/schema\\\/logo\\\/image\\\/\",\"url\":\"https:\\\/\\\/ala-talkkari.fi\\\/wp-content\\\/uploads\\\/2020\\\/09\\\/lammitys-veto-ala-talkkari.png\",\"contentUrl\":\"https:\\\/\\\/ala-talkkari.fi\\\/wp-content\\\/uploads\\\/2020\\\/09\\\/lammitys-veto-ala-talkkari.png\",\"width\":751,\"height\":67,\"caption\":\"Veljekset Ala-Talkkari Oy\"},\"image\":{\"@id\":\"https:\\\/\\\/ala-talkkari.fi\\\/de\\\/#\\\/schema\\\/logo\\\/image\\\/\"},\"sameAs\":[\"https:\\\/\\\/www.facebook.com\\\/alatalkkari\",\"https:\\\/\\\/www.instagram.com\\\/veljeksetalatalkkarioy\\\/\",\"https:\\\/\\\/www.youtube.com\\\/c\\\/VeljeksetAlaTalkkariOy\"]}]}<\/script>\n<!-- \/ Yoast SEO plugin. -->","yoast_head_json":{"title":"Einzelh\u00e4ndler - Veljekset Ala-Talkkari Oy","robots":{"index":"index","follow":"follow","max-snippet":"max-snippet:-1","max-image-preview":"max-image-preview:large","max-video-preview":"max-video-preview:-1"},"canonical":"https:\/\/ala-talkkari.fi\/de\/einzelhaendler\/","og_locale":"de_DE","og_type":"article","og_title":"Einzelh\u00e4ndler - Veljekset Ala-Talkkari Oy","og_description":"Einzelh\u00e4ndler Veljekset Ala-Talkkari Oy\u2019s Vertriebsnetz betreut Sie in Finnland und im Ausland. In Finnland, HVAC Kaufleute (Dahl, Ahlsell, Onninen), lokale HVAC Gesch\u00e4fte und Agrimarkets im ganzen Land, werden Ihnen in heizungstechnischen Fragen betreuen. Agrimarkets in ganz Finnland stehen Ihnen in Sachen die Gel\u00e4ndepflegeger\u00e4te betreffen, zur Verf\u00fcgung&#8230; Im Folgenden finden Sie eine Liste der H\u00e4ndler im [&hellip;]","og_url":"https:\/\/ala-talkkari.fi\/de\/einzelhaendler\/","og_site_name":"Veljekset Ala-Talkkari Oy","article_publisher":"https:\/\/www.facebook.com\/alatalkkari","article_modified_time":"2026-02-26T07:52:57+00:00","twitter_misc":{"Gesch\u00e4tzte Lesezeit":"3\u00a0Minuten"},"schema":{"@context":"https:\/\/schema.org","@graph":[{"@type":"WebPage","@id":"https:\/\/ala-talkkari.fi\/de\/einzelhaendler\/","url":"https:\/\/ala-talkkari.fi\/de\/einzelhaendler\/","name":"Einzelh\u00e4ndler - Veljekset Ala-Talkkari Oy","isPartOf":{"@id":"https:\/\/ala-talkkari.fi\/de\/#website"},"datePublished":"2015-01-08T11:25:09+00:00","dateModified":"2026-02-26T07:52:57+00:00","breadcrumb":{"@id":"https:\/\/ala-talkkari.fi\/de\/einzelhaendler\/#breadcrumb"},"inLanguage":"de","potentialAction":[{"@type":"ReadAction","target":["https:\/\/ala-talkkari.fi\/de\/einzelhaendler\/"]}]},{"@type":"BreadcrumbList","@id":"https:\/\/ala-talkkari.fi\/de\/einzelhaendler\/#breadcrumb","itemListElement":[{"@type":"ListItem","position":1,"name":"Home","item":"https:\/\/ala-talkkari.fi\/de\/"},{"@type":"ListItem","position":2,"name":"Einzelh\u00e4ndler"}]},{"@type":"WebSite","@id":"https:\/\/ala-talkkari.fi\/de\/#website","url":"https:\/\/ala-talkkari.fi\/de\/","name":"Veljekset Ala-Talkkari Oy","description":"Heizsysteme und Ger\u00e4te zur Landschaftspflege","publisher":{"@id":"https:\/\/ala-talkkari.fi\/de\/#organization"},"potentialAction":[{"@type":"SearchAction","target":{"@type":"EntryPoint","urlTemplate":"https:\/\/ala-talkkari.fi\/de\/?s={search_term_string}"},"query-input":{"@type":"PropertyValueSpecification","valueRequired":true,"valueName":"search_term_string"}}],"inLanguage":"de"},{"@type":"Organization","@id":"https:\/\/ala-talkkari.fi\/de\/#organization","name":"Veljekset Ala-Talkkari Oy","url":"https:\/\/ala-talkkari.fi\/de\/","logo":{"@type":"ImageObject","inLanguage":"de","@id":"https:\/\/ala-talkkari.fi\/de\/#\/schema\/logo\/image\/","url":"https:\/\/ala-talkkari.fi\/wp-content\/uploads\/2020\/09\/lammitys-veto-ala-talkkari.png","contentUrl":"https:\/\/ala-talkkari.fi\/wp-content\/uploads\/2020\/09\/lammitys-veto-ala-talkkari.png","width":751,"height":67,"caption":"Veljekset Ala-Talkkari Oy"},"image":{"@id":"https:\/\/ala-talkkari.fi\/de\/#\/schema\/logo\/image\/"},"sameAs":["https:\/\/www.facebook.com\/alatalkkari","https:\/\/www.instagram.com\/veljeksetalatalkkarioy\/","https:\/\/www.youtube.com\/c\/VeljeksetAlaTalkkariOy"]}]}},"_links":{"self":[{"href":"https:\/\/ala-talkkari.fi\/de\/wp-json\/wp\/v2\/pages\/3827","targetHints":{"allow":["GET"]}}],"collection":[{"href":"https:\/\/ala-talkkari.fi\/de\/wp-json\/wp\/v2\/pages"}],"about":[{"href":"https:\/\/ala-talkkari.fi\/de\/wp-json\/wp\/v2\/types\/page"}],"author":[{"embeddable":true,"href":"https:\/\/ala-talkkari.fi\/de\/wp-json\/wp\/v2\/users\/1"}],"replies":[{"embeddable":true,"href":"https:\/\/ala-talkkari.fi\/de\/wp-json\/wp\/v2\/comments?post=3827"}],"version-history":[{"count":63,"href":"https:\/\/ala-talkkari.fi\/de\/wp-json\/wp\/v2\/pages\/3827\/revisions"}],"predecessor-version":[{"id":10210,"href":"https:\/\/ala-talkkari.fi\/de\/wp-json\/wp\/v2\/pages\/3827\/revisions\/10210"}],"wp:attachment":[{"href":"https:\/\/ala-talkkari.fi\/de\/wp-json\/wp\/v2\/media?parent=3827"}],"curies":[{"name":"wp","href":"https:\/\/api.w.org\/{rel}","templated":true}]}}