{"id":3818,"date":"2014-11-04T14:08:20","date_gmt":"2014-11-04T12:08:20","guid":{"rendered":"http:\/\/ala-talkkari.fi\/de\/?page_id=3818"},"modified":"2018-02-22T10:13:41","modified_gmt":"2018-02-22T08:13:41","slug":"mechanisierung","status":"publish","type":"page","link":"https:\/\/ala-talkkari.fi\/de\/mechanisierung\/","title":{"rendered":"Mechanisierung"},"content":{"rendered":"<h2>Mechanisierung in Form von Zulieferung mit einem modernen Maschinenbestand<\/h2>\n<p>AlaTalkkari als Zulieferant von Mechanisierung ist ein moderner Vertragshersteller in der Metallbranche. Wir haben uns darauf spezialisiert, Unternehmen zu dienen, die eine anspruchsvolle Mechanisierung ben\u00f6tigen. Die solide Erfahrung von 40 Jahren verkn\u00fcpft sich in unserer T\u00e4tigkeit mit modernen Arbeitsweisen und Ger\u00e4ten.<\/p>\n<p>Wir entwickeln uns weiter und investieren<\/p>\n<p>Wir m\u00f6chten den Herausforderungen und Erwartungen der Zukunft entsprechen. Daher entwickeln wir unsere T\u00e4tigkeit fortw\u00e4hrend weiter und nehmen aktiv Investitionen vor. Wir k\u00f6nnen den speziellen Bed\u00fcrfnissen unserer Kunden vielseitig und effizient entsprechen, da wir unseren Maschinenbestand fortw\u00e4hrend erneuern.<\/p>\n<p>&nbsp;<\/p>\n","protected":false},"excerpt":{"rendered":"<p>Mechanisierung in Form von Zulieferung mit einem modernen Maschinenbestand AlaTalkkari als Zulieferant von Mechanisierung ist ein moderner Vertragshersteller in der Metallbranche. Wir haben uns darauf spezialisiert, Unternehmen zu dienen, die eine anspruchsvolle Mechanisierung ben\u00f6tigen. Die solide Erfahrung von 40 Jahren verkn\u00fcpft sich in unserer T\u00e4tigkeit mit modernen Arbeitsweisen und Ger\u00e4ten. Wir entwickeln uns weiter und [&hellip;]<\/p>\n","protected":false},"author":1,"featured_media":0,"parent":0,"menu_order":0,"comment_status":"closed","ping_status":"closed","template":"","meta":{"ngg_post_thumbnail":0,"footnotes":""},"class_list":["post-3818","page","type-page","status-publish","hentry"],"yoast_head":"<!-- This site is optimized with the Yoast SEO plugin v27.5 - https:\/\/yoast.com\/product\/yoast-seo-wordpress\/ -->\n<title>Mechanisierung - Veljekset Ala-Talkkari Oy<\/title>\n<meta name=\"robots\" content=\"index, follow, max-snippet:-1, max-image-preview:large, max-video-preview:-1\" \/>\n<link rel=\"canonical\" href=\"https:\/\/ala-talkkari.fi\/de\/mechanisierung\/\" \/>\n<meta property=\"og:locale\" content=\"de_DE\" \/>\n<meta property=\"og:type\" content=\"article\" \/>\n<meta property=\"og:title\" content=\"Mechanisierung - Veljekset Ala-Talkkari Oy\" \/>\n<meta property=\"og:description\" content=\"Mechanisierung in Form von Zulieferung mit einem modernen Maschinenbestand AlaTalkkari als Zulieferant von Mechanisierung ist ein moderner Vertragshersteller in der Metallbranche. Wir haben uns darauf spezialisiert, Unternehmen zu dienen, die eine anspruchsvolle Mechanisierung ben\u00f6tigen. Die solide Erfahrung von 40 Jahren verkn\u00fcpft sich in unserer T\u00e4tigkeit mit modernen Arbeitsweisen und Ger\u00e4ten. Wir entwickeln uns weiter und [&hellip;]\" \/>\n<meta property=\"og:url\" content=\"https:\/\/ala-talkkari.fi\/de\/mechanisierung\/\" \/>\n<meta property=\"og:site_name\" content=\"Veljekset Ala-Talkkari Oy\" \/>\n<meta property=\"article:publisher\" content=\"https:\/\/www.facebook.com\/alatalkkari\" \/>\n<meta property=\"article:modified_time\" content=\"2018-02-22T08:13:41+00:00\" \/>\n<meta name=\"twitter:label1\" content=\"Gesch\u00e4tzte Lesezeit\" \/>\n\t<meta name=\"twitter:data1\" content=\"1\u00a0Minute\" \/>\n<script type=\"application\/ld+json\" class=\"yoast-schema-graph\">{\"@context\":\"https:\\\/\\\/schema.org\",\"@graph\":[{\"@type\":\"WebPage\",\"@id\":\"https:\\\/\\\/ala-talkkari.fi\\\/de\\\/mechanisierung\\\/\",\"url\":\"https:\\\/\\\/ala-talkkari.fi\\\/de\\\/mechanisierung\\\/\",\"name\":\"Mechanisierung - Veljekset Ala-Talkkari Oy\",\"isPartOf\":{\"@id\":\"https:\\\/\\\/ala-talkkari.fi\\\/de\\\/#website\"},\"datePublished\":\"2014-11-04T12:08:20+00:00\",\"dateModified\":\"2018-02-22T08:13:41+00:00\",\"breadcrumb\":{\"@id\":\"https:\\\/\\\/ala-talkkari.fi\\\/de\\\/mechanisierung\\\/#breadcrumb\"},\"inLanguage\":\"de\",\"potentialAction\":[{\"@type\":\"ReadAction\",\"target\":[\"https:\\\/\\\/ala-talkkari.fi\\\/de\\\/mechanisierung\\\/\"]}]},{\"@type\":\"BreadcrumbList\",\"@id\":\"https:\\\/\\\/ala-talkkari.fi\\\/de\\\/mechanisierung\\\/#breadcrumb\",\"itemListElement\":[{\"@type\":\"ListItem\",\"position\":1,\"name\":\"Home\",\"item\":\"https:\\\/\\\/ala-talkkari.fi\\\/de\\\/\"},{\"@type\":\"ListItem\",\"position\":2,\"name\":\"Mechanisierung\"}]},{\"@type\":\"WebSite\",\"@id\":\"https:\\\/\\\/ala-talkkari.fi\\\/de\\\/#website\",\"url\":\"https:\\\/\\\/ala-talkkari.fi\\\/de\\\/\",\"name\":\"Veljekset Ala-Talkkari Oy\",\"description\":\"Heizsysteme und Ger\u00e4te zur Landschaftspflege\",\"publisher\":{\"@id\":\"https:\\\/\\\/ala-talkkari.fi\\\/de\\\/#organization\"},\"potentialAction\":[{\"@type\":\"SearchAction\",\"target\":{\"@type\":\"EntryPoint\",\"urlTemplate\":\"https:\\\/\\\/ala-talkkari.fi\\\/de\\\/?s={search_term_string}\"},\"query-input\":{\"@type\":\"PropertyValueSpecification\",\"valueRequired\":true,\"valueName\":\"search_term_string\"}}],\"inLanguage\":\"de\"},{\"@type\":\"Organization\",\"@id\":\"https:\\\/\\\/ala-talkkari.fi\\\/de\\\/#organization\",\"name\":\"Veljekset Ala-Talkkari Oy\",\"url\":\"https:\\\/\\\/ala-talkkari.fi\\\/de\\\/\",\"logo\":{\"@type\":\"ImageObject\",\"inLanguage\":\"de\",\"@id\":\"https:\\\/\\\/ala-talkkari.fi\\\/de\\\/#\\\/schema\\\/logo\\\/image\\\/\",\"url\":\"https:\\\/\\\/ala-talkkari.fi\\\/wp-content\\\/uploads\\\/2020\\\/09\\\/lammitys-veto-ala-talkkari.png\",\"contentUrl\":\"https:\\\/\\\/ala-talkkari.fi\\\/wp-content\\\/uploads\\\/2020\\\/09\\\/lammitys-veto-ala-talkkari.png\",\"width\":751,\"height\":67,\"caption\":\"Veljekset Ala-Talkkari Oy\"},\"image\":{\"@id\":\"https:\\\/\\\/ala-talkkari.fi\\\/de\\\/#\\\/schema\\\/logo\\\/image\\\/\"},\"sameAs\":[\"https:\\\/\\\/www.facebook.com\\\/alatalkkari\",\"https:\\\/\\\/www.instagram.com\\\/veljeksetalatalkkarioy\\\/\",\"https:\\\/\\\/www.youtube.com\\\/c\\\/VeljeksetAlaTalkkariOy\"]}]}<\/script>\n<!-- \/ Yoast SEO plugin. -->","yoast_head_json":{"title":"Mechanisierung - Veljekset Ala-Talkkari Oy","robots":{"index":"index","follow":"follow","max-snippet":"max-snippet:-1","max-image-preview":"max-image-preview:large","max-video-preview":"max-video-preview:-1"},"canonical":"https:\/\/ala-talkkari.fi\/de\/mechanisierung\/","og_locale":"de_DE","og_type":"article","og_title":"Mechanisierung - Veljekset Ala-Talkkari Oy","og_description":"Mechanisierung in Form von Zulieferung mit einem modernen Maschinenbestand AlaTalkkari als Zulieferant von Mechanisierung ist ein moderner Vertragshersteller in der Metallbranche. Wir haben uns darauf spezialisiert, Unternehmen zu dienen, die eine anspruchsvolle Mechanisierung ben\u00f6tigen. Die solide Erfahrung von 40 Jahren verkn\u00fcpft sich in unserer T\u00e4tigkeit mit modernen Arbeitsweisen und Ger\u00e4ten. Wir entwickeln uns weiter und [&hellip;]","og_url":"https:\/\/ala-talkkari.fi\/de\/mechanisierung\/","og_site_name":"Veljekset Ala-Talkkari Oy","article_publisher":"https:\/\/www.facebook.com\/alatalkkari","article_modified_time":"2018-02-22T08:13:41+00:00","twitter_misc":{"Gesch\u00e4tzte Lesezeit":"1\u00a0Minute"},"schema":{"@context":"https:\/\/schema.org","@graph":[{"@type":"WebPage","@id":"https:\/\/ala-talkkari.fi\/de\/mechanisierung\/","url":"https:\/\/ala-talkkari.fi\/de\/mechanisierung\/","name":"Mechanisierung - Veljekset Ala-Talkkari Oy","isPartOf":{"@id":"https:\/\/ala-talkkari.fi\/de\/#website"},"datePublished":"2014-11-04T12:08:20+00:00","dateModified":"2018-02-22T08:13:41+00:00","breadcrumb":{"@id":"https:\/\/ala-talkkari.fi\/de\/mechanisierung\/#breadcrumb"},"inLanguage":"de","potentialAction":[{"@type":"ReadAction","target":["https:\/\/ala-talkkari.fi\/de\/mechanisierung\/"]}]},{"@type":"BreadcrumbList","@id":"https:\/\/ala-talkkari.fi\/de\/mechanisierung\/#breadcrumb","itemListElement":[{"@type":"ListItem","position":1,"name":"Home","item":"https:\/\/ala-talkkari.fi\/de\/"},{"@type":"ListItem","position":2,"name":"Mechanisierung"}]},{"@type":"WebSite","@id":"https:\/\/ala-talkkari.fi\/de\/#website","url":"https:\/\/ala-talkkari.fi\/de\/","name":"Veljekset Ala-Talkkari Oy","description":"Heizsysteme und Ger\u00e4te zur Landschaftspflege","publisher":{"@id":"https:\/\/ala-talkkari.fi\/de\/#organization"},"potentialAction":[{"@type":"SearchAction","target":{"@type":"EntryPoint","urlTemplate":"https:\/\/ala-talkkari.fi\/de\/?s={search_term_string}"},"query-input":{"@type":"PropertyValueSpecification","valueRequired":true,"valueName":"search_term_string"}}],"inLanguage":"de"},{"@type":"Organization","@id":"https:\/\/ala-talkkari.fi\/de\/#organization","name":"Veljekset Ala-Talkkari Oy","url":"https:\/\/ala-talkkari.fi\/de\/","logo":{"@type":"ImageObject","inLanguage":"de","@id":"https:\/\/ala-talkkari.fi\/de\/#\/schema\/logo\/image\/","url":"https:\/\/ala-talkkari.fi\/wp-content\/uploads\/2020\/09\/lammitys-veto-ala-talkkari.png","contentUrl":"https:\/\/ala-talkkari.fi\/wp-content\/uploads\/2020\/09\/lammitys-veto-ala-talkkari.png","width":751,"height":67,"caption":"Veljekset Ala-Talkkari Oy"},"image":{"@id":"https:\/\/ala-talkkari.fi\/de\/#\/schema\/logo\/image\/"},"sameAs":["https:\/\/www.facebook.com\/alatalkkari","https:\/\/www.instagram.com\/veljeksetalatalkkarioy\/","https:\/\/www.youtube.com\/c\/VeljeksetAlaTalkkariOy"]}]}},"_links":{"self":[{"href":"https:\/\/ala-talkkari.fi\/de\/wp-json\/wp\/v2\/pages\/3818","targetHints":{"allow":["GET"]}}],"collection":[{"href":"https:\/\/ala-talkkari.fi\/de\/wp-json\/wp\/v2\/pages"}],"about":[{"href":"https:\/\/ala-talkkari.fi\/de\/wp-json\/wp\/v2\/types\/page"}],"author":[{"embeddable":true,"href":"https:\/\/ala-talkkari.fi\/de\/wp-json\/wp\/v2\/users\/1"}],"replies":[{"embeddable":true,"href":"https:\/\/ala-talkkari.fi\/de\/wp-json\/wp\/v2\/comments?post=3818"}],"version-history":[{"count":4,"href":"https:\/\/ala-talkkari.fi\/de\/wp-json\/wp\/v2\/pages\/3818\/revisions"}],"predecessor-version":[{"id":5322,"href":"https:\/\/ala-talkkari.fi\/de\/wp-json\/wp\/v2\/pages\/3818\/revisions\/5322"}],"wp:attachment":[{"href":"https:\/\/ala-talkkari.fi\/de\/wp-json\/wp\/v2\/media?parent=3818"}],"curies":[{"name":"wp","href":"https:\/\/api.w.org\/{rel}","templated":true}]}}