{"id":3807,"date":"2014-11-19T14:48:58","date_gmt":"2014-11-19T12:48:58","guid":{"rendered":"http:\/\/ala-talkkari.fi\/de\/?page_id=3807"},"modified":"2024-10-31T16:01:20","modified_gmt":"2024-10-31T14:01:20","slug":"v-schneefrasen-mit-2-rohren-von-ala-talkkari","status":"publish","type":"page","link":"https:\/\/ala-talkkari.fi\/de\/v-schneefrasen-mit-2-rohren-von-ala-talkkari\/","title":{"rendered":"V-Schneefr\u00e4sen mit 2 Rohren von AlaTalkkari"},"content":{"rendered":"<h2>V-Schneefr\u00e4sen mit 2 Rohren von AlaTalkkari<\/h2>\n<p><img loading=\"lazy\" decoding=\"async\" class=\"alignnone wp-image-9070\" src=\"https:\/\/ala-talkkari.fi\/wp-content\/uploads\/2021\/09\/Avainlippu-TehtySuomMadeIn_Sin_rgb.png\" alt=\"\" width=\"153\" height=\"125\" srcset=\"https:\/\/ala-talkkari.fi\/wp-content\/uploads\/2021\/09\/Avainlippu-TehtySuomMadeIn_Sin_rgb.png 2167w, https:\/\/ala-talkkari.fi\/wp-content\/uploads\/2021\/09\/Avainlippu-TehtySuomMadeIn_Sin_rgb-300x245.png 300w, https:\/\/ala-talkkari.fi\/wp-content\/uploads\/2021\/09\/Avainlippu-TehtySuomMadeIn_Sin_rgb-1024x837.png 1024w, https:\/\/ala-talkkari.fi\/wp-content\/uploads\/2021\/09\/Avainlippu-TehtySuomMadeIn_Sin_rgb-768x628.png 768w, https:\/\/ala-talkkari.fi\/wp-content\/uploads\/2021\/09\/Avainlippu-TehtySuomMadeIn_Sin_rgb-1536x1256.png 1536w, https:\/\/ala-talkkari.fi\/wp-content\/uploads\/2021\/09\/Avainlippu-TehtySuomMadeIn_Sin_rgb-2048x1675.png 2048w, https:\/\/ala-talkkari.fi\/wp-content\/uploads\/2021\/09\/Avainlippu-TehtySuomMadeIn_Sin_rgb-600x491.png 600w\" sizes=\"auto, (max-width: 153px) 100vw, 153px\" \/><\/p>\n<h2>&nbsp;<strong>AT 241<\/strong><\/h2>\n<p><img loading=\"lazy\" decoding=\"async\" class=\"wp-image-9822 size-full alignnone\" src=\"https:\/\/ala-talkkari.fi\/wp-content\/uploads\/2024\/10\/Ala-Talkkari_AT241_1.png\" alt=\"Ala-Talkkari lumilinko AT241 \" width=\"2048\" height=\"1365\" srcset=\"https:\/\/ala-talkkari.fi\/wp-content\/uploads\/2024\/10\/Ala-Talkkari_AT241_1.png 2048w, https:\/\/ala-talkkari.fi\/wp-content\/uploads\/2024\/10\/Ala-Talkkari_AT241_1-300x200.png 300w, https:\/\/ala-talkkari.fi\/wp-content\/uploads\/2024\/10\/Ala-Talkkari_AT241_1-1024x683.png 1024w, https:\/\/ala-talkkari.fi\/wp-content\/uploads\/2024\/10\/Ala-Talkkari_AT241_1-768x512.png 768w, https:\/\/ala-talkkari.fi\/wp-content\/uploads\/2024\/10\/Ala-Talkkari_AT241_1-1536x1024.png 1536w, https:\/\/ala-talkkari.fi\/wp-content\/uploads\/2024\/10\/Ala-Talkkari_AT241_1-600x400.png 600w\" sizes=\"auto, (max-width: 2048px) 100vw, 2048px\" \/><\/p>\n<div style=\"background-color: #dfdfdf;\">\n<div style=\"padding: 10px;\">\n<p>Die Schneefr\u00e4se AT241 von AlaTalkkari ist ein Basismodell, das mit einer zweik\u00f6pfigen F\u00f6rderschnecke ausgestattet ist und deren Feuchtschneeeigenschaften die besten ihrer Gr\u00f6\u00dfenklasse sind. Von der Schneefr\u00e4se und ihrem Vorg\u00e4nger mit gleicher Basiskonstruktion sind bereits \u00fcber 15000 Stk. verkauft worden.<\/p>\n<p>[accordions id=&#8217;6889&#8242;]<\/p>\n<p><strong>Bilder von der Schneefr\u00e4se AT 241:<\/strong><\/p>\n<p><!-- default-view.php -->\n<div\n\tclass=\"ngg-galleryoverview default-view\n\t ngg-ajax-pagination-none\t\"\n\tid=\"ngg-gallery-23fe2ca9a65812520b450b3681093dbc-1\"\n\tdata-gallery-id=\"25\">\n\n\t\t<!-- Thumbnails -->\n\t\t\t\t<div id=\"ngg-image-0\" class=\"ngg-gallery-thumbnail-box\n\t\t\t\t\t\t\t\t\t\t\t\"\n\t\t\t>\n\t\t\t\t\t\t<div class=\"ngg-gallery-thumbnail\">\n\t\t\t<a href=\"https:\/\/ala-talkkari.fi\/wp-content\/gallery\/at-231\/IMG_7407.JPG\"\n\t\t\t\ttitle=\"\"\n\t\t\t\tdata-src=\"https:\/\/ala-talkkari.fi\/wp-content\/gallery\/at-231\/IMG_7407.JPG\"\n\t\t\t\tdata-thumbnail=\"https:\/\/ala-talkkari.fi\/wp-content\/gallery\/at-231\/thumbs\/thumbs_IMG_7407.JPG\"\n\t\t\t\tdata-image-id=\"492\"\n\t\t\t\tdata-title=\"linkoaminen traktorilla\"\n\t\t\t\tdata-description=\"\"\n\t\t\t\tdata-image-slug=\"img_7407\"\n\t\t\t\t\t\t\t\t\t\t\t\t\t\t\t\t\t\t\t\tclass='nextgen_pro_lightbox' data-nplmodal-gallery-id='23fe2ca9a65812520b450b3681093dbc'>\n\t\t\t\t\t\t\t\t<img\n\t\t\t\t\ttitle=\"linkoaminen traktorilla\"\n\t\t\t\t\talt=\"linkoaminen traktorilla\"\n\t\t\t\t\tsrc=\"https:\/\/ala-talkkari.fi\/wp-content\/gallery\/at-231\/thumbs\/thumbs_IMG_7407.JPG\"\n\t\t\t\t\twidth=\"120\"\n\t\t\t\t\theight=\"90\"\n\t\t\t\t\tstyle=\"max-width:100%;\"\n\t\t\t\t\/>\n\t\t\t<\/a>\n\t\t<\/div>\n\t\t\t\t\t\t\t<\/div>\n\t\t\t\n\t\t\t\t<div id=\"ngg-image-1\" class=\"ngg-gallery-thumbnail-box\n\t\t\t\t\t\t\t\t\t\t\t\"\n\t\t\t>\n\t\t\t\t\t\t<div class=\"ngg-gallery-thumbnail\">\n\t\t\t<a href=\"https:\/\/ala-talkkari.fi\/wp-content\/gallery\/at-231\/Ala-Talkkari_AT241_1.png\"\n\t\t\t\ttitle=\"\"\n\t\t\t\tdata-src=\"https:\/\/ala-talkkari.fi\/wp-content\/gallery\/at-231\/Ala-Talkkari_AT241_1.png\"\n\t\t\t\tdata-thumbnail=\"https:\/\/ala-talkkari.fi\/wp-content\/gallery\/at-231\/thumbs\/thumbs_Ala-Talkkari_AT241_1.png\"\n\t\t\t\tdata-image-id=\"695\"\n\t\t\t\tdata-title=\"Edullinen lumilinko\"\n\t\t\t\tdata-description=\"\"\n\t\t\t\tdata-image-slug=\"ala-talkkari_at241_1\"\n\t\t\t\t\t\t\t\t\t\t\t\t\t\t\t\t\t\t\t\tclass='nextgen_pro_lightbox' data-nplmodal-gallery-id='23fe2ca9a65812520b450b3681093dbc'>\n\t\t\t\t\t\t\t\t<img\n\t\t\t\t\ttitle=\"Edullinen lumilinko\"\n\t\t\t\t\talt=\"Edullinen lumilinko\"\n\t\t\t\t\tsrc=\"https:\/\/ala-talkkari.fi\/wp-content\/gallery\/at-231\/thumbs\/thumbs_Ala-Talkkari_AT241_1.png\"\n\t\t\t\t\twidth=\"120\"\n\t\t\t\t\theight=\"90\"\n\t\t\t\t\tstyle=\"max-width:100%;\"\n\t\t\t\t\/>\n\t\t\t<\/a>\n\t\t<\/div>\n\t\t\t\t\t\t\t<\/div>\n\t\t\t\n\t\t\t\t<div id=\"ngg-image-2\" class=\"ngg-gallery-thumbnail-box\n\t\t\t\t\t\t\t\t\t\t\t\"\n\t\t\t>\n\t\t\t\t\t\t<div class=\"ngg-gallery-thumbnail\">\n\t\t\t<a href=\"https:\/\/ala-talkkari.fi\/wp-content\/gallery\/at-231\/Ala-Talkkari_AT241_2.png\"\n\t\t\t\ttitle=\"\"\n\t\t\t\tdata-src=\"https:\/\/ala-talkkari.fi\/wp-content\/gallery\/at-231\/Ala-Talkkari_AT241_2.png\"\n\t\t\t\tdata-thumbnail=\"https:\/\/ala-talkkari.fi\/wp-content\/gallery\/at-231\/thumbs\/thumbs_Ala-Talkkari_AT241_2.png\"\n\t\t\t\tdata-image-id=\"696\"\n\t\t\t\tdata-title=\"Traktorik\u00e4ytt\u00f6inen lumilinko\"\n\t\t\t\tdata-description=\"\"\n\t\t\t\tdata-image-slug=\"ala-talkkari_at241_2\"\n\t\t\t\t\t\t\t\t\t\t\t\t\t\t\t\t\t\t\t\tclass='nextgen_pro_lightbox' data-nplmodal-gallery-id='23fe2ca9a65812520b450b3681093dbc'>\n\t\t\t\t\t\t\t\t<img\n\t\t\t\t\ttitle=\"Traktorik\u00e4ytt\u00f6inen lumilinko\"\n\t\t\t\t\talt=\"Traktorik\u00e4ytt\u00f6inen lumilinko\"\n\t\t\t\t\tsrc=\"https:\/\/ala-talkkari.fi\/wp-content\/gallery\/at-231\/thumbs\/thumbs_Ala-Talkkari_AT241_2.png\"\n\t\t\t\t\twidth=\"120\"\n\t\t\t\t\theight=\"90\"\n\t\t\t\t\tstyle=\"max-width:100%;\"\n\t\t\t\t\/>\n\t\t\t<\/a>\n\t\t<\/div>\n\t\t\t\t\t\t\t<\/div>\n\t\t\t\n\t\n\t<br style=\"clear: both\" \/>\n\n\t\n\t\t<!-- Pagination -->\n\t\t<div class='ngg-clear'><\/div>\t<\/div>\n<\/p>\n<\/div>\n<\/div>\n<p><strong>AT 251 2G<br \/>\n<\/strong><\/p>\n<p><img loading=\"lazy\" decoding=\"async\" class=\"alignleft wp-image-9830 size-full\" src=\"https:\/\/ala-talkkari.fi\/wp-content\/uploads\/2024\/10\/Ala-Talkkari_AT_251-2G-_white-background.png\" alt=\"Ala-Talkkari AT 251 2G\" width=\"2048\" height=\"1365\" srcset=\"https:\/\/ala-talkkari.fi\/wp-content\/uploads\/2024\/10\/Ala-Talkkari_AT_251-2G-_white-background.png 2048w, https:\/\/ala-talkkari.fi\/wp-content\/uploads\/2024\/10\/Ala-Talkkari_AT_251-2G-_white-background-300x200.png 300w, https:\/\/ala-talkkari.fi\/wp-content\/uploads\/2024\/10\/Ala-Talkkari_AT_251-2G-_white-background-1024x683.png 1024w, https:\/\/ala-talkkari.fi\/wp-content\/uploads\/2024\/10\/Ala-Talkkari_AT_251-2G-_white-background-768x512.png 768w, https:\/\/ala-talkkari.fi\/wp-content\/uploads\/2024\/10\/Ala-Talkkari_AT_251-2G-_white-background-1536x1024.png 1536w, https:\/\/ala-talkkari.fi\/wp-content\/uploads\/2024\/10\/Ala-Talkkari_AT_251-2G-_white-background-600x400.png 600w\" sizes=\"auto, (max-width: 2048px) 100vw, 2048px\" \/><\/p>\n<p>Starke Fr\u00e4senmodelle mit schwingenden Schaufeln f\u00fcr Auftragsarbeiten. Die Grundstruktur dieser Fr\u00e4sen ist seit dem Jahr 2002 in der Produktion, aber ihre technischen Details sind in Zusammenarbeit mit den Benutzern fortw\u00e4hrend verbessert worden. AT 251 ist ein Fr\u00e4senmodell mit direktem Antrieb, das mit 8 schwingenden Schaufeln sowie einem Wurffl\u00fcgelsystem mit einer unbeweglichen Schaufel ausgestattet ist. Die unbewegliche Schaufel ist bez\u00fcglich des Kraftstoffes eindeutig das kraftstoffg\u00fcnstigste Model mit Wurffl\u00fcgelsystem. AT 251 V ist hinsichtlich ihrer technischen Eigenschaften \u00e4hnlich, ist aber mit einem robusten, einheimischen Reduktionsgetriebe von Peurala ausgestattet. Dieses Getriebe ist auf dem einheimischen Fr\u00e4senmarkt das zuverl\u00e4ssigste Getriebemodell, das in Gebrauch ist.<\/p>\n<p>[accordions id=&#8217;6893&#8242;]<\/p>\n<p><strong>Bilder von der Schneefr\u00e4se AT 251 2G:<\/strong><\/p>\n<p>ngg_shortcode_0_placeholder<strong>AT 251 V 2G<br \/>\n<\/strong><\/p>\n<p><img loading=\"lazy\" decoding=\"async\" class=\"wp-image-9842 size-full alignnone\" src=\"https:\/\/ala-talkkari.fi\/wp-content\/uploads\/2024\/10\/Ala-Talkkari_AT_251-V-2G_white-background-2.png\" alt=\"Ala-Talkkari lumilinko AT251 V 2G\" width=\"2048\" height=\"1365\" srcset=\"https:\/\/ala-talkkari.fi\/wp-content\/uploads\/2024\/10\/Ala-Talkkari_AT_251-V-2G_white-background-2.png 2048w, https:\/\/ala-talkkari.fi\/wp-content\/uploads\/2024\/10\/Ala-Talkkari_AT_251-V-2G_white-background-2-300x200.png 300w, https:\/\/ala-talkkari.fi\/wp-content\/uploads\/2024\/10\/Ala-Talkkari_AT_251-V-2G_white-background-2-1024x683.png 1024w, https:\/\/ala-talkkari.fi\/wp-content\/uploads\/2024\/10\/Ala-Talkkari_AT_251-V-2G_white-background-2-768x512.png 768w, https:\/\/ala-talkkari.fi\/wp-content\/uploads\/2024\/10\/Ala-Talkkari_AT_251-V-2G_white-background-2-1536x1024.png 1536w, https:\/\/ala-talkkari.fi\/wp-content\/uploads\/2024\/10\/Ala-Talkkari_AT_251-V-2G_white-background-2-600x400.png 600w\" sizes=\"auto, (max-width: 2048px) 100vw, 2048px\" \/><\/p>\n<div style=\"background-color: #dfdfdf;\">\n<div style=\"padding: 10px;\">[accordions id=&#8217;6896&#8242;]<strong>Bilder von der Schneefr\u00e4se AT 251 V 2G:<\/strong><\/p>\nngg_shortcode_1_placeholder<\/div>\n<\/div>\n<p>&nbsp;<\/p>\n<p>&nbsp;<\/p>\n<p>&nbsp;<\/p>\n<p>&nbsp;<\/p>\n<p>&nbsp;<\/p>\n","protected":false},"excerpt":{"rendered":"<p>V-Schneefr\u00e4sen mit 2 Rohren von AlaTalkkari &nbsp;AT 241 Die Schneefr\u00e4se AT241 von AlaTalkkari ist ein Basismodell, das mit einer zweik\u00f6pfigen F\u00f6rderschnecke ausgestattet ist und deren Feuchtschneeeigenschaften die besten ihrer Gr\u00f6\u00dfenklasse sind. Von der Schneefr\u00e4se und ihrem Vorg\u00e4nger mit gleicher Basiskonstruktion sind bereits \u00fcber 15000 Stk. verkauft worden. [accordions id=&#8217;6889&#8242;] Bilder von der Schneefr\u00e4se AT 241: [&hellip;]<\/p>\n","protected":false},"author":1,"featured_media":0,"parent":0,"menu_order":0,"comment_status":"closed","ping_status":"closed","template":"","meta":{"ngg_post_thumbnail":0,"footnotes":""},"class_list":["post-3807","page","type-page","status-publish","hentry"],"yoast_head":"<!-- This site is optimized with the Yoast SEO plugin v27.4 - https:\/\/yoast.com\/product\/yoast-seo-wordpress\/ -->\n<title>V-Schneefr\u00e4sen mit 2 Rohren von AlaTalkkari - Veljekset Ala-Talkkari Oy<\/title>\n<meta name=\"robots\" content=\"index, follow, max-snippet:-1, max-image-preview:large, max-video-preview:-1\" \/>\n<link rel=\"canonical\" href=\"https:\/\/ala-talkkari.fi\/de\/v-schneefrasen-mit-2-rohren-von-ala-talkkari\/\" \/>\n<meta property=\"og:locale\" content=\"de_DE\" \/>\n<meta property=\"og:type\" content=\"article\" \/>\n<meta property=\"og:title\" content=\"V-Schneefr\u00e4sen mit 2 Rohren von AlaTalkkari - Veljekset Ala-Talkkari Oy\" \/>\n<meta property=\"og:description\" content=\"V-Schneefr\u00e4sen mit 2 Rohren von AlaTalkkari &nbsp;AT 241 Die Schneefr\u00e4se AT241 von AlaTalkkari ist ein Basismodell, das mit einer zweik\u00f6pfigen F\u00f6rderschnecke ausgestattet ist und deren Feuchtschneeeigenschaften die besten ihrer Gr\u00f6\u00dfenklasse sind. Von der Schneefr\u00e4se und ihrem Vorg\u00e4nger mit gleicher Basiskonstruktion sind bereits \u00fcber 15000 Stk. verkauft worden. [accordions id=&#8217;6889&#8242;] Bilder von der Schneefr\u00e4se AT 241: [&hellip;]\" \/>\n<meta property=\"og:url\" content=\"https:\/\/ala-talkkari.fi\/de\/v-schneefrasen-mit-2-rohren-von-ala-talkkari\/\" \/>\n<meta property=\"og:site_name\" content=\"Veljekset Ala-Talkkari Oy\" \/>\n<meta property=\"article:publisher\" content=\"https:\/\/www.facebook.com\/alatalkkari\" \/>\n<meta property=\"article:modified_time\" content=\"2024-10-31T14:01:20+00:00\" \/>\n<meta property=\"og:image\" content=\"https:\/\/ala-talkkari.fi\/wp-content\/uploads\/2021\/09\/Avainlippu-TehtySuomMadeIn_Sin_rgb.png\" \/>\n<meta name=\"twitter:label1\" content=\"Gesch\u00e4tzte Lesezeit\" \/>\n\t<meta name=\"twitter:data1\" content=\"1\u00a0Minute\" \/>\n<script type=\"application\/ld+json\" class=\"yoast-schema-graph\">{\"@context\":\"https:\\\/\\\/schema.org\",\"@graph\":[{\"@type\":\"WebPage\",\"@id\":\"https:\\\/\\\/ala-talkkari.fi\\\/de\\\/v-schneefrasen-mit-2-rohren-von-ala-talkkari\\\/\",\"url\":\"https:\\\/\\\/ala-talkkari.fi\\\/de\\\/v-schneefrasen-mit-2-rohren-von-ala-talkkari\\\/\",\"name\":\"V-Schneefr\u00e4sen mit 2 Rohren von AlaTalkkari - Veljekset Ala-Talkkari Oy\",\"isPartOf\":{\"@id\":\"https:\\\/\\\/ala-talkkari.fi\\\/de\\\/#website\"},\"primaryImageOfPage\":{\"@id\":\"https:\\\/\\\/ala-talkkari.fi\\\/de\\\/v-schneefrasen-mit-2-rohren-von-ala-talkkari\\\/#primaryimage\"},\"image\":{\"@id\":\"https:\\\/\\\/ala-talkkari.fi\\\/de\\\/v-schneefrasen-mit-2-rohren-von-ala-talkkari\\\/#primaryimage\"},\"thumbnailUrl\":\"https:\\\/\\\/ala-talkkari.fi\\\/wp-content\\\/uploads\\\/2021\\\/09\\\/Avainlippu-TehtySuomMadeIn_Sin_rgb.png\",\"datePublished\":\"2014-11-19T12:48:58+00:00\",\"dateModified\":\"2024-10-31T14:01:20+00:00\",\"breadcrumb\":{\"@id\":\"https:\\\/\\\/ala-talkkari.fi\\\/de\\\/v-schneefrasen-mit-2-rohren-von-ala-talkkari\\\/#breadcrumb\"},\"inLanguage\":\"de\",\"potentialAction\":[{\"@type\":\"ReadAction\",\"target\":[\"https:\\\/\\\/ala-talkkari.fi\\\/de\\\/v-schneefrasen-mit-2-rohren-von-ala-talkkari\\\/\"]}]},{\"@type\":\"ImageObject\",\"inLanguage\":\"de\",\"@id\":\"https:\\\/\\\/ala-talkkari.fi\\\/de\\\/v-schneefrasen-mit-2-rohren-von-ala-talkkari\\\/#primaryimage\",\"url\":\"https:\\\/\\\/ala-talkkari.fi\\\/wp-content\\\/uploads\\\/2021\\\/09\\\/Avainlippu-TehtySuomMadeIn_Sin_rgb.png\",\"contentUrl\":\"https:\\\/\\\/ala-talkkari.fi\\\/wp-content\\\/uploads\\\/2021\\\/09\\\/Avainlippu-TehtySuomMadeIn_Sin_rgb.png\"},{\"@type\":\"BreadcrumbList\",\"@id\":\"https:\\\/\\\/ala-talkkari.fi\\\/de\\\/v-schneefrasen-mit-2-rohren-von-ala-talkkari\\\/#breadcrumb\",\"itemListElement\":[{\"@type\":\"ListItem\",\"position\":1,\"name\":\"Home\",\"item\":\"https:\\\/\\\/ala-talkkari.fi\\\/de\\\/\"},{\"@type\":\"ListItem\",\"position\":2,\"name\":\"V-Schneefr\u00e4sen mit 2 Rohren von AlaTalkkari\"}]},{\"@type\":\"WebSite\",\"@id\":\"https:\\\/\\\/ala-talkkari.fi\\\/de\\\/#website\",\"url\":\"https:\\\/\\\/ala-talkkari.fi\\\/de\\\/\",\"name\":\"Veljekset Ala-Talkkari Oy\",\"description\":\"Heizsysteme und Ger\u00e4te zur Landschaftspflege\",\"publisher\":{\"@id\":\"https:\\\/\\\/ala-talkkari.fi\\\/de\\\/#organization\"},\"potentialAction\":[{\"@type\":\"SearchAction\",\"target\":{\"@type\":\"EntryPoint\",\"urlTemplate\":\"https:\\\/\\\/ala-talkkari.fi\\\/de\\\/?s={search_term_string}\"},\"query-input\":{\"@type\":\"PropertyValueSpecification\",\"valueRequired\":true,\"valueName\":\"search_term_string\"}}],\"inLanguage\":\"de\"},{\"@type\":\"Organization\",\"@id\":\"https:\\\/\\\/ala-talkkari.fi\\\/de\\\/#organization\",\"name\":\"Veljekset Ala-Talkkari Oy\",\"url\":\"https:\\\/\\\/ala-talkkari.fi\\\/de\\\/\",\"logo\":{\"@type\":\"ImageObject\",\"inLanguage\":\"de\",\"@id\":\"https:\\\/\\\/ala-talkkari.fi\\\/de\\\/#\\\/schema\\\/logo\\\/image\\\/\",\"url\":\"https:\\\/\\\/ala-talkkari.fi\\\/wp-content\\\/uploads\\\/2020\\\/09\\\/lammitys-veto-ala-talkkari.png\",\"contentUrl\":\"https:\\\/\\\/ala-talkkari.fi\\\/wp-content\\\/uploads\\\/2020\\\/09\\\/lammitys-veto-ala-talkkari.png\",\"width\":751,\"height\":67,\"caption\":\"Veljekset Ala-Talkkari Oy\"},\"image\":{\"@id\":\"https:\\\/\\\/ala-talkkari.fi\\\/de\\\/#\\\/schema\\\/logo\\\/image\\\/\"},\"sameAs\":[\"https:\\\/\\\/www.facebook.com\\\/alatalkkari\",\"https:\\\/\\\/www.instagram.com\\\/veljeksetalatalkkarioy\\\/\",\"https:\\\/\\\/www.youtube.com\\\/c\\\/VeljeksetAlaTalkkariOy\"]}]}<\/script>\n<!-- \/ Yoast SEO plugin. -->","yoast_head_json":{"title":"V-Schneefr\u00e4sen mit 2 Rohren von AlaTalkkari - Veljekset Ala-Talkkari Oy","robots":{"index":"index","follow":"follow","max-snippet":"max-snippet:-1","max-image-preview":"max-image-preview:large","max-video-preview":"max-video-preview:-1"},"canonical":"https:\/\/ala-talkkari.fi\/de\/v-schneefrasen-mit-2-rohren-von-ala-talkkari\/","og_locale":"de_DE","og_type":"article","og_title":"V-Schneefr\u00e4sen mit 2 Rohren von AlaTalkkari - Veljekset Ala-Talkkari Oy","og_description":"V-Schneefr\u00e4sen mit 2 Rohren von AlaTalkkari &nbsp;AT 241 Die Schneefr\u00e4se AT241 von AlaTalkkari ist ein Basismodell, das mit einer zweik\u00f6pfigen F\u00f6rderschnecke ausgestattet ist und deren Feuchtschneeeigenschaften die besten ihrer Gr\u00f6\u00dfenklasse sind. Von der Schneefr\u00e4se und ihrem Vorg\u00e4nger mit gleicher Basiskonstruktion sind bereits \u00fcber 15000 Stk. verkauft worden. [accordions id=&#8217;6889&#8242;] Bilder von der Schneefr\u00e4se AT 241: [&hellip;]","og_url":"https:\/\/ala-talkkari.fi\/de\/v-schneefrasen-mit-2-rohren-von-ala-talkkari\/","og_site_name":"Veljekset Ala-Talkkari Oy","article_publisher":"https:\/\/www.facebook.com\/alatalkkari","article_modified_time":"2024-10-31T14:01:20+00:00","og_image":[{"url":"https:\/\/ala-talkkari.fi\/wp-content\/uploads\/2021\/09\/Avainlippu-TehtySuomMadeIn_Sin_rgb.png","type":"","width":"","height":""}],"twitter_misc":{"Gesch\u00e4tzte Lesezeit":"1\u00a0Minute"},"schema":{"@context":"https:\/\/schema.org","@graph":[{"@type":"WebPage","@id":"https:\/\/ala-talkkari.fi\/de\/v-schneefrasen-mit-2-rohren-von-ala-talkkari\/","url":"https:\/\/ala-talkkari.fi\/de\/v-schneefrasen-mit-2-rohren-von-ala-talkkari\/","name":"V-Schneefr\u00e4sen mit 2 Rohren von AlaTalkkari - Veljekset Ala-Talkkari Oy","isPartOf":{"@id":"https:\/\/ala-talkkari.fi\/de\/#website"},"primaryImageOfPage":{"@id":"https:\/\/ala-talkkari.fi\/de\/v-schneefrasen-mit-2-rohren-von-ala-talkkari\/#primaryimage"},"image":{"@id":"https:\/\/ala-talkkari.fi\/de\/v-schneefrasen-mit-2-rohren-von-ala-talkkari\/#primaryimage"},"thumbnailUrl":"https:\/\/ala-talkkari.fi\/wp-content\/uploads\/2021\/09\/Avainlippu-TehtySuomMadeIn_Sin_rgb.png","datePublished":"2014-11-19T12:48:58+00:00","dateModified":"2024-10-31T14:01:20+00:00","breadcrumb":{"@id":"https:\/\/ala-talkkari.fi\/de\/v-schneefrasen-mit-2-rohren-von-ala-talkkari\/#breadcrumb"},"inLanguage":"de","potentialAction":[{"@type":"ReadAction","target":["https:\/\/ala-talkkari.fi\/de\/v-schneefrasen-mit-2-rohren-von-ala-talkkari\/"]}]},{"@type":"ImageObject","inLanguage":"de","@id":"https:\/\/ala-talkkari.fi\/de\/v-schneefrasen-mit-2-rohren-von-ala-talkkari\/#primaryimage","url":"https:\/\/ala-talkkari.fi\/wp-content\/uploads\/2021\/09\/Avainlippu-TehtySuomMadeIn_Sin_rgb.png","contentUrl":"https:\/\/ala-talkkari.fi\/wp-content\/uploads\/2021\/09\/Avainlippu-TehtySuomMadeIn_Sin_rgb.png"},{"@type":"BreadcrumbList","@id":"https:\/\/ala-talkkari.fi\/de\/v-schneefrasen-mit-2-rohren-von-ala-talkkari\/#breadcrumb","itemListElement":[{"@type":"ListItem","position":1,"name":"Home","item":"https:\/\/ala-talkkari.fi\/de\/"},{"@type":"ListItem","position":2,"name":"V-Schneefr\u00e4sen mit 2 Rohren von AlaTalkkari"}]},{"@type":"WebSite","@id":"https:\/\/ala-talkkari.fi\/de\/#website","url":"https:\/\/ala-talkkari.fi\/de\/","name":"Veljekset Ala-Talkkari Oy","description":"Heizsysteme und Ger\u00e4te zur Landschaftspflege","publisher":{"@id":"https:\/\/ala-talkkari.fi\/de\/#organization"},"potentialAction":[{"@type":"SearchAction","target":{"@type":"EntryPoint","urlTemplate":"https:\/\/ala-talkkari.fi\/de\/?s={search_term_string}"},"query-input":{"@type":"PropertyValueSpecification","valueRequired":true,"valueName":"search_term_string"}}],"inLanguage":"de"},{"@type":"Organization","@id":"https:\/\/ala-talkkari.fi\/de\/#organization","name":"Veljekset Ala-Talkkari Oy","url":"https:\/\/ala-talkkari.fi\/de\/","logo":{"@type":"ImageObject","inLanguage":"de","@id":"https:\/\/ala-talkkari.fi\/de\/#\/schema\/logo\/image\/","url":"https:\/\/ala-talkkari.fi\/wp-content\/uploads\/2020\/09\/lammitys-veto-ala-talkkari.png","contentUrl":"https:\/\/ala-talkkari.fi\/wp-content\/uploads\/2020\/09\/lammitys-veto-ala-talkkari.png","width":751,"height":67,"caption":"Veljekset Ala-Talkkari Oy"},"image":{"@id":"https:\/\/ala-talkkari.fi\/de\/#\/schema\/logo\/image\/"},"sameAs":["https:\/\/www.facebook.com\/alatalkkari","https:\/\/www.instagram.com\/veljeksetalatalkkarioy\/","https:\/\/www.youtube.com\/c\/VeljeksetAlaTalkkariOy"]}]}},"_links":{"self":[{"href":"https:\/\/ala-talkkari.fi\/de\/wp-json\/wp\/v2\/pages\/3807","targetHints":{"allow":["GET"]}}],"collection":[{"href":"https:\/\/ala-talkkari.fi\/de\/wp-json\/wp\/v2\/pages"}],"about":[{"href":"https:\/\/ala-talkkari.fi\/de\/wp-json\/wp\/v2\/types\/page"}],"author":[{"embeddable":true,"href":"https:\/\/ala-talkkari.fi\/de\/wp-json\/wp\/v2\/users\/1"}],"replies":[{"embeddable":true,"href":"https:\/\/ala-talkkari.fi\/de\/wp-json\/wp\/v2\/comments?post=3807"}],"version-history":[{"count":28,"href":"https:\/\/ala-talkkari.fi\/de\/wp-json\/wp\/v2\/pages\/3807\/revisions"}],"predecessor-version":[{"id":9860,"href":"https:\/\/ala-talkkari.fi\/de\/wp-json\/wp\/v2\/pages\/3807\/revisions\/9860"}],"wp:attachment":[{"href":"https:\/\/ala-talkkari.fi\/de\/wp-json\/wp\/v2\/media?parent=3807"}],"curies":[{"name":"wp","href":"https:\/\/api.w.org\/{rel}","templated":true}]}}