{"id":3796,"date":"2014-11-04T14:42:38","date_gmt":"2014-11-04T12:42:38","guid":{"rendered":"http:\/\/ala-talkkari.fi\/de\/?page_id=3796"},"modified":"2020-09-17T14:47:34","modified_gmt":"2020-09-17T11:47:34","slug":"hackgutkessel","status":"publish","type":"page","link":"https:\/\/ala-talkkari.fi\/de\/hackgutkessel\/","title":{"rendered":"Hackgutkessel"},"content":{"rendered":"<h1>VETO-hackgutkessel<\/h1>\n<p>Das Heizen mit einem VETO-hackgutkessel ist nat\u00fcrliches Heizen. Die VETO-Hackgutkessel sind effiziente, wirtschaftliche, einfach zu bedienende und umweltfreundliche Zentralheizkessel, die speziell daf\u00fcr entwickelt worden sind, gemeinsam mit den VETO-Biobrennapparaten f\u00fcr feste Brennstoffe (u. a. Hackschnitzel, Torf, Pellets) zu funktionieren. Der Leistungsbereich der Kesselkollektion liegt bei 30 &#8211; 990 kW. Bei den VETO-Stokerkesseln wird eine vertikale W\u00e4rme\u00fcbertragung angewandt, die die Reinigungsintervalle des Kessels deutlich verl\u00e4ngert. Die gro\u00dfen Feuerkammern der Kessel sind extra f\u00fcr Biobrennstoffe entwickelt worden. Die Wartung, die Schornsteinreinigung und die Inspektionsluken sind benutzerfreundlich entwickelt worden. Auch die H\u00e4ndigkeit kann vom Kunden frei gew\u00e4hlt werden (z. B. Brennerkopf links, rechts oder vorne). F\u00fcr die Kessel sind sowohl fest montierte als auch bewegliche Brennerk\u00f6pfe (Brenner) erh\u00e4ltlich.<\/p>\n<p>&nbsp;<\/p>\n<p><img loading=\"lazy\" decoding=\"async\" class=\"alignnone wp-image-8435\" src=\"https:\/\/ala-talkkari.fi\/wp-content\/uploads\/2020\/09\/hackgutkessel-veto.jpg\" alt=\"\" width=\"100\" height=\"30\" srcset=\"https:\/\/ala-talkkari.fi\/wp-content\/uploads\/2020\/09\/hackgutkessel-veto.jpg 991w, https:\/\/ala-talkkari.fi\/wp-content\/uploads\/2020\/09\/hackgutkessel-veto-300x90.jpg 300w, https:\/\/ala-talkkari.fi\/wp-content\/uploads\/2020\/09\/hackgutkessel-veto-768x230.jpg 768w, https:\/\/ala-talkkari.fi\/wp-content\/uploads\/2020\/09\/hackgutkessel-veto-600x180.jpg 600w\" sizes=\"auto, (max-width: 100px) 100vw, 100px\" \/>&nbsp;<\/p>\n<p><img loading=\"lazy\" decoding=\"async\" class=\"alignright wp-image-8449\" title=\"Hackgutkessel - Veto 700 kW aus Finnland\" src=\"https:\/\/ala-talkkari.fi\/wp-content\/uploads\/2020\/09\/biomasse-kessel-700-kw.jpg\" alt=\"Hackschnitzelkessel - Veto 700 kW\" width=\"703\" height=\"500\" srcset=\"https:\/\/ala-talkkari.fi\/wp-content\/uploads\/2020\/09\/biomasse-kessel-700-kw.jpg 1024w, https:\/\/ala-talkkari.fi\/wp-content\/uploads\/2020\/09\/biomasse-kessel-700-kw-300x213.jpg 300w, https:\/\/ala-talkkari.fi\/wp-content\/uploads\/2020\/09\/biomasse-kessel-700-kw-768x546.jpg 768w, https:\/\/ala-talkkari.fi\/wp-content\/uploads\/2020\/09\/biomasse-kessel-700-kw-600x427.jpg 600w\" sizes=\"auto, (max-width: 703px) 100vw, 703px\" \/><\/p>\n<p><img loading=\"lazy\" decoding=\"async\" class=\"alignnone wp-image-8444\" title=\"Hackschnitzelkessel - Veto 60 kW\" src=\"https:\/\/ala-talkkari.fi\/wp-content\/uploads\/2020\/09\/hachschnitzelkessel-veto-60.jpg\" alt=\"Hackgutkessel - Veto 60 kW\" width=\"441\" height=\"600\" srcset=\"https:\/\/ala-talkkari.fi\/wp-content\/uploads\/2020\/09\/hachschnitzelkessel-veto-60.jpg 753w, https:\/\/ala-talkkari.fi\/wp-content\/uploads\/2020\/09\/hachschnitzelkessel-veto-60-221x300.jpg 221w, https:\/\/ala-talkkari.fi\/wp-content\/uploads\/2020\/09\/hachschnitzelkessel-veto-60-600x816.jpg 600w\" sizes=\"auto, (max-width: 441px) 100vw, 441px\" \/><\/p>\n<p><strong>Lesen\/downloaden Sie die Brosch\u00fcre f\u00fcr die Veto Biomasseheizungsanlagen:<\/strong><\/p>\n<p><a href=\"https:\/\/drive.google.com\/file\/d\/1WqUz7gOU2X6bt1pS5COA4aEjPGLuqYG_\/view?usp=sharing\" target=\"_blank\" rel=\"noopener noreferrer\"><img loading=\"lazy\" decoding=\"async\" class=\"alignnone wp-image-7524\" src=\"https:\/\/ala-talkkari.fi\/wp-content\/uploads\/2020\/02\/l\u00e4mmityslaite-esite_DE_2019_etusivu-213x300.png\" alt=\"\" width=\"142\" height=\"200\" srcset=\"https:\/\/ala-talkkari.fi\/wp-content\/uploads\/2020\/02\/l\u00e4mmityslaite-esite_DE_2019_etusivu-213x300.png 213w, https:\/\/ala-talkkari.fi\/wp-content\/uploads\/2020\/02\/l\u00e4mmityslaite-esite_DE_2019_etusivu-600x844.png 600w, https:\/\/ala-talkkari.fi\/wp-content\/uploads\/2020\/02\/l\u00e4mmityslaite-esite_DE_2019_etusivu.png 658w\" sizes=\"auto, (max-width: 142px) 100vw, 142px\" \/><\/a><\/p>\n","protected":false},"excerpt":{"rendered":"<p>VETO-hackgutkessel Das Heizen mit einem VETO-hackgutkessel ist nat\u00fcrliches Heizen. Die VETO-Hackgutkessel sind effiziente, wirtschaftliche, einfach zu bedienende und umweltfreundliche Zentralheizkessel, die speziell daf\u00fcr entwickelt worden sind, gemeinsam mit den VETO-Biobrennapparaten f\u00fcr feste Brennstoffe (u. a. Hackschnitzel, Torf, Pellets) zu funktionieren. Der Leistungsbereich der Kesselkollektion liegt bei 30 &#8211; 990 kW. Bei den VETO-Stokerkesseln wird eine [&hellip;]<\/p>\n","protected":false},"author":1,"featured_media":0,"parent":0,"menu_order":0,"comment_status":"closed","ping_status":"closed","template":"","meta":{"ngg_post_thumbnail":0,"footnotes":""},"class_list":["post-3796","page","type-page","status-publish","hentry"],"yoast_head":"<!-- This site is optimized with the Yoast SEO plugin v27.4 - https:\/\/yoast.com\/product\/yoast-seo-wordpress\/ -->\n<title>Veto-Hackgutkessel 30 - 990 kW von Ala-Talkkari.<\/title>\n<meta name=\"description\" content=\"Veto-Hackgutkessel 30 - 990 kW von Ala-Talkkari.\" \/>\n<meta name=\"robots\" content=\"index, follow, max-snippet:-1, max-image-preview:large, max-video-preview:-1\" \/>\n<link rel=\"canonical\" href=\"https:\/\/ala-talkkari.fi\/de\/hackgutkessel\/\" \/>\n<meta property=\"og:locale\" content=\"de_DE\" \/>\n<meta property=\"og:type\" content=\"article\" \/>\n<meta property=\"og:title\" content=\"Veto-Hackgutkessel 30 - 990 kW von Ala-Talkkari.\" \/>\n<meta property=\"og:description\" content=\"Veto-Hackgutkessel 30 - 990 kW von Ala-Talkkari.\" \/>\n<meta property=\"og:url\" content=\"https:\/\/ala-talkkari.fi\/de\/hackgutkessel\/\" \/>\n<meta property=\"og:site_name\" content=\"Veljekset Ala-Talkkari Oy\" \/>\n<meta property=\"article:publisher\" content=\"https:\/\/www.facebook.com\/alatalkkari\" \/>\n<meta property=\"article:modified_time\" content=\"2020-09-17T11:47:34+00:00\" \/>\n<meta property=\"og:image\" content=\"https:\/\/ala-talkkari.fi\/wp-content\/uploads\/2020\/09\/hackgutkessel-veto.jpg\" \/>\n<meta name=\"twitter:label1\" content=\"Gesch\u00e4tzte Lesezeit\" \/>\n\t<meta name=\"twitter:data1\" content=\"1\u00a0Minute\" \/>\n<script type=\"application\/ld+json\" class=\"yoast-schema-graph\">{\"@context\":\"https:\\\/\\\/schema.org\",\"@graph\":[{\"@type\":\"WebPage\",\"@id\":\"https:\\\/\\\/ala-talkkari.fi\\\/de\\\/hackgutkessel\\\/\",\"url\":\"https:\\\/\\\/ala-talkkari.fi\\\/de\\\/hackgutkessel\\\/\",\"name\":\"Veto-Hackgutkessel 30 - 990 kW von Ala-Talkkari.\",\"isPartOf\":{\"@id\":\"https:\\\/\\\/ala-talkkari.fi\\\/de\\\/#website\"},\"primaryImageOfPage\":{\"@id\":\"https:\\\/\\\/ala-talkkari.fi\\\/de\\\/hackgutkessel\\\/#primaryimage\"},\"image\":{\"@id\":\"https:\\\/\\\/ala-talkkari.fi\\\/de\\\/hackgutkessel\\\/#primaryimage\"},\"thumbnailUrl\":\"https:\\\/\\\/ala-talkkari.fi\\\/wp-content\\\/uploads\\\/2020\\\/09\\\/hackgutkessel-veto.jpg\",\"datePublished\":\"2014-11-04T12:42:38+00:00\",\"dateModified\":\"2020-09-17T11:47:34+00:00\",\"description\":\"Veto-Hackgutkessel 30 - 990 kW von Ala-Talkkari.\",\"breadcrumb\":{\"@id\":\"https:\\\/\\\/ala-talkkari.fi\\\/de\\\/hackgutkessel\\\/#breadcrumb\"},\"inLanguage\":\"de\",\"potentialAction\":[{\"@type\":\"ReadAction\",\"target\":[\"https:\\\/\\\/ala-talkkari.fi\\\/de\\\/hackgutkessel\\\/\"]}]},{\"@type\":\"ImageObject\",\"inLanguage\":\"de\",\"@id\":\"https:\\\/\\\/ala-talkkari.fi\\\/de\\\/hackgutkessel\\\/#primaryimage\",\"url\":\"https:\\\/\\\/ala-talkkari.fi\\\/wp-content\\\/uploads\\\/2020\\\/09\\\/hackgutkessel-veto.jpg\",\"contentUrl\":\"https:\\\/\\\/ala-talkkari.fi\\\/wp-content\\\/uploads\\\/2020\\\/09\\\/hackgutkessel-veto.jpg\"},{\"@type\":\"BreadcrumbList\",\"@id\":\"https:\\\/\\\/ala-talkkari.fi\\\/de\\\/hackgutkessel\\\/#breadcrumb\",\"itemListElement\":[{\"@type\":\"ListItem\",\"position\":1,\"name\":\"Home\",\"item\":\"https:\\\/\\\/ala-talkkari.fi\\\/de\\\/\"},{\"@type\":\"ListItem\",\"position\":2,\"name\":\"Hackgutkessel\"}]},{\"@type\":\"WebSite\",\"@id\":\"https:\\\/\\\/ala-talkkari.fi\\\/de\\\/#website\",\"url\":\"https:\\\/\\\/ala-talkkari.fi\\\/de\\\/\",\"name\":\"Veljekset Ala-Talkkari Oy\",\"description\":\"Heizsysteme und Ger\u00e4te zur Landschaftspflege\",\"publisher\":{\"@id\":\"https:\\\/\\\/ala-talkkari.fi\\\/de\\\/#organization\"},\"potentialAction\":[{\"@type\":\"SearchAction\",\"target\":{\"@type\":\"EntryPoint\",\"urlTemplate\":\"https:\\\/\\\/ala-talkkari.fi\\\/de\\\/?s={search_term_string}\"},\"query-input\":{\"@type\":\"PropertyValueSpecification\",\"valueRequired\":true,\"valueName\":\"search_term_string\"}}],\"inLanguage\":\"de\"},{\"@type\":\"Organization\",\"@id\":\"https:\\\/\\\/ala-talkkari.fi\\\/de\\\/#organization\",\"name\":\"Veljekset Ala-Talkkari Oy\",\"url\":\"https:\\\/\\\/ala-talkkari.fi\\\/de\\\/\",\"logo\":{\"@type\":\"ImageObject\",\"inLanguage\":\"de\",\"@id\":\"https:\\\/\\\/ala-talkkari.fi\\\/de\\\/#\\\/schema\\\/logo\\\/image\\\/\",\"url\":\"https:\\\/\\\/ala-talkkari.fi\\\/wp-content\\\/uploads\\\/2020\\\/09\\\/lammitys-veto-ala-talkkari.png\",\"contentUrl\":\"https:\\\/\\\/ala-talkkari.fi\\\/wp-content\\\/uploads\\\/2020\\\/09\\\/lammitys-veto-ala-talkkari.png\",\"width\":751,\"height\":67,\"caption\":\"Veljekset Ala-Talkkari Oy\"},\"image\":{\"@id\":\"https:\\\/\\\/ala-talkkari.fi\\\/de\\\/#\\\/schema\\\/logo\\\/image\\\/\"},\"sameAs\":[\"https:\\\/\\\/www.facebook.com\\\/alatalkkari\",\"https:\\\/\\\/www.instagram.com\\\/veljeksetalatalkkarioy\\\/\",\"https:\\\/\\\/www.youtube.com\\\/c\\\/VeljeksetAlaTalkkariOy\"]}]}<\/script>\n<!-- \/ Yoast SEO plugin. -->","yoast_head_json":{"title":"Veto-Hackgutkessel 30 - 990 kW von Ala-Talkkari.","description":"Veto-Hackgutkessel 30 - 990 kW von Ala-Talkkari.","robots":{"index":"index","follow":"follow","max-snippet":"max-snippet:-1","max-image-preview":"max-image-preview:large","max-video-preview":"max-video-preview:-1"},"canonical":"https:\/\/ala-talkkari.fi\/de\/hackgutkessel\/","og_locale":"de_DE","og_type":"article","og_title":"Veto-Hackgutkessel 30 - 990 kW von Ala-Talkkari.","og_description":"Veto-Hackgutkessel 30 - 990 kW von Ala-Talkkari.","og_url":"https:\/\/ala-talkkari.fi\/de\/hackgutkessel\/","og_site_name":"Veljekset Ala-Talkkari Oy","article_publisher":"https:\/\/www.facebook.com\/alatalkkari","article_modified_time":"2020-09-17T11:47:34+00:00","og_image":[{"url":"https:\/\/ala-talkkari.fi\/wp-content\/uploads\/2020\/09\/hackgutkessel-veto.jpg","type":"","width":"","height":""}],"twitter_misc":{"Gesch\u00e4tzte Lesezeit":"1\u00a0Minute"},"schema":{"@context":"https:\/\/schema.org","@graph":[{"@type":"WebPage","@id":"https:\/\/ala-talkkari.fi\/de\/hackgutkessel\/","url":"https:\/\/ala-talkkari.fi\/de\/hackgutkessel\/","name":"Veto-Hackgutkessel 30 - 990 kW von Ala-Talkkari.","isPartOf":{"@id":"https:\/\/ala-talkkari.fi\/de\/#website"},"primaryImageOfPage":{"@id":"https:\/\/ala-talkkari.fi\/de\/hackgutkessel\/#primaryimage"},"image":{"@id":"https:\/\/ala-talkkari.fi\/de\/hackgutkessel\/#primaryimage"},"thumbnailUrl":"https:\/\/ala-talkkari.fi\/wp-content\/uploads\/2020\/09\/hackgutkessel-veto.jpg","datePublished":"2014-11-04T12:42:38+00:00","dateModified":"2020-09-17T11:47:34+00:00","description":"Veto-Hackgutkessel 30 - 990 kW von Ala-Talkkari.","breadcrumb":{"@id":"https:\/\/ala-talkkari.fi\/de\/hackgutkessel\/#breadcrumb"},"inLanguage":"de","potentialAction":[{"@type":"ReadAction","target":["https:\/\/ala-talkkari.fi\/de\/hackgutkessel\/"]}]},{"@type":"ImageObject","inLanguage":"de","@id":"https:\/\/ala-talkkari.fi\/de\/hackgutkessel\/#primaryimage","url":"https:\/\/ala-talkkari.fi\/wp-content\/uploads\/2020\/09\/hackgutkessel-veto.jpg","contentUrl":"https:\/\/ala-talkkari.fi\/wp-content\/uploads\/2020\/09\/hackgutkessel-veto.jpg"},{"@type":"BreadcrumbList","@id":"https:\/\/ala-talkkari.fi\/de\/hackgutkessel\/#breadcrumb","itemListElement":[{"@type":"ListItem","position":1,"name":"Home","item":"https:\/\/ala-talkkari.fi\/de\/"},{"@type":"ListItem","position":2,"name":"Hackgutkessel"}]},{"@type":"WebSite","@id":"https:\/\/ala-talkkari.fi\/de\/#website","url":"https:\/\/ala-talkkari.fi\/de\/","name":"Veljekset Ala-Talkkari Oy","description":"Heizsysteme und Ger\u00e4te zur Landschaftspflege","publisher":{"@id":"https:\/\/ala-talkkari.fi\/de\/#organization"},"potentialAction":[{"@type":"SearchAction","target":{"@type":"EntryPoint","urlTemplate":"https:\/\/ala-talkkari.fi\/de\/?s={search_term_string}"},"query-input":{"@type":"PropertyValueSpecification","valueRequired":true,"valueName":"search_term_string"}}],"inLanguage":"de"},{"@type":"Organization","@id":"https:\/\/ala-talkkari.fi\/de\/#organization","name":"Veljekset Ala-Talkkari Oy","url":"https:\/\/ala-talkkari.fi\/de\/","logo":{"@type":"ImageObject","inLanguage":"de","@id":"https:\/\/ala-talkkari.fi\/de\/#\/schema\/logo\/image\/","url":"https:\/\/ala-talkkari.fi\/wp-content\/uploads\/2020\/09\/lammitys-veto-ala-talkkari.png","contentUrl":"https:\/\/ala-talkkari.fi\/wp-content\/uploads\/2020\/09\/lammitys-veto-ala-talkkari.png","width":751,"height":67,"caption":"Veljekset Ala-Talkkari Oy"},"image":{"@id":"https:\/\/ala-talkkari.fi\/de\/#\/schema\/logo\/image\/"},"sameAs":["https:\/\/www.facebook.com\/alatalkkari","https:\/\/www.instagram.com\/veljeksetalatalkkarioy\/","https:\/\/www.youtube.com\/c\/VeljeksetAlaTalkkariOy"]}]}},"_links":{"self":[{"href":"https:\/\/ala-talkkari.fi\/de\/wp-json\/wp\/v2\/pages\/3796","targetHints":{"allow":["GET"]}}],"collection":[{"href":"https:\/\/ala-talkkari.fi\/de\/wp-json\/wp\/v2\/pages"}],"about":[{"href":"https:\/\/ala-talkkari.fi\/de\/wp-json\/wp\/v2\/types\/page"}],"author":[{"embeddable":true,"href":"https:\/\/ala-talkkari.fi\/de\/wp-json\/wp\/v2\/users\/1"}],"replies":[{"embeddable":true,"href":"https:\/\/ala-talkkari.fi\/de\/wp-json\/wp\/v2\/comments?post=3796"}],"version-history":[{"count":20,"href":"https:\/\/ala-talkkari.fi\/de\/wp-json\/wp\/v2\/pages\/3796\/revisions"}],"predecessor-version":[{"id":8502,"href":"https:\/\/ala-talkkari.fi\/de\/wp-json\/wp\/v2\/pages\/3796\/revisions\/8502"}],"wp:attachment":[{"href":"https:\/\/ala-talkkari.fi\/de\/wp-json\/wp\/v2\/media?parent=3796"}],"curies":[{"name":"wp","href":"https:\/\/api.w.org\/{rel}","templated":true}]}}