{"id":3792,"date":"2015-04-01T12:11:37","date_gmt":"2015-04-01T09:11:37","guid":{"rendered":"http:\/\/ala-talkkari.fi\/de\/?page_id=3792"},"modified":"2024-04-24T12:58:41","modified_gmt":"2024-04-24T09:58:41","slug":"etusivu","status":"publish","type":"page","link":"https:\/\/ala-talkkari.fi\/de\/","title":{"rendered":"Zuhause"},"content":{"rendered":"<div aria-live=\"polite\" id=\"soliloquy-container-233_1\" class=\"soliloquy-container soliloquy-transition-fade  soliloquy-theme-classic\" style=\"max-width:1024px;max-height:768px;\"><ul id=\"soliloquy-233_1\" class=\"soliloquy-slider soliloquy-slides soliloquy-wrap soliloquy-clear\"><li aria-hidden=\"true\" class=\"soliloquy-item soliloquy-item-1 soliloquy-image-slide\" draggable=\"false\" style=\"list-style:none\"><img decoding=\"async\" id=\"soliloquy-image-8148\" class=\"soliloquy-image soliloquy-image-1\" src=\"https:\/\/ala-talkkari.fi\/wp-content\/uploads\/2020\/09\/hackschnitzelheizung-2-1024x768_c.jpg\" alt=\"hackschnitzelheizung\" \/><\/li><li aria-hidden=\"true\" class=\"soliloquy-item soliloquy-item-2 soliloquy-image-slide\" draggable=\"false\" style=\"list-style:none\"><img decoding=\"async\" id=\"soliloquy-image-8889\" class=\"soliloquy-image soliloquy-image-2\" src=\"https:\/\/ala-talkkari.fi\/wp-content\/uploads\/2021\/02\/biomass-heating-system.jpg\" alt=\"biomass-heating-system\" \/><\/li><li aria-hidden=\"true\" class=\"soliloquy-item soliloquy-item-3 soliloquy-image-slide\" draggable=\"false\" style=\"list-style:none\"><img decoding=\"async\" id=\"soliloquy-image-7641\" class=\"soliloquy-image soliloquy-image-3\" src=\"https:\/\/ala-talkkari.fi\/wp-content\/uploads\/2020\/03\/liikkuva-arina-palopaa-1024x768_c.jpg\" alt=\"l\u00e4mp\u00f6keskus\" \/><\/li><li aria-hidden=\"true\" class=\"soliloquy-item soliloquy-item-4 soliloquy-image-slide\" draggable=\"false\" style=\"list-style:none\"><img decoding=\"async\" id=\"soliloquy-image-8161\" class=\"soliloquy-image soliloquy-image-4\" src=\"https:\/\/ala-talkkari.fi\/wp-content\/uploads\/2020\/09\/biomass-burner-1.jpg\" alt=\"biomass-burner\" \/><\/li><li aria-hidden=\"true\" class=\"soliloquy-item soliloquy-item-5 soliloquy-image-slide\" draggable=\"false\" style=\"list-style:none\"><img decoding=\"async\" id=\"soliloquy-image-8835\" class=\"soliloquy-image soliloquy-image-5\" src=\"https:\/\/ala-talkkari.fi\/wp-content\/uploads\/2020\/12\/lumilinko-traktoriin-2.jpg\" alt=\"lumilinko-traktoriin\" \/><\/li><li aria-hidden=\"true\" class=\"soliloquy-item soliloquy-item-6 soliloquy-image-slide\" draggable=\"false\" style=\"list-style:none\"><img decoding=\"async\" id=\"soliloquy-image-7637\" class=\"soliloquy-image soliloquy-image-6\" src=\"https:\/\/ala-talkkari.fi\/wp-content\/uploads\/2020\/03\/veto-8-hakesiilo-1024x768_c.jpg\" alt=\"hakel\u00e4mmitys\" \/><\/li><\/ul><\/div><noscript><style type=\"text\/css\">#soliloquy-container-233_1{opacity:1}<\/style><\/noscript>\n<p>&nbsp;<\/p>\n<h1><span style=\"color: red;\">Kontaktinformationen: Telefon +358 (0)6 433 6333 oder asiakaspalvelu@ala-talkkari.fi<\/span><\/h1>\n<h1>Heizkessel, Stoker, Heizzentralen sowie Schneefr\u00e4sen und Streuger\u00e4te finden Sie bei AlaTalkkari.<\/h1>\n<p>Die Veljekset AlaTalkkari Oy ist ein Experte f\u00fcr umweltfreundliche Heizsysteme (Heizen mit Holz) mit 60 Jahren Erfahrung in dieser Branche. Zu unseren Hauptprodukten z\u00e4hlen die getesteten Heizkessel 30 &#8211; 990 kW sowie die abgasarmen Stoker (Biobrennapparate f\u00fcr feste Brennstoffe) 30 &#8211; 990 kW. Wir erzeugen auch Veto-Cont-Heizzentralen in der Gr\u00f6\u00dfenklasse 60 &#8211; 2000 kW. Unsere Heizsysteme eignen sich vom Heizen eines Einfamilienhauses bis hin zum Heizen gro\u00dfer Grundst\u00fccke (u. a. Landg\u00fcter, Industriegeb\u00e4ude). Zu unseren Produkten geh\u00f6ren auch Ger\u00e4te zur Landschaftspflege, d. h. wir erzeugen mit Traktoren betriebene V-Schneefr\u00e4sen, Schneefr\u00e4sen mit Querschnecken sowie Streuger\u00e4te. Wir f\u00fchren als Zulieferant auch Mechanisierungen f\u00fcr verschiedene Kundengruppen durch. Unser Hauptsitz sowie unsere Fabrik befinden sich in Hellanmaa in Lapua in S\u00fcd\u00f6sterbotten (<span id=\"result_box\" class=\"short_text\" lang=\"de\"><span class=\"\">Finnisch<\/span><\/span>).<\/p>\n<p>Qualit\u00e4t und Umwelt<\/p>\n<p>Das Betriebssystem der Veljekset AlaTalkkari Oy ist f\u00fcr uns ein Werkzeug, mit dessen Hilfe wir unseren eigenen Betrieb unter Ber\u00fccksichtigung der Umwelt sowie der Qualit\u00e4t der T\u00e4tigkeit und der Produkte weiterentwickeln. Dies wollten wir unseren externen Kooperationspartnern sowie unseren Kunden beweisen und als Nachweis daf\u00fcr hat uns die Klassifikationsgesellschaft Det Norske Veritas (DNV) das Qualit\u00e4tszertifikat ISO 9001 sowie das Umweltzertifikat ISO 14001 erteilt. DNV f\u00fchrt regelm\u00e4\u00dfig Kontrollbesuche in unserem Unternehmen durch und \u00fcberpr\u00fcft die R\u00e4umlichkeiten und das Niveau unserer T\u00e4tigkeiten. Unsere Produkte sowie deren Auswirkungen auf die Umwelt sind u. a. von den folgenden internationalen Forschungseinrichtungen getestet worden:<\/p>\n<p>&nbsp;<\/p>\n<p><img loading=\"lazy\" decoding=\"async\" class=\"wp-image-9720 alignnone\" src=\"https:\/\/ala-talkkari.fi\/wp-content\/uploads\/2024\/04\/DNV_ISO9001_14001_col-250x300.png\" alt=\"\" width=\"97\" height=\"116\" srcset=\"https:\/\/ala-talkkari.fi\/wp-content\/uploads\/2024\/04\/DNV_ISO9001_14001_col-250x300.png 250w, https:\/\/ala-talkkari.fi\/wp-content\/uploads\/2024\/04\/DNV_ISO9001_14001_col.png 591w\" sizes=\"auto, (max-width: 97px) 100vw, 97px\" \/><img loading=\"lazy\" decoding=\"async\" class=\"wp-image-9712 alignnone\" src=\"https:\/\/ala-talkkari.fi\/wp-content\/uploads\/2024\/04\/Verification-B.V.-2814-CPR-\u2013-EN-1090-1-RGB-279x300.jpg\" alt=\"\" width=\"108\" height=\"116\" srcset=\"https:\/\/ala-talkkari.fi\/wp-content\/uploads\/2024\/04\/Verification-B.V.-2814-CPR-\u2013-EN-1090-1-RGB-279x300.jpg 279w, https:\/\/ala-talkkari.fi\/wp-content\/uploads\/2024\/04\/Verification-B.V.-2814-CPR-\u2013-EN-1090-1-RGB-954x1024.jpg 954w, https:\/\/ala-talkkari.fi\/wp-content\/uploads\/2024\/04\/Verification-B.V.-2814-CPR-\u2013-EN-1090-1-RGB-768x825.jpg 768w, https:\/\/ala-talkkari.fi\/wp-content\/uploads\/2024\/04\/Verification-B.V.-2814-CPR-\u2013-EN-1090-1-RGB-600x644.jpg 600w, https:\/\/ala-talkkari.fi\/wp-content\/uploads\/2024\/04\/Verification-B.V.-2814-CPR-\u2013-EN-1090-1-RGB.jpg 1100w\" sizes=\"auto, (max-width: 108px) 100vw, 108px\" \/><img loading=\"lazy\" decoding=\"async\" class=\"wp-image-9070 alignnone\" src=\"https:\/\/ala-talkkari.fi\/wp-content\/uploads\/2021\/09\/Avainlippu-TehtySuomMadeIn_Sin_rgb-300x245.png\" alt=\"\" width=\"121\" height=\"99\" srcset=\"https:\/\/ala-talkkari.fi\/wp-content\/uploads\/2021\/09\/Avainlippu-TehtySuomMadeIn_Sin_rgb-300x245.png 300w, https:\/\/ala-talkkari.fi\/wp-content\/uploads\/2021\/09\/Avainlippu-TehtySuomMadeIn_Sin_rgb-1024x837.png 1024w, https:\/\/ala-talkkari.fi\/wp-content\/uploads\/2021\/09\/Avainlippu-TehtySuomMadeIn_Sin_rgb-768x628.png 768w, https:\/\/ala-talkkari.fi\/wp-content\/uploads\/2021\/09\/Avainlippu-TehtySuomMadeIn_Sin_rgb-1536x1256.png 1536w, https:\/\/ala-talkkari.fi\/wp-content\/uploads\/2021\/09\/Avainlippu-TehtySuomMadeIn_Sin_rgb-2048x1675.png 2048w, https:\/\/ala-talkkari.fi\/wp-content\/uploads\/2021\/09\/Avainlippu-TehtySuomMadeIn_Sin_rgb-600x491.png 600w\" sizes=\"auto, (max-width: 121px) 100vw, 121px\" \/> &nbsp;<img loading=\"lazy\" decoding=\"async\" class=\"alignnone wp-image-3781 size-full\" src=\"https:\/\/ala-talkkari.fi\/wp-content\/uploads\/2014\/11\/p_zeich.jpg\" alt=\"\" width=\"63\" height=\"80\">&nbsp; &nbsp; &nbsp; <img loading=\"lazy\" decoding=\"async\" class=\"alignnone wp-image-3782 size-full\" src=\"https:\/\/ala-talkkari.fi\/wp-content\/uploads\/2014\/11\/SP.gif\" alt=\"SP\" width=\"84\" height=\"100\"><\/p>\n<p>&nbsp;<\/p>\n<p><strong>Aufmerksamkeit!<\/strong>&nbsp;Kontaktinformationen -Seite, die Sie direkt hier gehen kann:<\/p>\n<p><a href=\"https:\/\/ala-talkkari.fi\/de\/kontaktinformationen\/\">https:\/\/ala-talkkari.fi\/de\/kontaktinformationen\/<\/a><\/p>\n","protected":false},"excerpt":{"rendered":"<p>&nbsp; Kontaktinformationen: Telefon +358 (0)6 433 6333 oder asiakaspalvelu@ala-talkkari.fi Heizkessel, Stoker, Heizzentralen sowie Schneefr\u00e4sen und Streuger\u00e4te finden Sie bei AlaTalkkari. Die Veljekset AlaTalkkari Oy ist ein Experte f\u00fcr umweltfreundliche Heizsysteme (Heizen mit Holz) mit 60 Jahren Erfahrung in dieser Branche. Zu unseren Hauptprodukten z\u00e4hlen die getesteten Heizkessel 30 &#8211; 990 kW sowie die abgasarmen Stoker [&hellip;]<\/p>\n","protected":false},"author":1,"featured_media":0,"parent":0,"menu_order":0,"comment_status":"closed","ping_status":"closed","template":"","meta":{"ngg_post_thumbnail":0,"footnotes":""},"class_list":["post-3792","page","type-page","status-publish","hentry"],"yoast_head":"<!-- This site is optimized with the Yoast SEO plugin v27.4 - https:\/\/yoast.com\/product\/yoast-seo-wordpress\/ -->\n<title>Heizkessel und Schneefr\u00e4se aus Ala-Talkkari<\/title>\n<meta name=\"description\" content=\"Hier finden Sie Heizkessel (30-990 kW), Heckgutheizung, Heizzentralen (60-2000 kW) sowie Schneefr\u00e4se von Ala-Talkkari. Willkommen zum Kennenlernen!\" \/>\n<meta name=\"robots\" content=\"index, follow, max-snippet:-1, max-image-preview:large, max-video-preview:-1\" \/>\n<link rel=\"canonical\" href=\"https:\/\/ala-talkkari.fi\/de\/\" \/>\n<meta property=\"og:locale\" content=\"de_DE\" \/>\n<meta property=\"og:type\" content=\"article\" \/>\n<meta property=\"og:title\" content=\"Heizkessel und Schneefr\u00e4se aus Ala-Talkkari\" \/>\n<meta property=\"og:description\" content=\"Hier finden Sie Heizkessel (30-990 kW), Heckgutheizung, Heizzentralen (60-2000 kW) sowie Schneefr\u00e4se von Ala-Talkkari. Willkommen zum Kennenlernen!\" \/>\n<meta property=\"og:url\" content=\"https:\/\/ala-talkkari.fi\/de\/\" \/>\n<meta property=\"og:site_name\" content=\"Veljekset Ala-Talkkari Oy\" \/>\n<meta property=\"article:publisher\" content=\"https:\/\/www.facebook.com\/alatalkkari\" \/>\n<meta property=\"article:modified_time\" content=\"2024-04-24T09:58:41+00:00\" \/>\n<meta property=\"og:image\" content=\"https:\/\/ala-talkkari.fi\/wp-content\/uploads\/2024\/04\/DNV_ISO9001_14001_col-250x300.png\" \/>\n<meta name=\"twitter:label1\" content=\"Gesch\u00e4tzte Lesezeit\" \/>\n\t<meta name=\"twitter:data1\" content=\"1\u00a0Minute\" \/>\n<script type=\"application\/ld+json\" class=\"yoast-schema-graph\">{\"@context\":\"https:\\\/\\\/schema.org\",\"@graph\":[{\"@type\":\"WebPage\",\"@id\":\"https:\\\/\\\/ala-talkkari.fi\\\/de\\\/\",\"url\":\"https:\\\/\\\/ala-talkkari.fi\\\/de\\\/\",\"name\":\"Heizkessel und Schneefr\u00e4se aus Ala-Talkkari\",\"isPartOf\":{\"@id\":\"https:\\\/\\\/ala-talkkari.fi\\\/de\\\/#website\"},\"primaryImageOfPage\":{\"@id\":\"https:\\\/\\\/ala-talkkari.fi\\\/de\\\/#primaryimage\"},\"image\":{\"@id\":\"https:\\\/\\\/ala-talkkari.fi\\\/de\\\/#primaryimage\"},\"thumbnailUrl\":\"https:\\\/\\\/ala-talkkari.fi\\\/wp-content\\\/uploads\\\/2024\\\/04\\\/DNV_ISO9001_14001_col-250x300.png\",\"datePublished\":\"2015-04-01T09:11:37+00:00\",\"dateModified\":\"2024-04-24T09:58:41+00:00\",\"description\":\"Hier finden Sie Heizkessel (30-990 kW), Heckgutheizung, Heizzentralen (60-2000 kW) sowie Schneefr\u00e4se von Ala-Talkkari. Willkommen zum Kennenlernen!\",\"breadcrumb\":{\"@id\":\"https:\\\/\\\/ala-talkkari.fi\\\/de\\\/#breadcrumb\"},\"inLanguage\":\"de\",\"potentialAction\":[{\"@type\":\"ReadAction\",\"target\":[\"https:\\\/\\\/ala-talkkari.fi\\\/de\\\/\"]}]},{\"@type\":\"ImageObject\",\"inLanguage\":\"de\",\"@id\":\"https:\\\/\\\/ala-talkkari.fi\\\/de\\\/#primaryimage\",\"url\":\"https:\\\/\\\/ala-talkkari.fi\\\/wp-content\\\/uploads\\\/2024\\\/04\\\/DNV_ISO9001_14001_col-250x300.png\",\"contentUrl\":\"https:\\\/\\\/ala-talkkari.fi\\\/wp-content\\\/uploads\\\/2024\\\/04\\\/DNV_ISO9001_14001_col-250x300.png\"},{\"@type\":\"BreadcrumbList\",\"@id\":\"https:\\\/\\\/ala-talkkari.fi\\\/de\\\/#breadcrumb\",\"itemListElement\":[{\"@type\":\"ListItem\",\"position\":1,\"name\":\"Home\",\"item\":\"https:\\\/\\\/ala-talkkari.fi\\\/de\\\/\"},{\"@type\":\"ListItem\",\"position\":2,\"name\":\"Zuhause\"}]},{\"@type\":\"WebSite\",\"@id\":\"https:\\\/\\\/ala-talkkari.fi\\\/de\\\/#website\",\"url\":\"https:\\\/\\\/ala-talkkari.fi\\\/de\\\/\",\"name\":\"Veljekset Ala-Talkkari Oy\",\"description\":\"Heizsysteme und Ger\u00e4te zur Landschaftspflege\",\"publisher\":{\"@id\":\"https:\\\/\\\/ala-talkkari.fi\\\/de\\\/#organization\"},\"potentialAction\":[{\"@type\":\"SearchAction\",\"target\":{\"@type\":\"EntryPoint\",\"urlTemplate\":\"https:\\\/\\\/ala-talkkari.fi\\\/de\\\/?s={search_term_string}\"},\"query-input\":{\"@type\":\"PropertyValueSpecification\",\"valueRequired\":true,\"valueName\":\"search_term_string\"}}],\"inLanguage\":\"de\"},{\"@type\":\"Organization\",\"@id\":\"https:\\\/\\\/ala-talkkari.fi\\\/de\\\/#organization\",\"name\":\"Veljekset Ala-Talkkari Oy\",\"url\":\"https:\\\/\\\/ala-talkkari.fi\\\/de\\\/\",\"logo\":{\"@type\":\"ImageObject\",\"inLanguage\":\"de\",\"@id\":\"https:\\\/\\\/ala-talkkari.fi\\\/de\\\/#\\\/schema\\\/logo\\\/image\\\/\",\"url\":\"https:\\\/\\\/ala-talkkari.fi\\\/wp-content\\\/uploads\\\/2020\\\/09\\\/lammitys-veto-ala-talkkari.png\",\"contentUrl\":\"https:\\\/\\\/ala-talkkari.fi\\\/wp-content\\\/uploads\\\/2020\\\/09\\\/lammitys-veto-ala-talkkari.png\",\"width\":751,\"height\":67,\"caption\":\"Veljekset Ala-Talkkari Oy\"},\"image\":{\"@id\":\"https:\\\/\\\/ala-talkkari.fi\\\/de\\\/#\\\/schema\\\/logo\\\/image\\\/\"},\"sameAs\":[\"https:\\\/\\\/www.facebook.com\\\/alatalkkari\",\"https:\\\/\\\/www.instagram.com\\\/veljeksetalatalkkarioy\\\/\",\"https:\\\/\\\/www.youtube.com\\\/c\\\/VeljeksetAlaTalkkariOy\"]}]}<\/script>\n<!-- \/ Yoast SEO plugin. -->","yoast_head_json":{"title":"Heizkessel und Schneefr\u00e4se aus Ala-Talkkari","description":"Hier finden Sie Heizkessel (30-990 kW), Heckgutheizung, Heizzentralen (60-2000 kW) sowie Schneefr\u00e4se von Ala-Talkkari. Willkommen zum Kennenlernen!","robots":{"index":"index","follow":"follow","max-snippet":"max-snippet:-1","max-image-preview":"max-image-preview:large","max-video-preview":"max-video-preview:-1"},"canonical":"https:\/\/ala-talkkari.fi\/de\/","og_locale":"de_DE","og_type":"article","og_title":"Heizkessel und Schneefr\u00e4se aus Ala-Talkkari","og_description":"Hier finden Sie Heizkessel (30-990 kW), Heckgutheizung, Heizzentralen (60-2000 kW) sowie Schneefr\u00e4se von Ala-Talkkari. Willkommen zum Kennenlernen!","og_url":"https:\/\/ala-talkkari.fi\/de\/","og_site_name":"Veljekset Ala-Talkkari Oy","article_publisher":"https:\/\/www.facebook.com\/alatalkkari","article_modified_time":"2024-04-24T09:58:41+00:00","og_image":[{"url":"https:\/\/ala-talkkari.fi\/wp-content\/uploads\/2024\/04\/DNV_ISO9001_14001_col-250x300.png","type":"","width":"","height":""}],"twitter_misc":{"Gesch\u00e4tzte Lesezeit":"1\u00a0Minute"},"schema":{"@context":"https:\/\/schema.org","@graph":[{"@type":"WebPage","@id":"https:\/\/ala-talkkari.fi\/de\/","url":"https:\/\/ala-talkkari.fi\/de\/","name":"Heizkessel und Schneefr\u00e4se aus Ala-Talkkari","isPartOf":{"@id":"https:\/\/ala-talkkari.fi\/de\/#website"},"primaryImageOfPage":{"@id":"https:\/\/ala-talkkari.fi\/de\/#primaryimage"},"image":{"@id":"https:\/\/ala-talkkari.fi\/de\/#primaryimage"},"thumbnailUrl":"https:\/\/ala-talkkari.fi\/wp-content\/uploads\/2024\/04\/DNV_ISO9001_14001_col-250x300.png","datePublished":"2015-04-01T09:11:37+00:00","dateModified":"2024-04-24T09:58:41+00:00","description":"Hier finden Sie Heizkessel (30-990 kW), Heckgutheizung, Heizzentralen (60-2000 kW) sowie Schneefr\u00e4se von Ala-Talkkari. Willkommen zum Kennenlernen!","breadcrumb":{"@id":"https:\/\/ala-talkkari.fi\/de\/#breadcrumb"},"inLanguage":"de","potentialAction":[{"@type":"ReadAction","target":["https:\/\/ala-talkkari.fi\/de\/"]}]},{"@type":"ImageObject","inLanguage":"de","@id":"https:\/\/ala-talkkari.fi\/de\/#primaryimage","url":"https:\/\/ala-talkkari.fi\/wp-content\/uploads\/2024\/04\/DNV_ISO9001_14001_col-250x300.png","contentUrl":"https:\/\/ala-talkkari.fi\/wp-content\/uploads\/2024\/04\/DNV_ISO9001_14001_col-250x300.png"},{"@type":"BreadcrumbList","@id":"https:\/\/ala-talkkari.fi\/de\/#breadcrumb","itemListElement":[{"@type":"ListItem","position":1,"name":"Home","item":"https:\/\/ala-talkkari.fi\/de\/"},{"@type":"ListItem","position":2,"name":"Zuhause"}]},{"@type":"WebSite","@id":"https:\/\/ala-talkkari.fi\/de\/#website","url":"https:\/\/ala-talkkari.fi\/de\/","name":"Veljekset Ala-Talkkari Oy","description":"Heizsysteme und Ger\u00e4te zur Landschaftspflege","publisher":{"@id":"https:\/\/ala-talkkari.fi\/de\/#organization"},"potentialAction":[{"@type":"SearchAction","target":{"@type":"EntryPoint","urlTemplate":"https:\/\/ala-talkkari.fi\/de\/?s={search_term_string}"},"query-input":{"@type":"PropertyValueSpecification","valueRequired":true,"valueName":"search_term_string"}}],"inLanguage":"de"},{"@type":"Organization","@id":"https:\/\/ala-talkkari.fi\/de\/#organization","name":"Veljekset Ala-Talkkari Oy","url":"https:\/\/ala-talkkari.fi\/de\/","logo":{"@type":"ImageObject","inLanguage":"de","@id":"https:\/\/ala-talkkari.fi\/de\/#\/schema\/logo\/image\/","url":"https:\/\/ala-talkkari.fi\/wp-content\/uploads\/2020\/09\/lammitys-veto-ala-talkkari.png","contentUrl":"https:\/\/ala-talkkari.fi\/wp-content\/uploads\/2020\/09\/lammitys-veto-ala-talkkari.png","width":751,"height":67,"caption":"Veljekset Ala-Talkkari Oy"},"image":{"@id":"https:\/\/ala-talkkari.fi\/de\/#\/schema\/logo\/image\/"},"sameAs":["https:\/\/www.facebook.com\/alatalkkari","https:\/\/www.instagram.com\/veljeksetalatalkkarioy\/","https:\/\/www.youtube.com\/c\/VeljeksetAlaTalkkariOy"]}]}},"_links":{"self":[{"href":"https:\/\/ala-talkkari.fi\/de\/wp-json\/wp\/v2\/pages\/3792","targetHints":{"allow":["GET"]}}],"collection":[{"href":"https:\/\/ala-talkkari.fi\/de\/wp-json\/wp\/v2\/pages"}],"about":[{"href":"https:\/\/ala-talkkari.fi\/de\/wp-json\/wp\/v2\/types\/page"}],"author":[{"embeddable":true,"href":"https:\/\/ala-talkkari.fi\/de\/wp-json\/wp\/v2\/users\/1"}],"replies":[{"embeddable":true,"href":"https:\/\/ala-talkkari.fi\/de\/wp-json\/wp\/v2\/comments?post=3792"}],"version-history":[{"count":21,"href":"https:\/\/ala-talkkari.fi\/de\/wp-json\/wp\/v2\/pages\/3792\/revisions"}],"predecessor-version":[{"id":9738,"href":"https:\/\/ala-talkkari.fi\/de\/wp-json\/wp\/v2\/pages\/3792\/revisions\/9738"}],"wp:attachment":[{"href":"https:\/\/ala-talkkari.fi\/de\/wp-json\/wp\/v2\/media?parent=3792"}],"curies":[{"name":"wp","href":"https:\/\/api.w.org\/{rel}","templated":true}]}}